{"id":2396,"date":"2025-05-08T10:27:13","date_gmt":"2025-05-08T07:27:13","guid":{"rendered":"https:\/\/hypnos.ee\/toode\/vesta-coconut-springmadrass\/"},"modified":"2025-05-08T10:27:13","modified_gmt":"2025-05-08T07:27:13","slug":"vesta-coconut-springmadrass","status":"publish","type":"product","link":"https:\/\/hypnos.ee\/no\/produkt\/vesta-coconut-springmadrass\/","title":{"rendered":"Vesta Coconut springmadrass"},"content":{"rendered":"","protected":false},"excerpt":{"rendered":"<p data-key=\"jNw7E\"><strong>Sterkere lag for mer avslappende s\u00f8vn.<\/strong><\/p>\n<p data-key=\"UQ5nq\">Vesta Coconut er fl\u00f8yelsmyk, men for deg som foretrekker en fastere overflate. Minibonnellfj\u00e6ringen gir madrassen den fleksibiliteten den trenger, mens kokosmatten gir fasthet og form. Kombinasjonen av dempende porolone og bomull skaper en balanse mellom fasthet og komfort. Trekket i bambusviskose er <strong>behandlet med det allergivennlige Ultraphil\u00ae<\/strong> og kan vaskes i maskin (sk\u00e5nsom vask ved 40 \u00b0C).   <\/p>\n","protected":false},"featured_media":2053,"comment_status":"closed","ping_status":"closed","template":"","meta":{"_acf_changed":false},"product_brand":[],"product_cat":[100],"product_tag":[],"class_list":{"0":"post-2396","1":"product","2":"type-product","3":"status-publish","4":"has-post-thumbnail","6":"product_cat-produkter-for-barn-og-unge","8":"first","9":"instock","10":"shipping-taxable","11":"product-type-simple"},"acf":[],"yoast_head":"<!-- This site is optimized with the Yoast SEO Premium plugin v26.0 (Yoast SEO v26.0) - https:\/\/yoast.com\/wordpress\/plugins\/seo\/ -->\n<title>Vesta Coconut springmadrass - Hypnos<\/title>\n<meta name=\"robots\" content=\"index, follow, max-snippet:-1, max-image-preview:large, max-video-preview:-1\" \/>\n<link rel=\"canonical\" href=\"https:\/\/hypnos.ee\/no\/produkt\/vesta-coconut-springmadrass\/\" \/>\n<meta property=\"og:locale\" content=\"nb_NO\" \/>\n<meta property=\"og:type\" content=\"article\" \/>\n<meta property=\"og:title\" content=\"Vesta Coconut springmadrass\" \/>\n<meta property=\"og:description\" content=\"Sterkere lag for mer avslappende s\u00f8vn. Vesta Coconut er fl\u00f8yelsmyk, men for deg som foretrekker en fastere overflate. Minibonnellfj\u00e6ringen gir madrassen den fleksibiliteten den trenger, mens kokosmatten gir fasthet og form. Kombinasjonen av dempende porolone og bomull skaper en balanse mellom fasthet og komfort. Trekket i bambusviskose er behandlet med det allergivennlige Ultraphil\u00ae og kan vaskes i maskin (sk\u00e5nsom vask ved 40 \u00b0C).\" \/>\n<meta property=\"og:url\" content=\"https:\/\/hypnos.ee\/no\/produkt\/vesta-coconut-springmadrass\/\" \/>\n<meta property=\"og:site_name\" content=\"Hypnos\" \/>\n<meta property=\"og:image\" content=\"https:\/\/hypnos.ee\/wp-content\/uploads\/2025\/03\/beebi-lux_f_1_590_1.jpg\" \/>\n\t<meta property=\"og:image:width\" content=\"590\" \/>\n\t<meta property=\"og:image:height\" content=\"394\" \/>\n\t<meta property=\"og:image:type\" content=\"image\/jpeg\" \/>\n<meta name=\"twitter:card\" content=\"summary_large_image\" \/>\n<script type=\"application\/ld+json\" class=\"yoast-schema-graph\">{\"@context\":\"https:\/\/schema.org\",\"@graph\":[{\"@type\":\"WebPage\",\"@id\":\"https:\/\/hypnos.ee\/no\/produkt\/vesta-coconut-springmadrass\/\",\"url\":\"https:\/\/hypnos.ee\/no\/produkt\/vesta-coconut-springmadrass\/\",\"name\":\"Vesta Coconut springmadrass - Hypnos\",\"isPartOf\":{\"@id\":\"https:\/\/hypnos.ee\/no\/#website\"},\"primaryImageOfPage\":{\"@id\":\"https:\/\/hypnos.ee\/no\/produkt\/vesta-coconut-springmadrass\/#primaryimage\"},\"image\":{\"@id\":\"https:\/\/hypnos.ee\/no\/produkt\/vesta-coconut-springmadrass\/#primaryimage\"},\"thumbnailUrl\":\"https:\/\/hypnos.ee\/wp-content\/uploads\/2025\/03\/beebi-lux_f_1_590_1.jpg\",\"datePublished\":\"2025-05-08T07:27:13+00:00\",\"breadcrumb\":{\"@id\":\"https:\/\/hypnos.ee\/no\/produkt\/vesta-coconut-springmadrass\/#breadcrumb\"},\"inLanguage\":\"nb-NO\",\"potentialAction\":[{\"@type\":\"ReadAction\",\"target\":[\"https:\/\/hypnos.ee\/no\/produkt\/vesta-coconut-springmadrass\/\"]}]},{\"@type\":\"ImageObject\",\"inLanguage\":\"nb-NO\",\"@id\":\"https:\/\/hypnos.ee\/no\/produkt\/vesta-coconut-springmadrass\/#primaryimage\",\"url\":\"https:\/\/hypnos.ee\/wp-content\/uploads\/2025\/03\/beebi-lux_f_1_590_1.jpg\",\"contentUrl\":\"https:\/\/hypnos.ee\/wp-content\/uploads\/2025\/03\/beebi-lux_f_1_590_1.jpg\",\"width\":590,\"height\":394},{\"@type\":\"BreadcrumbList\",\"@id\":\"https:\/\/hypnos.ee\/no\/produkt\/vesta-coconut-springmadrass\/#breadcrumb\",\"itemListElement\":[{\"@type\":\"ListItem\",\"position\":1,\"name\":\"Home\",\"item\":\"https:\/\/hypnos.ee\/no\/\"},{\"@type\":\"ListItem\",\"position\":2,\"name\":\"Produkter\",\"item\":\"https:\/\/hypnos.ee\/tooted\/\"},{\"@type\":\"ListItem\",\"position\":3,\"name\":\"Vesta Coconut springmadrass\"}]},{\"@type\":\"WebSite\",\"@id\":\"https:\/\/hypnos.ee\/no\/#website\",\"url\":\"https:\/\/hypnos.ee\/no\/\",\"name\":\"Hypnos\",\"description\":\"T\u00f5stame unekogemust\",\"publisher\":{\"@id\":\"https:\/\/hypnos.ee\/no\/#organization\"},\"potentialAction\":[{\"@type\":\"SearchAction\",\"target\":{\"@type\":\"EntryPoint\",\"urlTemplate\":\"https:\/\/hypnos.ee\/no\/?s={search_term_string}\"},\"query-input\":{\"@type\":\"PropertyValueSpecification\",\"valueRequired\":true,\"valueName\":\"search_term_string\"}}],\"inLanguage\":\"nb-NO\"},{\"@type\":\"Organization\",\"@id\":\"https:\/\/hypnos.ee\/no\/#organization\",\"name\":\"Hypnos\",\"url\":\"https:\/\/hypnos.ee\/no\/\",\"logo\":{\"@type\":\"ImageObject\",\"inLanguage\":\"nb-NO\",\"@id\":\"https:\/\/hypnos.ee\/no\/#\/schema\/logo\/image\/\",\"url\":\"https:\/\/hypnos.ee\/wp-content\/uploads\/2025\/06\/cropped-Hypnos-fa.png\",\"contentUrl\":\"https:\/\/hypnos.ee\/wp-content\/uploads\/2025\/06\/cropped-Hypnos-fa.png\",\"width\":512,\"height\":512,\"caption\":\"Hypnos\"},\"image\":{\"@id\":\"https:\/\/hypnos.ee\/no\/#\/schema\/logo\/image\/\"}}]}<\/script>\n<!-- \/ Yoast SEO Premium plugin. -->","yoast_head_json":{"title":"Vesta Coconut springmadrass - Hypnos","robots":{"index":"index","follow":"follow","max-snippet":"max-snippet:-1","max-image-preview":"max-image-preview:large","max-video-preview":"max-video-preview:-1"},"canonical":"https:\/\/hypnos.ee\/no\/produkt\/vesta-coconut-springmadrass\/","og_locale":"nb_NO","og_type":"article","og_title":"Vesta Coconut springmadrass","og_description":"Sterkere lag for mer avslappende s\u00f8vn. Vesta Coconut er fl\u00f8yelsmyk, men for deg som foretrekker en fastere overflate. Minibonnellfj\u00e6ringen gir madrassen den fleksibiliteten den trenger, mens kokosmatten gir fasthet og form. Kombinasjonen av dempende porolone og bomull skaper en balanse mellom fasthet og komfort. Trekket i bambusviskose er behandlet med det allergivennlige Ultraphil\u00ae og kan vaskes i maskin (sk\u00e5nsom vask ved 40 \u00b0C).","og_url":"https:\/\/hypnos.ee\/no\/produkt\/vesta-coconut-springmadrass\/","og_site_name":"Hypnos","og_image":[{"width":590,"height":394,"url":"https:\/\/hypnos.ee\/wp-content\/uploads\/2025\/03\/beebi-lux_f_1_590_1.jpg","type":"image\/jpeg"}],"twitter_card":"summary_large_image","schema":{"@context":"https:\/\/schema.org","@graph":[{"@type":"WebPage","@id":"https:\/\/hypnos.ee\/no\/produkt\/vesta-coconut-springmadrass\/","url":"https:\/\/hypnos.ee\/no\/produkt\/vesta-coconut-springmadrass\/","name":"Vesta Coconut springmadrass - Hypnos","isPartOf":{"@id":"https:\/\/hypnos.ee\/no\/#website"},"primaryImageOfPage":{"@id":"https:\/\/hypnos.ee\/no\/produkt\/vesta-coconut-springmadrass\/#primaryimage"},"image":{"@id":"https:\/\/hypnos.ee\/no\/produkt\/vesta-coconut-springmadrass\/#primaryimage"},"thumbnailUrl":"https:\/\/hypnos.ee\/wp-content\/uploads\/2025\/03\/beebi-lux_f_1_590_1.jpg","datePublished":"2025-05-08T07:27:13+00:00","breadcrumb":{"@id":"https:\/\/hypnos.ee\/no\/produkt\/vesta-coconut-springmadrass\/#breadcrumb"},"inLanguage":"nb-NO","potentialAction":[{"@type":"ReadAction","target":["https:\/\/hypnos.ee\/no\/produkt\/vesta-coconut-springmadrass\/"]}]},{"@type":"ImageObject","inLanguage":"nb-NO","@id":"https:\/\/hypnos.ee\/no\/produkt\/vesta-coconut-springmadrass\/#primaryimage","url":"https:\/\/hypnos.ee\/wp-content\/uploads\/2025\/03\/beebi-lux_f_1_590_1.jpg","contentUrl":"https:\/\/hypnos.ee\/wp-content\/uploads\/2025\/03\/beebi-lux_f_1_590_1.jpg","width":590,"height":394},{"@type":"BreadcrumbList","@id":"https:\/\/hypnos.ee\/no\/produkt\/vesta-coconut-springmadrass\/#breadcrumb","itemListElement":[{"@type":"ListItem","position":1,"name":"Home","item":"https:\/\/hypnos.ee\/no\/"},{"@type":"ListItem","position":2,"name":"Produkter","item":"https:\/\/hypnos.ee\/tooted\/"},{"@type":"ListItem","position":3,"name":"Vesta Coconut springmadrass"}]},{"@type":"WebSite","@id":"https:\/\/hypnos.ee\/no\/#website","url":"https:\/\/hypnos.ee\/no\/","name":"Hypnos","description":"T\u00f5stame unekogemust","publisher":{"@id":"https:\/\/hypnos.ee\/no\/#organization"},"potentialAction":[{"@type":"SearchAction","target":{"@type":"EntryPoint","urlTemplate":"https:\/\/hypnos.ee\/no\/?s={search_term_string}"},"query-input":{"@type":"PropertyValueSpecification","valueRequired":true,"valueName":"search_term_string"}}],"inLanguage":"nb-NO"},{"@type":"Organization","@id":"https:\/\/hypnos.ee\/no\/#organization","name":"Hypnos","url":"https:\/\/hypnos.ee\/no\/","logo":{"@type":"ImageObject","inLanguage":"nb-NO","@id":"https:\/\/hypnos.ee\/no\/#\/schema\/logo\/image\/","url":"https:\/\/hypnos.ee\/wp-content\/uploads\/2025\/06\/cropped-Hypnos-fa.png","contentUrl":"https:\/\/hypnos.ee\/wp-content\/uploads\/2025\/06\/cropped-Hypnos-fa.png","width":512,"height":512,"caption":"Hypnos"},"image":{"@id":"https:\/\/hypnos.ee\/no\/#\/schema\/logo\/image\/"}}]}},"_links":{"self":[{"href":"https:\/\/hypnos.ee\/no\/wp-json\/wp\/v2\/product\/2396","targetHints":{"allow":["GET"]}}],"collection":[{"href":"https:\/\/hypnos.ee\/no\/wp-json\/wp\/v2\/product"}],"about":[{"href":"https:\/\/hypnos.ee\/no\/wp-json\/wp\/v2\/types\/product"}],"replies":[{"embeddable":true,"href":"https:\/\/hypnos.ee\/no\/wp-json\/wp\/v2\/comments?post=2396"}],"wp:featuredmedia":[{"embeddable":true,"href":"https:\/\/hypnos.ee\/no\/wp-json\/wp\/v2\/media\/2053"}],"wp:attachment":[{"href":"https:\/\/hypnos.ee\/no\/wp-json\/wp\/v2\/media?parent=2396"}],"wp:term":[{"taxonomy":"product_brand","embeddable":true,"href":"https:\/\/hypnos.ee\/no\/wp-json\/wp\/v2\/product_brand?post=2396"},{"taxonomy":"product_cat","embeddable":true,"href":"https:\/\/hypnos.ee\/no\/wp-json\/wp\/v2\/product_cat?post=2396"},{"taxonomy":"product_tag","embeddable":true,"href":"https:\/\/hypnos.ee\/no\/wp-json\/wp\/v2\/product_tag?post=2396"}],"curies":[{"name":"wp","href":"https:\/\/api.w.org\/{rel}","templated":true}]}}