{"id":2302,"date":"2025-03-26T13:16:17","date_gmt":"2025-03-26T11:16:17","guid":{"rendered":"https:\/\/hypnos.ee\/toode\/helios-springfjaermadrass\/"},"modified":"2025-03-26T13:16:17","modified_gmt":"2025-03-26T11:16:17","slug":"helios-springfjaermadrass","status":"publish","type":"product","link":"https:\/\/hypnos.ee\/no\/produkt\/helios-springfjaermadrass\/","title":{"rendered":"Helios springfj\u00e6rmadrass"},"content":{"rendered":"","protected":false},"excerpt":{"rendered":"<p data-key=\"gdlP3\"><strong>Den er sikker og slitesterk, og vil sikre deg mange \u00e5rs fredelig s\u00f8vn.<\/strong><\/p>\n<p data-key=\"4HIWu\">Helios er en klassisk og robust pocketfj\u00e6rmadrass som gir fast st\u00f8tte og varig komfort. Takket v\u00e6re de individuelt innpakkede fj\u00e6rene tilpasser den seg godt til kroppsformen din, mens de polstrede kantene holder madrassen i form gjennom \u00e5rene. <\/p>\n<p data-key=\"xhXS6\">De polstrede kantene gj\u00f8r at du kan bruke to forskjellige madrasser i \u00e9n seng.<\/p>\n","protected":false},"featured_media":2303,"comment_status":"closed","ping_status":"closed","template":"","meta":{"_acf_changed":false},"product_brand":[],"product_cat":[119],"product_tag":[],"class_list":{"0":"post-2302","1":"product","2":"type-product","3":"status-publish","4":"has-post-thumbnail","6":"product_cat-fjaermadrasser","8":"first","9":"instock","10":"shipping-taxable","11":"product-type-simple"},"acf":[],"yoast_head":"<!-- This site is optimized with the Yoast SEO Premium plugin v26.0 (Yoast SEO v26.0) - https:\/\/yoast.com\/wordpress\/plugins\/seo\/ -->\n<title>Helios springfj\u00e6rmadrass - Hypnos<\/title>\n<meta name=\"robots\" content=\"index, follow, max-snippet:-1, max-image-preview:large, max-video-preview:-1\" \/>\n<link rel=\"canonical\" href=\"https:\/\/hypnos.ee\/no\/produkt\/helios-springfjaermadrass\/\" \/>\n<meta property=\"og:locale\" content=\"nb_NO\" \/>\n<meta property=\"og:type\" content=\"article\" \/>\n<meta property=\"og:title\" content=\"Helios springfj\u00e6rmadrass\" \/>\n<meta property=\"og:description\" content=\"Den er sikker og slitesterk, og vil sikre deg mange \u00e5rs fredelig s\u00f8vn. Helios er en klassisk og robust pocketfj\u00e6rmadrass som gir fast st\u00f8tte og varig komfort. Takket v\u00e6re de individuelt innpakkede fj\u00e6rene tilpasser den seg godt til kroppsformen din, mens de polstrede kantene holder madrassen i form gjennom \u00e5rene. De polstrede kantene gj\u00f8r at du kan bruke to forskjellige madrasser i \u00e9n seng.\" \/>\n<meta property=\"og:url\" content=\"https:\/\/hypnos.ee\/no\/produkt\/helios-springfjaermadrass\/\" \/>\n<meta property=\"og:site_name\" content=\"Hypnos\" \/>\n<meta property=\"og:image\" content=\"https:\/\/hypnos.ee\/wp-content\/uploads\/2025\/03\/apollo-madrats-2_f_1_590_1.jpg\" \/>\n\t<meta property=\"og:image:width\" content=\"590\" \/>\n\t<meta property=\"og:image:height\" content=\"321\" \/>\n\t<meta property=\"og:image:type\" content=\"image\/jpeg\" \/>\n<meta name=\"twitter:card\" content=\"summary_large_image\" \/>\n<script type=\"application\/ld+json\" class=\"yoast-schema-graph\">{\"@context\":\"https:\/\/schema.org\",\"@graph\":[{\"@type\":\"WebPage\",\"@id\":\"https:\/\/hypnos.ee\/no\/produkt\/helios-springfjaermadrass\/\",\"url\":\"https:\/\/hypnos.ee\/no\/produkt\/helios-springfjaermadrass\/\",\"name\":\"Helios springfj\u00e6rmadrass - Hypnos\",\"isPartOf\":{\"@id\":\"https:\/\/hypnos.ee\/no\/#website\"},\"primaryImageOfPage\":{\"@id\":\"https:\/\/hypnos.ee\/no\/produkt\/helios-springfjaermadrass\/#primaryimage\"},\"image\":{\"@id\":\"https:\/\/hypnos.ee\/no\/produkt\/helios-springfjaermadrass\/#primaryimage\"},\"thumbnailUrl\":\"https:\/\/hypnos.ee\/wp-content\/uploads\/2025\/03\/apollo-madrats-2_f_1_590_1.jpg\",\"datePublished\":\"2025-03-26T11:16:17+00:00\",\"breadcrumb\":{\"@id\":\"https:\/\/hypnos.ee\/no\/produkt\/helios-springfjaermadrass\/#breadcrumb\"},\"inLanguage\":\"nb-NO\",\"potentialAction\":[{\"@type\":\"ReadAction\",\"target\":[\"https:\/\/hypnos.ee\/no\/produkt\/helios-springfjaermadrass\/\"]}]},{\"@type\":\"ImageObject\",\"inLanguage\":\"nb-NO\",\"@id\":\"https:\/\/hypnos.ee\/no\/produkt\/helios-springfjaermadrass\/#primaryimage\",\"url\":\"https:\/\/hypnos.ee\/wp-content\/uploads\/2025\/03\/apollo-madrats-2_f_1_590_1.jpg\",\"contentUrl\":\"https:\/\/hypnos.ee\/wp-content\/uploads\/2025\/03\/apollo-madrats-2_f_1_590_1.jpg\",\"width\":590,\"height\":321},{\"@type\":\"BreadcrumbList\",\"@id\":\"https:\/\/hypnos.ee\/no\/produkt\/helios-springfjaermadrass\/#breadcrumb\",\"itemListElement\":[{\"@type\":\"ListItem\",\"position\":1,\"name\":\"Home\",\"item\":\"https:\/\/hypnos.ee\/no\/\"},{\"@type\":\"ListItem\",\"position\":2,\"name\":\"Produkter\",\"item\":\"https:\/\/hypnos.ee\/tooted\/\"},{\"@type\":\"ListItem\",\"position\":3,\"name\":\"Helios springfj\u00e6rmadrass\"}]},{\"@type\":\"WebSite\",\"@id\":\"https:\/\/hypnos.ee\/no\/#website\",\"url\":\"https:\/\/hypnos.ee\/no\/\",\"name\":\"Hypnos\",\"description\":\"T\u00f5stame unekogemust\",\"publisher\":{\"@id\":\"https:\/\/hypnos.ee\/no\/#organization\"},\"potentialAction\":[{\"@type\":\"SearchAction\",\"target\":{\"@type\":\"EntryPoint\",\"urlTemplate\":\"https:\/\/hypnos.ee\/no\/?s={search_term_string}\"},\"query-input\":{\"@type\":\"PropertyValueSpecification\",\"valueRequired\":true,\"valueName\":\"search_term_string\"}}],\"inLanguage\":\"nb-NO\"},{\"@type\":\"Organization\",\"@id\":\"https:\/\/hypnos.ee\/no\/#organization\",\"name\":\"Hypnos\",\"url\":\"https:\/\/hypnos.ee\/no\/\",\"logo\":{\"@type\":\"ImageObject\",\"inLanguage\":\"nb-NO\",\"@id\":\"https:\/\/hypnos.ee\/no\/#\/schema\/logo\/image\/\",\"url\":\"https:\/\/hypnos.ee\/wp-content\/uploads\/2025\/06\/cropped-Hypnos-fa.png\",\"contentUrl\":\"https:\/\/hypnos.ee\/wp-content\/uploads\/2025\/06\/cropped-Hypnos-fa.png\",\"width\":512,\"height\":512,\"caption\":\"Hypnos\"},\"image\":{\"@id\":\"https:\/\/hypnos.ee\/no\/#\/schema\/logo\/image\/\"}}]}<\/script>\n<!-- \/ Yoast SEO Premium plugin. -->","yoast_head_json":{"title":"Helios springfj\u00e6rmadrass - Hypnos","robots":{"index":"index","follow":"follow","max-snippet":"max-snippet:-1","max-image-preview":"max-image-preview:large","max-video-preview":"max-video-preview:-1"},"canonical":"https:\/\/hypnos.ee\/no\/produkt\/helios-springfjaermadrass\/","og_locale":"nb_NO","og_type":"article","og_title":"Helios springfj\u00e6rmadrass","og_description":"Den er sikker og slitesterk, og vil sikre deg mange \u00e5rs fredelig s\u00f8vn. Helios er en klassisk og robust pocketfj\u00e6rmadrass som gir fast st\u00f8tte og varig komfort. Takket v\u00e6re de individuelt innpakkede fj\u00e6rene tilpasser den seg godt til kroppsformen din, mens de polstrede kantene holder madrassen i form gjennom \u00e5rene. De polstrede kantene gj\u00f8r at du kan bruke to forskjellige madrasser i \u00e9n seng.","og_url":"https:\/\/hypnos.ee\/no\/produkt\/helios-springfjaermadrass\/","og_site_name":"Hypnos","og_image":[{"width":590,"height":321,"url":"https:\/\/hypnos.ee\/wp-content\/uploads\/2025\/03\/apollo-madrats-2_f_1_590_1.jpg","type":"image\/jpeg"}],"twitter_card":"summary_large_image","schema":{"@context":"https:\/\/schema.org","@graph":[{"@type":"WebPage","@id":"https:\/\/hypnos.ee\/no\/produkt\/helios-springfjaermadrass\/","url":"https:\/\/hypnos.ee\/no\/produkt\/helios-springfjaermadrass\/","name":"Helios springfj\u00e6rmadrass - Hypnos","isPartOf":{"@id":"https:\/\/hypnos.ee\/no\/#website"},"primaryImageOfPage":{"@id":"https:\/\/hypnos.ee\/no\/produkt\/helios-springfjaermadrass\/#primaryimage"},"image":{"@id":"https:\/\/hypnos.ee\/no\/produkt\/helios-springfjaermadrass\/#primaryimage"},"thumbnailUrl":"https:\/\/hypnos.ee\/wp-content\/uploads\/2025\/03\/apollo-madrats-2_f_1_590_1.jpg","datePublished":"2025-03-26T11:16:17+00:00","breadcrumb":{"@id":"https:\/\/hypnos.ee\/no\/produkt\/helios-springfjaermadrass\/#breadcrumb"},"inLanguage":"nb-NO","potentialAction":[{"@type":"ReadAction","target":["https:\/\/hypnos.ee\/no\/produkt\/helios-springfjaermadrass\/"]}]},{"@type":"ImageObject","inLanguage":"nb-NO","@id":"https:\/\/hypnos.ee\/no\/produkt\/helios-springfjaermadrass\/#primaryimage","url":"https:\/\/hypnos.ee\/wp-content\/uploads\/2025\/03\/apollo-madrats-2_f_1_590_1.jpg","contentUrl":"https:\/\/hypnos.ee\/wp-content\/uploads\/2025\/03\/apollo-madrats-2_f_1_590_1.jpg","width":590,"height":321},{"@type":"BreadcrumbList","@id":"https:\/\/hypnos.ee\/no\/produkt\/helios-springfjaermadrass\/#breadcrumb","itemListElement":[{"@type":"ListItem","position":1,"name":"Home","item":"https:\/\/hypnos.ee\/no\/"},{"@type":"ListItem","position":2,"name":"Produkter","item":"https:\/\/hypnos.ee\/tooted\/"},{"@type":"ListItem","position":3,"name":"Helios springfj\u00e6rmadrass"}]},{"@type":"WebSite","@id":"https:\/\/hypnos.ee\/no\/#website","url":"https:\/\/hypnos.ee\/no\/","name":"Hypnos","description":"T\u00f5stame unekogemust","publisher":{"@id":"https:\/\/hypnos.ee\/no\/#organization"},"potentialAction":[{"@type":"SearchAction","target":{"@type":"EntryPoint","urlTemplate":"https:\/\/hypnos.ee\/no\/?s={search_term_string}"},"query-input":{"@type":"PropertyValueSpecification","valueRequired":true,"valueName":"search_term_string"}}],"inLanguage":"nb-NO"},{"@type":"Organization","@id":"https:\/\/hypnos.ee\/no\/#organization","name":"Hypnos","url":"https:\/\/hypnos.ee\/no\/","logo":{"@type":"ImageObject","inLanguage":"nb-NO","@id":"https:\/\/hypnos.ee\/no\/#\/schema\/logo\/image\/","url":"https:\/\/hypnos.ee\/wp-content\/uploads\/2025\/06\/cropped-Hypnos-fa.png","contentUrl":"https:\/\/hypnos.ee\/wp-content\/uploads\/2025\/06\/cropped-Hypnos-fa.png","width":512,"height":512,"caption":"Hypnos"},"image":{"@id":"https:\/\/hypnos.ee\/no\/#\/schema\/logo\/image\/"}}]}},"_links":{"self":[{"href":"https:\/\/hypnos.ee\/no\/wp-json\/wp\/v2\/product\/2302","targetHints":{"allow":["GET"]}}],"collection":[{"href":"https:\/\/hypnos.ee\/no\/wp-json\/wp\/v2\/product"}],"about":[{"href":"https:\/\/hypnos.ee\/no\/wp-json\/wp\/v2\/types\/product"}],"replies":[{"embeddable":true,"href":"https:\/\/hypnos.ee\/no\/wp-json\/wp\/v2\/comments?post=2302"}],"wp:featuredmedia":[{"embeddable":true,"href":"https:\/\/hypnos.ee\/no\/wp-json\/wp\/v2\/media\/2303"}],"wp:attachment":[{"href":"https:\/\/hypnos.ee\/no\/wp-json\/wp\/v2\/media?parent=2302"}],"wp:term":[{"taxonomy":"product_brand","embeddable":true,"href":"https:\/\/hypnos.ee\/no\/wp-json\/wp\/v2\/product_brand?post=2302"},{"taxonomy":"product_cat","embeddable":true,"href":"https:\/\/hypnos.ee\/no\/wp-json\/wp\/v2\/product_cat?post=2302"},{"taxonomy":"product_tag","embeddable":true,"href":"https:\/\/hypnos.ee\/no\/wp-json\/wp\/v2\/product_tag?post=2302"}],"curies":[{"name":"wp","href":"https:\/\/api.w.org\/{rel}","templated":true}]}}