{"id":2300,"date":"2025-03-26T13:17:36","date_gmt":"2025-03-26T11:17:36","guid":{"rendered":"https:\/\/hypnos.ee\/toode\/apollo-springfjaermadrass\/"},"modified":"2025-03-26T13:17:36","modified_gmt":"2025-03-26T11:17:36","slug":"apollo-springfjaermadrass","status":"publish","type":"product","link":"https:\/\/hypnos.ee\/no\/produkt\/apollo-springfjaermadrass\/","title":{"rendered":"Apollo springfj\u00e6rmadrass"},"content":{"rendered":"","protected":false},"excerpt":{"rendered":"<p data-key=\"47aRv\"><strong>En sterk og elastisk madrass med naturlige bomulls- og ullfibre.<\/strong><\/p>\n<p data-key=\"csOK7\">Apollo-madrassen kombinerer fordelene med stive fj\u00e6rer og naturmaterialer. Den ene siden er foret med bomull, ideelt for sommeren. Den andre siden er foret med ull, perfekt for vinteren.  <\/p>\n<p data-key=\"ttA2e\">Madrassens innhold gir fast st\u00f8tte og bidrar til \u00e5 opprettholde en stabil kroppstemperatur \u00e5ret rundt.<\/p>\n<p data-key=\"hXi6M\">Madrassen er st\u00f8pt inn i et robust poroloon-skall, og kantene er polstret for ekstra komfort og holdbarhet.<\/p>\n","protected":false},"featured_media":2301,"comment_status":"closed","ping_status":"closed","template":"","meta":{"_acf_changed":false},"product_brand":[],"product_cat":[119],"product_tag":[],"class_list":{"0":"post-2300","1":"product","2":"type-product","3":"status-publish","4":"has-post-thumbnail","6":"product_cat-fjaermadrasser","8":"first","9":"instock","10":"shipping-taxable","11":"product-type-simple"},"acf":[],"yoast_head":"<!-- This site is optimized with the Yoast SEO Premium plugin v26.0 (Yoast SEO v26.0) - https:\/\/yoast.com\/wordpress\/plugins\/seo\/ -->\n<title>Apollo springfj\u00e6rmadrass - Hypnos<\/title>\n<meta name=\"robots\" content=\"index, follow, max-snippet:-1, max-image-preview:large, max-video-preview:-1\" \/>\n<link rel=\"canonical\" href=\"https:\/\/hypnos.ee\/no\/produkt\/apollo-springfjaermadrass\/\" \/>\n<meta property=\"og:locale\" content=\"nb_NO\" \/>\n<meta property=\"og:type\" content=\"article\" \/>\n<meta property=\"og:title\" content=\"Apollo springfj\u00e6rmadrass\" \/>\n<meta property=\"og:description\" content=\"En sterk og elastisk madrass med naturlige bomulls- og ullfibre. Apollo-madrassen kombinerer fordelene med stive fj\u00e6rer og naturmaterialer. Den ene siden er foret med bomull, ideelt for sommeren. Den andre siden er foret med ull, perfekt for vinteren.  Madrassens innhold gir fast st\u00f8tte og bidrar til \u00e5 opprettholde en stabil kroppstemperatur \u00e5ret rundt. Madrassen er st\u00f8pt inn i et robust poroloon-skall, og kantene er polstret for ekstra komfort og holdbarhet.\" \/>\n<meta property=\"og:url\" content=\"https:\/\/hypnos.ee\/no\/produkt\/apollo-springfjaermadrass\/\" \/>\n<meta property=\"og:site_name\" content=\"Hypnos\" \/>\n<meta property=\"og:image\" content=\"https:\/\/hypnos.ee\/wp-content\/uploads\/2025\/03\/apollo-2-madrats_f_1_590_1.jpg\" \/>\n\t<meta property=\"og:image:width\" content=\"590\" \/>\n\t<meta property=\"og:image:height\" content=\"366\" \/>\n\t<meta property=\"og:image:type\" content=\"image\/jpeg\" \/>\n<meta name=\"twitter:card\" content=\"summary_large_image\" \/>\n<script type=\"application\/ld+json\" class=\"yoast-schema-graph\">{\"@context\":\"https:\/\/schema.org\",\"@graph\":[{\"@type\":\"WebPage\",\"@id\":\"https:\/\/hypnos.ee\/no\/produkt\/apollo-springfjaermadrass\/\",\"url\":\"https:\/\/hypnos.ee\/no\/produkt\/apollo-springfjaermadrass\/\",\"name\":\"Apollo springfj\u00e6rmadrass - Hypnos\",\"isPartOf\":{\"@id\":\"https:\/\/hypnos.ee\/no\/#website\"},\"primaryImageOfPage\":{\"@id\":\"https:\/\/hypnos.ee\/no\/produkt\/apollo-springfjaermadrass\/#primaryimage\"},\"image\":{\"@id\":\"https:\/\/hypnos.ee\/no\/produkt\/apollo-springfjaermadrass\/#primaryimage\"},\"thumbnailUrl\":\"https:\/\/hypnos.ee\/wp-content\/uploads\/2025\/03\/apollo-2-madrats_f_1_590_1.jpg\",\"datePublished\":\"2025-03-26T11:17:36+00:00\",\"breadcrumb\":{\"@id\":\"https:\/\/hypnos.ee\/no\/produkt\/apollo-springfjaermadrass\/#breadcrumb\"},\"inLanguage\":\"nb-NO\",\"potentialAction\":[{\"@type\":\"ReadAction\",\"target\":[\"https:\/\/hypnos.ee\/no\/produkt\/apollo-springfjaermadrass\/\"]}]},{\"@type\":\"ImageObject\",\"inLanguage\":\"nb-NO\",\"@id\":\"https:\/\/hypnos.ee\/no\/produkt\/apollo-springfjaermadrass\/#primaryimage\",\"url\":\"https:\/\/hypnos.ee\/wp-content\/uploads\/2025\/03\/apollo-2-madrats_f_1_590_1.jpg\",\"contentUrl\":\"https:\/\/hypnos.ee\/wp-content\/uploads\/2025\/03\/apollo-2-madrats_f_1_590_1.jpg\",\"width\":590,\"height\":366},{\"@type\":\"BreadcrumbList\",\"@id\":\"https:\/\/hypnos.ee\/no\/produkt\/apollo-springfjaermadrass\/#breadcrumb\",\"itemListElement\":[{\"@type\":\"ListItem\",\"position\":1,\"name\":\"Home\",\"item\":\"https:\/\/hypnos.ee\/no\/\"},{\"@type\":\"ListItem\",\"position\":2,\"name\":\"Produkter\",\"item\":\"https:\/\/hypnos.ee\/tooted\/\"},{\"@type\":\"ListItem\",\"position\":3,\"name\":\"Apollo springfj\u00e6rmadrass\"}]},{\"@type\":\"WebSite\",\"@id\":\"https:\/\/hypnos.ee\/no\/#website\",\"url\":\"https:\/\/hypnos.ee\/no\/\",\"name\":\"Hypnos\",\"description\":\"T\u00f5stame unekogemust\",\"publisher\":{\"@id\":\"https:\/\/hypnos.ee\/no\/#organization\"},\"potentialAction\":[{\"@type\":\"SearchAction\",\"target\":{\"@type\":\"EntryPoint\",\"urlTemplate\":\"https:\/\/hypnos.ee\/no\/?s={search_term_string}\"},\"query-input\":{\"@type\":\"PropertyValueSpecification\",\"valueRequired\":true,\"valueName\":\"search_term_string\"}}],\"inLanguage\":\"nb-NO\"},{\"@type\":\"Organization\",\"@id\":\"https:\/\/hypnos.ee\/no\/#organization\",\"name\":\"Hypnos\",\"url\":\"https:\/\/hypnos.ee\/no\/\",\"logo\":{\"@type\":\"ImageObject\",\"inLanguage\":\"nb-NO\",\"@id\":\"https:\/\/hypnos.ee\/no\/#\/schema\/logo\/image\/\",\"url\":\"https:\/\/hypnos.ee\/wp-content\/uploads\/2025\/06\/cropped-Hypnos-fa.png\",\"contentUrl\":\"https:\/\/hypnos.ee\/wp-content\/uploads\/2025\/06\/cropped-Hypnos-fa.png\",\"width\":512,\"height\":512,\"caption\":\"Hypnos\"},\"image\":{\"@id\":\"https:\/\/hypnos.ee\/no\/#\/schema\/logo\/image\/\"}}]}<\/script>\n<!-- \/ Yoast SEO Premium plugin. -->","yoast_head_json":{"title":"Apollo springfj\u00e6rmadrass - Hypnos","robots":{"index":"index","follow":"follow","max-snippet":"max-snippet:-1","max-image-preview":"max-image-preview:large","max-video-preview":"max-video-preview:-1"},"canonical":"https:\/\/hypnos.ee\/no\/produkt\/apollo-springfjaermadrass\/","og_locale":"nb_NO","og_type":"article","og_title":"Apollo springfj\u00e6rmadrass","og_description":"En sterk og elastisk madrass med naturlige bomulls- og ullfibre. Apollo-madrassen kombinerer fordelene med stive fj\u00e6rer og naturmaterialer. Den ene siden er foret med bomull, ideelt for sommeren. Den andre siden er foret med ull, perfekt for vinteren.  Madrassens innhold gir fast st\u00f8tte og bidrar til \u00e5 opprettholde en stabil kroppstemperatur \u00e5ret rundt. Madrassen er st\u00f8pt inn i et robust poroloon-skall, og kantene er polstret for ekstra komfort og holdbarhet.","og_url":"https:\/\/hypnos.ee\/no\/produkt\/apollo-springfjaermadrass\/","og_site_name":"Hypnos","og_image":[{"width":590,"height":366,"url":"https:\/\/hypnos.ee\/wp-content\/uploads\/2025\/03\/apollo-2-madrats_f_1_590_1.jpg","type":"image\/jpeg"}],"twitter_card":"summary_large_image","schema":{"@context":"https:\/\/schema.org","@graph":[{"@type":"WebPage","@id":"https:\/\/hypnos.ee\/no\/produkt\/apollo-springfjaermadrass\/","url":"https:\/\/hypnos.ee\/no\/produkt\/apollo-springfjaermadrass\/","name":"Apollo springfj\u00e6rmadrass - Hypnos","isPartOf":{"@id":"https:\/\/hypnos.ee\/no\/#website"},"primaryImageOfPage":{"@id":"https:\/\/hypnos.ee\/no\/produkt\/apollo-springfjaermadrass\/#primaryimage"},"image":{"@id":"https:\/\/hypnos.ee\/no\/produkt\/apollo-springfjaermadrass\/#primaryimage"},"thumbnailUrl":"https:\/\/hypnos.ee\/wp-content\/uploads\/2025\/03\/apollo-2-madrats_f_1_590_1.jpg","datePublished":"2025-03-26T11:17:36+00:00","breadcrumb":{"@id":"https:\/\/hypnos.ee\/no\/produkt\/apollo-springfjaermadrass\/#breadcrumb"},"inLanguage":"nb-NO","potentialAction":[{"@type":"ReadAction","target":["https:\/\/hypnos.ee\/no\/produkt\/apollo-springfjaermadrass\/"]}]},{"@type":"ImageObject","inLanguage":"nb-NO","@id":"https:\/\/hypnos.ee\/no\/produkt\/apollo-springfjaermadrass\/#primaryimage","url":"https:\/\/hypnos.ee\/wp-content\/uploads\/2025\/03\/apollo-2-madrats_f_1_590_1.jpg","contentUrl":"https:\/\/hypnos.ee\/wp-content\/uploads\/2025\/03\/apollo-2-madrats_f_1_590_1.jpg","width":590,"height":366},{"@type":"BreadcrumbList","@id":"https:\/\/hypnos.ee\/no\/produkt\/apollo-springfjaermadrass\/#breadcrumb","itemListElement":[{"@type":"ListItem","position":1,"name":"Home","item":"https:\/\/hypnos.ee\/no\/"},{"@type":"ListItem","position":2,"name":"Produkter","item":"https:\/\/hypnos.ee\/tooted\/"},{"@type":"ListItem","position":3,"name":"Apollo springfj\u00e6rmadrass"}]},{"@type":"WebSite","@id":"https:\/\/hypnos.ee\/no\/#website","url":"https:\/\/hypnos.ee\/no\/","name":"Hypnos","description":"T\u00f5stame unekogemust","publisher":{"@id":"https:\/\/hypnos.ee\/no\/#organization"},"potentialAction":[{"@type":"SearchAction","target":{"@type":"EntryPoint","urlTemplate":"https:\/\/hypnos.ee\/no\/?s={search_term_string}"},"query-input":{"@type":"PropertyValueSpecification","valueRequired":true,"valueName":"search_term_string"}}],"inLanguage":"nb-NO"},{"@type":"Organization","@id":"https:\/\/hypnos.ee\/no\/#organization","name":"Hypnos","url":"https:\/\/hypnos.ee\/no\/","logo":{"@type":"ImageObject","inLanguage":"nb-NO","@id":"https:\/\/hypnos.ee\/no\/#\/schema\/logo\/image\/","url":"https:\/\/hypnos.ee\/wp-content\/uploads\/2025\/06\/cropped-Hypnos-fa.png","contentUrl":"https:\/\/hypnos.ee\/wp-content\/uploads\/2025\/06\/cropped-Hypnos-fa.png","width":512,"height":512,"caption":"Hypnos"},"image":{"@id":"https:\/\/hypnos.ee\/no\/#\/schema\/logo\/image\/"}}]}},"_links":{"self":[{"href":"https:\/\/hypnos.ee\/no\/wp-json\/wp\/v2\/product\/2300","targetHints":{"allow":["GET"]}}],"collection":[{"href":"https:\/\/hypnos.ee\/no\/wp-json\/wp\/v2\/product"}],"about":[{"href":"https:\/\/hypnos.ee\/no\/wp-json\/wp\/v2\/types\/product"}],"replies":[{"embeddable":true,"href":"https:\/\/hypnos.ee\/no\/wp-json\/wp\/v2\/comments?post=2300"}],"wp:featuredmedia":[{"embeddable":true,"href":"https:\/\/hypnos.ee\/no\/wp-json\/wp\/v2\/media\/2301"}],"wp:attachment":[{"href":"https:\/\/hypnos.ee\/no\/wp-json\/wp\/v2\/media?parent=2300"}],"wp:term":[{"taxonomy":"product_brand","embeddable":true,"href":"https:\/\/hypnos.ee\/no\/wp-json\/wp\/v2\/product_brand?post=2300"},{"taxonomy":"product_cat","embeddable":true,"href":"https:\/\/hypnos.ee\/no\/wp-json\/wp\/v2\/product_cat?post=2300"},{"taxonomy":"product_tag","embeddable":true,"href":"https:\/\/hypnos.ee\/no\/wp-json\/wp\/v2\/product_tag?post=2300"}],"curies":[{"name":"wp","href":"https:\/\/api.w.org\/{rel}","templated":true}]}}