{"id":2288,"date":"2025-03-26T13:19:37","date_gmt":"2025-03-26T11:19:37","guid":{"rendered":"https:\/\/hypnos.ee\/toode\/varmadrass-hera\/"},"modified":"2025-03-26T13:19:37","modified_gmt":"2025-03-26T11:19:37","slug":"varmadrass-hera","status":"publish","type":"product","link":"https:\/\/hypnos.ee\/no\/produkt\/varmadrass-hera\/","title":{"rendered":"V\u00e5rmadrass Hera"},"content":{"rendered":"","protected":false},"excerpt":{"rendered":"<p data-key=\"UJIYP\"><strong>En praktisk og praktisk l\u00f8sning for barn og unge.<\/strong><\/p>\n<p data-key=\"41cDp\">Hera er en enkeltsidig pocketfj\u00e6ret madrass med en innebygd 5 cm lang overmadrass &#8211; stabil, lett \u00e5 vedlikeholde og spesielt egnet for yngre brukere. Den integrerte overmadrassen forskyver seg ikke og gir en ren sovestilling uten behov for en ekstra overmadrass. <\/p>\n<p data-key=\"vbm5x\">Fj\u00e6ringen best\u00e5r av 12 cm h\u00f8ye pocketfj\u00e6rer (245 fj\u00e6rer\/m\u00b2), som reagerer individuelt p\u00e5 kroppsvekten og gir god st\u00f8tte. Tre ulike stivheter (1,8\/1,9\/2,0 mm) gj\u00f8r at du kan velge riktig komfortniv\u00e5. Det \u00f8verste laget er avtakbart og vaskbart (sk\u00e5nsom vask ved 40 \u00b0C), noe som gj\u00f8r det enkelt og praktisk \u00e5 vedlikeholde madrassen.  <\/p>\n","protected":false},"featured_media":2289,"comment_status":"closed","ping_status":"closed","template":"","meta":{"_acf_changed":false},"product_brand":[],"product_cat":[119],"product_tag":[],"class_list":{"0":"post-2288","1":"product","2":"type-product","3":"status-publish","4":"has-post-thumbnail","6":"product_cat-fjaermadrasser","8":"first","9":"instock","10":"shipping-taxable","11":"product-type-simple"},"acf":[],"yoast_head":"<!-- This site is optimized with the Yoast SEO Premium plugin v26.0 (Yoast SEO v26.0) - https:\/\/yoast.com\/wordpress\/plugins\/seo\/ -->\n<title>V\u00e5rmadrass Hera - Hypnos<\/title>\n<meta name=\"robots\" content=\"index, follow, max-snippet:-1, max-image-preview:large, max-video-preview:-1\" \/>\n<link rel=\"canonical\" href=\"https:\/\/hypnos.ee\/no\/produkt\/varmadrass-hera\/\" \/>\n<meta property=\"og:locale\" content=\"nb_NO\" \/>\n<meta property=\"og:type\" content=\"article\" \/>\n<meta property=\"og:title\" content=\"V\u00e5rmadrass Hera\" \/>\n<meta property=\"og:description\" content=\"En praktisk og praktisk l\u00f8sning for barn og unge. Hera er en enkeltsidig pocketfj\u00e6ret madrass med en innebygd 5 cm lang overmadrass - stabil, lett \u00e5 vedlikeholde og spesielt egnet for yngre brukere. Den integrerte overmadrassen forskyver seg ikke og gir en ren sovestilling uten behov for en ekstra overmadrass. Fj\u00e6ringen best\u00e5r av 12 cm h\u00f8ye pocketfj\u00e6rer (245 fj\u00e6rer\/m\u00b2), som reagerer individuelt p\u00e5 kroppsvekten og gir god st\u00f8tte. Tre ulike stivheter (1,8\/1,9\/2,0 mm) gj\u00f8r at du kan velge riktig komfortniv\u00e5. Det \u00f8verste laget er avtakbart og vaskbart (sk\u00e5nsom vask ved 40 \u00b0C), noe som gj\u00f8r det enkelt og praktisk \u00e5 vedlikeholde madrassen.\" \/>\n<meta property=\"og:url\" content=\"https:\/\/hypnos.ee\/no\/produkt\/varmadrass-hera\/\" \/>\n<meta property=\"og:site_name\" content=\"Hypnos\" \/>\n<meta property=\"og:image\" content=\"https:\/\/hypnos.ee\/wp-content\/uploads\/2025\/03\/hera-madrats_f_1_590_1.jpg\" \/>\n\t<meta property=\"og:image:width\" content=\"590\" \/>\n\t<meta property=\"og:image:height\" content=\"393\" \/>\n\t<meta property=\"og:image:type\" content=\"image\/jpeg\" \/>\n<meta name=\"twitter:card\" content=\"summary_large_image\" \/>\n<script type=\"application\/ld+json\" class=\"yoast-schema-graph\">{\"@context\":\"https:\/\/schema.org\",\"@graph\":[{\"@type\":\"WebPage\",\"@id\":\"https:\/\/hypnos.ee\/no\/produkt\/varmadrass-hera\/\",\"url\":\"https:\/\/hypnos.ee\/no\/produkt\/varmadrass-hera\/\",\"name\":\"V\u00e5rmadrass Hera - Hypnos\",\"isPartOf\":{\"@id\":\"https:\/\/hypnos.ee\/no\/#website\"},\"primaryImageOfPage\":{\"@id\":\"https:\/\/hypnos.ee\/no\/produkt\/varmadrass-hera\/#primaryimage\"},\"image\":{\"@id\":\"https:\/\/hypnos.ee\/no\/produkt\/varmadrass-hera\/#primaryimage\"},\"thumbnailUrl\":\"https:\/\/hypnos.ee\/wp-content\/uploads\/2025\/03\/hera-madrats_f_1_590_1.jpg\",\"datePublished\":\"2025-03-26T11:19:37+00:00\",\"breadcrumb\":{\"@id\":\"https:\/\/hypnos.ee\/no\/produkt\/varmadrass-hera\/#breadcrumb\"},\"inLanguage\":\"nb-NO\",\"potentialAction\":[{\"@type\":\"ReadAction\",\"target\":[\"https:\/\/hypnos.ee\/no\/produkt\/varmadrass-hera\/\"]}]},{\"@type\":\"ImageObject\",\"inLanguage\":\"nb-NO\",\"@id\":\"https:\/\/hypnos.ee\/no\/produkt\/varmadrass-hera\/#primaryimage\",\"url\":\"https:\/\/hypnos.ee\/wp-content\/uploads\/2025\/03\/hera-madrats_f_1_590_1.jpg\",\"contentUrl\":\"https:\/\/hypnos.ee\/wp-content\/uploads\/2025\/03\/hera-madrats_f_1_590_1.jpg\",\"width\":590,\"height\":393},{\"@type\":\"BreadcrumbList\",\"@id\":\"https:\/\/hypnos.ee\/no\/produkt\/varmadrass-hera\/#breadcrumb\",\"itemListElement\":[{\"@type\":\"ListItem\",\"position\":1,\"name\":\"Home\",\"item\":\"https:\/\/hypnos.ee\/no\/\"},{\"@type\":\"ListItem\",\"position\":2,\"name\":\"Produkter\",\"item\":\"https:\/\/hypnos.ee\/tooted\/\"},{\"@type\":\"ListItem\",\"position\":3,\"name\":\"V\u00e5rmadrass Hera\"}]},{\"@type\":\"WebSite\",\"@id\":\"https:\/\/hypnos.ee\/no\/#website\",\"url\":\"https:\/\/hypnos.ee\/no\/\",\"name\":\"Hypnos\",\"description\":\"T\u00f5stame unekogemust\",\"publisher\":{\"@id\":\"https:\/\/hypnos.ee\/no\/#organization\"},\"potentialAction\":[{\"@type\":\"SearchAction\",\"target\":{\"@type\":\"EntryPoint\",\"urlTemplate\":\"https:\/\/hypnos.ee\/no\/?s={search_term_string}\"},\"query-input\":{\"@type\":\"PropertyValueSpecification\",\"valueRequired\":true,\"valueName\":\"search_term_string\"}}],\"inLanguage\":\"nb-NO\"},{\"@type\":\"Organization\",\"@id\":\"https:\/\/hypnos.ee\/no\/#organization\",\"name\":\"Hypnos\",\"url\":\"https:\/\/hypnos.ee\/no\/\",\"logo\":{\"@type\":\"ImageObject\",\"inLanguage\":\"nb-NO\",\"@id\":\"https:\/\/hypnos.ee\/no\/#\/schema\/logo\/image\/\",\"url\":\"https:\/\/hypnos.ee\/wp-content\/uploads\/2025\/06\/cropped-Hypnos-fa.png\",\"contentUrl\":\"https:\/\/hypnos.ee\/wp-content\/uploads\/2025\/06\/cropped-Hypnos-fa.png\",\"width\":512,\"height\":512,\"caption\":\"Hypnos\"},\"image\":{\"@id\":\"https:\/\/hypnos.ee\/no\/#\/schema\/logo\/image\/\"}}]}<\/script>\n<!-- \/ Yoast SEO Premium plugin. -->","yoast_head_json":{"title":"V\u00e5rmadrass Hera - Hypnos","robots":{"index":"index","follow":"follow","max-snippet":"max-snippet:-1","max-image-preview":"max-image-preview:large","max-video-preview":"max-video-preview:-1"},"canonical":"https:\/\/hypnos.ee\/no\/produkt\/varmadrass-hera\/","og_locale":"nb_NO","og_type":"article","og_title":"V\u00e5rmadrass Hera","og_description":"En praktisk og praktisk l\u00f8sning for barn og unge. Hera er en enkeltsidig pocketfj\u00e6ret madrass med en innebygd 5 cm lang overmadrass - stabil, lett \u00e5 vedlikeholde og spesielt egnet for yngre brukere. Den integrerte overmadrassen forskyver seg ikke og gir en ren sovestilling uten behov for en ekstra overmadrass. Fj\u00e6ringen best\u00e5r av 12 cm h\u00f8ye pocketfj\u00e6rer (245 fj\u00e6rer\/m\u00b2), som reagerer individuelt p\u00e5 kroppsvekten og gir god st\u00f8tte. Tre ulike stivheter (1,8\/1,9\/2,0 mm) gj\u00f8r at du kan velge riktig komfortniv\u00e5. Det \u00f8verste laget er avtakbart og vaskbart (sk\u00e5nsom vask ved 40 \u00b0C), noe som gj\u00f8r det enkelt og praktisk \u00e5 vedlikeholde madrassen.","og_url":"https:\/\/hypnos.ee\/no\/produkt\/varmadrass-hera\/","og_site_name":"Hypnos","og_image":[{"width":590,"height":393,"url":"https:\/\/hypnos.ee\/wp-content\/uploads\/2025\/03\/hera-madrats_f_1_590_1.jpg","type":"image\/jpeg"}],"twitter_card":"summary_large_image","schema":{"@context":"https:\/\/schema.org","@graph":[{"@type":"WebPage","@id":"https:\/\/hypnos.ee\/no\/produkt\/varmadrass-hera\/","url":"https:\/\/hypnos.ee\/no\/produkt\/varmadrass-hera\/","name":"V\u00e5rmadrass Hera - Hypnos","isPartOf":{"@id":"https:\/\/hypnos.ee\/no\/#website"},"primaryImageOfPage":{"@id":"https:\/\/hypnos.ee\/no\/produkt\/varmadrass-hera\/#primaryimage"},"image":{"@id":"https:\/\/hypnos.ee\/no\/produkt\/varmadrass-hera\/#primaryimage"},"thumbnailUrl":"https:\/\/hypnos.ee\/wp-content\/uploads\/2025\/03\/hera-madrats_f_1_590_1.jpg","datePublished":"2025-03-26T11:19:37+00:00","breadcrumb":{"@id":"https:\/\/hypnos.ee\/no\/produkt\/varmadrass-hera\/#breadcrumb"},"inLanguage":"nb-NO","potentialAction":[{"@type":"ReadAction","target":["https:\/\/hypnos.ee\/no\/produkt\/varmadrass-hera\/"]}]},{"@type":"ImageObject","inLanguage":"nb-NO","@id":"https:\/\/hypnos.ee\/no\/produkt\/varmadrass-hera\/#primaryimage","url":"https:\/\/hypnos.ee\/wp-content\/uploads\/2025\/03\/hera-madrats_f_1_590_1.jpg","contentUrl":"https:\/\/hypnos.ee\/wp-content\/uploads\/2025\/03\/hera-madrats_f_1_590_1.jpg","width":590,"height":393},{"@type":"BreadcrumbList","@id":"https:\/\/hypnos.ee\/no\/produkt\/varmadrass-hera\/#breadcrumb","itemListElement":[{"@type":"ListItem","position":1,"name":"Home","item":"https:\/\/hypnos.ee\/no\/"},{"@type":"ListItem","position":2,"name":"Produkter","item":"https:\/\/hypnos.ee\/tooted\/"},{"@type":"ListItem","position":3,"name":"V\u00e5rmadrass Hera"}]},{"@type":"WebSite","@id":"https:\/\/hypnos.ee\/no\/#website","url":"https:\/\/hypnos.ee\/no\/","name":"Hypnos","description":"T\u00f5stame unekogemust","publisher":{"@id":"https:\/\/hypnos.ee\/no\/#organization"},"potentialAction":[{"@type":"SearchAction","target":{"@type":"EntryPoint","urlTemplate":"https:\/\/hypnos.ee\/no\/?s={search_term_string}"},"query-input":{"@type":"PropertyValueSpecification","valueRequired":true,"valueName":"search_term_string"}}],"inLanguage":"nb-NO"},{"@type":"Organization","@id":"https:\/\/hypnos.ee\/no\/#organization","name":"Hypnos","url":"https:\/\/hypnos.ee\/no\/","logo":{"@type":"ImageObject","inLanguage":"nb-NO","@id":"https:\/\/hypnos.ee\/no\/#\/schema\/logo\/image\/","url":"https:\/\/hypnos.ee\/wp-content\/uploads\/2025\/06\/cropped-Hypnos-fa.png","contentUrl":"https:\/\/hypnos.ee\/wp-content\/uploads\/2025\/06\/cropped-Hypnos-fa.png","width":512,"height":512,"caption":"Hypnos"},"image":{"@id":"https:\/\/hypnos.ee\/no\/#\/schema\/logo\/image\/"}}]}},"_links":{"self":[{"href":"https:\/\/hypnos.ee\/no\/wp-json\/wp\/v2\/product\/2288","targetHints":{"allow":["GET"]}}],"collection":[{"href":"https:\/\/hypnos.ee\/no\/wp-json\/wp\/v2\/product"}],"about":[{"href":"https:\/\/hypnos.ee\/no\/wp-json\/wp\/v2\/types\/product"}],"replies":[{"embeddable":true,"href":"https:\/\/hypnos.ee\/no\/wp-json\/wp\/v2\/comments?post=2288"}],"wp:featuredmedia":[{"embeddable":true,"href":"https:\/\/hypnos.ee\/no\/wp-json\/wp\/v2\/media\/2289"}],"wp:attachment":[{"href":"https:\/\/hypnos.ee\/no\/wp-json\/wp\/v2\/media?parent=2288"}],"wp:term":[{"taxonomy":"product_brand","embeddable":true,"href":"https:\/\/hypnos.ee\/no\/wp-json\/wp\/v2\/product_brand?post=2288"},{"taxonomy":"product_cat","embeddable":true,"href":"https:\/\/hypnos.ee\/no\/wp-json\/wp\/v2\/product_cat?post=2288"},{"taxonomy":"product_tag","embeddable":true,"href":"https:\/\/hypnos.ee\/no\/wp-json\/wp\/v2\/product_tag?post=2288"}],"curies":[{"name":"wp","href":"https:\/\/api.w.org\/{rel}","templated":true}]}}