{"id":2279,"date":"2025-03-26T13:21:57","date_gmt":"2025-03-26T11:21:57","guid":{"rendered":"https:\/\/hypnos.ee\/toode\/fjaermadrass-luna-t\/"},"modified":"2025-03-26T13:21:57","modified_gmt":"2025-03-26T11:21:57","slug":"fjaermadrass-luna-t","status":"publish","type":"product","link":"https:\/\/hypnos.ee\/no\/produkt\/fjaermadrass-luna-t\/","title":{"rendered":"Fj\u00e6rmadrass Luna-T"},"content":{"rendered":"","protected":false},"excerpt":{"rendered":"<p data-key=\"y3mPr\" data-pm-slice=\"1 1 []\"><strong>Anatomisk bilateral komfort.<\/strong><\/p>\n<p data-key=\"2DoPB\">Luna-T er en pocketfj\u00e6rmadrass av h\u00f8y kvalitet med fj\u00e6rer som arbeider individuelt og tilpasser seg kroppens form.<\/p>\n<p data-key=\"cGBY7\">Takket v\u00e6re det naturlige dobbeltf\u00f4ret (bomull p\u00e5 den ene siden og ull p\u00e5 den andre) gir Luna-T komfort \u00e5ret rundt: luftigere bomull om sommeren og varmere ull om vinteren.<\/p>\n<p data-key=\"9AZva\">Fj\u00e6rblokken er forsterket med en slitesterk porolone-boks, som holder madrassen i form og gj\u00f8r det mulig \u00e5 bruke to madrasser ved siden av hverandre uten en merkbar \u00e5pning.<\/p>\n<p data-key=\"Vd0lw\">Overstoffet er utstyrt med <strong>Silver Protect-behandling<\/strong> &#8211; beskyttelse mot st\u00f8vmidd, bakterier og overfl\u00f8dig fuktighet.<\/p>\n","protected":false},"featured_media":2280,"comment_status":"closed","ping_status":"closed","template":"","meta":{"_acf_changed":false},"product_brand":[],"product_cat":[119],"product_tag":[],"class_list":{"0":"post-2279","1":"product","2":"type-product","3":"status-publish","4":"has-post-thumbnail","6":"product_cat-fjaermadrasser","8":"first","9":"instock","10":"shipping-taxable","11":"product-type-simple"},"acf":[],"yoast_head":"<!-- This site is optimized with the Yoast SEO Premium plugin v26.0 (Yoast SEO v26.0) - https:\/\/yoast.com\/wordpress\/plugins\/seo\/ -->\n<title>Fj\u00e6rmadrass Luna-T - Hypnos<\/title>\n<meta name=\"robots\" content=\"index, follow, max-snippet:-1, max-image-preview:large, max-video-preview:-1\" \/>\n<link rel=\"canonical\" href=\"https:\/\/hypnos.ee\/no\/produkt\/fjaermadrass-luna-t\/\" \/>\n<meta property=\"og:locale\" content=\"nb_NO\" \/>\n<meta property=\"og:type\" content=\"article\" \/>\n<meta property=\"og:title\" content=\"Fj\u00e6rmadrass Luna-T\" \/>\n<meta property=\"og:description\" content=\"Anatomisk bilateral komfort. Luna-T er en pocketfj\u00e6rmadrass av h\u00f8y kvalitet med fj\u00e6rer som arbeider individuelt og tilpasser seg kroppens form. Takket v\u00e6re det naturlige dobbeltf\u00f4ret (bomull p\u00e5 den ene siden og ull p\u00e5 den andre) gir Luna-T komfort \u00e5ret rundt: luftigere bomull om sommeren og varmere ull om vinteren. Fj\u00e6rblokken er forsterket med en slitesterk porolone-boks, som holder madrassen i form og gj\u00f8r det mulig \u00e5 bruke to madrasser ved siden av hverandre uten en merkbar \u00e5pning. Overstoffet er utstyrt med Silver Protect-behandling - beskyttelse mot st\u00f8vmidd, bakterier og overfl\u00f8dig fuktighet.\" \/>\n<meta property=\"og:url\" content=\"https:\/\/hypnos.ee\/no\/produkt\/fjaermadrass-luna-t\/\" \/>\n<meta property=\"og:site_name\" content=\"Hypnos\" \/>\n<meta property=\"og:image\" content=\"https:\/\/hypnos.ee\/wp-content\/uploads\/2025\/03\/luna-t-madrats_f_1_590_1.jpg\" \/>\n\t<meta property=\"og:image:width\" content=\"590\" \/>\n\t<meta property=\"og:image:height\" content=\"394\" \/>\n\t<meta property=\"og:image:type\" content=\"image\/jpeg\" \/>\n<meta name=\"twitter:card\" content=\"summary_large_image\" \/>\n<script type=\"application\/ld+json\" class=\"yoast-schema-graph\">{\"@context\":\"https:\/\/schema.org\",\"@graph\":[{\"@type\":\"WebPage\",\"@id\":\"https:\/\/hypnos.ee\/no\/produkt\/fjaermadrass-luna-t\/\",\"url\":\"https:\/\/hypnos.ee\/no\/produkt\/fjaermadrass-luna-t\/\",\"name\":\"Fj\u00e6rmadrass Luna-T - Hypnos\",\"isPartOf\":{\"@id\":\"https:\/\/hypnos.ee\/no\/#website\"},\"primaryImageOfPage\":{\"@id\":\"https:\/\/hypnos.ee\/no\/produkt\/fjaermadrass-luna-t\/#primaryimage\"},\"image\":{\"@id\":\"https:\/\/hypnos.ee\/no\/produkt\/fjaermadrass-luna-t\/#primaryimage\"},\"thumbnailUrl\":\"https:\/\/hypnos.ee\/wp-content\/uploads\/2025\/03\/luna-t-madrats_f_1_590_1.jpg\",\"datePublished\":\"2025-03-26T11:21:57+00:00\",\"breadcrumb\":{\"@id\":\"https:\/\/hypnos.ee\/no\/produkt\/fjaermadrass-luna-t\/#breadcrumb\"},\"inLanguage\":\"nb-NO\",\"potentialAction\":[{\"@type\":\"ReadAction\",\"target\":[\"https:\/\/hypnos.ee\/no\/produkt\/fjaermadrass-luna-t\/\"]}]},{\"@type\":\"ImageObject\",\"inLanguage\":\"nb-NO\",\"@id\":\"https:\/\/hypnos.ee\/no\/produkt\/fjaermadrass-luna-t\/#primaryimage\",\"url\":\"https:\/\/hypnos.ee\/wp-content\/uploads\/2025\/03\/luna-t-madrats_f_1_590_1.jpg\",\"contentUrl\":\"https:\/\/hypnos.ee\/wp-content\/uploads\/2025\/03\/luna-t-madrats_f_1_590_1.jpg\",\"width\":590,\"height\":394},{\"@type\":\"BreadcrumbList\",\"@id\":\"https:\/\/hypnos.ee\/no\/produkt\/fjaermadrass-luna-t\/#breadcrumb\",\"itemListElement\":[{\"@type\":\"ListItem\",\"position\":1,\"name\":\"Home\",\"item\":\"https:\/\/hypnos.ee\/no\/\"},{\"@type\":\"ListItem\",\"position\":2,\"name\":\"Produkter\",\"item\":\"https:\/\/hypnos.ee\/tooted\/\"},{\"@type\":\"ListItem\",\"position\":3,\"name\":\"Fj\u00e6rmadrass Luna-T\"}]},{\"@type\":\"WebSite\",\"@id\":\"https:\/\/hypnos.ee\/no\/#website\",\"url\":\"https:\/\/hypnos.ee\/no\/\",\"name\":\"Hypnos\",\"description\":\"T\u00f5stame unekogemust\",\"publisher\":{\"@id\":\"https:\/\/hypnos.ee\/no\/#organization\"},\"potentialAction\":[{\"@type\":\"SearchAction\",\"target\":{\"@type\":\"EntryPoint\",\"urlTemplate\":\"https:\/\/hypnos.ee\/no\/?s={search_term_string}\"},\"query-input\":{\"@type\":\"PropertyValueSpecification\",\"valueRequired\":true,\"valueName\":\"search_term_string\"}}],\"inLanguage\":\"nb-NO\"},{\"@type\":\"Organization\",\"@id\":\"https:\/\/hypnos.ee\/no\/#organization\",\"name\":\"Hypnos\",\"url\":\"https:\/\/hypnos.ee\/no\/\",\"logo\":{\"@type\":\"ImageObject\",\"inLanguage\":\"nb-NO\",\"@id\":\"https:\/\/hypnos.ee\/no\/#\/schema\/logo\/image\/\",\"url\":\"https:\/\/hypnos.ee\/wp-content\/uploads\/2025\/06\/cropped-Hypnos-fa.png\",\"contentUrl\":\"https:\/\/hypnos.ee\/wp-content\/uploads\/2025\/06\/cropped-Hypnos-fa.png\",\"width\":512,\"height\":512,\"caption\":\"Hypnos\"},\"image\":{\"@id\":\"https:\/\/hypnos.ee\/no\/#\/schema\/logo\/image\/\"}}]}<\/script>\n<!-- \/ Yoast SEO Premium plugin. -->","yoast_head_json":{"title":"Fj\u00e6rmadrass Luna-T - Hypnos","robots":{"index":"index","follow":"follow","max-snippet":"max-snippet:-1","max-image-preview":"max-image-preview:large","max-video-preview":"max-video-preview:-1"},"canonical":"https:\/\/hypnos.ee\/no\/produkt\/fjaermadrass-luna-t\/","og_locale":"nb_NO","og_type":"article","og_title":"Fj\u00e6rmadrass Luna-T","og_description":"Anatomisk bilateral komfort. Luna-T er en pocketfj\u00e6rmadrass av h\u00f8y kvalitet med fj\u00e6rer som arbeider individuelt og tilpasser seg kroppens form. Takket v\u00e6re det naturlige dobbeltf\u00f4ret (bomull p\u00e5 den ene siden og ull p\u00e5 den andre) gir Luna-T komfort \u00e5ret rundt: luftigere bomull om sommeren og varmere ull om vinteren. Fj\u00e6rblokken er forsterket med en slitesterk porolone-boks, som holder madrassen i form og gj\u00f8r det mulig \u00e5 bruke to madrasser ved siden av hverandre uten en merkbar \u00e5pning. Overstoffet er utstyrt med Silver Protect-behandling - beskyttelse mot st\u00f8vmidd, bakterier og overfl\u00f8dig fuktighet.","og_url":"https:\/\/hypnos.ee\/no\/produkt\/fjaermadrass-luna-t\/","og_site_name":"Hypnos","og_image":[{"width":590,"height":394,"url":"https:\/\/hypnos.ee\/wp-content\/uploads\/2025\/03\/luna-t-madrats_f_1_590_1.jpg","type":"image\/jpeg"}],"twitter_card":"summary_large_image","schema":{"@context":"https:\/\/schema.org","@graph":[{"@type":"WebPage","@id":"https:\/\/hypnos.ee\/no\/produkt\/fjaermadrass-luna-t\/","url":"https:\/\/hypnos.ee\/no\/produkt\/fjaermadrass-luna-t\/","name":"Fj\u00e6rmadrass Luna-T - Hypnos","isPartOf":{"@id":"https:\/\/hypnos.ee\/no\/#website"},"primaryImageOfPage":{"@id":"https:\/\/hypnos.ee\/no\/produkt\/fjaermadrass-luna-t\/#primaryimage"},"image":{"@id":"https:\/\/hypnos.ee\/no\/produkt\/fjaermadrass-luna-t\/#primaryimage"},"thumbnailUrl":"https:\/\/hypnos.ee\/wp-content\/uploads\/2025\/03\/luna-t-madrats_f_1_590_1.jpg","datePublished":"2025-03-26T11:21:57+00:00","breadcrumb":{"@id":"https:\/\/hypnos.ee\/no\/produkt\/fjaermadrass-luna-t\/#breadcrumb"},"inLanguage":"nb-NO","potentialAction":[{"@type":"ReadAction","target":["https:\/\/hypnos.ee\/no\/produkt\/fjaermadrass-luna-t\/"]}]},{"@type":"ImageObject","inLanguage":"nb-NO","@id":"https:\/\/hypnos.ee\/no\/produkt\/fjaermadrass-luna-t\/#primaryimage","url":"https:\/\/hypnos.ee\/wp-content\/uploads\/2025\/03\/luna-t-madrats_f_1_590_1.jpg","contentUrl":"https:\/\/hypnos.ee\/wp-content\/uploads\/2025\/03\/luna-t-madrats_f_1_590_1.jpg","width":590,"height":394},{"@type":"BreadcrumbList","@id":"https:\/\/hypnos.ee\/no\/produkt\/fjaermadrass-luna-t\/#breadcrumb","itemListElement":[{"@type":"ListItem","position":1,"name":"Home","item":"https:\/\/hypnos.ee\/no\/"},{"@type":"ListItem","position":2,"name":"Produkter","item":"https:\/\/hypnos.ee\/tooted\/"},{"@type":"ListItem","position":3,"name":"Fj\u00e6rmadrass Luna-T"}]},{"@type":"WebSite","@id":"https:\/\/hypnos.ee\/no\/#website","url":"https:\/\/hypnos.ee\/no\/","name":"Hypnos","description":"T\u00f5stame unekogemust","publisher":{"@id":"https:\/\/hypnos.ee\/no\/#organization"},"potentialAction":[{"@type":"SearchAction","target":{"@type":"EntryPoint","urlTemplate":"https:\/\/hypnos.ee\/no\/?s={search_term_string}"},"query-input":{"@type":"PropertyValueSpecification","valueRequired":true,"valueName":"search_term_string"}}],"inLanguage":"nb-NO"},{"@type":"Organization","@id":"https:\/\/hypnos.ee\/no\/#organization","name":"Hypnos","url":"https:\/\/hypnos.ee\/no\/","logo":{"@type":"ImageObject","inLanguage":"nb-NO","@id":"https:\/\/hypnos.ee\/no\/#\/schema\/logo\/image\/","url":"https:\/\/hypnos.ee\/wp-content\/uploads\/2025\/06\/cropped-Hypnos-fa.png","contentUrl":"https:\/\/hypnos.ee\/wp-content\/uploads\/2025\/06\/cropped-Hypnos-fa.png","width":512,"height":512,"caption":"Hypnos"},"image":{"@id":"https:\/\/hypnos.ee\/no\/#\/schema\/logo\/image\/"}}]}},"_links":{"self":[{"href":"https:\/\/hypnos.ee\/no\/wp-json\/wp\/v2\/product\/2279","targetHints":{"allow":["GET"]}}],"collection":[{"href":"https:\/\/hypnos.ee\/no\/wp-json\/wp\/v2\/product"}],"about":[{"href":"https:\/\/hypnos.ee\/no\/wp-json\/wp\/v2\/types\/product"}],"replies":[{"embeddable":true,"href":"https:\/\/hypnos.ee\/no\/wp-json\/wp\/v2\/comments?post=2279"}],"wp:featuredmedia":[{"embeddable":true,"href":"https:\/\/hypnos.ee\/no\/wp-json\/wp\/v2\/media\/2280"}],"wp:attachment":[{"href":"https:\/\/hypnos.ee\/no\/wp-json\/wp\/v2\/media?parent=2279"}],"wp:term":[{"taxonomy":"product_brand","embeddable":true,"href":"https:\/\/hypnos.ee\/no\/wp-json\/wp\/v2\/product_brand?post=2279"},{"taxonomy":"product_cat","embeddable":true,"href":"https:\/\/hypnos.ee\/no\/wp-json\/wp\/v2\/product_cat?post=2279"},{"taxonomy":"product_tag","embeddable":true,"href":"https:\/\/hypnos.ee\/no\/wp-json\/wp\/v2\/product_tag?post=2279"}],"curies":[{"name":"wp","href":"https:\/\/api.w.org\/{rel}","templated":true}]}}