{"id":2269,"date":"2025-03-26T13:21:02","date_gmt":"2025-03-26T11:21:02","guid":{"rendered":"https:\/\/hypnos.ee\/toode\/varmadrass-luna\/"},"modified":"2025-03-26T13:21:02","modified_gmt":"2025-03-26T11:21:02","slug":"varmadrass-luna","status":"publish","type":"product","link":"https:\/\/hypnos.ee\/no\/produkt\/varmadrass-luna\/","title":{"rendered":"V\u00e5rmadrass Luna"},"content":{"rendered":"","protected":false},"excerpt":{"rendered":"<p data-key=\"W07N9\" data-pm-slice=\"1 1 []\"><strong>Rolig, flytende og anatomisk.<\/strong><\/p>\n<p data-key=\"jFDFt\">Denne madrassen er designet for \u00e5 gi deg den komforten som passer best for deg.<\/p>\n<p data-key=\"osS9s\">Luna finnes i fire ulike stivheter, avhengig av fj\u00e6rtr\u00e5dens diameter (1,8 mm \/ 1,9 mm \/ 2,0 mm \/ 2,1 mm), slik at du kan finne akkurat den st\u00f8tten og f\u00f8lelsen du trenger.<\/p>\n<p data-key=\"TX77P\">Pocketfj\u00e6ringen reagerer individuelt p\u00e5 kroppsvekt og bevegelser, noe som gir jevn st\u00f8tte gjennom hele natten. To forskjellige lag med dun gir ekstra komfort, mens et forsterkningselement p\u00e5 sidene holder madrassen i form. <\/p>\n<p data-key=\"HHCeo\">Luna-madrassen har to sider. Den ene siden har et lag med ull &#8211; perfekt for den kaldere \u00e5rstiden. Den andre med bomull, som er kj\u00f8ligere og mer pustende for varmere \u00e5rstider.  <\/p>\n<p data-key=\"HHCeo\">Silver Protect-behandlingen beskytter mot st\u00f8vmidd og bakterier og er ogs\u00e5 egnet for allergikere.<\/p>\n<p>&nbsp;<\/p>\n","protected":false},"featured_media":2272,"comment_status":"closed","ping_status":"closed","template":"","meta":{"_acf_changed":false},"product_brand":[],"product_cat":[119],"product_tag":[],"class_list":{"0":"post-2269","1":"product","2":"type-product","3":"status-publish","4":"has-post-thumbnail","6":"product_cat-fjaermadrasser","8":"first","9":"instock","10":"shipping-taxable","11":"product-type-simple"},"acf":[],"yoast_head":"<!-- This site is optimized with the Yoast SEO Premium plugin v26.0 (Yoast SEO v26.0) - https:\/\/yoast.com\/wordpress\/plugins\/seo\/ -->\n<title>V\u00e5rmadrass Luna - Hypnos<\/title>\n<meta name=\"robots\" content=\"index, follow, max-snippet:-1, max-image-preview:large, max-video-preview:-1\" \/>\n<link rel=\"canonical\" href=\"https:\/\/hypnos.ee\/no\/produkt\/varmadrass-luna\/\" \/>\n<meta property=\"og:locale\" content=\"nb_NO\" \/>\n<meta property=\"og:type\" content=\"article\" \/>\n<meta property=\"og:title\" content=\"V\u00e5rmadrass Luna\" \/>\n<meta property=\"og:description\" content=\"Rolig, flytende og anatomisk. Denne madrassen er designet for \u00e5 gi deg den komforten som passer best for deg. Luna finnes i fire ulike stivheter, avhengig av fj\u00e6rtr\u00e5dens diameter (1,8 mm \/ 1,9 mm \/ 2,0 mm \/ 2,1 mm), slik at du kan finne akkurat den st\u00f8tten og f\u00f8lelsen du trenger. Pocketfj\u00e6ringen reagerer individuelt p\u00e5 kroppsvekt og bevegelser, noe som gir jevn st\u00f8tte gjennom hele natten. To forskjellige lag med dun gir ekstra komfort, mens et forsterkningselement p\u00e5 sidene holder madrassen i form. Luna-madrassen har to sider. Den ene siden har et lag med ull - perfekt for den kaldere \u00e5rstiden. Den andre med bomull, som er kj\u00f8ligere og mer pustende for varmere \u00e5rstider.  Silver Protect-behandlingen beskytter mot st\u00f8vmidd og bakterier og er ogs\u00e5 egnet for allergikere. &nbsp;\" \/>\n<meta property=\"og:url\" content=\"https:\/\/hypnos.ee\/no\/produkt\/varmadrass-luna\/\" \/>\n<meta property=\"og:site_name\" content=\"Hypnos\" \/>\n<meta property=\"og:image\" content=\"https:\/\/hypnos.ee\/wp-content\/uploads\/2025\/03\/luna-vedrumadrats_f_1_590_1.jpg\" \/>\n\t<meta property=\"og:image:width\" content=\"590\" \/>\n\t<meta property=\"og:image:height\" content=\"272\" \/>\n\t<meta property=\"og:image:type\" content=\"image\/jpeg\" \/>\n<meta name=\"twitter:card\" content=\"summary_large_image\" \/>\n<script type=\"application\/ld+json\" class=\"yoast-schema-graph\">{\"@context\":\"https:\/\/schema.org\",\"@graph\":[{\"@type\":\"WebPage\",\"@id\":\"https:\/\/hypnos.ee\/no\/produkt\/varmadrass-luna\/\",\"url\":\"https:\/\/hypnos.ee\/no\/produkt\/varmadrass-luna\/\",\"name\":\"V\u00e5rmadrass Luna - Hypnos\",\"isPartOf\":{\"@id\":\"https:\/\/hypnos.ee\/no\/#website\"},\"primaryImageOfPage\":{\"@id\":\"https:\/\/hypnos.ee\/no\/produkt\/varmadrass-luna\/#primaryimage\"},\"image\":{\"@id\":\"https:\/\/hypnos.ee\/no\/produkt\/varmadrass-luna\/#primaryimage\"},\"thumbnailUrl\":\"https:\/\/hypnos.ee\/wp-content\/uploads\/2025\/03\/luna-vedrumadrats_f_1_590_1.jpg\",\"datePublished\":\"2025-03-26T11:21:02+00:00\",\"breadcrumb\":{\"@id\":\"https:\/\/hypnos.ee\/no\/produkt\/varmadrass-luna\/#breadcrumb\"},\"inLanguage\":\"nb-NO\",\"potentialAction\":[{\"@type\":\"ReadAction\",\"target\":[\"https:\/\/hypnos.ee\/no\/produkt\/varmadrass-luna\/\"]}]},{\"@type\":\"ImageObject\",\"inLanguage\":\"nb-NO\",\"@id\":\"https:\/\/hypnos.ee\/no\/produkt\/varmadrass-luna\/#primaryimage\",\"url\":\"https:\/\/hypnos.ee\/wp-content\/uploads\/2025\/03\/luna-vedrumadrats_f_1_590_1.jpg\",\"contentUrl\":\"https:\/\/hypnos.ee\/wp-content\/uploads\/2025\/03\/luna-vedrumadrats_f_1_590_1.jpg\",\"width\":590,\"height\":272},{\"@type\":\"BreadcrumbList\",\"@id\":\"https:\/\/hypnos.ee\/no\/produkt\/varmadrass-luna\/#breadcrumb\",\"itemListElement\":[{\"@type\":\"ListItem\",\"position\":1,\"name\":\"Home\",\"item\":\"https:\/\/hypnos.ee\/no\/\"},{\"@type\":\"ListItem\",\"position\":2,\"name\":\"Produkter\",\"item\":\"https:\/\/hypnos.ee\/tooted\/\"},{\"@type\":\"ListItem\",\"position\":3,\"name\":\"V\u00e5rmadrass Luna\"}]},{\"@type\":\"WebSite\",\"@id\":\"https:\/\/hypnos.ee\/no\/#website\",\"url\":\"https:\/\/hypnos.ee\/no\/\",\"name\":\"Hypnos\",\"description\":\"T\u00f5stame unekogemust\",\"publisher\":{\"@id\":\"https:\/\/hypnos.ee\/no\/#organization\"},\"potentialAction\":[{\"@type\":\"SearchAction\",\"target\":{\"@type\":\"EntryPoint\",\"urlTemplate\":\"https:\/\/hypnos.ee\/no\/?s={search_term_string}\"},\"query-input\":{\"@type\":\"PropertyValueSpecification\",\"valueRequired\":true,\"valueName\":\"search_term_string\"}}],\"inLanguage\":\"nb-NO\"},{\"@type\":\"Organization\",\"@id\":\"https:\/\/hypnos.ee\/no\/#organization\",\"name\":\"Hypnos\",\"url\":\"https:\/\/hypnos.ee\/no\/\",\"logo\":{\"@type\":\"ImageObject\",\"inLanguage\":\"nb-NO\",\"@id\":\"https:\/\/hypnos.ee\/no\/#\/schema\/logo\/image\/\",\"url\":\"https:\/\/hypnos.ee\/wp-content\/uploads\/2025\/06\/cropped-Hypnos-fa.png\",\"contentUrl\":\"https:\/\/hypnos.ee\/wp-content\/uploads\/2025\/06\/cropped-Hypnos-fa.png\",\"width\":512,\"height\":512,\"caption\":\"Hypnos\"},\"image\":{\"@id\":\"https:\/\/hypnos.ee\/no\/#\/schema\/logo\/image\/\"}}]}<\/script>\n<!-- \/ Yoast SEO Premium plugin. -->","yoast_head_json":{"title":"V\u00e5rmadrass Luna - Hypnos","robots":{"index":"index","follow":"follow","max-snippet":"max-snippet:-1","max-image-preview":"max-image-preview:large","max-video-preview":"max-video-preview:-1"},"canonical":"https:\/\/hypnos.ee\/no\/produkt\/varmadrass-luna\/","og_locale":"nb_NO","og_type":"article","og_title":"V\u00e5rmadrass Luna","og_description":"Rolig, flytende og anatomisk. Denne madrassen er designet for \u00e5 gi deg den komforten som passer best for deg. Luna finnes i fire ulike stivheter, avhengig av fj\u00e6rtr\u00e5dens diameter (1,8 mm \/ 1,9 mm \/ 2,0 mm \/ 2,1 mm), slik at du kan finne akkurat den st\u00f8tten og f\u00f8lelsen du trenger. Pocketfj\u00e6ringen reagerer individuelt p\u00e5 kroppsvekt og bevegelser, noe som gir jevn st\u00f8tte gjennom hele natten. To forskjellige lag med dun gir ekstra komfort, mens et forsterkningselement p\u00e5 sidene holder madrassen i form. Luna-madrassen har to sider. Den ene siden har et lag med ull - perfekt for den kaldere \u00e5rstiden. Den andre med bomull, som er kj\u00f8ligere og mer pustende for varmere \u00e5rstider.  Silver Protect-behandlingen beskytter mot st\u00f8vmidd og bakterier og er ogs\u00e5 egnet for allergikere. &nbsp;","og_url":"https:\/\/hypnos.ee\/no\/produkt\/varmadrass-luna\/","og_site_name":"Hypnos","og_image":[{"width":590,"height":272,"url":"https:\/\/hypnos.ee\/wp-content\/uploads\/2025\/03\/luna-vedrumadrats_f_1_590_1.jpg","type":"image\/jpeg"}],"twitter_card":"summary_large_image","schema":{"@context":"https:\/\/schema.org","@graph":[{"@type":"WebPage","@id":"https:\/\/hypnos.ee\/no\/produkt\/varmadrass-luna\/","url":"https:\/\/hypnos.ee\/no\/produkt\/varmadrass-luna\/","name":"V\u00e5rmadrass Luna - Hypnos","isPartOf":{"@id":"https:\/\/hypnos.ee\/no\/#website"},"primaryImageOfPage":{"@id":"https:\/\/hypnos.ee\/no\/produkt\/varmadrass-luna\/#primaryimage"},"image":{"@id":"https:\/\/hypnos.ee\/no\/produkt\/varmadrass-luna\/#primaryimage"},"thumbnailUrl":"https:\/\/hypnos.ee\/wp-content\/uploads\/2025\/03\/luna-vedrumadrats_f_1_590_1.jpg","datePublished":"2025-03-26T11:21:02+00:00","breadcrumb":{"@id":"https:\/\/hypnos.ee\/no\/produkt\/varmadrass-luna\/#breadcrumb"},"inLanguage":"nb-NO","potentialAction":[{"@type":"ReadAction","target":["https:\/\/hypnos.ee\/no\/produkt\/varmadrass-luna\/"]}]},{"@type":"ImageObject","inLanguage":"nb-NO","@id":"https:\/\/hypnos.ee\/no\/produkt\/varmadrass-luna\/#primaryimage","url":"https:\/\/hypnos.ee\/wp-content\/uploads\/2025\/03\/luna-vedrumadrats_f_1_590_1.jpg","contentUrl":"https:\/\/hypnos.ee\/wp-content\/uploads\/2025\/03\/luna-vedrumadrats_f_1_590_1.jpg","width":590,"height":272},{"@type":"BreadcrumbList","@id":"https:\/\/hypnos.ee\/no\/produkt\/varmadrass-luna\/#breadcrumb","itemListElement":[{"@type":"ListItem","position":1,"name":"Home","item":"https:\/\/hypnos.ee\/no\/"},{"@type":"ListItem","position":2,"name":"Produkter","item":"https:\/\/hypnos.ee\/tooted\/"},{"@type":"ListItem","position":3,"name":"V\u00e5rmadrass Luna"}]},{"@type":"WebSite","@id":"https:\/\/hypnos.ee\/no\/#website","url":"https:\/\/hypnos.ee\/no\/","name":"Hypnos","description":"T\u00f5stame unekogemust","publisher":{"@id":"https:\/\/hypnos.ee\/no\/#organization"},"potentialAction":[{"@type":"SearchAction","target":{"@type":"EntryPoint","urlTemplate":"https:\/\/hypnos.ee\/no\/?s={search_term_string}"},"query-input":{"@type":"PropertyValueSpecification","valueRequired":true,"valueName":"search_term_string"}}],"inLanguage":"nb-NO"},{"@type":"Organization","@id":"https:\/\/hypnos.ee\/no\/#organization","name":"Hypnos","url":"https:\/\/hypnos.ee\/no\/","logo":{"@type":"ImageObject","inLanguage":"nb-NO","@id":"https:\/\/hypnos.ee\/no\/#\/schema\/logo\/image\/","url":"https:\/\/hypnos.ee\/wp-content\/uploads\/2025\/06\/cropped-Hypnos-fa.png","contentUrl":"https:\/\/hypnos.ee\/wp-content\/uploads\/2025\/06\/cropped-Hypnos-fa.png","width":512,"height":512,"caption":"Hypnos"},"image":{"@id":"https:\/\/hypnos.ee\/no\/#\/schema\/logo\/image\/"}}]}},"_links":{"self":[{"href":"https:\/\/hypnos.ee\/no\/wp-json\/wp\/v2\/product\/2269","targetHints":{"allow":["GET"]}}],"collection":[{"href":"https:\/\/hypnos.ee\/no\/wp-json\/wp\/v2\/product"}],"about":[{"href":"https:\/\/hypnos.ee\/no\/wp-json\/wp\/v2\/types\/product"}],"replies":[{"embeddable":true,"href":"https:\/\/hypnos.ee\/no\/wp-json\/wp\/v2\/comments?post=2269"}],"wp:featuredmedia":[{"embeddable":true,"href":"https:\/\/hypnos.ee\/no\/wp-json\/wp\/v2\/media\/2272"}],"wp:attachment":[{"href":"https:\/\/hypnos.ee\/no\/wp-json\/wp\/v2\/media?parent=2269"}],"wp:term":[{"taxonomy":"product_brand","embeddable":true,"href":"https:\/\/hypnos.ee\/no\/wp-json\/wp\/v2\/product_brand?post=2269"},{"taxonomy":"product_cat","embeddable":true,"href":"https:\/\/hypnos.ee\/no\/wp-json\/wp\/v2\/product_cat?post=2269"},{"taxonomy":"product_tag","embeddable":true,"href":"https:\/\/hypnos.ee\/no\/wp-json\/wp\/v2\/product_tag?post=2269"}],"curies":[{"name":"wp","href":"https:\/\/api.w.org\/{rel}","templated":true}]}}