{"id":2250,"date":"2025-03-26T13:28:41","date_gmt":"2025-03-26T11:28:41","guid":{"rendered":"https:\/\/hypnos.ee\/toode\/saturn-springfjaermadrass\/"},"modified":"2025-03-26T13:28:41","modified_gmt":"2025-03-26T11:28:41","slug":"saturn-springfjaermadrass","status":"publish","type":"product","link":"https:\/\/hypnos.ee\/no\/produkt\/saturn-springfjaermadrass\/","title":{"rendered":"Saturn springfj\u00e6rmadrass"},"content":{"rendered":"","protected":false},"excerpt":{"rendered":"<p data-key=\"DcccF\"><strong>H\u00f8y madrass for deg som foretrekker en mykere f\u00f8lelse.<\/strong><\/p>\n<p data-key=\"8RdYL\">Saturn er en h\u00f8yere pocketfj\u00e6rmadrass som er perfekt for deg som \u00f8nsker en kroppsn\u00e6r og komfortabel sovestilling, men som trenger ekstra st\u00f8tte. Madrassen har 250 fj\u00e6rer\/m\u00b2. De tettere fj\u00e6rene sikrer bedre holdbarhet og lang levetid.  <\/p>\n<p data-key=\"cWZNP\">Polstringen er av 3 cm lateks, som puster og er slitesterk. Trekket er utstyrt med <strong>Silver Protect-behandling <\/strong>, som holder madrassen frisk og ren. <\/p>\n","protected":false},"featured_media":2252,"comment_status":"closed","ping_status":"closed","template":"","meta":{"_acf_changed":false},"product_brand":[],"product_cat":[119],"product_tag":[],"class_list":{"0":"post-2250","1":"product","2":"type-product","3":"status-publish","4":"has-post-thumbnail","6":"product_cat-fjaermadrasser","8":"first","9":"instock","10":"shipping-taxable","11":"product-type-simple"},"acf":[],"yoast_head":"<!-- This site is optimized with the Yoast SEO Premium plugin v26.0 (Yoast SEO v26.0) - https:\/\/yoast.com\/wordpress\/plugins\/seo\/ -->\n<title>Saturn springfj\u00e6rmadrass - Hypnos<\/title>\n<meta name=\"robots\" content=\"index, follow, max-snippet:-1, max-image-preview:large, max-video-preview:-1\" \/>\n<link rel=\"canonical\" href=\"https:\/\/hypnos.ee\/no\/produkt\/saturn-springfjaermadrass\/\" \/>\n<meta property=\"og:locale\" content=\"nb_NO\" \/>\n<meta property=\"og:type\" content=\"article\" \/>\n<meta property=\"og:title\" content=\"Saturn springfj\u00e6rmadrass\" \/>\n<meta property=\"og:description\" content=\"H\u00f8y madrass for deg som foretrekker en mykere f\u00f8lelse. Saturn er en h\u00f8yere pocketfj\u00e6rmadrass som er perfekt for deg som \u00f8nsker en kroppsn\u00e6r og komfortabel sovestilling, men som trenger ekstra st\u00f8tte. Madrassen har 250 fj\u00e6rer\/m\u00b2. De tettere fj\u00e6rene sikrer bedre holdbarhet og lang levetid.  Polstringen er av 3 cm lateks, som puster og er slitesterk. Trekket er utstyrt med Silver Protect-behandling , som holder madrassen frisk og ren.\" \/>\n<meta property=\"og:url\" content=\"https:\/\/hypnos.ee\/no\/produkt\/saturn-springfjaermadrass\/\" \/>\n<meta property=\"og:site_name\" content=\"Hypnos\" \/>\n<meta property=\"og:image\" content=\"https:\/\/hypnos.ee\/wp-content\/uploads\/2025\/03\/vedru-vedrumadrats_f_1_590_1.jpg\" \/>\n\t<meta property=\"og:image:width\" content=\"590\" \/>\n\t<meta property=\"og:image:height\" content=\"287\" \/>\n\t<meta property=\"og:image:type\" content=\"image\/jpeg\" \/>\n<meta name=\"twitter:card\" content=\"summary_large_image\" \/>\n<script type=\"application\/ld+json\" class=\"yoast-schema-graph\">{\"@context\":\"https:\/\/schema.org\",\"@graph\":[{\"@type\":\"WebPage\",\"@id\":\"https:\/\/hypnos.ee\/no\/produkt\/saturn-springfjaermadrass\/\",\"url\":\"https:\/\/hypnos.ee\/no\/produkt\/saturn-springfjaermadrass\/\",\"name\":\"Saturn springfj\u00e6rmadrass - Hypnos\",\"isPartOf\":{\"@id\":\"https:\/\/hypnos.ee\/no\/#website\"},\"primaryImageOfPage\":{\"@id\":\"https:\/\/hypnos.ee\/no\/produkt\/saturn-springfjaermadrass\/#primaryimage\"},\"image\":{\"@id\":\"https:\/\/hypnos.ee\/no\/produkt\/saturn-springfjaermadrass\/#primaryimage\"},\"thumbnailUrl\":\"https:\/\/hypnos.ee\/wp-content\/uploads\/2025\/03\/vedru-vedrumadrats_f_1_590_1.jpg\",\"datePublished\":\"2025-03-26T11:28:41+00:00\",\"breadcrumb\":{\"@id\":\"https:\/\/hypnos.ee\/no\/produkt\/saturn-springfjaermadrass\/#breadcrumb\"},\"inLanguage\":\"nb-NO\",\"potentialAction\":[{\"@type\":\"ReadAction\",\"target\":[\"https:\/\/hypnos.ee\/no\/produkt\/saturn-springfjaermadrass\/\"]}]},{\"@type\":\"ImageObject\",\"inLanguage\":\"nb-NO\",\"@id\":\"https:\/\/hypnos.ee\/no\/produkt\/saturn-springfjaermadrass\/#primaryimage\",\"url\":\"https:\/\/hypnos.ee\/wp-content\/uploads\/2025\/03\/vedru-vedrumadrats_f_1_590_1.jpg\",\"contentUrl\":\"https:\/\/hypnos.ee\/wp-content\/uploads\/2025\/03\/vedru-vedrumadrats_f_1_590_1.jpg\",\"width\":590,\"height\":287},{\"@type\":\"BreadcrumbList\",\"@id\":\"https:\/\/hypnos.ee\/no\/produkt\/saturn-springfjaermadrass\/#breadcrumb\",\"itemListElement\":[{\"@type\":\"ListItem\",\"position\":1,\"name\":\"Home\",\"item\":\"https:\/\/hypnos.ee\/no\/\"},{\"@type\":\"ListItem\",\"position\":2,\"name\":\"Produkter\",\"item\":\"https:\/\/hypnos.ee\/tooted\/\"},{\"@type\":\"ListItem\",\"position\":3,\"name\":\"Saturn springfj\u00e6rmadrass\"}]},{\"@type\":\"WebSite\",\"@id\":\"https:\/\/hypnos.ee\/no\/#website\",\"url\":\"https:\/\/hypnos.ee\/no\/\",\"name\":\"Hypnos\",\"description\":\"T\u00f5stame unekogemust\",\"publisher\":{\"@id\":\"https:\/\/hypnos.ee\/no\/#organization\"},\"potentialAction\":[{\"@type\":\"SearchAction\",\"target\":{\"@type\":\"EntryPoint\",\"urlTemplate\":\"https:\/\/hypnos.ee\/no\/?s={search_term_string}\"},\"query-input\":{\"@type\":\"PropertyValueSpecification\",\"valueRequired\":true,\"valueName\":\"search_term_string\"}}],\"inLanguage\":\"nb-NO\"},{\"@type\":\"Organization\",\"@id\":\"https:\/\/hypnos.ee\/no\/#organization\",\"name\":\"Hypnos\",\"url\":\"https:\/\/hypnos.ee\/no\/\",\"logo\":{\"@type\":\"ImageObject\",\"inLanguage\":\"nb-NO\",\"@id\":\"https:\/\/hypnos.ee\/no\/#\/schema\/logo\/image\/\",\"url\":\"https:\/\/hypnos.ee\/wp-content\/uploads\/2025\/06\/cropped-Hypnos-fa.png\",\"contentUrl\":\"https:\/\/hypnos.ee\/wp-content\/uploads\/2025\/06\/cropped-Hypnos-fa.png\",\"width\":512,\"height\":512,\"caption\":\"Hypnos\"},\"image\":{\"@id\":\"https:\/\/hypnos.ee\/no\/#\/schema\/logo\/image\/\"}}]}<\/script>\n<!-- \/ Yoast SEO Premium plugin. -->","yoast_head_json":{"title":"Saturn springfj\u00e6rmadrass - Hypnos","robots":{"index":"index","follow":"follow","max-snippet":"max-snippet:-1","max-image-preview":"max-image-preview:large","max-video-preview":"max-video-preview:-1"},"canonical":"https:\/\/hypnos.ee\/no\/produkt\/saturn-springfjaermadrass\/","og_locale":"nb_NO","og_type":"article","og_title":"Saturn springfj\u00e6rmadrass","og_description":"H\u00f8y madrass for deg som foretrekker en mykere f\u00f8lelse. Saturn er en h\u00f8yere pocketfj\u00e6rmadrass som er perfekt for deg som \u00f8nsker en kroppsn\u00e6r og komfortabel sovestilling, men som trenger ekstra st\u00f8tte. Madrassen har 250 fj\u00e6rer\/m\u00b2. De tettere fj\u00e6rene sikrer bedre holdbarhet og lang levetid.  Polstringen er av 3 cm lateks, som puster og er slitesterk. Trekket er utstyrt med Silver Protect-behandling , som holder madrassen frisk og ren.","og_url":"https:\/\/hypnos.ee\/no\/produkt\/saturn-springfjaermadrass\/","og_site_name":"Hypnos","og_image":[{"width":590,"height":287,"url":"https:\/\/hypnos.ee\/wp-content\/uploads\/2025\/03\/vedru-vedrumadrats_f_1_590_1.jpg","type":"image\/jpeg"}],"twitter_card":"summary_large_image","schema":{"@context":"https:\/\/schema.org","@graph":[{"@type":"WebPage","@id":"https:\/\/hypnos.ee\/no\/produkt\/saturn-springfjaermadrass\/","url":"https:\/\/hypnos.ee\/no\/produkt\/saturn-springfjaermadrass\/","name":"Saturn springfj\u00e6rmadrass - Hypnos","isPartOf":{"@id":"https:\/\/hypnos.ee\/no\/#website"},"primaryImageOfPage":{"@id":"https:\/\/hypnos.ee\/no\/produkt\/saturn-springfjaermadrass\/#primaryimage"},"image":{"@id":"https:\/\/hypnos.ee\/no\/produkt\/saturn-springfjaermadrass\/#primaryimage"},"thumbnailUrl":"https:\/\/hypnos.ee\/wp-content\/uploads\/2025\/03\/vedru-vedrumadrats_f_1_590_1.jpg","datePublished":"2025-03-26T11:28:41+00:00","breadcrumb":{"@id":"https:\/\/hypnos.ee\/no\/produkt\/saturn-springfjaermadrass\/#breadcrumb"},"inLanguage":"nb-NO","potentialAction":[{"@type":"ReadAction","target":["https:\/\/hypnos.ee\/no\/produkt\/saturn-springfjaermadrass\/"]}]},{"@type":"ImageObject","inLanguage":"nb-NO","@id":"https:\/\/hypnos.ee\/no\/produkt\/saturn-springfjaermadrass\/#primaryimage","url":"https:\/\/hypnos.ee\/wp-content\/uploads\/2025\/03\/vedru-vedrumadrats_f_1_590_1.jpg","contentUrl":"https:\/\/hypnos.ee\/wp-content\/uploads\/2025\/03\/vedru-vedrumadrats_f_1_590_1.jpg","width":590,"height":287},{"@type":"BreadcrumbList","@id":"https:\/\/hypnos.ee\/no\/produkt\/saturn-springfjaermadrass\/#breadcrumb","itemListElement":[{"@type":"ListItem","position":1,"name":"Home","item":"https:\/\/hypnos.ee\/no\/"},{"@type":"ListItem","position":2,"name":"Produkter","item":"https:\/\/hypnos.ee\/tooted\/"},{"@type":"ListItem","position":3,"name":"Saturn springfj\u00e6rmadrass"}]},{"@type":"WebSite","@id":"https:\/\/hypnos.ee\/no\/#website","url":"https:\/\/hypnos.ee\/no\/","name":"Hypnos","description":"T\u00f5stame unekogemust","publisher":{"@id":"https:\/\/hypnos.ee\/no\/#organization"},"potentialAction":[{"@type":"SearchAction","target":{"@type":"EntryPoint","urlTemplate":"https:\/\/hypnos.ee\/no\/?s={search_term_string}"},"query-input":{"@type":"PropertyValueSpecification","valueRequired":true,"valueName":"search_term_string"}}],"inLanguage":"nb-NO"},{"@type":"Organization","@id":"https:\/\/hypnos.ee\/no\/#organization","name":"Hypnos","url":"https:\/\/hypnos.ee\/no\/","logo":{"@type":"ImageObject","inLanguage":"nb-NO","@id":"https:\/\/hypnos.ee\/no\/#\/schema\/logo\/image\/","url":"https:\/\/hypnos.ee\/wp-content\/uploads\/2025\/06\/cropped-Hypnos-fa.png","contentUrl":"https:\/\/hypnos.ee\/wp-content\/uploads\/2025\/06\/cropped-Hypnos-fa.png","width":512,"height":512,"caption":"Hypnos"},"image":{"@id":"https:\/\/hypnos.ee\/no\/#\/schema\/logo\/image\/"}}]}},"_links":{"self":[{"href":"https:\/\/hypnos.ee\/no\/wp-json\/wp\/v2\/product\/2250","targetHints":{"allow":["GET"]}}],"collection":[{"href":"https:\/\/hypnos.ee\/no\/wp-json\/wp\/v2\/product"}],"about":[{"href":"https:\/\/hypnos.ee\/no\/wp-json\/wp\/v2\/types\/product"}],"replies":[{"embeddable":true,"href":"https:\/\/hypnos.ee\/no\/wp-json\/wp\/v2\/comments?post=2250"}],"wp:featuredmedia":[{"embeddable":true,"href":"https:\/\/hypnos.ee\/no\/wp-json\/wp\/v2\/media\/2252"}],"wp:attachment":[{"href":"https:\/\/hypnos.ee\/no\/wp-json\/wp\/v2\/media?parent=2250"}],"wp:term":[{"taxonomy":"product_brand","embeddable":true,"href":"https:\/\/hypnos.ee\/no\/wp-json\/wp\/v2\/product_brand?post=2250"},{"taxonomy":"product_cat","embeddable":true,"href":"https:\/\/hypnos.ee\/no\/wp-json\/wp\/v2\/product_cat?post=2250"},{"taxonomy":"product_tag","embeddable":true,"href":"https:\/\/hypnos.ee\/no\/wp-json\/wp\/v2\/product_tag?post=2250"}],"curies":[{"name":"wp","href":"https:\/\/api.w.org\/{rel}","templated":true}]}}