{"id":2136,"date":"2025-03-26T14:50:01","date_gmt":"2025-03-26T12:50:01","guid":{"rendered":"https:\/\/hypnos.ee\/toode\/comfort-aphrodite-kontinentalseng\/"},"modified":"2025-03-26T14:50:01","modified_gmt":"2025-03-26T12:50:01","slug":"comfort-aphrodite-kontinentalseng","status":"publish","type":"product","link":"https:\/\/hypnos.ee\/no\/produkt\/comfort-aphrodite-kontinentalseng\/","title":{"rendered":"Comfort Aphrodite kontinentalseng"},"content":{"rendered":"","protected":false},"excerpt":{"rendered":"<p data-key=\"g40tH\"><strong>Et luksuri\u00f8st og slitesterkt sengesett som gir god st\u00f8tte.<\/strong><\/p>\n<p data-key=\"g40tH\">Comfort Aphrodite er det ideelle valget hvis du foretrekker en fastere passform og trenger ekstra st\u00f8tte.<\/p>\n<p data-key=\"RzTS4\">Settet inneholder<\/p>\n<p data-key=\"xAkaQ\">-Zeus fj\u00e6rsenger med forsterket ramme og bonnellfj\u00e6rfj\u00e6ring;<\/p>\n<p data-key=\"PLePN\">-H\u00f8ycelle pocketfj\u00e6rmadrass;<\/p>\n<p data-key=\"MdxXu\">-temperaturf\u00f8lsom overmadrass av minneskum.<\/p>\n<p data-key=\"6pAsk\">Honningkakefj\u00e6ringen sikrer maksimal stabilitet, ettersom fj\u00e6rene kun beveger seg vertikalt, noe som gir stivhet og holdbarhet.<\/p>\n<p data-key=\"gtsKt\">Madrasstrekket er laget av elastisk stoff av h\u00f8y kvalitet med Silver Protect antibakteriell, soppdrepende og antistatisk behandling. Trekket kan tas av og vaskes. <\/p>\n<p data-key=\"XdG5C\">Sengen er tilgjengelig i polstret stoff, kunstskinn eller en kombinasjon av polstrede og vatterte l\u00f8sninger (f.eks. Ontario, Inari 96\/22, Yaht Cognac).<\/p>\n<p data-key=\"S2QYA\">Legg til en matchende sengegavl og ben for \u00e5 skape en komplett soveromsl\u00f8sning.<\/p>\n","protected":false},"featured_media":2138,"comment_status":"closed","ping_status":"closed","template":"","meta":{"_acf_changed":false},"product_brand":[],"product_cat":[116],"product_tag":[],"class_list":{"0":"post-2136","1":"product","2":"type-product","3":"status-publish","4":"has-post-thumbnail","6":"product_cat-kontinentale-senger","8":"first","9":"instock","10":"shipping-taxable","11":"product-type-simple"},"acf":[],"yoast_head":"<!-- This site is optimized with the Yoast SEO Premium plugin v26.0 (Yoast SEO v26.0) - https:\/\/yoast.com\/wordpress\/plugins\/seo\/ -->\n<title>Comfort Aphrodite kontinentalseng - Hypnos<\/title>\n<meta name=\"robots\" content=\"index, follow, max-snippet:-1, max-image-preview:large, max-video-preview:-1\" \/>\n<link rel=\"canonical\" href=\"https:\/\/hypnos.ee\/no\/produkt\/comfort-aphrodite-kontinentalseng\/\" \/>\n<meta property=\"og:locale\" content=\"nb_NO\" \/>\n<meta property=\"og:type\" content=\"article\" \/>\n<meta property=\"og:title\" content=\"Comfort Aphrodite kontinentalseng\" \/>\n<meta property=\"og:description\" content=\"Et luksuri\u00f8st og slitesterkt sengesett som gir god st\u00f8tte. Comfort Aphrodite er det ideelle valget hvis du foretrekker en fastere passform og trenger ekstra st\u00f8tte. Settet inneholder -Zeus fj\u00e6rsenger med forsterket ramme og bonnellfj\u00e6rfj\u00e6ring; -H\u00f8ycelle pocketfj\u00e6rmadrass; -temperaturf\u00f8lsom overmadrass av minneskum. Honningkakefj\u00e6ringen sikrer maksimal stabilitet, ettersom fj\u00e6rene kun beveger seg vertikalt, noe som gir stivhet og holdbarhet. Madrasstrekket er laget av elastisk stoff av h\u00f8y kvalitet med Silver Protect antibakteriell, soppdrepende og antistatisk behandling. Trekket kan tas av og vaskes. Sengen er tilgjengelig i polstret stoff, kunstskinn eller en kombinasjon av polstrede og vatterte l\u00f8sninger (f.eks. Ontario, Inari 96\/22, Yaht Cognac). Legg til en matchende sengegavl og ben for \u00e5 skape en komplett soveromsl\u00f8sning.\" \/>\n<meta property=\"og:url\" content=\"https:\/\/hypnos.ee\/no\/produkt\/comfort-aphrodite-kontinentalseng\/\" \/>\n<meta property=\"og:site_name\" content=\"Hypnos\" \/>\n<meta property=\"og:image\" content=\"https:\/\/hypnos.ee\/wp-content\/uploads\/2025\/03\/comfort-saturn-voodi_f_1_590_1.jpg\" \/>\n\t<meta property=\"og:image:width\" content=\"590\" \/>\n\t<meta property=\"og:image:height\" content=\"394\" \/>\n\t<meta property=\"og:image:type\" content=\"image\/jpeg\" \/>\n<meta name=\"twitter:card\" content=\"summary_large_image\" \/>\n<script type=\"application\/ld+json\" class=\"yoast-schema-graph\">{\"@context\":\"https:\/\/schema.org\",\"@graph\":[{\"@type\":\"WebPage\",\"@id\":\"https:\/\/hypnos.ee\/no\/produkt\/comfort-aphrodite-kontinentalseng\/\",\"url\":\"https:\/\/hypnos.ee\/no\/produkt\/comfort-aphrodite-kontinentalseng\/\",\"name\":\"Comfort Aphrodite kontinentalseng - Hypnos\",\"isPartOf\":{\"@id\":\"https:\/\/hypnos.ee\/no\/#website\"},\"primaryImageOfPage\":{\"@id\":\"https:\/\/hypnos.ee\/no\/produkt\/comfort-aphrodite-kontinentalseng\/#primaryimage\"},\"image\":{\"@id\":\"https:\/\/hypnos.ee\/no\/produkt\/comfort-aphrodite-kontinentalseng\/#primaryimage\"},\"thumbnailUrl\":\"https:\/\/hypnos.ee\/wp-content\/uploads\/2025\/03\/comfort-saturn-voodi_f_1_590_1.jpg\",\"datePublished\":\"2025-03-26T12:50:01+00:00\",\"breadcrumb\":{\"@id\":\"https:\/\/hypnos.ee\/no\/produkt\/comfort-aphrodite-kontinentalseng\/#breadcrumb\"},\"inLanguage\":\"nb-NO\",\"potentialAction\":[{\"@type\":\"ReadAction\",\"target\":[\"https:\/\/hypnos.ee\/no\/produkt\/comfort-aphrodite-kontinentalseng\/\"]}]},{\"@type\":\"ImageObject\",\"inLanguage\":\"nb-NO\",\"@id\":\"https:\/\/hypnos.ee\/no\/produkt\/comfort-aphrodite-kontinentalseng\/#primaryimage\",\"url\":\"https:\/\/hypnos.ee\/wp-content\/uploads\/2025\/03\/comfort-saturn-voodi_f_1_590_1.jpg\",\"contentUrl\":\"https:\/\/hypnos.ee\/wp-content\/uploads\/2025\/03\/comfort-saturn-voodi_f_1_590_1.jpg\",\"width\":590,\"height\":394},{\"@type\":\"BreadcrumbList\",\"@id\":\"https:\/\/hypnos.ee\/no\/produkt\/comfort-aphrodite-kontinentalseng\/#breadcrumb\",\"itemListElement\":[{\"@type\":\"ListItem\",\"position\":1,\"name\":\"Home\",\"item\":\"https:\/\/hypnos.ee\/no\/\"},{\"@type\":\"ListItem\",\"position\":2,\"name\":\"Produkter\",\"item\":\"https:\/\/hypnos.ee\/tooted\/\"},{\"@type\":\"ListItem\",\"position\":3,\"name\":\"Comfort Aphrodite kontinentalseng\"}]},{\"@type\":\"WebSite\",\"@id\":\"https:\/\/hypnos.ee\/no\/#website\",\"url\":\"https:\/\/hypnos.ee\/no\/\",\"name\":\"Hypnos\",\"description\":\"T\u00f5stame unekogemust\",\"publisher\":{\"@id\":\"https:\/\/hypnos.ee\/no\/#organization\"},\"potentialAction\":[{\"@type\":\"SearchAction\",\"target\":{\"@type\":\"EntryPoint\",\"urlTemplate\":\"https:\/\/hypnos.ee\/no\/?s={search_term_string}\"},\"query-input\":{\"@type\":\"PropertyValueSpecification\",\"valueRequired\":true,\"valueName\":\"search_term_string\"}}],\"inLanguage\":\"nb-NO\"},{\"@type\":\"Organization\",\"@id\":\"https:\/\/hypnos.ee\/no\/#organization\",\"name\":\"Hypnos\",\"url\":\"https:\/\/hypnos.ee\/no\/\",\"logo\":{\"@type\":\"ImageObject\",\"inLanguage\":\"nb-NO\",\"@id\":\"https:\/\/hypnos.ee\/no\/#\/schema\/logo\/image\/\",\"url\":\"https:\/\/hypnos.ee\/wp-content\/uploads\/2025\/06\/cropped-Hypnos-fa.png\",\"contentUrl\":\"https:\/\/hypnos.ee\/wp-content\/uploads\/2025\/06\/cropped-Hypnos-fa.png\",\"width\":512,\"height\":512,\"caption\":\"Hypnos\"},\"image\":{\"@id\":\"https:\/\/hypnos.ee\/no\/#\/schema\/logo\/image\/\"}}]}<\/script>\n<!-- \/ Yoast SEO Premium plugin. -->","yoast_head_json":{"title":"Comfort Aphrodite kontinentalseng - Hypnos","robots":{"index":"index","follow":"follow","max-snippet":"max-snippet:-1","max-image-preview":"max-image-preview:large","max-video-preview":"max-video-preview:-1"},"canonical":"https:\/\/hypnos.ee\/no\/produkt\/comfort-aphrodite-kontinentalseng\/","og_locale":"nb_NO","og_type":"article","og_title":"Comfort Aphrodite kontinentalseng","og_description":"Et luksuri\u00f8st og slitesterkt sengesett som gir god st\u00f8tte. Comfort Aphrodite er det ideelle valget hvis du foretrekker en fastere passform og trenger ekstra st\u00f8tte. Settet inneholder -Zeus fj\u00e6rsenger med forsterket ramme og bonnellfj\u00e6rfj\u00e6ring; -H\u00f8ycelle pocketfj\u00e6rmadrass; -temperaturf\u00f8lsom overmadrass av minneskum. Honningkakefj\u00e6ringen sikrer maksimal stabilitet, ettersom fj\u00e6rene kun beveger seg vertikalt, noe som gir stivhet og holdbarhet. Madrasstrekket er laget av elastisk stoff av h\u00f8y kvalitet med Silver Protect antibakteriell, soppdrepende og antistatisk behandling. Trekket kan tas av og vaskes. Sengen er tilgjengelig i polstret stoff, kunstskinn eller en kombinasjon av polstrede og vatterte l\u00f8sninger (f.eks. Ontario, Inari 96\/22, Yaht Cognac). Legg til en matchende sengegavl og ben for \u00e5 skape en komplett soveromsl\u00f8sning.","og_url":"https:\/\/hypnos.ee\/no\/produkt\/comfort-aphrodite-kontinentalseng\/","og_site_name":"Hypnos","og_image":[{"width":590,"height":394,"url":"https:\/\/hypnos.ee\/wp-content\/uploads\/2025\/03\/comfort-saturn-voodi_f_1_590_1.jpg","type":"image\/jpeg"}],"twitter_card":"summary_large_image","schema":{"@context":"https:\/\/schema.org","@graph":[{"@type":"WebPage","@id":"https:\/\/hypnos.ee\/no\/produkt\/comfort-aphrodite-kontinentalseng\/","url":"https:\/\/hypnos.ee\/no\/produkt\/comfort-aphrodite-kontinentalseng\/","name":"Comfort Aphrodite kontinentalseng - Hypnos","isPartOf":{"@id":"https:\/\/hypnos.ee\/no\/#website"},"primaryImageOfPage":{"@id":"https:\/\/hypnos.ee\/no\/produkt\/comfort-aphrodite-kontinentalseng\/#primaryimage"},"image":{"@id":"https:\/\/hypnos.ee\/no\/produkt\/comfort-aphrodite-kontinentalseng\/#primaryimage"},"thumbnailUrl":"https:\/\/hypnos.ee\/wp-content\/uploads\/2025\/03\/comfort-saturn-voodi_f_1_590_1.jpg","datePublished":"2025-03-26T12:50:01+00:00","breadcrumb":{"@id":"https:\/\/hypnos.ee\/no\/produkt\/comfort-aphrodite-kontinentalseng\/#breadcrumb"},"inLanguage":"nb-NO","potentialAction":[{"@type":"ReadAction","target":["https:\/\/hypnos.ee\/no\/produkt\/comfort-aphrodite-kontinentalseng\/"]}]},{"@type":"ImageObject","inLanguage":"nb-NO","@id":"https:\/\/hypnos.ee\/no\/produkt\/comfort-aphrodite-kontinentalseng\/#primaryimage","url":"https:\/\/hypnos.ee\/wp-content\/uploads\/2025\/03\/comfort-saturn-voodi_f_1_590_1.jpg","contentUrl":"https:\/\/hypnos.ee\/wp-content\/uploads\/2025\/03\/comfort-saturn-voodi_f_1_590_1.jpg","width":590,"height":394},{"@type":"BreadcrumbList","@id":"https:\/\/hypnos.ee\/no\/produkt\/comfort-aphrodite-kontinentalseng\/#breadcrumb","itemListElement":[{"@type":"ListItem","position":1,"name":"Home","item":"https:\/\/hypnos.ee\/no\/"},{"@type":"ListItem","position":2,"name":"Produkter","item":"https:\/\/hypnos.ee\/tooted\/"},{"@type":"ListItem","position":3,"name":"Comfort Aphrodite kontinentalseng"}]},{"@type":"WebSite","@id":"https:\/\/hypnos.ee\/no\/#website","url":"https:\/\/hypnos.ee\/no\/","name":"Hypnos","description":"T\u00f5stame unekogemust","publisher":{"@id":"https:\/\/hypnos.ee\/no\/#organization"},"potentialAction":[{"@type":"SearchAction","target":{"@type":"EntryPoint","urlTemplate":"https:\/\/hypnos.ee\/no\/?s={search_term_string}"},"query-input":{"@type":"PropertyValueSpecification","valueRequired":true,"valueName":"search_term_string"}}],"inLanguage":"nb-NO"},{"@type":"Organization","@id":"https:\/\/hypnos.ee\/no\/#organization","name":"Hypnos","url":"https:\/\/hypnos.ee\/no\/","logo":{"@type":"ImageObject","inLanguage":"nb-NO","@id":"https:\/\/hypnos.ee\/no\/#\/schema\/logo\/image\/","url":"https:\/\/hypnos.ee\/wp-content\/uploads\/2025\/06\/cropped-Hypnos-fa.png","contentUrl":"https:\/\/hypnos.ee\/wp-content\/uploads\/2025\/06\/cropped-Hypnos-fa.png","width":512,"height":512,"caption":"Hypnos"},"image":{"@id":"https:\/\/hypnos.ee\/no\/#\/schema\/logo\/image\/"}}]}},"_links":{"self":[{"href":"https:\/\/hypnos.ee\/no\/wp-json\/wp\/v2\/product\/2136","targetHints":{"allow":["GET"]}}],"collection":[{"href":"https:\/\/hypnos.ee\/no\/wp-json\/wp\/v2\/product"}],"about":[{"href":"https:\/\/hypnos.ee\/no\/wp-json\/wp\/v2\/types\/product"}],"replies":[{"embeddable":true,"href":"https:\/\/hypnos.ee\/no\/wp-json\/wp\/v2\/comments?post=2136"}],"wp:featuredmedia":[{"embeddable":true,"href":"https:\/\/hypnos.ee\/no\/wp-json\/wp\/v2\/media\/2138"}],"wp:attachment":[{"href":"https:\/\/hypnos.ee\/no\/wp-json\/wp\/v2\/media?parent=2136"}],"wp:term":[{"taxonomy":"product_brand","embeddable":true,"href":"https:\/\/hypnos.ee\/no\/wp-json\/wp\/v2\/product_brand?post=2136"},{"taxonomy":"product_cat","embeddable":true,"href":"https:\/\/hypnos.ee\/no\/wp-json\/wp\/v2\/product_cat?post=2136"},{"taxonomy":"product_tag","embeddable":true,"href":"https:\/\/hypnos.ee\/no\/wp-json\/wp\/v2\/product_tag?post=2136"}],"curies":[{"name":"wp","href":"https:\/\/api.w.org\/{rel}","templated":true}]}}