{"id":2121,"date":"2025-03-26T13:44:41","date_gmt":"2025-03-26T11:44:41","guid":{"rendered":"https:\/\/hypnos.ee\/toode\/atlanta-madrass-8-cm\/"},"modified":"2025-03-26T13:44:41","modified_gmt":"2025-03-26T11:44:41","slug":"atlanta-madrass-8-cm","status":"publish","type":"product","link":"https:\/\/hypnos.ee\/no\/produkt\/atlanta-madrass-8-cm\/","title":{"rendered":"Atlanta madrass 8 cm"},"content":{"rendered":"","protected":false},"excerpt":{"rendered":"<p data-key=\"yqFGB\"><strong>En fj\u00e6rst\u00f8tte som f\u00f8lger kroppens bevegelser.<\/strong><\/p>\n<p data-key=\"PS6wt\">Atlanta-madrassen er et godt valg hvis du \u00f8nsker \u00e5 gi sengen din en roterende og balansert st\u00f8tte. De 3,5 cm h\u00f8ye pocketfj\u00e6rene reagerer p\u00e5 bevegelser og gir jevn st\u00f8tte gjennom hele natten. Naturfibre &#8211; bomull p\u00e5 den ene siden og ull med bomull p\u00e5 den andre &#8211; gir mykhet og pusteevne.  <\/p>\n<p data-key=\"6hfhT\">Trekket er laget av slitesterkt m\u00f8belstoff eller stretchstoff som er lett \u00e5 vedlikeholde.<\/p>\n","protected":false},"featured_media":2123,"comment_status":"closed","ping_status":"closed","template":"","meta":{"_acf_changed":false},"product_brand":[],"product_cat":[86],"product_tag":[],"class_list":{"0":"post-2121","1":"product","2":"type-product","3":"status-publish","4":"has-post-thumbnail","6":"product_cat-madrasser-i-taket","8":"first","9":"instock","10":"shipping-taxable","11":"product-type-simple"},"acf":[],"yoast_head":"<!-- This site is optimized with the Yoast SEO Premium plugin v26.0 (Yoast SEO v26.0) - https:\/\/yoast.com\/wordpress\/plugins\/seo\/ -->\n<title>Atlanta madrass 8 cm - Hypnos<\/title>\n<meta name=\"robots\" content=\"index, follow, max-snippet:-1, max-image-preview:large, max-video-preview:-1\" \/>\n<link rel=\"canonical\" href=\"https:\/\/hypnos.ee\/no\/produkt\/atlanta-madrass-8-cm\/\" \/>\n<meta property=\"og:locale\" content=\"nb_NO\" \/>\n<meta property=\"og:type\" content=\"article\" \/>\n<meta property=\"og:title\" content=\"Atlanta madrass 8 cm\" \/>\n<meta property=\"og:description\" content=\"En fj\u00e6rst\u00f8tte som f\u00f8lger kroppens bevegelser. Atlanta-madrassen er et godt valg hvis du \u00f8nsker \u00e5 gi sengen din en roterende og balansert st\u00f8tte. De 3,5 cm h\u00f8ye pocketfj\u00e6rene reagerer p\u00e5 bevegelser og gir jevn st\u00f8tte gjennom hele natten. Naturfibre - bomull p\u00e5 den ene siden og ull med bomull p\u00e5 den andre - gir mykhet og pusteevne.  Trekket er laget av slitesterkt m\u00f8belstoff eller stretchstoff som er lett \u00e5 vedlikeholde.\" \/>\n<meta property=\"og:url\" content=\"https:\/\/hypnos.ee\/no\/produkt\/atlanta-madrass-8-cm\/\" \/>\n<meta property=\"og:site_name\" content=\"Hypnos\" \/>\n<meta property=\"og:image\" content=\"https:\/\/hypnos.ee\/wp-content\/uploads\/2025\/03\/atlanta-kattemadrats-3_f_1_590_1.jpg\" \/>\n\t<meta property=\"og:image:width\" content=\"590\" \/>\n\t<meta property=\"og:image:height\" content=\"303\" \/>\n\t<meta property=\"og:image:type\" content=\"image\/jpeg\" \/>\n<meta name=\"twitter:card\" content=\"summary_large_image\" \/>\n<script type=\"application\/ld+json\" class=\"yoast-schema-graph\">{\"@context\":\"https:\/\/schema.org\",\"@graph\":[{\"@type\":\"WebPage\",\"@id\":\"https:\/\/hypnos.ee\/no\/produkt\/atlanta-madrass-8-cm\/\",\"url\":\"https:\/\/hypnos.ee\/no\/produkt\/atlanta-madrass-8-cm\/\",\"name\":\"Atlanta madrass 8 cm - Hypnos\",\"isPartOf\":{\"@id\":\"https:\/\/hypnos.ee\/no\/#website\"},\"primaryImageOfPage\":{\"@id\":\"https:\/\/hypnos.ee\/no\/produkt\/atlanta-madrass-8-cm\/#primaryimage\"},\"image\":{\"@id\":\"https:\/\/hypnos.ee\/no\/produkt\/atlanta-madrass-8-cm\/#primaryimage\"},\"thumbnailUrl\":\"https:\/\/hypnos.ee\/wp-content\/uploads\/2025\/03\/atlanta-kattemadrats-3_f_1_590_1.jpg\",\"datePublished\":\"2025-03-26T11:44:41+00:00\",\"breadcrumb\":{\"@id\":\"https:\/\/hypnos.ee\/no\/produkt\/atlanta-madrass-8-cm\/#breadcrumb\"},\"inLanguage\":\"nb-NO\",\"potentialAction\":[{\"@type\":\"ReadAction\",\"target\":[\"https:\/\/hypnos.ee\/no\/produkt\/atlanta-madrass-8-cm\/\"]}]},{\"@type\":\"ImageObject\",\"inLanguage\":\"nb-NO\",\"@id\":\"https:\/\/hypnos.ee\/no\/produkt\/atlanta-madrass-8-cm\/#primaryimage\",\"url\":\"https:\/\/hypnos.ee\/wp-content\/uploads\/2025\/03\/atlanta-kattemadrats-3_f_1_590_1.jpg\",\"contentUrl\":\"https:\/\/hypnos.ee\/wp-content\/uploads\/2025\/03\/atlanta-kattemadrats-3_f_1_590_1.jpg\",\"width\":590,\"height\":303},{\"@type\":\"BreadcrumbList\",\"@id\":\"https:\/\/hypnos.ee\/no\/produkt\/atlanta-madrass-8-cm\/#breadcrumb\",\"itemListElement\":[{\"@type\":\"ListItem\",\"position\":1,\"name\":\"Home\",\"item\":\"https:\/\/hypnos.ee\/no\/\"},{\"@type\":\"ListItem\",\"position\":2,\"name\":\"Produkter\",\"item\":\"https:\/\/hypnos.ee\/tooted\/\"},{\"@type\":\"ListItem\",\"position\":3,\"name\":\"Atlanta madrass 8 cm\"}]},{\"@type\":\"WebSite\",\"@id\":\"https:\/\/hypnos.ee\/no\/#website\",\"url\":\"https:\/\/hypnos.ee\/no\/\",\"name\":\"Hypnos\",\"description\":\"T\u00f5stame unekogemust\",\"publisher\":{\"@id\":\"https:\/\/hypnos.ee\/no\/#organization\"},\"potentialAction\":[{\"@type\":\"SearchAction\",\"target\":{\"@type\":\"EntryPoint\",\"urlTemplate\":\"https:\/\/hypnos.ee\/no\/?s={search_term_string}\"},\"query-input\":{\"@type\":\"PropertyValueSpecification\",\"valueRequired\":true,\"valueName\":\"search_term_string\"}}],\"inLanguage\":\"nb-NO\"},{\"@type\":\"Organization\",\"@id\":\"https:\/\/hypnos.ee\/no\/#organization\",\"name\":\"Hypnos\",\"url\":\"https:\/\/hypnos.ee\/no\/\",\"logo\":{\"@type\":\"ImageObject\",\"inLanguage\":\"nb-NO\",\"@id\":\"https:\/\/hypnos.ee\/no\/#\/schema\/logo\/image\/\",\"url\":\"https:\/\/hypnos.ee\/wp-content\/uploads\/2025\/06\/cropped-Hypnos-fa.png\",\"contentUrl\":\"https:\/\/hypnos.ee\/wp-content\/uploads\/2025\/06\/cropped-Hypnos-fa.png\",\"width\":512,\"height\":512,\"caption\":\"Hypnos\"},\"image\":{\"@id\":\"https:\/\/hypnos.ee\/no\/#\/schema\/logo\/image\/\"}}]}<\/script>\n<!-- \/ Yoast SEO Premium plugin. -->","yoast_head_json":{"title":"Atlanta madrass 8 cm - Hypnos","robots":{"index":"index","follow":"follow","max-snippet":"max-snippet:-1","max-image-preview":"max-image-preview:large","max-video-preview":"max-video-preview:-1"},"canonical":"https:\/\/hypnos.ee\/no\/produkt\/atlanta-madrass-8-cm\/","og_locale":"nb_NO","og_type":"article","og_title":"Atlanta madrass 8 cm","og_description":"En fj\u00e6rst\u00f8tte som f\u00f8lger kroppens bevegelser. Atlanta-madrassen er et godt valg hvis du \u00f8nsker \u00e5 gi sengen din en roterende og balansert st\u00f8tte. De 3,5 cm h\u00f8ye pocketfj\u00e6rene reagerer p\u00e5 bevegelser og gir jevn st\u00f8tte gjennom hele natten. Naturfibre - bomull p\u00e5 den ene siden og ull med bomull p\u00e5 den andre - gir mykhet og pusteevne.  Trekket er laget av slitesterkt m\u00f8belstoff eller stretchstoff som er lett \u00e5 vedlikeholde.","og_url":"https:\/\/hypnos.ee\/no\/produkt\/atlanta-madrass-8-cm\/","og_site_name":"Hypnos","og_image":[{"width":590,"height":303,"url":"https:\/\/hypnos.ee\/wp-content\/uploads\/2025\/03\/atlanta-kattemadrats-3_f_1_590_1.jpg","type":"image\/jpeg"}],"twitter_card":"summary_large_image","schema":{"@context":"https:\/\/schema.org","@graph":[{"@type":"WebPage","@id":"https:\/\/hypnos.ee\/no\/produkt\/atlanta-madrass-8-cm\/","url":"https:\/\/hypnos.ee\/no\/produkt\/atlanta-madrass-8-cm\/","name":"Atlanta madrass 8 cm - Hypnos","isPartOf":{"@id":"https:\/\/hypnos.ee\/no\/#website"},"primaryImageOfPage":{"@id":"https:\/\/hypnos.ee\/no\/produkt\/atlanta-madrass-8-cm\/#primaryimage"},"image":{"@id":"https:\/\/hypnos.ee\/no\/produkt\/atlanta-madrass-8-cm\/#primaryimage"},"thumbnailUrl":"https:\/\/hypnos.ee\/wp-content\/uploads\/2025\/03\/atlanta-kattemadrats-3_f_1_590_1.jpg","datePublished":"2025-03-26T11:44:41+00:00","breadcrumb":{"@id":"https:\/\/hypnos.ee\/no\/produkt\/atlanta-madrass-8-cm\/#breadcrumb"},"inLanguage":"nb-NO","potentialAction":[{"@type":"ReadAction","target":["https:\/\/hypnos.ee\/no\/produkt\/atlanta-madrass-8-cm\/"]}]},{"@type":"ImageObject","inLanguage":"nb-NO","@id":"https:\/\/hypnos.ee\/no\/produkt\/atlanta-madrass-8-cm\/#primaryimage","url":"https:\/\/hypnos.ee\/wp-content\/uploads\/2025\/03\/atlanta-kattemadrats-3_f_1_590_1.jpg","contentUrl":"https:\/\/hypnos.ee\/wp-content\/uploads\/2025\/03\/atlanta-kattemadrats-3_f_1_590_1.jpg","width":590,"height":303},{"@type":"BreadcrumbList","@id":"https:\/\/hypnos.ee\/no\/produkt\/atlanta-madrass-8-cm\/#breadcrumb","itemListElement":[{"@type":"ListItem","position":1,"name":"Home","item":"https:\/\/hypnos.ee\/no\/"},{"@type":"ListItem","position":2,"name":"Produkter","item":"https:\/\/hypnos.ee\/tooted\/"},{"@type":"ListItem","position":3,"name":"Atlanta madrass 8 cm"}]},{"@type":"WebSite","@id":"https:\/\/hypnos.ee\/no\/#website","url":"https:\/\/hypnos.ee\/no\/","name":"Hypnos","description":"T\u00f5stame unekogemust","publisher":{"@id":"https:\/\/hypnos.ee\/no\/#organization"},"potentialAction":[{"@type":"SearchAction","target":{"@type":"EntryPoint","urlTemplate":"https:\/\/hypnos.ee\/no\/?s={search_term_string}"},"query-input":{"@type":"PropertyValueSpecification","valueRequired":true,"valueName":"search_term_string"}}],"inLanguage":"nb-NO"},{"@type":"Organization","@id":"https:\/\/hypnos.ee\/no\/#organization","name":"Hypnos","url":"https:\/\/hypnos.ee\/no\/","logo":{"@type":"ImageObject","inLanguage":"nb-NO","@id":"https:\/\/hypnos.ee\/no\/#\/schema\/logo\/image\/","url":"https:\/\/hypnos.ee\/wp-content\/uploads\/2025\/06\/cropped-Hypnos-fa.png","contentUrl":"https:\/\/hypnos.ee\/wp-content\/uploads\/2025\/06\/cropped-Hypnos-fa.png","width":512,"height":512,"caption":"Hypnos"},"image":{"@id":"https:\/\/hypnos.ee\/no\/#\/schema\/logo\/image\/"}}]}},"_links":{"self":[{"href":"https:\/\/hypnos.ee\/no\/wp-json\/wp\/v2\/product\/2121","targetHints":{"allow":["GET"]}}],"collection":[{"href":"https:\/\/hypnos.ee\/no\/wp-json\/wp\/v2\/product"}],"about":[{"href":"https:\/\/hypnos.ee\/no\/wp-json\/wp\/v2\/types\/product"}],"replies":[{"embeddable":true,"href":"https:\/\/hypnos.ee\/no\/wp-json\/wp\/v2\/comments?post=2121"}],"wp:featuredmedia":[{"embeddable":true,"href":"https:\/\/hypnos.ee\/no\/wp-json\/wp\/v2\/media\/2123"}],"wp:attachment":[{"href":"https:\/\/hypnos.ee\/no\/wp-json\/wp\/v2\/media?parent=2121"}],"wp:term":[{"taxonomy":"product_brand","embeddable":true,"href":"https:\/\/hypnos.ee\/no\/wp-json\/wp\/v2\/product_brand?post=2121"},{"taxonomy":"product_cat","embeddable":true,"href":"https:\/\/hypnos.ee\/no\/wp-json\/wp\/v2\/product_cat?post=2121"},{"taxonomy":"product_tag","embeddable":true,"href":"https:\/\/hypnos.ee\/no\/wp-json\/wp\/v2\/product_tag?post=2121"}],"curies":[{"name":"wp","href":"https:\/\/api.w.org\/{rel}","templated":true}]}}