{"id":2071,"date":"2025-03-26T13:50:15","date_gmt":"2025-03-26T11:50:15","guid":{"rendered":"https:\/\/hypnos.ee\/toode\/natureline-overmadrass-10-cm\/"},"modified":"2025-03-26T13:50:15","modified_gmt":"2025-03-26T11:50:15","slug":"natureline-overmadrass-10-cm","status":"publish","type":"product","link":"https:\/\/hypnos.ee\/no\/produkt\/natureline-overmadrass-10-cm\/","title":{"rendered":"Natureline overmadrass 10 cm"},"content":{"rendered":"","protected":false},"excerpt":{"rendered":"<p data-key=\"04xyX\"><strong>Naturlighet i toppklasse.<\/strong><\/p>\n<p data-key=\"UwLm6\">Natureline overmadrass er designet for deg som \u00f8nsker en luksuri\u00f8s, men naturlig sovel\u00f8sning. Den best\u00e5r av 4,5 cm Talalay Naturelux, foret p\u00e5 begge sider med et firelags bomullslag. <\/p>\n<p data-key=\"bnDqB\">Kantene p\u00e5 madrasstrekket er laget av KISS-stoff (en blanding av bomull og lin), elegant vattert. Overflaten er et stretchstoff i 100 % bomull med vatterte dusker for ekstra mykhet. <\/p>\n","protected":false},"featured_media":2072,"comment_status":"closed","ping_status":"closed","template":"","meta":{"_acf_changed":false},"product_brand":[],"product_cat":[86],"product_tag":[],"class_list":{"0":"post-2071","1":"product","2":"type-product","3":"status-publish","4":"has-post-thumbnail","6":"product_cat-madrasser-i-taket","8":"first","9":"instock","10":"shipping-taxable","11":"product-type-simple"},"acf":[],"yoast_head":"<!-- This site is optimized with the Yoast SEO Premium plugin v26.0 (Yoast SEO v26.0) - https:\/\/yoast.com\/wordpress\/plugins\/seo\/ -->\n<title>Natureline overmadrass 10 cm - Hypnos<\/title>\n<meta name=\"robots\" content=\"index, follow, max-snippet:-1, max-image-preview:large, max-video-preview:-1\" \/>\n<link rel=\"canonical\" href=\"https:\/\/hypnos.ee\/no\/produkt\/natureline-overmadrass-10-cm\/\" \/>\n<meta property=\"og:locale\" content=\"nb_NO\" \/>\n<meta property=\"og:type\" content=\"article\" \/>\n<meta property=\"og:title\" content=\"Natureline overmadrass 10 cm\" \/>\n<meta property=\"og:description\" content=\"Naturlighet i toppklasse. Natureline overmadrass er designet for deg som \u00f8nsker en luksuri\u00f8s, men naturlig sovel\u00f8sning. Den best\u00e5r av 4,5 cm Talalay Naturelux, foret p\u00e5 begge sider med et firelags bomullslag. Kantene p\u00e5 madrasstrekket er laget av KISS-stoff (en blanding av bomull og lin), elegant vattert. Overflaten er et stretchstoff i 100 % bomull med vatterte dusker for ekstra mykhet.\" \/>\n<meta property=\"og:url\" content=\"https:\/\/hypnos.ee\/no\/produkt\/natureline-overmadrass-10-cm\/\" \/>\n<meta property=\"og:site_name\" content=\"Hypnos\" \/>\n<meta property=\"og:image\" content=\"https:\/\/hypnos.ee\/wp-content\/uploads\/2025\/03\/natureline-kattemadrats-10-cm_f_1_590_1.jpg\" \/>\n\t<meta property=\"og:image:width\" content=\"590\" \/>\n\t<meta property=\"og:image:height\" content=\"185\" \/>\n\t<meta property=\"og:image:type\" content=\"image\/jpeg\" \/>\n<meta name=\"twitter:card\" content=\"summary_large_image\" \/>\n<script type=\"application\/ld+json\" class=\"yoast-schema-graph\">{\"@context\":\"https:\/\/schema.org\",\"@graph\":[{\"@type\":\"WebPage\",\"@id\":\"https:\/\/hypnos.ee\/no\/produkt\/natureline-overmadrass-10-cm\/\",\"url\":\"https:\/\/hypnos.ee\/no\/produkt\/natureline-overmadrass-10-cm\/\",\"name\":\"Natureline overmadrass 10 cm - Hypnos\",\"isPartOf\":{\"@id\":\"https:\/\/hypnos.ee\/no\/#website\"},\"primaryImageOfPage\":{\"@id\":\"https:\/\/hypnos.ee\/no\/produkt\/natureline-overmadrass-10-cm\/#primaryimage\"},\"image\":{\"@id\":\"https:\/\/hypnos.ee\/no\/produkt\/natureline-overmadrass-10-cm\/#primaryimage\"},\"thumbnailUrl\":\"https:\/\/hypnos.ee\/wp-content\/uploads\/2025\/03\/natureline-kattemadrats-10-cm_f_1_590_1.jpg\",\"datePublished\":\"2025-03-26T11:50:15+00:00\",\"breadcrumb\":{\"@id\":\"https:\/\/hypnos.ee\/no\/produkt\/natureline-overmadrass-10-cm\/#breadcrumb\"},\"inLanguage\":\"nb-NO\",\"potentialAction\":[{\"@type\":\"ReadAction\",\"target\":[\"https:\/\/hypnos.ee\/no\/produkt\/natureline-overmadrass-10-cm\/\"]}]},{\"@type\":\"ImageObject\",\"inLanguage\":\"nb-NO\",\"@id\":\"https:\/\/hypnos.ee\/no\/produkt\/natureline-overmadrass-10-cm\/#primaryimage\",\"url\":\"https:\/\/hypnos.ee\/wp-content\/uploads\/2025\/03\/natureline-kattemadrats-10-cm_f_1_590_1.jpg\",\"contentUrl\":\"https:\/\/hypnos.ee\/wp-content\/uploads\/2025\/03\/natureline-kattemadrats-10-cm_f_1_590_1.jpg\",\"width\":590,\"height\":185},{\"@type\":\"BreadcrumbList\",\"@id\":\"https:\/\/hypnos.ee\/no\/produkt\/natureline-overmadrass-10-cm\/#breadcrumb\",\"itemListElement\":[{\"@type\":\"ListItem\",\"position\":1,\"name\":\"Home\",\"item\":\"https:\/\/hypnos.ee\/no\/\"},{\"@type\":\"ListItem\",\"position\":2,\"name\":\"Produkter\",\"item\":\"https:\/\/hypnos.ee\/tooted\/\"},{\"@type\":\"ListItem\",\"position\":3,\"name\":\"Natureline overmadrass 10 cm\"}]},{\"@type\":\"WebSite\",\"@id\":\"https:\/\/hypnos.ee\/no\/#website\",\"url\":\"https:\/\/hypnos.ee\/no\/\",\"name\":\"Hypnos\",\"description\":\"T\u00f5stame unekogemust\",\"publisher\":{\"@id\":\"https:\/\/hypnos.ee\/no\/#organization\"},\"potentialAction\":[{\"@type\":\"SearchAction\",\"target\":{\"@type\":\"EntryPoint\",\"urlTemplate\":\"https:\/\/hypnos.ee\/no\/?s={search_term_string}\"},\"query-input\":{\"@type\":\"PropertyValueSpecification\",\"valueRequired\":true,\"valueName\":\"search_term_string\"}}],\"inLanguage\":\"nb-NO\"},{\"@type\":\"Organization\",\"@id\":\"https:\/\/hypnos.ee\/no\/#organization\",\"name\":\"Hypnos\",\"url\":\"https:\/\/hypnos.ee\/no\/\",\"logo\":{\"@type\":\"ImageObject\",\"inLanguage\":\"nb-NO\",\"@id\":\"https:\/\/hypnos.ee\/no\/#\/schema\/logo\/image\/\",\"url\":\"https:\/\/hypnos.ee\/wp-content\/uploads\/2025\/06\/cropped-Hypnos-fa.png\",\"contentUrl\":\"https:\/\/hypnos.ee\/wp-content\/uploads\/2025\/06\/cropped-Hypnos-fa.png\",\"width\":512,\"height\":512,\"caption\":\"Hypnos\"},\"image\":{\"@id\":\"https:\/\/hypnos.ee\/no\/#\/schema\/logo\/image\/\"}}]}<\/script>\n<!-- \/ Yoast SEO Premium plugin. -->","yoast_head_json":{"title":"Natureline overmadrass 10 cm - Hypnos","robots":{"index":"index","follow":"follow","max-snippet":"max-snippet:-1","max-image-preview":"max-image-preview:large","max-video-preview":"max-video-preview:-1"},"canonical":"https:\/\/hypnos.ee\/no\/produkt\/natureline-overmadrass-10-cm\/","og_locale":"nb_NO","og_type":"article","og_title":"Natureline overmadrass 10 cm","og_description":"Naturlighet i toppklasse. Natureline overmadrass er designet for deg som \u00f8nsker en luksuri\u00f8s, men naturlig sovel\u00f8sning. Den best\u00e5r av 4,5 cm Talalay Naturelux, foret p\u00e5 begge sider med et firelags bomullslag. Kantene p\u00e5 madrasstrekket er laget av KISS-stoff (en blanding av bomull og lin), elegant vattert. Overflaten er et stretchstoff i 100 % bomull med vatterte dusker for ekstra mykhet.","og_url":"https:\/\/hypnos.ee\/no\/produkt\/natureline-overmadrass-10-cm\/","og_site_name":"Hypnos","og_image":[{"width":590,"height":185,"url":"https:\/\/hypnos.ee\/wp-content\/uploads\/2025\/03\/natureline-kattemadrats-10-cm_f_1_590_1.jpg","type":"image\/jpeg"}],"twitter_card":"summary_large_image","schema":{"@context":"https:\/\/schema.org","@graph":[{"@type":"WebPage","@id":"https:\/\/hypnos.ee\/no\/produkt\/natureline-overmadrass-10-cm\/","url":"https:\/\/hypnos.ee\/no\/produkt\/natureline-overmadrass-10-cm\/","name":"Natureline overmadrass 10 cm - Hypnos","isPartOf":{"@id":"https:\/\/hypnos.ee\/no\/#website"},"primaryImageOfPage":{"@id":"https:\/\/hypnos.ee\/no\/produkt\/natureline-overmadrass-10-cm\/#primaryimage"},"image":{"@id":"https:\/\/hypnos.ee\/no\/produkt\/natureline-overmadrass-10-cm\/#primaryimage"},"thumbnailUrl":"https:\/\/hypnos.ee\/wp-content\/uploads\/2025\/03\/natureline-kattemadrats-10-cm_f_1_590_1.jpg","datePublished":"2025-03-26T11:50:15+00:00","breadcrumb":{"@id":"https:\/\/hypnos.ee\/no\/produkt\/natureline-overmadrass-10-cm\/#breadcrumb"},"inLanguage":"nb-NO","potentialAction":[{"@type":"ReadAction","target":["https:\/\/hypnos.ee\/no\/produkt\/natureline-overmadrass-10-cm\/"]}]},{"@type":"ImageObject","inLanguage":"nb-NO","@id":"https:\/\/hypnos.ee\/no\/produkt\/natureline-overmadrass-10-cm\/#primaryimage","url":"https:\/\/hypnos.ee\/wp-content\/uploads\/2025\/03\/natureline-kattemadrats-10-cm_f_1_590_1.jpg","contentUrl":"https:\/\/hypnos.ee\/wp-content\/uploads\/2025\/03\/natureline-kattemadrats-10-cm_f_1_590_1.jpg","width":590,"height":185},{"@type":"BreadcrumbList","@id":"https:\/\/hypnos.ee\/no\/produkt\/natureline-overmadrass-10-cm\/#breadcrumb","itemListElement":[{"@type":"ListItem","position":1,"name":"Home","item":"https:\/\/hypnos.ee\/no\/"},{"@type":"ListItem","position":2,"name":"Produkter","item":"https:\/\/hypnos.ee\/tooted\/"},{"@type":"ListItem","position":3,"name":"Natureline overmadrass 10 cm"}]},{"@type":"WebSite","@id":"https:\/\/hypnos.ee\/no\/#website","url":"https:\/\/hypnos.ee\/no\/","name":"Hypnos","description":"T\u00f5stame unekogemust","publisher":{"@id":"https:\/\/hypnos.ee\/no\/#organization"},"potentialAction":[{"@type":"SearchAction","target":{"@type":"EntryPoint","urlTemplate":"https:\/\/hypnos.ee\/no\/?s={search_term_string}"},"query-input":{"@type":"PropertyValueSpecification","valueRequired":true,"valueName":"search_term_string"}}],"inLanguage":"nb-NO"},{"@type":"Organization","@id":"https:\/\/hypnos.ee\/no\/#organization","name":"Hypnos","url":"https:\/\/hypnos.ee\/no\/","logo":{"@type":"ImageObject","inLanguage":"nb-NO","@id":"https:\/\/hypnos.ee\/no\/#\/schema\/logo\/image\/","url":"https:\/\/hypnos.ee\/wp-content\/uploads\/2025\/06\/cropped-Hypnos-fa.png","contentUrl":"https:\/\/hypnos.ee\/wp-content\/uploads\/2025\/06\/cropped-Hypnos-fa.png","width":512,"height":512,"caption":"Hypnos"},"image":{"@id":"https:\/\/hypnos.ee\/no\/#\/schema\/logo\/image\/"}}]}},"_links":{"self":[{"href":"https:\/\/hypnos.ee\/no\/wp-json\/wp\/v2\/product\/2071","targetHints":{"allow":["GET"]}}],"collection":[{"href":"https:\/\/hypnos.ee\/no\/wp-json\/wp\/v2\/product"}],"about":[{"href":"https:\/\/hypnos.ee\/no\/wp-json\/wp\/v2\/types\/product"}],"replies":[{"embeddable":true,"href":"https:\/\/hypnos.ee\/no\/wp-json\/wp\/v2\/comments?post=2071"}],"wp:featuredmedia":[{"embeddable":true,"href":"https:\/\/hypnos.ee\/no\/wp-json\/wp\/v2\/media\/2072"}],"wp:attachment":[{"href":"https:\/\/hypnos.ee\/no\/wp-json\/wp\/v2\/media?parent=2071"}],"wp:term":[{"taxonomy":"product_brand","embeddable":true,"href":"https:\/\/hypnos.ee\/no\/wp-json\/wp\/v2\/product_brand?post=2071"},{"taxonomy":"product_cat","embeddable":true,"href":"https:\/\/hypnos.ee\/no\/wp-json\/wp\/v2\/product_cat?post=2071"},{"taxonomy":"product_tag","embeddable":true,"href":"https:\/\/hypnos.ee\/no\/wp-json\/wp\/v2\/product_tag?post=2071"}],"curies":[{"name":"wp","href":"https:\/\/api.w.org\/{rel}","templated":true}]}}