{"id":2068,"date":"2025-03-26T13:49:13","date_gmt":"2025-03-26T11:49:13","guid":{"rendered":"https:\/\/hypnos.ee\/toode\/trendline-madrass-10-cm\/"},"modified":"2025-03-26T13:49:13","modified_gmt":"2025-03-26T11:49:13","slug":"trendline-madrass-10-cm","status":"publish","type":"product","link":"https:\/\/hypnos.ee\/no\/produkt\/trendline-madrass-10-cm\/","title":{"rendered":"Trendline madrass 10 cm"},"content":{"rendered":"","protected":false},"excerpt":{"rendered":"<p data-key=\"Jydg4\"><strong>Bilateral luksus.<\/strong><\/p>\n<p data-key=\"xtq7u\">Trendline overmadrass har naturlig Talalay lateks p\u00e5 den ene siden, som er pustende og ventilerende, og en mykt justerbar minipocketfj\u00e6ring p\u00e5 den andre. Begge sider er f\u00f4ret med naturfibre &#8211; ull og bomull &#8211; som skaper balanse mellom kroppsst\u00f8tte og termoregulering. <\/p>\n<p data-key=\"nQMtS\">Madrassen er trukket med et elastisk stoff av bambusviskose som puster, er fuktregulerende og quiltet med myke dusker.<\/p>\n","protected":false},"featured_media":2069,"comment_status":"closed","ping_status":"closed","template":"","meta":{"_acf_changed":false},"product_brand":[],"product_cat":[86],"product_tag":[],"class_list":{"0":"post-2068","1":"product","2":"type-product","3":"status-publish","4":"has-post-thumbnail","6":"product_cat-madrasser-i-taket","8":"first","9":"instock","10":"shipping-taxable","11":"product-type-simple"},"acf":[],"yoast_head":"<!-- This site is optimized with the Yoast SEO Premium plugin v26.0 (Yoast SEO v26.0) - https:\/\/yoast.com\/wordpress\/plugins\/seo\/ -->\n<title>Trendline madrass 10 cm - Hypnos<\/title>\n<meta name=\"robots\" content=\"index, follow, max-snippet:-1, max-image-preview:large, max-video-preview:-1\" \/>\n<link rel=\"canonical\" href=\"https:\/\/hypnos.ee\/no\/produkt\/trendline-madrass-10-cm\/\" \/>\n<meta property=\"og:locale\" content=\"nb_NO\" \/>\n<meta property=\"og:type\" content=\"article\" \/>\n<meta property=\"og:title\" content=\"Trendline madrass 10 cm\" \/>\n<meta property=\"og:description\" content=\"Bilateral luksus. Trendline overmadrass har naturlig Talalay lateks p\u00e5 den ene siden, som er pustende og ventilerende, og en mykt justerbar minipocketfj\u00e6ring p\u00e5 den andre. Begge sider er f\u00f4ret med naturfibre - ull og bomull - som skaper balanse mellom kroppsst\u00f8tte og termoregulering. Madrassen er trukket med et elastisk stoff av bambusviskose som puster, er fuktregulerende og quiltet med myke dusker.\" \/>\n<meta property=\"og:url\" content=\"https:\/\/hypnos.ee\/no\/produkt\/trendline-madrass-10-cm\/\" \/>\n<meta property=\"og:site_name\" content=\"Hypnos\" \/>\n<meta property=\"og:image\" content=\"https:\/\/hypnos.ee\/wp-content\/uploads\/2025\/03\/aphrodite-kattemadrats-10-cm_f_1_590_1.jpg\" \/>\n\t<meta property=\"og:image:width\" content=\"590\" \/>\n\t<meta property=\"og:image:height\" content=\"182\" \/>\n\t<meta property=\"og:image:type\" content=\"image\/jpeg\" \/>\n<meta name=\"twitter:card\" content=\"summary_large_image\" \/>\n<script type=\"application\/ld+json\" class=\"yoast-schema-graph\">{\"@context\":\"https:\/\/schema.org\",\"@graph\":[{\"@type\":\"WebPage\",\"@id\":\"https:\/\/hypnos.ee\/no\/produkt\/trendline-madrass-10-cm\/\",\"url\":\"https:\/\/hypnos.ee\/no\/produkt\/trendline-madrass-10-cm\/\",\"name\":\"Trendline madrass 10 cm - Hypnos\",\"isPartOf\":{\"@id\":\"https:\/\/hypnos.ee\/no\/#website\"},\"primaryImageOfPage\":{\"@id\":\"https:\/\/hypnos.ee\/no\/produkt\/trendline-madrass-10-cm\/#primaryimage\"},\"image\":{\"@id\":\"https:\/\/hypnos.ee\/no\/produkt\/trendline-madrass-10-cm\/#primaryimage\"},\"thumbnailUrl\":\"https:\/\/hypnos.ee\/wp-content\/uploads\/2025\/03\/aphrodite-kattemadrats-10-cm_f_1_590_1.jpg\",\"datePublished\":\"2025-03-26T11:49:13+00:00\",\"breadcrumb\":{\"@id\":\"https:\/\/hypnos.ee\/no\/produkt\/trendline-madrass-10-cm\/#breadcrumb\"},\"inLanguage\":\"nb-NO\",\"potentialAction\":[{\"@type\":\"ReadAction\",\"target\":[\"https:\/\/hypnos.ee\/no\/produkt\/trendline-madrass-10-cm\/\"]}]},{\"@type\":\"ImageObject\",\"inLanguage\":\"nb-NO\",\"@id\":\"https:\/\/hypnos.ee\/no\/produkt\/trendline-madrass-10-cm\/#primaryimage\",\"url\":\"https:\/\/hypnos.ee\/wp-content\/uploads\/2025\/03\/aphrodite-kattemadrats-10-cm_f_1_590_1.jpg\",\"contentUrl\":\"https:\/\/hypnos.ee\/wp-content\/uploads\/2025\/03\/aphrodite-kattemadrats-10-cm_f_1_590_1.jpg\",\"width\":590,\"height\":182},{\"@type\":\"BreadcrumbList\",\"@id\":\"https:\/\/hypnos.ee\/no\/produkt\/trendline-madrass-10-cm\/#breadcrumb\",\"itemListElement\":[{\"@type\":\"ListItem\",\"position\":1,\"name\":\"Home\",\"item\":\"https:\/\/hypnos.ee\/no\/\"},{\"@type\":\"ListItem\",\"position\":2,\"name\":\"Produkter\",\"item\":\"https:\/\/hypnos.ee\/tooted\/\"},{\"@type\":\"ListItem\",\"position\":3,\"name\":\"Trendline madrass 10 cm\"}]},{\"@type\":\"WebSite\",\"@id\":\"https:\/\/hypnos.ee\/no\/#website\",\"url\":\"https:\/\/hypnos.ee\/no\/\",\"name\":\"Hypnos\",\"description\":\"T\u00f5stame unekogemust\",\"publisher\":{\"@id\":\"https:\/\/hypnos.ee\/no\/#organization\"},\"potentialAction\":[{\"@type\":\"SearchAction\",\"target\":{\"@type\":\"EntryPoint\",\"urlTemplate\":\"https:\/\/hypnos.ee\/no\/?s={search_term_string}\"},\"query-input\":{\"@type\":\"PropertyValueSpecification\",\"valueRequired\":true,\"valueName\":\"search_term_string\"}}],\"inLanguage\":\"nb-NO\"},{\"@type\":\"Organization\",\"@id\":\"https:\/\/hypnos.ee\/no\/#organization\",\"name\":\"Hypnos\",\"url\":\"https:\/\/hypnos.ee\/no\/\",\"logo\":{\"@type\":\"ImageObject\",\"inLanguage\":\"nb-NO\",\"@id\":\"https:\/\/hypnos.ee\/no\/#\/schema\/logo\/image\/\",\"url\":\"https:\/\/hypnos.ee\/wp-content\/uploads\/2025\/06\/cropped-Hypnos-fa.png\",\"contentUrl\":\"https:\/\/hypnos.ee\/wp-content\/uploads\/2025\/06\/cropped-Hypnos-fa.png\",\"width\":512,\"height\":512,\"caption\":\"Hypnos\"},\"image\":{\"@id\":\"https:\/\/hypnos.ee\/no\/#\/schema\/logo\/image\/\"}}]}<\/script>\n<!-- \/ Yoast SEO Premium plugin. -->","yoast_head_json":{"title":"Trendline madrass 10 cm - Hypnos","robots":{"index":"index","follow":"follow","max-snippet":"max-snippet:-1","max-image-preview":"max-image-preview:large","max-video-preview":"max-video-preview:-1"},"canonical":"https:\/\/hypnos.ee\/no\/produkt\/trendline-madrass-10-cm\/","og_locale":"nb_NO","og_type":"article","og_title":"Trendline madrass 10 cm","og_description":"Bilateral luksus. Trendline overmadrass har naturlig Talalay lateks p\u00e5 den ene siden, som er pustende og ventilerende, og en mykt justerbar minipocketfj\u00e6ring p\u00e5 den andre. Begge sider er f\u00f4ret med naturfibre - ull og bomull - som skaper balanse mellom kroppsst\u00f8tte og termoregulering. Madrassen er trukket med et elastisk stoff av bambusviskose som puster, er fuktregulerende og quiltet med myke dusker.","og_url":"https:\/\/hypnos.ee\/no\/produkt\/trendline-madrass-10-cm\/","og_site_name":"Hypnos","og_image":[{"width":590,"height":182,"url":"https:\/\/hypnos.ee\/wp-content\/uploads\/2025\/03\/aphrodite-kattemadrats-10-cm_f_1_590_1.jpg","type":"image\/jpeg"}],"twitter_card":"summary_large_image","schema":{"@context":"https:\/\/schema.org","@graph":[{"@type":"WebPage","@id":"https:\/\/hypnos.ee\/no\/produkt\/trendline-madrass-10-cm\/","url":"https:\/\/hypnos.ee\/no\/produkt\/trendline-madrass-10-cm\/","name":"Trendline madrass 10 cm - Hypnos","isPartOf":{"@id":"https:\/\/hypnos.ee\/no\/#website"},"primaryImageOfPage":{"@id":"https:\/\/hypnos.ee\/no\/produkt\/trendline-madrass-10-cm\/#primaryimage"},"image":{"@id":"https:\/\/hypnos.ee\/no\/produkt\/trendline-madrass-10-cm\/#primaryimage"},"thumbnailUrl":"https:\/\/hypnos.ee\/wp-content\/uploads\/2025\/03\/aphrodite-kattemadrats-10-cm_f_1_590_1.jpg","datePublished":"2025-03-26T11:49:13+00:00","breadcrumb":{"@id":"https:\/\/hypnos.ee\/no\/produkt\/trendline-madrass-10-cm\/#breadcrumb"},"inLanguage":"nb-NO","potentialAction":[{"@type":"ReadAction","target":["https:\/\/hypnos.ee\/no\/produkt\/trendline-madrass-10-cm\/"]}]},{"@type":"ImageObject","inLanguage":"nb-NO","@id":"https:\/\/hypnos.ee\/no\/produkt\/trendline-madrass-10-cm\/#primaryimage","url":"https:\/\/hypnos.ee\/wp-content\/uploads\/2025\/03\/aphrodite-kattemadrats-10-cm_f_1_590_1.jpg","contentUrl":"https:\/\/hypnos.ee\/wp-content\/uploads\/2025\/03\/aphrodite-kattemadrats-10-cm_f_1_590_1.jpg","width":590,"height":182},{"@type":"BreadcrumbList","@id":"https:\/\/hypnos.ee\/no\/produkt\/trendline-madrass-10-cm\/#breadcrumb","itemListElement":[{"@type":"ListItem","position":1,"name":"Home","item":"https:\/\/hypnos.ee\/no\/"},{"@type":"ListItem","position":2,"name":"Produkter","item":"https:\/\/hypnos.ee\/tooted\/"},{"@type":"ListItem","position":3,"name":"Trendline madrass 10 cm"}]},{"@type":"WebSite","@id":"https:\/\/hypnos.ee\/no\/#website","url":"https:\/\/hypnos.ee\/no\/","name":"Hypnos","description":"T\u00f5stame unekogemust","publisher":{"@id":"https:\/\/hypnos.ee\/no\/#organization"},"potentialAction":[{"@type":"SearchAction","target":{"@type":"EntryPoint","urlTemplate":"https:\/\/hypnos.ee\/no\/?s={search_term_string}"},"query-input":{"@type":"PropertyValueSpecification","valueRequired":true,"valueName":"search_term_string"}}],"inLanguage":"nb-NO"},{"@type":"Organization","@id":"https:\/\/hypnos.ee\/no\/#organization","name":"Hypnos","url":"https:\/\/hypnos.ee\/no\/","logo":{"@type":"ImageObject","inLanguage":"nb-NO","@id":"https:\/\/hypnos.ee\/no\/#\/schema\/logo\/image\/","url":"https:\/\/hypnos.ee\/wp-content\/uploads\/2025\/06\/cropped-Hypnos-fa.png","contentUrl":"https:\/\/hypnos.ee\/wp-content\/uploads\/2025\/06\/cropped-Hypnos-fa.png","width":512,"height":512,"caption":"Hypnos"},"image":{"@id":"https:\/\/hypnos.ee\/no\/#\/schema\/logo\/image\/"}}]}},"_links":{"self":[{"href":"https:\/\/hypnos.ee\/no\/wp-json\/wp\/v2\/product\/2068","targetHints":{"allow":["GET"]}}],"collection":[{"href":"https:\/\/hypnos.ee\/no\/wp-json\/wp\/v2\/product"}],"about":[{"href":"https:\/\/hypnos.ee\/no\/wp-json\/wp\/v2\/types\/product"}],"replies":[{"embeddable":true,"href":"https:\/\/hypnos.ee\/no\/wp-json\/wp\/v2\/comments?post=2068"}],"wp:featuredmedia":[{"embeddable":true,"href":"https:\/\/hypnos.ee\/no\/wp-json\/wp\/v2\/media\/2069"}],"wp:attachment":[{"href":"https:\/\/hypnos.ee\/no\/wp-json\/wp\/v2\/media?parent=2068"}],"wp:term":[{"taxonomy":"product_brand","embeddable":true,"href":"https:\/\/hypnos.ee\/no\/wp-json\/wp\/v2\/product_brand?post=2068"},{"taxonomy":"product_cat","embeddable":true,"href":"https:\/\/hypnos.ee\/no\/wp-json\/wp\/v2\/product_cat?post=2068"},{"taxonomy":"product_tag","embeddable":true,"href":"https:\/\/hypnos.ee\/no\/wp-json\/wp\/v2\/product_tag?post=2068"}],"curies":[{"name":"wp","href":"https:\/\/api.w.org\/{rel}","templated":true}]}}