{"id":1941,"date":"2025-06-20T17:19:48","date_gmt":"2025-06-20T14:19:48","guid":{"rendered":"https:\/\/hypnos.ee\/retningslinjer-for-personvern\/"},"modified":"2025-08-11T15:51:06","modified_gmt":"2025-08-11T12:51:06","slug":"retningslinjer-for-personvern","status":"publish","type":"page","link":"https:\/\/hypnos.ee\/no\/retningslinjer-for-personvern\/","title":{"rendered":"Retningslinjer for personvern"},"content":{"rendered":"<p>For O\u00dc Furnico er personvernet ditt viktig, og vi overholder alle gjeldende lover og forskrifter n\u00e5r det gjelder personopplysninger som vi kan samle inn om deg n\u00e5r du bes\u00f8ker nettstedet v\u00e5rt <a href=\"https:\/\/hypnos.ee\">hypnos.ee.<\/a> Ved \u00e5 bruke nettstedet v\u00e5rt samtykker du i at vi samler inn og bruker opplysningene dine i samsvar med denne personvernerkl\u00e6ringen. <\/p>\n<p>Denne personvernerkl\u00e6ringen forklarer hvilke opplysninger vi samler inn, hvordan vi bruker dem, og hvilke rettigheter du har til \u00e5 beskytte opplysningene dine. Disse retningslinjene gjelder bare for nettstedet v\u00e5rt og dets bes\u00f8kende, og gjelder ikke for informasjon som samles inn gjennom andre kanaler. <\/p>\n<p>Din behandlingsansvarlige er O\u00dc Furnico<\/p>\n<p>Selskapets organisasjonsnummer: 10332430 <\/p>\n<p>e-post: margus.hiie@furnico.ee<\/p>\n<p>Vi samler inn og behandler opplysninger i samsvar med EUs personvernforordning (GDPR), som tr\u00e5dte i kraft 25.05.2018.<\/p>\n<h2>Innsamling og bruk av data<\/h2>\n<h3>Hvilke data vi samler inn<\/h3>\n<p>Informasjonen vi samler inn, omfatter b\u00e5de informasjon du bevisst og aktivt oppgir n\u00e5r du bruker tjenestene v\u00e5re eller deltar i kampanjer, samt all informasjon som enhetene dine automatisk sender n\u00e5r du bruker produktene og tjenestene v\u00e5re.<\/p>\n<p>Opplysningene vi samler inn, omfatter informasjon du bevisst har delt med oss mens du bruker tjenestene eller kampanjene v\u00e5re, og informasjon som enhetene dine automatisk overf\u00f8rer til oss.<\/p>\n<p>Personopplysningene dine kan n\u00e5 oss p\u00e5 f\u00f8lgende m\u00e5ter:<\/p>\n<ul>\n<li>N\u00e5r du kontakter oss via telefon, e-post eller nettprat<\/li>\n<li>N\u00e5r du surfer p\u00e5 nettstedet <a href=\"https:\/\/hypnos.ee\">hypnos.ee<\/a><\/li>\n<li>N\u00e5r du kommenterer, liker eller deler et innlegg p\u00e5 v\u00e5re sosiale medier<\/li>\n<li>N\u00e5r du abonnerer p\u00e5 nyhetsbrevet v\u00e5rt<\/li>\n<li>N\u00e5r du kommenterer innlegg p\u00e5 nettstedet v\u00e5rt<\/li>\n<\/ul>\n<h3>Typer data som samles inn<\/h3>\n<h4>Personopplysninger<\/h4>\n<p>Vi ber deg bare om personopplysninger n\u00e5r det er n\u00f8dvendig for \u00e5 kunne tilby deg en tjeneste. N\u00e5r du kontakter oss eller bes\u00f8ker nettstedet v\u00e5rt, kan du dele f\u00f8lgende informasjon med oss: <\/p>\n<ul>\n<li>For- og etternavn<\/li>\n<li>E-postadresse<\/li>\n<li>Chat-historikk mellom deg og oss<\/li>\n<\/ul>\n<h4>Loggfiler<\/h4>\n<p>Nettstedet <a href=\"https:\/\/hypnos.ee\">hypnos.ee<\/a> lagrer loggfiler om bes\u00f8kende. Den innsamlede informasjonen kan omfatte: <\/p>\n<ul>\n<li>Type enhet som brukes<\/li>\n<li>IP-adresse (Internet Protocol)<\/li>\n<li>Type nettleser<\/li>\n<li>Internett-leverand\u00f8r (ISP)<\/li>\n<li>Dato og klokkeslett for bes\u00f8ket p\u00e5 nettstedet<\/li>\n<li>Inngangs- og utgangssider og antall klikk p\u00e5 nettstedet<\/li>\n<\/ul>\n<p>Informasjonen i loggfilene brukes til \u00e5 analysere trender, administrere nettstedet, spore bes\u00f8ksaktiviteter og samle demografisk informasjon. Informasjonen som innhentes, er ikke ment for, og muliggj\u00f8r heller ikke, personlig identifikasjon. <\/p>\n<h4>Informasjonskapsler<\/h4>\n<p>Som de fleste nettsteder bruker <a href=\"https:\/\/hypnos.ee\">hypnos.ee<\/a> ogs\u00e5 &laquo;informasjonskapsler&raquo;. En informasjonskapsel er i hovedsak en tekstfil som lagres p\u00e5 en brukers enhet n\u00e5r han eller hun bes\u00f8ker et nettsted. Informasjonskapsler hjelper til med \u00e5 bestemme og lagre preferanser, regionale innstillinger, alternativer for bruk av tjenester og mer.  <\/p>\n<p>Hvis du \u00f8nsker det, kan du deaktivere informasjonskapsler i nettleserinnstillingene dine, men dette kan forstyrre tjenesten du f\u00e5r.<\/p>\n<p>Informasjonskapsler deles inn i faste informasjonskapsler og \u00f8ktinformasjonskapsler. Permanente informasjonskapsler forblir p\u00e5 datamaskinen eller mobilenheten din selv etter at du har lukket nettleseren eller datamaskinen. \u00d8ktinformasjonskapsler slettes umiddelbart etter at du lukker nettleseren.  <\/p>\n<p>Informasjonskapsler kategoriseres etter form\u00e5let med dem:<\/p>\n<p><b>N\u00f8dvendige informasjonskapsler.<\/b>  \u00d8ktinformasjonskapsler som skal gj\u00f8re det mulig for deg \u00e5 bruke tjenestene som tilbys p\u00e5 nettstedet v\u00e5rt. Disse informasjonskapslene bidrar til \u00e5 autentisere brukere og forhindre ondsinnet bruk av brukerkontoer. Uten disse informasjonskapslene kan vi ikke tilby deg de \u00f8nskede tjenestene.  <\/p>\n<p><b>Informasjonskapsler for varsling.<\/b>  Disse informasjonskapslene identifiserer om brukerne har godtatt bruk av informasjonskapsler p\u00e5 nettstedet.<\/p>\n<p><b>Informasjonskapsler for funksjonalitet.<\/b>  Disse informasjonskapslene gj\u00f8r det mulig for nettleseren din \u00e5 huske valgene du gj\u00f8r n\u00e5r du bruker nettstedet, for eksempel \u00e5 lagre p\u00e5loggingsinformasjonen din eller spr\u00e5kinnstillinger. Form\u00e5let med disse informasjonskapslene er \u00e5 gi deg en mer personlig tilpasset opplevelse og unng\u00e5 at du m\u00e5 angi preferanser p\u00e5 nytt. <\/p>\n<h3>Hvordan vi bruker data<\/h3>\n<p>Den innsamlede informasjonen kan brukes til ulike form\u00e5l, blant annet:<\/p>\n<ul>\n<li>Vedlikeholde, administrere, utvikle, tilpasse og utvide nettstedet v\u00e5rt<\/li>\n<li>Innsamling av statistikk for \u00e5 kunne tilby bedre tjenester og\/eller tilbud og for \u00e5 forst\u00e5 og analysere bes\u00f8kendes atferd<\/li>\n<li>Identifisere deg via telefon, melding eller e-post<\/li>\n<li>Sende deg informasjon og be om tilbakemeldinger om tjenestene v\u00e5re<\/li>\n<li>Forebygging av svindel og beskyttelse av nettstedet v\u00e5rt<\/li>\n<li>Tillater oss \u00e5 komme i kontakt med deg via sosiale medier<\/li>\n<li>Tillater lesing av chattehistorikk for \u00e5 fremskynde relevante r\u00e5d<\/li>\n<li>Forbedre kvaliteten p\u00e5 tjenestene v\u00e5re og tilby mer effektive surfel\u00f8sninger<\/li>\n<li>Utvikle nye produkter og tjenester eller forbedre funksjonaliteten deres<\/li>\n<li>Forenkle og fremskynde samhandlingen mellom oss n\u00e5r du kontakter oss<\/li>\n<li>For andre form\u00e5l, for eksempel for \u00e5 analysere data, studere trender, evaluere effektiviteten av reklamekampanjer<\/li>\n<\/ul>\n<h3>N\u00e5r vi kan dele opplysningene dine<\/h3>\n<ul>\n<li>Vi kan dele eller overf\u00f8re personopplysningene dine i forbindelse med eierskifte, fusjon, salg av eiendeler, finansiering eller oppkj\u00f8p av selskapet v\u00e5rt. Vi vil informere deg om overf\u00f8ringen av personopplysningene dine og n\u00e5r de blir underlagt en annen personvernerkl\u00e6ring. <\/li>\n<li>Vi kan dele opplysningene dine med v\u00e5re partnerselskaper, og krever at de f\u00f8lger denne personvernerkl\u00e6ringen. Partnerselskaper inkluderer v\u00e5re mor- og datterselskaper, joint venture-partnere eller selskaper vi eier. <\/li>\n<li>Vi kan dele opplysningene dine med v\u00e5re forretningspartnere for \u00e5 tilby deg bestemte produkter, tjenester eller kampanjer.<\/li>\n<li>Med ditt samtykke kan vi utlevere personopplysningene dine til andre form\u00e5l.<\/li>\n<li>Vi er forpliktet til \u00e5 utlevere personopplysningene dine hvis loven krever det. I god tro kan vi ogs\u00e5 utlevere opplysningene dine for \u00e5 overholde en rettslig forpliktelse, beskytte v\u00e5re rettigheter eller eiendom, forhindre eller oppdage mulige brudd knyttet til bruken av tjenesten v\u00e5r og ivareta sikkerheten til brukerne av tjenesten. <\/li>\n<\/ul>\n<h3>Oppbevaring av personopplysningene dine<\/h3>\n<p>Vi oppbevarer personopplysningene dine bare s\u00e5 lenge det er n\u00f8dvendig for de form\u00e5lene som er angitt i denne personvernerkl\u00e6ringen. Vi oppbevarer og bruker opplysningene dine etter behov for \u00e5 oppfylle juridiske forpliktelser (f.eks. for \u00e5 overholde gjeldende lover), l\u00f8se tvister og h\u00e5ndheve juridiske avtaler og forskrifter. <\/p>\n<p>Vi lagrer ogs\u00e5 loggfiler for interne analyseform\u00e5l. Loggfiler oppbevares vanligvis i en kortere periode, med mindre de brukes til \u00e5 \u00f8ke sikkerheten, forbedre tjenestefunksjonaliteten eller er lovp\u00e5lagt \u00e5 oppbevares lenger. <\/p>\n<h3>Behandling av opplysninger om barn<\/h3>\n<p>Ingen av v\u00e5re produkter eller tjenester er rettet mot barn under 13 \u00e5r, og vi samler ikke bevisst inn opplysninger fra barn under 13 \u00e5r. Hvis vi mistenker at vi behandler opplysninger om en person under 13 \u00e5r, vil vi slette dem fra alle databasene v\u00e5re. <\/p>\n<h2>Dine rettigheter til \u00e5 beskytte opplysningene dine<\/h2>\n<p>Du har alltid rett til \u00e5 ikke dele opplysningene dine med oss, vel vitende om at dette kan p\u00e5virke opplevelsen din p\u00e5 nettstedet v\u00e5rt. Hvis du bestemmer deg for ikke \u00e5 dele opplysningene dine, vil vi ikke behandle deg annerledes p\u00e5 grunn av dette. Hvis du gir oss personopplysninger, er du innforst\u00e5tt med at vi samler inn, lagrer, bruker og utleverer dem i samsvar med denne personvernerkl\u00e6ringen. Du har rett til \u00e5 be om detaljer om opplysningene vi samler inn om deg.   <\/p>\n<p>N\u00e5r vi mottar personopplysninger om deg fra en tredjepart, beskytter vi dem i henhold til denne personvernerkl\u00e6ringen og lovene i Republikken Estland. Hvis du selv deler tredjepartsopplysninger, bekrefter du at du har rett og tillatelse til \u00e5 gj\u00f8re det. <\/p>\n<p>Selv om du tidligere har samtykket til \u00e5 dele personopplysningene dine med oss for markedsf\u00f8ringsform\u00e5l, har du rett til \u00e5 ombestemme deg n\u00e5r som helst. Du har alltid rett til \u00e5 reservere deg mot kommunikasjon med oss og be om at vi sletter opplysningene dine fra databasene v\u00e5re. Fra tid til annen kan vi be om informasjon for \u00e5 bekrefte identiteten din. Hvis du mener at opplysningene vi har om deg er un\u00f8yaktige, utdaterte, ufullstendige, irrelevante eller villedende, kan du kontakte oss p\u00e5 margus.hiie@furnico.ee. Vi vil gj\u00f8re alt vi kan for \u00e5 korrigere un\u00f8yaktig, ufullstendig, villedende eller utdatert informasjon.    <\/p>\n<p>Hvis du mener at vi har brutt relevante personvernlover og \u00f8nsker \u00e5 sende inn en klage, kan du kontakte oss ved \u00e5 bruke kontaktopplysningene i dette dokumentet og oppgi alle detaljer om det p\u00e5st\u00e5tte bruddet. Vi vil unders\u00f8ke klagen din umiddelbart og svare deg skriftlig med resultatene av unders\u00f8kelsen og hvilke tiltak vi vil iverksette for \u00e5 l\u00f8se problemet. Du har ogs\u00e5 rett til \u00e5 kontakte en tilsynsmyndighet eller databeskyttelsesmyndighet.  <\/p>\n<h2>Personvernrettigheter i henhold til GDPR<\/h2>\n<p>Vi \u00f8nsker \u00e5 forsikre oss om at du er fullt klar over alle dine personvernrettigheter. Alle brukere av nettstedet har rett til f\u00f8lgende: <\/p>\n<ul>\n<li>Rett til innsyn &#8211; du har rett til \u00e5 be om kopier av personopplysningene dine.<\/li>\n<li>Rett til retting &#8211; du har rett til \u00e5 be om at vi retter opplysninger du mener er un\u00f8yaktige, og du har rett til \u00e5 be om at vi kompletterer opplysninger du mener er ufullstendige.<\/li>\n<li>Rett til sletting &#8211; under visse betingelser har du rett til \u00e5 be om sletting av personopplysningene dine.<\/li>\n<li>Rett til \u00e5 begrense behandlingen &#8211; under visse betingelser har du rett til \u00e5 be om at vi begrenser behandlingen av personopplysningene dine.<\/li>\n<li>Rett til \u00e5 protestere mot behandlingen &#8211; under visse betingelser har du rett til \u00e5 protestere mot behandlingen av personopplysningene dine.<\/li>\n<li>Rett til dataportabilitet &#8211; under visse betingelser har du rett til \u00e5 be om at vi overf\u00f8rer opplysningene vi har samlet inn, til en annen part eller direkte til deg.<\/li>\n<\/ul>\n<h2>Sikkerhet for dataene dine<\/h2>\n<p>Sikkerheten til personopplysningene dine er viktig for oss, men husk at ingen metode for overf\u00f8ring via Internett eller elektronisk lagring er 100 % sikker. Selv om vi bestreber oss p\u00e5 \u00e5 beskytte opplysningene dine, kan vi ikke garantere absolutt sikkerhet. <\/p>\n<p>O\u00dc Furnico iverksetter alle n\u00f8dvendige tiltak for \u00e5 sikre at opplysningene dine behandles p\u00e5 en sikker m\u00e5te og i samsvar med denne personvernerkl\u00e6ringen og lovene i Republikken Estland. Opplysningene dine vil ikke bli overf\u00f8rt til noen organisasjon eller noe land med mindre det foreligger en gyldig grunn og datasikkerheten din er ivaretatt. <\/p>\n<h2>Lenker til andre nettsteder<\/h2>\n<p>Nettstedet v\u00e5rt kan inneholde lenker til andre nettsteder som ikke eies av oss. Hvis du klikker p\u00e5 en tredjepartslenke, vil du bli sendt til den aktuelle tredjepartens nettsted. Vi anbefaler p\u00e5 det sterkeste at du leser personvernerkl\u00e6ringen for hvert nettsted du bes\u00f8ker.  <\/p>\n<p>Vi har ingen kontroll over og p\u00e5tar oss ikke noe ansvar for innhold, retningslinjer for personvern, tjenester eller annen praksis p\u00e5 tredjeparts nettsteder.<\/p>\n<h2>Oppdateringer av personvernerkl\u00e6ringen<\/h2>\n<p>Vi forbeholder oss retten til \u00e5 endre denne personvernerkl\u00e6ringen n\u00e5r det er n\u00f8dvendig. Etter oppdatering av personvernerkl\u00e6ringen vil vi endre oppdateringsdatoen nederst i dokumentet. Hvis du fortsetter \u00e5 bes\u00f8ke og bruke nettstedet v\u00e5rt etter oppdateringen av personvernerkl\u00e6ringen, vil vi behandle det som ditt stilltiende samtykke til endringene.  <\/p>\n<p><\/p>\n<p>Sist endret 11\/08\/2025<\/p>\n<p><\/p>\n","protected":false},"excerpt":{"rendered":"<p>For O\u00dc Furnico er personvernet ditt viktig, og vi overholder alle gjeldende lover og forskrifter n\u00e5r det gjelder personopplysninger som vi kan samle inn om deg n\u00e5r du bes\u00f8ker nettstedet v\u00e5rt hypnos.ee. Ved \u00e5 bruke nettstedet v\u00e5rt samtykker du i at vi samler inn og bruker opplysningene dine i samsvar med denne personvernerkl\u00e6ringen. Denne personvernerkl\u00e6ringen [&hellip;]<\/p>\n","protected":false},"author":1,"featured_media":0,"parent":0,"menu_order":0,"comment_status":"closed","ping_status":"closed","template":"templates\/normal-page.php","meta":{"_acf_changed":false,"footnotes":""},"class_list":["post-1941","page","type-page","status-publish","hentry"],"acf":[],"yoast_head":"<!-- This site is optimized with the Yoast SEO Premium plugin v26.0 (Yoast SEO v26.0) - https:\/\/yoast.com\/wordpress\/plugins\/seo\/ -->\n<title>Retningslinjer for personvern - Hypnos<\/title>\n<meta name=\"robots\" content=\"index, follow, max-snippet:-1, max-image-preview:large, max-video-preview:-1\" \/>\n<link rel=\"canonical\" href=\"https:\/\/hypnos.ee\/no\/retningslinjer-for-personvern\/\" \/>\n<meta property=\"og:locale\" content=\"nb_NO\" \/>\n<meta property=\"og:type\" content=\"article\" \/>\n<meta property=\"og:title\" content=\"Retningslinjer for personvern\" \/>\n<meta property=\"og:description\" content=\"For O\u00dc Furnico er personvernet ditt viktig, og vi overholder alle gjeldende lover og forskrifter n\u00e5r det gjelder personopplysninger som vi kan samle inn om deg n\u00e5r du bes\u00f8ker nettstedet v\u00e5rt hypnos.ee. Ved \u00e5 bruke nettstedet v\u00e5rt samtykker du i at vi samler inn og bruker opplysningene dine i samsvar med denne personvernerkl\u00e6ringen. Denne personvernerkl\u00e6ringen [&hellip;]\" \/>\n<meta property=\"og:url\" content=\"https:\/\/hypnos.ee\/no\/retningslinjer-for-personvern\/\" \/>\n<meta property=\"og:site_name\" content=\"Hypnos\" \/>\n<meta property=\"article:modified_time\" content=\"2025-08-11T12:51:06+00:00\" \/>\n<meta property=\"og:image\" content=\"https:\/\/hypnos.ee\/wp-content\/uploads\/2025\/08\/hypnos-banner.png\" \/>\n\t<meta property=\"og:image:width\" content=\"1280\" \/>\n\t<meta property=\"og:image:height\" content=\"720\" \/>\n\t<meta property=\"og:image:type\" content=\"image\/png\" \/>\n<meta name=\"twitter:card\" content=\"summary_large_image\" \/>\n<meta name=\"twitter:label1\" content=\"Ansl. lesetid\" \/>\n\t<meta name=\"twitter:data1\" content=\"9 minutter\" \/>\n<script type=\"application\/ld+json\" class=\"yoast-schema-graph\">{\"@context\":\"https:\/\/schema.org\",\"@graph\":[{\"@type\":\"WebPage\",\"@id\":\"https:\/\/hypnos.ee\/no\/retningslinjer-for-personvern\/\",\"url\":\"https:\/\/hypnos.ee\/no\/retningslinjer-for-personvern\/\",\"name\":\"Retningslinjer for personvern - Hypnos\",\"isPartOf\":{\"@id\":\"https:\/\/hypnos.ee\/no\/#website\"},\"datePublished\":\"2025-06-20T14:19:48+00:00\",\"dateModified\":\"2025-08-11T12:51:06+00:00\",\"breadcrumb\":{\"@id\":\"https:\/\/hypnos.ee\/no\/retningslinjer-for-personvern\/#breadcrumb\"},\"inLanguage\":\"nb-NO\",\"potentialAction\":[{\"@type\":\"ReadAction\",\"target\":[\"https:\/\/hypnos.ee\/no\/retningslinjer-for-personvern\/\"]}]},{\"@type\":\"BreadcrumbList\",\"@id\":\"https:\/\/hypnos.ee\/no\/retningslinjer-for-personvern\/#breadcrumb\",\"itemListElement\":[{\"@type\":\"ListItem\",\"position\":1,\"name\":\"Home\",\"item\":\"https:\/\/hypnos.ee\/no\/\"},{\"@type\":\"ListItem\",\"position\":2,\"name\":\"Retningslinjer for personvern\"}]},{\"@type\":\"WebSite\",\"@id\":\"https:\/\/hypnos.ee\/no\/#website\",\"url\":\"https:\/\/hypnos.ee\/no\/\",\"name\":\"Hypnos\",\"description\":\"T\u00f5stame unekogemust\",\"publisher\":{\"@id\":\"https:\/\/hypnos.ee\/no\/#organization\"},\"potentialAction\":[{\"@type\":\"SearchAction\",\"target\":{\"@type\":\"EntryPoint\",\"urlTemplate\":\"https:\/\/hypnos.ee\/no\/?s={search_term_string}\"},\"query-input\":{\"@type\":\"PropertyValueSpecification\",\"valueRequired\":true,\"valueName\":\"search_term_string\"}}],\"inLanguage\":\"nb-NO\"},{\"@type\":\"Organization\",\"@id\":\"https:\/\/hypnos.ee\/no\/#organization\",\"name\":\"Hypnos\",\"url\":\"https:\/\/hypnos.ee\/no\/\",\"logo\":{\"@type\":\"ImageObject\",\"inLanguage\":\"nb-NO\",\"@id\":\"https:\/\/hypnos.ee\/no\/#\/schema\/logo\/image\/\",\"url\":\"https:\/\/hypnos.ee\/wp-content\/uploads\/2025\/06\/cropped-Hypnos-fa.png\",\"contentUrl\":\"https:\/\/hypnos.ee\/wp-content\/uploads\/2025\/06\/cropped-Hypnos-fa.png\",\"width\":512,\"height\":512,\"caption\":\"Hypnos\"},\"image\":{\"@id\":\"https:\/\/hypnos.ee\/no\/#\/schema\/logo\/image\/\"}}]}<\/script>\n<!-- \/ Yoast SEO Premium plugin. -->","yoast_head_json":{"title":"Retningslinjer for personvern - Hypnos","robots":{"index":"index","follow":"follow","max-snippet":"max-snippet:-1","max-image-preview":"max-image-preview:large","max-video-preview":"max-video-preview:-1"},"canonical":"https:\/\/hypnos.ee\/no\/retningslinjer-for-personvern\/","og_locale":"nb_NO","og_type":"article","og_title":"Retningslinjer for personvern","og_description":"For O\u00dc Furnico er personvernet ditt viktig, og vi overholder alle gjeldende lover og forskrifter n\u00e5r det gjelder personopplysninger som vi kan samle inn om deg n\u00e5r du bes\u00f8ker nettstedet v\u00e5rt hypnos.ee. Ved \u00e5 bruke nettstedet v\u00e5rt samtykker du i at vi samler inn og bruker opplysningene dine i samsvar med denne personvernerkl\u00e6ringen. Denne personvernerkl\u00e6ringen [&hellip;]","og_url":"https:\/\/hypnos.ee\/no\/retningslinjer-for-personvern\/","og_site_name":"Hypnos","article_modified_time":"2025-08-11T12:51:06+00:00","og_image":[{"width":1280,"height":720,"url":"https:\/\/hypnos.ee\/wp-content\/uploads\/2025\/08\/hypnos-banner.png","type":"image\/png"}],"twitter_card":"summary_large_image","twitter_misc":{"Ansl. lesetid":"9 minutter"},"schema":{"@context":"https:\/\/schema.org","@graph":[{"@type":"WebPage","@id":"https:\/\/hypnos.ee\/no\/retningslinjer-for-personvern\/","url":"https:\/\/hypnos.ee\/no\/retningslinjer-for-personvern\/","name":"Retningslinjer for personvern - Hypnos","isPartOf":{"@id":"https:\/\/hypnos.ee\/no\/#website"},"datePublished":"2025-06-20T14:19:48+00:00","dateModified":"2025-08-11T12:51:06+00:00","breadcrumb":{"@id":"https:\/\/hypnos.ee\/no\/retningslinjer-for-personvern\/#breadcrumb"},"inLanguage":"nb-NO","potentialAction":[{"@type":"ReadAction","target":["https:\/\/hypnos.ee\/no\/retningslinjer-for-personvern\/"]}]},{"@type":"BreadcrumbList","@id":"https:\/\/hypnos.ee\/no\/retningslinjer-for-personvern\/#breadcrumb","itemListElement":[{"@type":"ListItem","position":1,"name":"Home","item":"https:\/\/hypnos.ee\/no\/"},{"@type":"ListItem","position":2,"name":"Retningslinjer for personvern"}]},{"@type":"WebSite","@id":"https:\/\/hypnos.ee\/no\/#website","url":"https:\/\/hypnos.ee\/no\/","name":"Hypnos","description":"T\u00f5stame unekogemust","publisher":{"@id":"https:\/\/hypnos.ee\/no\/#organization"},"potentialAction":[{"@type":"SearchAction","target":{"@type":"EntryPoint","urlTemplate":"https:\/\/hypnos.ee\/no\/?s={search_term_string}"},"query-input":{"@type":"PropertyValueSpecification","valueRequired":true,"valueName":"search_term_string"}}],"inLanguage":"nb-NO"},{"@type":"Organization","@id":"https:\/\/hypnos.ee\/no\/#organization","name":"Hypnos","url":"https:\/\/hypnos.ee\/no\/","logo":{"@type":"ImageObject","inLanguage":"nb-NO","@id":"https:\/\/hypnos.ee\/no\/#\/schema\/logo\/image\/","url":"https:\/\/hypnos.ee\/wp-content\/uploads\/2025\/06\/cropped-Hypnos-fa.png","contentUrl":"https:\/\/hypnos.ee\/wp-content\/uploads\/2025\/06\/cropped-Hypnos-fa.png","width":512,"height":512,"caption":"Hypnos"},"image":{"@id":"https:\/\/hypnos.ee\/no\/#\/schema\/logo\/image\/"}}]}},"_links":{"self":[{"href":"https:\/\/hypnos.ee\/no\/wp-json\/wp\/v2\/pages\/1941","targetHints":{"allow":["GET"]}}],"collection":[{"href":"https:\/\/hypnos.ee\/no\/wp-json\/wp\/v2\/pages"}],"about":[{"href":"https:\/\/hypnos.ee\/no\/wp-json\/wp\/v2\/types\/page"}],"author":[{"embeddable":true,"href":"https:\/\/hypnos.ee\/no\/wp-json\/wp\/v2\/users\/1"}],"replies":[{"embeddable":true,"href":"https:\/\/hypnos.ee\/no\/wp-json\/wp\/v2\/comments?post=1941"}],"version-history":[{"count":1,"href":"https:\/\/hypnos.ee\/no\/wp-json\/wp\/v2\/pages\/1941\/revisions"}],"predecessor-version":[{"id":3554,"href":"https:\/\/hypnos.ee\/no\/wp-json\/wp\/v2\/pages\/1941\/revisions\/3554"}],"wp:attachment":[{"href":"https:\/\/hypnos.ee\/no\/wp-json\/wp\/v2\/media?parent=1941"}],"curies":[{"name":"wp","href":"https:\/\/api.w.org\/{rel}","templated":true}]}}