{"id":3359,"date":"2025-03-26T13:39:31","date_gmt":"2025-03-26T11:39:31","guid":{"rendered":"https:\/\/hypnos.ee\/toode\/luna-mega-patja-6-cm\/"},"modified":"2025-03-26T13:39:31","modified_gmt":"2025-03-26T11:39:31","slug":"luna-mega-patja-6-cm","status":"publish","type":"product","link":"https:\/\/hypnos.ee\/fi\/tuote\/luna-mega-patja-6-cm\/","title":{"rendered":"Luna Mega patja 6 cm"},"content":{"rendered":"","protected":false},"excerpt":{"rendered":"<p data-key=\"eeWTo\"><strong>Kaksipuolinen mukavuus ja helppo huolto.<\/strong><\/p>\n<p data-key=\"A6k9y\">Luna Mega on patja, joka seuraa kehosi jokaista liikett\u00e4 ja tarjoaa vankan tuen ja mukavan rentoutumisen. Sen profiloidun untuvat\u00e4ytteen ansiosta se takaa erinomaisen ilmankierron ja kosteudenhallinnan, jotta her\u00e4\u00e4t aamulla raikkaana. Rengaslukon ansiosta p\u00e4\u00e4llinen voidaan irrottaa kahdessa osassa, mik\u00e4 tekee huollosta erityisen helppoa.  <\/p>\n","protected":false},"featured_media":3361,"comment_status":"closed","ping_status":"closed","template":"","meta":{"_acf_changed":false},"product_brand":[],"product_cat":[93],"product_tag":[],"class_list":{"0":"post-3359","1":"product","2":"type-product","3":"status-publish","4":"has-post-thumbnail","6":"product_cat-kattopatjat","8":"first","9":"instock","10":"shipping-taxable","11":"product-type-simple"},"acf":[],"yoast_head":"<!-- This site is optimized with the Yoast SEO Premium plugin v26.0 (Yoast SEO v26.0) - https:\/\/yoast.com\/wordpress\/plugins\/seo\/ -->\n<title>Luna Mega patja 6 cm - Hypnos<\/title>\n<meta name=\"robots\" content=\"index, follow, max-snippet:-1, max-image-preview:large, max-video-preview:-1\" \/>\n<link rel=\"canonical\" href=\"https:\/\/hypnos.ee\/fi\/tuote\/luna-mega-patja-6-cm\/\" \/>\n<meta property=\"og:locale\" content=\"fi_FI\" \/>\n<meta property=\"og:type\" content=\"article\" \/>\n<meta property=\"og:title\" content=\"Luna Mega patja 6 cm\" \/>\n<meta property=\"og:description\" content=\"Kaksipuolinen mukavuus ja helppo huolto. Luna Mega on patja, joka seuraa kehosi jokaista liikett\u00e4 ja tarjoaa vankan tuen ja mukavan rentoutumisen. Sen profiloidun untuvat\u00e4ytteen ansiosta se takaa erinomaisen ilmankierron ja kosteudenhallinnan, jotta her\u00e4\u00e4t aamulla raikkaana. Rengaslukon ansiosta p\u00e4\u00e4llinen voidaan irrottaa kahdessa osassa, mik\u00e4 tekee huollosta erityisen helppoa.\" \/>\n<meta property=\"og:url\" content=\"https:\/\/hypnos.ee\/fi\/tuote\/luna-mega-patja-6-cm\/\" \/>\n<meta property=\"og:site_name\" content=\"Hypnos\" \/>\n<meta property=\"og:image\" content=\"https:\/\/hypnos.ee\/wp-content\/uploads\/2025\/03\/luna-mega-2-kattemadrats_f_1_590_1.jpg\" \/>\n\t<meta property=\"og:image:width\" content=\"590\" \/>\n\t<meta property=\"og:image:height\" content=\"319\" \/>\n\t<meta property=\"og:image:type\" content=\"image\/jpeg\" \/>\n<meta name=\"twitter:card\" content=\"summary_large_image\" \/>\n<script type=\"application\/ld+json\" class=\"yoast-schema-graph\">{\"@context\":\"https:\/\/schema.org\",\"@graph\":[{\"@type\":\"WebPage\",\"@id\":\"https:\/\/hypnos.ee\/fi\/tuote\/luna-mega-patja-6-cm\/\",\"url\":\"https:\/\/hypnos.ee\/fi\/tuote\/luna-mega-patja-6-cm\/\",\"name\":\"Luna Mega patja 6 cm - Hypnos\",\"isPartOf\":{\"@id\":\"https:\/\/hypnos.ee\/fi\/#website\"},\"primaryImageOfPage\":{\"@id\":\"https:\/\/hypnos.ee\/fi\/tuote\/luna-mega-patja-6-cm\/#primaryimage\"},\"image\":{\"@id\":\"https:\/\/hypnos.ee\/fi\/tuote\/luna-mega-patja-6-cm\/#primaryimage\"},\"thumbnailUrl\":\"https:\/\/hypnos.ee\/wp-content\/uploads\/2025\/03\/luna-mega-2-kattemadrats_f_1_590_1.jpg\",\"datePublished\":\"2025-03-26T11:39:31+00:00\",\"breadcrumb\":{\"@id\":\"https:\/\/hypnos.ee\/fi\/tuote\/luna-mega-patja-6-cm\/#breadcrumb\"},\"inLanguage\":\"fi\",\"potentialAction\":[{\"@type\":\"ReadAction\",\"target\":[\"https:\/\/hypnos.ee\/fi\/tuote\/luna-mega-patja-6-cm\/\"]}]},{\"@type\":\"ImageObject\",\"inLanguage\":\"fi\",\"@id\":\"https:\/\/hypnos.ee\/fi\/tuote\/luna-mega-patja-6-cm\/#primaryimage\",\"url\":\"https:\/\/hypnos.ee\/wp-content\/uploads\/2025\/03\/luna-mega-2-kattemadrats_f_1_590_1.jpg\",\"contentUrl\":\"https:\/\/hypnos.ee\/wp-content\/uploads\/2025\/03\/luna-mega-2-kattemadrats_f_1_590_1.jpg\",\"width\":590,\"height\":319},{\"@type\":\"BreadcrumbList\",\"@id\":\"https:\/\/hypnos.ee\/fi\/tuote\/luna-mega-patja-6-cm\/#breadcrumb\",\"itemListElement\":[{\"@type\":\"ListItem\",\"position\":1,\"name\":\"Home\",\"item\":\"https:\/\/hypnos.ee\/fi\/\"},{\"@type\":\"ListItem\",\"position\":2,\"name\":\"Tuotteet\",\"item\":\"https:\/\/hypnos.ee\/tooted\/\"},{\"@type\":\"ListItem\",\"position\":3,\"name\":\"Luna Mega patja 6 cm\"}]},{\"@type\":\"WebSite\",\"@id\":\"https:\/\/hypnos.ee\/fi\/#website\",\"url\":\"https:\/\/hypnos.ee\/fi\/\",\"name\":\"Hypnos\",\"description\":\"T\u00f5stame unekogemust\",\"publisher\":{\"@id\":\"https:\/\/hypnos.ee\/fi\/#organization\"},\"potentialAction\":[{\"@type\":\"SearchAction\",\"target\":{\"@type\":\"EntryPoint\",\"urlTemplate\":\"https:\/\/hypnos.ee\/fi\/?s={search_term_string}\"},\"query-input\":{\"@type\":\"PropertyValueSpecification\",\"valueRequired\":true,\"valueName\":\"search_term_string\"}}],\"inLanguage\":\"fi\"},{\"@type\":\"Organization\",\"@id\":\"https:\/\/hypnos.ee\/fi\/#organization\",\"name\":\"Hypnos\",\"url\":\"https:\/\/hypnos.ee\/fi\/\",\"logo\":{\"@type\":\"ImageObject\",\"inLanguage\":\"fi\",\"@id\":\"https:\/\/hypnos.ee\/fi\/#\/schema\/logo\/image\/\",\"url\":\"https:\/\/hypnos.ee\/wp-content\/uploads\/2025\/06\/cropped-Hypnos-fa.png\",\"contentUrl\":\"https:\/\/hypnos.ee\/wp-content\/uploads\/2025\/06\/cropped-Hypnos-fa.png\",\"width\":512,\"height\":512,\"caption\":\"Hypnos\"},\"image\":{\"@id\":\"https:\/\/hypnos.ee\/fi\/#\/schema\/logo\/image\/\"}}]}<\/script>\n<!-- \/ Yoast SEO Premium plugin. -->","yoast_head_json":{"title":"Luna Mega patja 6 cm - Hypnos","robots":{"index":"index","follow":"follow","max-snippet":"max-snippet:-1","max-image-preview":"max-image-preview:large","max-video-preview":"max-video-preview:-1"},"canonical":"https:\/\/hypnos.ee\/fi\/tuote\/luna-mega-patja-6-cm\/","og_locale":"fi_FI","og_type":"article","og_title":"Luna Mega patja 6 cm","og_description":"Kaksipuolinen mukavuus ja helppo huolto. Luna Mega on patja, joka seuraa kehosi jokaista liikett\u00e4 ja tarjoaa vankan tuen ja mukavan rentoutumisen. Sen profiloidun untuvat\u00e4ytteen ansiosta se takaa erinomaisen ilmankierron ja kosteudenhallinnan, jotta her\u00e4\u00e4t aamulla raikkaana. Rengaslukon ansiosta p\u00e4\u00e4llinen voidaan irrottaa kahdessa osassa, mik\u00e4 tekee huollosta erityisen helppoa.","og_url":"https:\/\/hypnos.ee\/fi\/tuote\/luna-mega-patja-6-cm\/","og_site_name":"Hypnos","og_image":[{"width":590,"height":319,"url":"https:\/\/hypnos.ee\/wp-content\/uploads\/2025\/03\/luna-mega-2-kattemadrats_f_1_590_1.jpg","type":"image\/jpeg"}],"twitter_card":"summary_large_image","schema":{"@context":"https:\/\/schema.org","@graph":[{"@type":"WebPage","@id":"https:\/\/hypnos.ee\/fi\/tuote\/luna-mega-patja-6-cm\/","url":"https:\/\/hypnos.ee\/fi\/tuote\/luna-mega-patja-6-cm\/","name":"Luna Mega patja 6 cm - Hypnos","isPartOf":{"@id":"https:\/\/hypnos.ee\/fi\/#website"},"primaryImageOfPage":{"@id":"https:\/\/hypnos.ee\/fi\/tuote\/luna-mega-patja-6-cm\/#primaryimage"},"image":{"@id":"https:\/\/hypnos.ee\/fi\/tuote\/luna-mega-patja-6-cm\/#primaryimage"},"thumbnailUrl":"https:\/\/hypnos.ee\/wp-content\/uploads\/2025\/03\/luna-mega-2-kattemadrats_f_1_590_1.jpg","datePublished":"2025-03-26T11:39:31+00:00","breadcrumb":{"@id":"https:\/\/hypnos.ee\/fi\/tuote\/luna-mega-patja-6-cm\/#breadcrumb"},"inLanguage":"fi","potentialAction":[{"@type":"ReadAction","target":["https:\/\/hypnos.ee\/fi\/tuote\/luna-mega-patja-6-cm\/"]}]},{"@type":"ImageObject","inLanguage":"fi","@id":"https:\/\/hypnos.ee\/fi\/tuote\/luna-mega-patja-6-cm\/#primaryimage","url":"https:\/\/hypnos.ee\/wp-content\/uploads\/2025\/03\/luna-mega-2-kattemadrats_f_1_590_1.jpg","contentUrl":"https:\/\/hypnos.ee\/wp-content\/uploads\/2025\/03\/luna-mega-2-kattemadrats_f_1_590_1.jpg","width":590,"height":319},{"@type":"BreadcrumbList","@id":"https:\/\/hypnos.ee\/fi\/tuote\/luna-mega-patja-6-cm\/#breadcrumb","itemListElement":[{"@type":"ListItem","position":1,"name":"Home","item":"https:\/\/hypnos.ee\/fi\/"},{"@type":"ListItem","position":2,"name":"Tuotteet","item":"https:\/\/hypnos.ee\/tooted\/"},{"@type":"ListItem","position":3,"name":"Luna Mega patja 6 cm"}]},{"@type":"WebSite","@id":"https:\/\/hypnos.ee\/fi\/#website","url":"https:\/\/hypnos.ee\/fi\/","name":"Hypnos","description":"T\u00f5stame unekogemust","publisher":{"@id":"https:\/\/hypnos.ee\/fi\/#organization"},"potentialAction":[{"@type":"SearchAction","target":{"@type":"EntryPoint","urlTemplate":"https:\/\/hypnos.ee\/fi\/?s={search_term_string}"},"query-input":{"@type":"PropertyValueSpecification","valueRequired":true,"valueName":"search_term_string"}}],"inLanguage":"fi"},{"@type":"Organization","@id":"https:\/\/hypnos.ee\/fi\/#organization","name":"Hypnos","url":"https:\/\/hypnos.ee\/fi\/","logo":{"@type":"ImageObject","inLanguage":"fi","@id":"https:\/\/hypnos.ee\/fi\/#\/schema\/logo\/image\/","url":"https:\/\/hypnos.ee\/wp-content\/uploads\/2025\/06\/cropped-Hypnos-fa.png","contentUrl":"https:\/\/hypnos.ee\/wp-content\/uploads\/2025\/06\/cropped-Hypnos-fa.png","width":512,"height":512,"caption":"Hypnos"},"image":{"@id":"https:\/\/hypnos.ee\/fi\/#\/schema\/logo\/image\/"}}]}},"_links":{"self":[{"href":"https:\/\/hypnos.ee\/fi\/wp-json\/wp\/v2\/product\/3359","targetHints":{"allow":["GET"]}}],"collection":[{"href":"https:\/\/hypnos.ee\/fi\/wp-json\/wp\/v2\/product"}],"about":[{"href":"https:\/\/hypnos.ee\/fi\/wp-json\/wp\/v2\/types\/product"}],"replies":[{"embeddable":true,"href":"https:\/\/hypnos.ee\/fi\/wp-json\/wp\/v2\/comments?post=3359"}],"wp:featuredmedia":[{"embeddable":true,"href":"https:\/\/hypnos.ee\/fi\/wp-json\/wp\/v2\/media\/3361"}],"wp:attachment":[{"href":"https:\/\/hypnos.ee\/fi\/wp-json\/wp\/v2\/media?parent=3359"}],"wp:term":[{"taxonomy":"product_brand","embeddable":true,"href":"https:\/\/hypnos.ee\/fi\/wp-json\/wp\/v2\/product_brand?post=3359"},{"taxonomy":"product_cat","embeddable":true,"href":"https:\/\/hypnos.ee\/fi\/wp-json\/wp\/v2\/product_cat?post=3359"},{"taxonomy":"product_tag","embeddable":true,"href":"https:\/\/hypnos.ee\/fi\/wp-json\/wp\/v2\/product_tag?post=3359"}],"curies":[{"name":"wp","href":"https:\/\/api.w.org\/{rel}","templated":true}]}}