{"id":3339,"date":"2025-03-26T13:35:39","date_gmt":"2025-03-26T11:35:39","guid":{"rendered":"https:\/\/hypnos.ee\/toode\/diana-mega-patja-6-cm\/"},"modified":"2025-03-26T13:35:39","modified_gmt":"2025-03-26T11:35:39","slug":"diana-mega-patja-6-cm","status":"publish","type":"product","link":"https:\/\/hypnos.ee\/fi\/tuote\/diana-mega-patja-6-cm\/","title":{"rendered":"Diana Mega patja 6 cm"},"content":{"rendered":"","protected":false},"excerpt":{"rendered":"<p data-key=\"ILLSo\"><strong>Mukava ja vartaloa my\u00f6t\u00e4ilev\u00e4 mukavuus jokaiseen uneen.<\/strong><\/p>\n<p data-key=\"Hpk4k\">Diana Mega -patja on ihanteellinen niille, jotka haluavat pehme\u00e4n ja ilmavan nukkumiskokemuksen. Profiloitu untuvapeitto takaa ilmankierron ja kosteudensiirron. Kaksipuolisen k\u00e4yt\u00f6n ansiosta voit valita oikean kiinteyden. Sile\u00e4 puoli on j\u00e4ykempi, profiloitu puoli on pehme\u00e4mpi.   <\/p>\n","protected":false},"featured_media":3340,"comment_status":"closed","ping_status":"closed","template":"","meta":{"_acf_changed":false},"product_brand":[],"product_cat":[93],"product_tag":[],"class_list":{"0":"post-3339","1":"product","2":"type-product","3":"status-publish","4":"has-post-thumbnail","6":"product_cat-kattopatjat","8":"first","9":"instock","10":"shipping-taxable","11":"product-type-simple"},"acf":[],"yoast_head":"<!-- This site is optimized with the Yoast SEO Premium plugin v26.0 (Yoast SEO v26.0) - https:\/\/yoast.com\/wordpress\/plugins\/seo\/ -->\n<title>Diana Mega patja 6 cm - Hypnos<\/title>\n<meta name=\"robots\" content=\"index, follow, max-snippet:-1, max-image-preview:large, max-video-preview:-1\" \/>\n<link rel=\"canonical\" href=\"https:\/\/hypnos.ee\/fi\/tuote\/diana-mega-patja-6-cm\/\" \/>\n<meta property=\"og:locale\" content=\"fi_FI\" \/>\n<meta property=\"og:type\" content=\"article\" \/>\n<meta property=\"og:title\" content=\"Diana Mega patja 6 cm\" \/>\n<meta property=\"og:description\" content=\"Mukava ja vartaloa my\u00f6t\u00e4ilev\u00e4 mukavuus jokaiseen uneen. Diana Mega -patja on ihanteellinen niille, jotka haluavat pehme\u00e4n ja ilmavan nukkumiskokemuksen. Profiloitu untuvapeitto takaa ilmankierron ja kosteudensiirron. Kaksipuolisen k\u00e4yt\u00f6n ansiosta voit valita oikean kiinteyden. Sile\u00e4 puoli on j\u00e4ykempi, profiloitu puoli on pehme\u00e4mpi.\" \/>\n<meta property=\"og:url\" content=\"https:\/\/hypnos.ee\/fi\/tuote\/diana-mega-patja-6-cm\/\" \/>\n<meta property=\"og:site_name\" content=\"Hypnos\" \/>\n<meta property=\"og:image\" content=\"https:\/\/hypnos.ee\/wp-content\/uploads\/2025\/03\/diana-mega-kattemadrats-6-cm_f_1_590_1.jpg\" \/>\n\t<meta property=\"og:image:width\" content=\"590\" \/>\n\t<meta property=\"og:image:height\" content=\"386\" \/>\n\t<meta property=\"og:image:type\" content=\"image\/jpeg\" \/>\n<meta name=\"twitter:card\" content=\"summary_large_image\" \/>\n<script type=\"application\/ld+json\" class=\"yoast-schema-graph\">{\"@context\":\"https:\/\/schema.org\",\"@graph\":[{\"@type\":\"WebPage\",\"@id\":\"https:\/\/hypnos.ee\/fi\/tuote\/diana-mega-patja-6-cm\/\",\"url\":\"https:\/\/hypnos.ee\/fi\/tuote\/diana-mega-patja-6-cm\/\",\"name\":\"Diana Mega patja 6 cm - Hypnos\",\"isPartOf\":{\"@id\":\"https:\/\/hypnos.ee\/fi\/#website\"},\"primaryImageOfPage\":{\"@id\":\"https:\/\/hypnos.ee\/fi\/tuote\/diana-mega-patja-6-cm\/#primaryimage\"},\"image\":{\"@id\":\"https:\/\/hypnos.ee\/fi\/tuote\/diana-mega-patja-6-cm\/#primaryimage\"},\"thumbnailUrl\":\"https:\/\/hypnos.ee\/wp-content\/uploads\/2025\/03\/diana-mega-kattemadrats-6-cm_f_1_590_1.jpg\",\"datePublished\":\"2025-03-26T11:35:39+00:00\",\"breadcrumb\":{\"@id\":\"https:\/\/hypnos.ee\/fi\/tuote\/diana-mega-patja-6-cm\/#breadcrumb\"},\"inLanguage\":\"fi\",\"potentialAction\":[{\"@type\":\"ReadAction\",\"target\":[\"https:\/\/hypnos.ee\/fi\/tuote\/diana-mega-patja-6-cm\/\"]}]},{\"@type\":\"ImageObject\",\"inLanguage\":\"fi\",\"@id\":\"https:\/\/hypnos.ee\/fi\/tuote\/diana-mega-patja-6-cm\/#primaryimage\",\"url\":\"https:\/\/hypnos.ee\/wp-content\/uploads\/2025\/03\/diana-mega-kattemadrats-6-cm_f_1_590_1.jpg\",\"contentUrl\":\"https:\/\/hypnos.ee\/wp-content\/uploads\/2025\/03\/diana-mega-kattemadrats-6-cm_f_1_590_1.jpg\",\"width\":590,\"height\":386},{\"@type\":\"BreadcrumbList\",\"@id\":\"https:\/\/hypnos.ee\/fi\/tuote\/diana-mega-patja-6-cm\/#breadcrumb\",\"itemListElement\":[{\"@type\":\"ListItem\",\"position\":1,\"name\":\"Home\",\"item\":\"https:\/\/hypnos.ee\/fi\/\"},{\"@type\":\"ListItem\",\"position\":2,\"name\":\"Tuotteet\",\"item\":\"https:\/\/hypnos.ee\/tooted\/\"},{\"@type\":\"ListItem\",\"position\":3,\"name\":\"Diana Mega patja 6 cm\"}]},{\"@type\":\"WebSite\",\"@id\":\"https:\/\/hypnos.ee\/fi\/#website\",\"url\":\"https:\/\/hypnos.ee\/fi\/\",\"name\":\"Hypnos\",\"description\":\"T\u00f5stame unekogemust\",\"publisher\":{\"@id\":\"https:\/\/hypnos.ee\/fi\/#organization\"},\"potentialAction\":[{\"@type\":\"SearchAction\",\"target\":{\"@type\":\"EntryPoint\",\"urlTemplate\":\"https:\/\/hypnos.ee\/fi\/?s={search_term_string}\"},\"query-input\":{\"@type\":\"PropertyValueSpecification\",\"valueRequired\":true,\"valueName\":\"search_term_string\"}}],\"inLanguage\":\"fi\"},{\"@type\":\"Organization\",\"@id\":\"https:\/\/hypnos.ee\/fi\/#organization\",\"name\":\"Hypnos\",\"url\":\"https:\/\/hypnos.ee\/fi\/\",\"logo\":{\"@type\":\"ImageObject\",\"inLanguage\":\"fi\",\"@id\":\"https:\/\/hypnos.ee\/fi\/#\/schema\/logo\/image\/\",\"url\":\"https:\/\/hypnos.ee\/wp-content\/uploads\/2025\/06\/cropped-Hypnos-fa.png\",\"contentUrl\":\"https:\/\/hypnos.ee\/wp-content\/uploads\/2025\/06\/cropped-Hypnos-fa.png\",\"width\":512,\"height\":512,\"caption\":\"Hypnos\"},\"image\":{\"@id\":\"https:\/\/hypnos.ee\/fi\/#\/schema\/logo\/image\/\"}}]}<\/script>\n<!-- \/ Yoast SEO Premium plugin. -->","yoast_head_json":{"title":"Diana Mega patja 6 cm - Hypnos","robots":{"index":"index","follow":"follow","max-snippet":"max-snippet:-1","max-image-preview":"max-image-preview:large","max-video-preview":"max-video-preview:-1"},"canonical":"https:\/\/hypnos.ee\/fi\/tuote\/diana-mega-patja-6-cm\/","og_locale":"fi_FI","og_type":"article","og_title":"Diana Mega patja 6 cm","og_description":"Mukava ja vartaloa my\u00f6t\u00e4ilev\u00e4 mukavuus jokaiseen uneen. Diana Mega -patja on ihanteellinen niille, jotka haluavat pehme\u00e4n ja ilmavan nukkumiskokemuksen. Profiloitu untuvapeitto takaa ilmankierron ja kosteudensiirron. Kaksipuolisen k\u00e4yt\u00f6n ansiosta voit valita oikean kiinteyden. Sile\u00e4 puoli on j\u00e4ykempi, profiloitu puoli on pehme\u00e4mpi.","og_url":"https:\/\/hypnos.ee\/fi\/tuote\/diana-mega-patja-6-cm\/","og_site_name":"Hypnos","og_image":[{"width":590,"height":386,"url":"https:\/\/hypnos.ee\/wp-content\/uploads\/2025\/03\/diana-mega-kattemadrats-6-cm_f_1_590_1.jpg","type":"image\/jpeg"}],"twitter_card":"summary_large_image","schema":{"@context":"https:\/\/schema.org","@graph":[{"@type":"WebPage","@id":"https:\/\/hypnos.ee\/fi\/tuote\/diana-mega-patja-6-cm\/","url":"https:\/\/hypnos.ee\/fi\/tuote\/diana-mega-patja-6-cm\/","name":"Diana Mega patja 6 cm - Hypnos","isPartOf":{"@id":"https:\/\/hypnos.ee\/fi\/#website"},"primaryImageOfPage":{"@id":"https:\/\/hypnos.ee\/fi\/tuote\/diana-mega-patja-6-cm\/#primaryimage"},"image":{"@id":"https:\/\/hypnos.ee\/fi\/tuote\/diana-mega-patja-6-cm\/#primaryimage"},"thumbnailUrl":"https:\/\/hypnos.ee\/wp-content\/uploads\/2025\/03\/diana-mega-kattemadrats-6-cm_f_1_590_1.jpg","datePublished":"2025-03-26T11:35:39+00:00","breadcrumb":{"@id":"https:\/\/hypnos.ee\/fi\/tuote\/diana-mega-patja-6-cm\/#breadcrumb"},"inLanguage":"fi","potentialAction":[{"@type":"ReadAction","target":["https:\/\/hypnos.ee\/fi\/tuote\/diana-mega-patja-6-cm\/"]}]},{"@type":"ImageObject","inLanguage":"fi","@id":"https:\/\/hypnos.ee\/fi\/tuote\/diana-mega-patja-6-cm\/#primaryimage","url":"https:\/\/hypnos.ee\/wp-content\/uploads\/2025\/03\/diana-mega-kattemadrats-6-cm_f_1_590_1.jpg","contentUrl":"https:\/\/hypnos.ee\/wp-content\/uploads\/2025\/03\/diana-mega-kattemadrats-6-cm_f_1_590_1.jpg","width":590,"height":386},{"@type":"BreadcrumbList","@id":"https:\/\/hypnos.ee\/fi\/tuote\/diana-mega-patja-6-cm\/#breadcrumb","itemListElement":[{"@type":"ListItem","position":1,"name":"Home","item":"https:\/\/hypnos.ee\/fi\/"},{"@type":"ListItem","position":2,"name":"Tuotteet","item":"https:\/\/hypnos.ee\/tooted\/"},{"@type":"ListItem","position":3,"name":"Diana Mega patja 6 cm"}]},{"@type":"WebSite","@id":"https:\/\/hypnos.ee\/fi\/#website","url":"https:\/\/hypnos.ee\/fi\/","name":"Hypnos","description":"T\u00f5stame unekogemust","publisher":{"@id":"https:\/\/hypnos.ee\/fi\/#organization"},"potentialAction":[{"@type":"SearchAction","target":{"@type":"EntryPoint","urlTemplate":"https:\/\/hypnos.ee\/fi\/?s={search_term_string}"},"query-input":{"@type":"PropertyValueSpecification","valueRequired":true,"valueName":"search_term_string"}}],"inLanguage":"fi"},{"@type":"Organization","@id":"https:\/\/hypnos.ee\/fi\/#organization","name":"Hypnos","url":"https:\/\/hypnos.ee\/fi\/","logo":{"@type":"ImageObject","inLanguage":"fi","@id":"https:\/\/hypnos.ee\/fi\/#\/schema\/logo\/image\/","url":"https:\/\/hypnos.ee\/wp-content\/uploads\/2025\/06\/cropped-Hypnos-fa.png","contentUrl":"https:\/\/hypnos.ee\/wp-content\/uploads\/2025\/06\/cropped-Hypnos-fa.png","width":512,"height":512,"caption":"Hypnos"},"image":{"@id":"https:\/\/hypnos.ee\/fi\/#\/schema\/logo\/image\/"}}]}},"_links":{"self":[{"href":"https:\/\/hypnos.ee\/fi\/wp-json\/wp\/v2\/product\/3339","targetHints":{"allow":["GET"]}}],"collection":[{"href":"https:\/\/hypnos.ee\/fi\/wp-json\/wp\/v2\/product"}],"about":[{"href":"https:\/\/hypnos.ee\/fi\/wp-json\/wp\/v2\/types\/product"}],"replies":[{"embeddable":true,"href":"https:\/\/hypnos.ee\/fi\/wp-json\/wp\/v2\/comments?post=3339"}],"wp:featuredmedia":[{"embeddable":true,"href":"https:\/\/hypnos.ee\/fi\/wp-json\/wp\/v2\/media\/3340"}],"wp:attachment":[{"href":"https:\/\/hypnos.ee\/fi\/wp-json\/wp\/v2\/media?parent=3339"}],"wp:term":[{"taxonomy":"product_brand","embeddable":true,"href":"https:\/\/hypnos.ee\/fi\/wp-json\/wp\/v2\/product_brand?post=3339"},{"taxonomy":"product_cat","embeddable":true,"href":"https:\/\/hypnos.ee\/fi\/wp-json\/wp\/v2\/product_cat?post=3339"},{"taxonomy":"product_tag","embeddable":true,"href":"https:\/\/hypnos.ee\/fi\/wp-json\/wp\/v2\/product_tag?post=3339"}],"curies":[{"name":"wp","href":"https:\/\/api.w.org\/{rel}","templated":true}]}}