{"id":3311,"date":"2025-03-26T14:40:20","date_gmt":"2025-03-26T12:40:20","guid":{"rendered":"https:\/\/hypnos.ee\/toode\/artemis-saadettava-sanky-jossa-on-pesuallas\/"},"modified":"2025-03-26T14:40:20","modified_gmt":"2025-03-26T12:40:20","slug":"artemis-saadettava-sanky-jossa-on-pesuallas","status":"publish","type":"product","link":"https:\/\/hypnos.ee\/fi\/tuote\/artemis-saadettava-sanky-jossa-on-pesuallas\/","title":{"rendered":"Artemis s\u00e4\u00e4dett\u00e4v\u00e4 s\u00e4nky, jossa on pesuallas"},"content":{"rendered":"","protected":false},"excerpt":{"rendered":"<p data-key=\"jUCQL\"><strong>Monipuolinen ja mukava s\u00e4nky, jossa on s\u00e4\u00e4dett\u00e4v\u00e4t p\u00e4\u00e4t ja piilotettu s\u00e4ilytystila.<\/strong><\/p>\n<p data-key=\"aG52h\">Artemis on loistava ratkaisu niille, jotka arvostavat lis\u00e4toimintoja sek\u00e4 mukavuuden ett\u00e4 s\u00e4ilytyksen osalta. S\u00e4ngyn p\u00e4\u00e4ty ja jalkalauta voidaan nostaa k\u00e4sin sopivaan asentoon, mik\u00e4 antaa lis\u00e4tukea esimerkiksi lukemiseen tai jalkojen kohottamiseen. <\/p>\n<p data-key=\"XcY5k\">Tukevaan melamiinipinnoitettuun pyykkikoriin mahtuu mukavasti painavimmatkin tavarat. Taskujousipatjaosa (16 cm, 245 jousta\/m\u00b2, 2,0 mm:n lanka) tarjoaa tukevan ja tasapainoisen tuen. <\/p>\n<p data-key=\"fKGnL\">Pehmuste on valmistettu korkealaatuisesta 2 cm:n porolone-pehmusteesta, ja jousilohko on tuettu vahvistetulla vanerialustalla.<\/p>\n<p data-key=\"KSLKi\">S\u00e4nky on viimeistelty kest\u00e4v\u00e4ll\u00e4 verhoilukankaalla tai keinonahalla, joka kest\u00e4\u00e4 ja n\u00e4ytt\u00e4\u00e4 upealta.<br \/>\nLis\u00e4\u00e4 s\u00e4ngyn s\u00e4ngyn settiin sopiva patja ja s\u00e4ngyn p\u00e4\u00e4ty, niin saat juuri sinulle sopivan kokonaisratkaisun.<\/p>\n","protected":false},"featured_media":3313,"comment_status":"closed","ping_status":"closed","template":"","meta":{"_acf_changed":false},"product_brand":[],"product_cat":[107],"product_tag":[],"class_list":{"0":"post-3311","1":"product","2":"type-product","3":"status-publish","4":"has-post-thumbnail","6":"product_cat-sangyt-joissa-on-pesula","8":"first","9":"instock","10":"shipping-taxable","11":"product-type-simple"},"acf":[],"yoast_head":"<!-- This site is optimized with the Yoast SEO Premium plugin v26.0 (Yoast SEO v26.0) - https:\/\/yoast.com\/wordpress\/plugins\/seo\/ -->\n<title>Artemis s\u00e4\u00e4dett\u00e4v\u00e4 s\u00e4nky, jossa on pesuallas - Hypnos<\/title>\n<meta name=\"robots\" content=\"index, follow, max-snippet:-1, max-image-preview:large, max-video-preview:-1\" \/>\n<link rel=\"canonical\" href=\"https:\/\/hypnos.ee\/fi\/tuote\/artemis-saadettava-sanky-jossa-on-pesuallas\/\" \/>\n<meta property=\"og:locale\" content=\"fi_FI\" \/>\n<meta property=\"og:type\" content=\"article\" \/>\n<meta property=\"og:title\" content=\"Artemis s\u00e4\u00e4dett\u00e4v\u00e4 s\u00e4nky, jossa on pesuallas\" \/>\n<meta property=\"og:description\" content=\"Monipuolinen ja mukava s\u00e4nky, jossa on s\u00e4\u00e4dett\u00e4v\u00e4t p\u00e4\u00e4t ja piilotettu s\u00e4ilytystila. Artemis on loistava ratkaisu niille, jotka arvostavat lis\u00e4toimintoja sek\u00e4 mukavuuden ett\u00e4 s\u00e4ilytyksen osalta. S\u00e4ngyn p\u00e4\u00e4ty ja jalkalauta voidaan nostaa k\u00e4sin sopivaan asentoon, mik\u00e4 antaa lis\u00e4tukea esimerkiksi lukemiseen tai jalkojen kohottamiseen. Tukevaan melamiinipinnoitettuun pyykkikoriin mahtuu mukavasti painavimmatkin tavarat. Taskujousipatjaosa (16 cm, 245 jousta\/m\u00b2, 2,0 mm:n lanka) tarjoaa tukevan ja tasapainoisen tuen. Pehmuste on valmistettu korkealaatuisesta 2 cm:n porolone-pehmusteesta, ja jousilohko on tuettu vahvistetulla vanerialustalla. S\u00e4nky on viimeistelty kest\u00e4v\u00e4ll\u00e4 verhoilukankaalla tai keinonahalla, joka kest\u00e4\u00e4 ja n\u00e4ytt\u00e4\u00e4 upealta. Lis\u00e4\u00e4 s\u00e4ngyn s\u00e4ngyn settiin sopiva patja ja s\u00e4ngyn p\u00e4\u00e4ty, niin saat juuri sinulle sopivan kokonaisratkaisun.\" \/>\n<meta property=\"og:url\" content=\"https:\/\/hypnos.ee\/fi\/tuote\/artemis-saadettava-sanky-jossa-on-pesuallas\/\" \/>\n<meta property=\"og:site_name\" content=\"Hypnos\" \/>\n<meta property=\"og:image\" content=\"https:\/\/hypnos.ee\/wp-content\/uploads\/2025\/03\/pesukastiga-voodi-athena_f_1_590_1.jpg\" \/>\n\t<meta property=\"og:image:width\" content=\"590\" \/>\n\t<meta property=\"og:image:height\" content=\"394\" \/>\n\t<meta property=\"og:image:type\" content=\"image\/jpeg\" \/>\n<meta name=\"twitter:card\" content=\"summary_large_image\" \/>\n<script type=\"application\/ld+json\" class=\"yoast-schema-graph\">{\"@context\":\"https:\/\/schema.org\",\"@graph\":[{\"@type\":\"WebPage\",\"@id\":\"https:\/\/hypnos.ee\/fi\/tuote\/artemis-saadettava-sanky-jossa-on-pesuallas\/\",\"url\":\"https:\/\/hypnos.ee\/fi\/tuote\/artemis-saadettava-sanky-jossa-on-pesuallas\/\",\"name\":\"Artemis s\u00e4\u00e4dett\u00e4v\u00e4 s\u00e4nky, jossa on pesuallas - Hypnos\",\"isPartOf\":{\"@id\":\"https:\/\/hypnos.ee\/fi\/#website\"},\"primaryImageOfPage\":{\"@id\":\"https:\/\/hypnos.ee\/fi\/tuote\/artemis-saadettava-sanky-jossa-on-pesuallas\/#primaryimage\"},\"image\":{\"@id\":\"https:\/\/hypnos.ee\/fi\/tuote\/artemis-saadettava-sanky-jossa-on-pesuallas\/#primaryimage\"},\"thumbnailUrl\":\"https:\/\/hypnos.ee\/wp-content\/uploads\/2025\/03\/pesukastiga-voodi-athena_f_1_590_1.jpg\",\"datePublished\":\"2025-03-26T12:40:20+00:00\",\"breadcrumb\":{\"@id\":\"https:\/\/hypnos.ee\/fi\/tuote\/artemis-saadettava-sanky-jossa-on-pesuallas\/#breadcrumb\"},\"inLanguage\":\"fi\",\"potentialAction\":[{\"@type\":\"ReadAction\",\"target\":[\"https:\/\/hypnos.ee\/fi\/tuote\/artemis-saadettava-sanky-jossa-on-pesuallas\/\"]}]},{\"@type\":\"ImageObject\",\"inLanguage\":\"fi\",\"@id\":\"https:\/\/hypnos.ee\/fi\/tuote\/artemis-saadettava-sanky-jossa-on-pesuallas\/#primaryimage\",\"url\":\"https:\/\/hypnos.ee\/wp-content\/uploads\/2025\/03\/pesukastiga-voodi-athena_f_1_590_1.jpg\",\"contentUrl\":\"https:\/\/hypnos.ee\/wp-content\/uploads\/2025\/03\/pesukastiga-voodi-athena_f_1_590_1.jpg\",\"width\":590,\"height\":394},{\"@type\":\"BreadcrumbList\",\"@id\":\"https:\/\/hypnos.ee\/fi\/tuote\/artemis-saadettava-sanky-jossa-on-pesuallas\/#breadcrumb\",\"itemListElement\":[{\"@type\":\"ListItem\",\"position\":1,\"name\":\"Home\",\"item\":\"https:\/\/hypnos.ee\/fi\/\"},{\"@type\":\"ListItem\",\"position\":2,\"name\":\"Tuotteet\",\"item\":\"https:\/\/hypnos.ee\/tooted\/\"},{\"@type\":\"ListItem\",\"position\":3,\"name\":\"Artemis s\u00e4\u00e4dett\u00e4v\u00e4 s\u00e4nky, jossa on pesuallas\"}]},{\"@type\":\"WebSite\",\"@id\":\"https:\/\/hypnos.ee\/fi\/#website\",\"url\":\"https:\/\/hypnos.ee\/fi\/\",\"name\":\"Hypnos\",\"description\":\"T\u00f5stame unekogemust\",\"publisher\":{\"@id\":\"https:\/\/hypnos.ee\/fi\/#organization\"},\"potentialAction\":[{\"@type\":\"SearchAction\",\"target\":{\"@type\":\"EntryPoint\",\"urlTemplate\":\"https:\/\/hypnos.ee\/fi\/?s={search_term_string}\"},\"query-input\":{\"@type\":\"PropertyValueSpecification\",\"valueRequired\":true,\"valueName\":\"search_term_string\"}}],\"inLanguage\":\"fi\"},{\"@type\":\"Organization\",\"@id\":\"https:\/\/hypnos.ee\/fi\/#organization\",\"name\":\"Hypnos\",\"url\":\"https:\/\/hypnos.ee\/fi\/\",\"logo\":{\"@type\":\"ImageObject\",\"inLanguage\":\"fi\",\"@id\":\"https:\/\/hypnos.ee\/fi\/#\/schema\/logo\/image\/\",\"url\":\"https:\/\/hypnos.ee\/wp-content\/uploads\/2025\/06\/cropped-Hypnos-fa.png\",\"contentUrl\":\"https:\/\/hypnos.ee\/wp-content\/uploads\/2025\/06\/cropped-Hypnos-fa.png\",\"width\":512,\"height\":512,\"caption\":\"Hypnos\"},\"image\":{\"@id\":\"https:\/\/hypnos.ee\/fi\/#\/schema\/logo\/image\/\"}}]}<\/script>\n<!-- \/ Yoast SEO Premium plugin. -->","yoast_head_json":{"title":"Artemis s\u00e4\u00e4dett\u00e4v\u00e4 s\u00e4nky, jossa on pesuallas - Hypnos","robots":{"index":"index","follow":"follow","max-snippet":"max-snippet:-1","max-image-preview":"max-image-preview:large","max-video-preview":"max-video-preview:-1"},"canonical":"https:\/\/hypnos.ee\/fi\/tuote\/artemis-saadettava-sanky-jossa-on-pesuallas\/","og_locale":"fi_FI","og_type":"article","og_title":"Artemis s\u00e4\u00e4dett\u00e4v\u00e4 s\u00e4nky, jossa on pesuallas","og_description":"Monipuolinen ja mukava s\u00e4nky, jossa on s\u00e4\u00e4dett\u00e4v\u00e4t p\u00e4\u00e4t ja piilotettu s\u00e4ilytystila. Artemis on loistava ratkaisu niille, jotka arvostavat lis\u00e4toimintoja sek\u00e4 mukavuuden ett\u00e4 s\u00e4ilytyksen osalta. S\u00e4ngyn p\u00e4\u00e4ty ja jalkalauta voidaan nostaa k\u00e4sin sopivaan asentoon, mik\u00e4 antaa lis\u00e4tukea esimerkiksi lukemiseen tai jalkojen kohottamiseen. Tukevaan melamiinipinnoitettuun pyykkikoriin mahtuu mukavasti painavimmatkin tavarat. Taskujousipatjaosa (16 cm, 245 jousta\/m\u00b2, 2,0 mm:n lanka) tarjoaa tukevan ja tasapainoisen tuen. Pehmuste on valmistettu korkealaatuisesta 2 cm:n porolone-pehmusteesta, ja jousilohko on tuettu vahvistetulla vanerialustalla. S\u00e4nky on viimeistelty kest\u00e4v\u00e4ll\u00e4 verhoilukankaalla tai keinonahalla, joka kest\u00e4\u00e4 ja n\u00e4ytt\u00e4\u00e4 upealta. Lis\u00e4\u00e4 s\u00e4ngyn s\u00e4ngyn settiin sopiva patja ja s\u00e4ngyn p\u00e4\u00e4ty, niin saat juuri sinulle sopivan kokonaisratkaisun.","og_url":"https:\/\/hypnos.ee\/fi\/tuote\/artemis-saadettava-sanky-jossa-on-pesuallas\/","og_site_name":"Hypnos","og_image":[{"width":590,"height":394,"url":"https:\/\/hypnos.ee\/wp-content\/uploads\/2025\/03\/pesukastiga-voodi-athena_f_1_590_1.jpg","type":"image\/jpeg"}],"twitter_card":"summary_large_image","schema":{"@context":"https:\/\/schema.org","@graph":[{"@type":"WebPage","@id":"https:\/\/hypnos.ee\/fi\/tuote\/artemis-saadettava-sanky-jossa-on-pesuallas\/","url":"https:\/\/hypnos.ee\/fi\/tuote\/artemis-saadettava-sanky-jossa-on-pesuallas\/","name":"Artemis s\u00e4\u00e4dett\u00e4v\u00e4 s\u00e4nky, jossa on pesuallas - Hypnos","isPartOf":{"@id":"https:\/\/hypnos.ee\/fi\/#website"},"primaryImageOfPage":{"@id":"https:\/\/hypnos.ee\/fi\/tuote\/artemis-saadettava-sanky-jossa-on-pesuallas\/#primaryimage"},"image":{"@id":"https:\/\/hypnos.ee\/fi\/tuote\/artemis-saadettava-sanky-jossa-on-pesuallas\/#primaryimage"},"thumbnailUrl":"https:\/\/hypnos.ee\/wp-content\/uploads\/2025\/03\/pesukastiga-voodi-athena_f_1_590_1.jpg","datePublished":"2025-03-26T12:40:20+00:00","breadcrumb":{"@id":"https:\/\/hypnos.ee\/fi\/tuote\/artemis-saadettava-sanky-jossa-on-pesuallas\/#breadcrumb"},"inLanguage":"fi","potentialAction":[{"@type":"ReadAction","target":["https:\/\/hypnos.ee\/fi\/tuote\/artemis-saadettava-sanky-jossa-on-pesuallas\/"]}]},{"@type":"ImageObject","inLanguage":"fi","@id":"https:\/\/hypnos.ee\/fi\/tuote\/artemis-saadettava-sanky-jossa-on-pesuallas\/#primaryimage","url":"https:\/\/hypnos.ee\/wp-content\/uploads\/2025\/03\/pesukastiga-voodi-athena_f_1_590_1.jpg","contentUrl":"https:\/\/hypnos.ee\/wp-content\/uploads\/2025\/03\/pesukastiga-voodi-athena_f_1_590_1.jpg","width":590,"height":394},{"@type":"BreadcrumbList","@id":"https:\/\/hypnos.ee\/fi\/tuote\/artemis-saadettava-sanky-jossa-on-pesuallas\/#breadcrumb","itemListElement":[{"@type":"ListItem","position":1,"name":"Home","item":"https:\/\/hypnos.ee\/fi\/"},{"@type":"ListItem","position":2,"name":"Tuotteet","item":"https:\/\/hypnos.ee\/tooted\/"},{"@type":"ListItem","position":3,"name":"Artemis s\u00e4\u00e4dett\u00e4v\u00e4 s\u00e4nky, jossa on pesuallas"}]},{"@type":"WebSite","@id":"https:\/\/hypnos.ee\/fi\/#website","url":"https:\/\/hypnos.ee\/fi\/","name":"Hypnos","description":"T\u00f5stame unekogemust","publisher":{"@id":"https:\/\/hypnos.ee\/fi\/#organization"},"potentialAction":[{"@type":"SearchAction","target":{"@type":"EntryPoint","urlTemplate":"https:\/\/hypnos.ee\/fi\/?s={search_term_string}"},"query-input":{"@type":"PropertyValueSpecification","valueRequired":true,"valueName":"search_term_string"}}],"inLanguage":"fi"},{"@type":"Organization","@id":"https:\/\/hypnos.ee\/fi\/#organization","name":"Hypnos","url":"https:\/\/hypnos.ee\/fi\/","logo":{"@type":"ImageObject","inLanguage":"fi","@id":"https:\/\/hypnos.ee\/fi\/#\/schema\/logo\/image\/","url":"https:\/\/hypnos.ee\/wp-content\/uploads\/2025\/06\/cropped-Hypnos-fa.png","contentUrl":"https:\/\/hypnos.ee\/wp-content\/uploads\/2025\/06\/cropped-Hypnos-fa.png","width":512,"height":512,"caption":"Hypnos"},"image":{"@id":"https:\/\/hypnos.ee\/fi\/#\/schema\/logo\/image\/"}}]}},"_links":{"self":[{"href":"https:\/\/hypnos.ee\/fi\/wp-json\/wp\/v2\/product\/3311","targetHints":{"allow":["GET"]}}],"collection":[{"href":"https:\/\/hypnos.ee\/fi\/wp-json\/wp\/v2\/product"}],"about":[{"href":"https:\/\/hypnos.ee\/fi\/wp-json\/wp\/v2\/types\/product"}],"replies":[{"embeddable":true,"href":"https:\/\/hypnos.ee\/fi\/wp-json\/wp\/v2\/comments?post=3311"}],"wp:featuredmedia":[{"embeddable":true,"href":"https:\/\/hypnos.ee\/fi\/wp-json\/wp\/v2\/media\/3313"}],"wp:attachment":[{"href":"https:\/\/hypnos.ee\/fi\/wp-json\/wp\/v2\/media?parent=3311"}],"wp:term":[{"taxonomy":"product_brand","embeddable":true,"href":"https:\/\/hypnos.ee\/fi\/wp-json\/wp\/v2\/product_brand?post=3311"},{"taxonomy":"product_cat","embeddable":true,"href":"https:\/\/hypnos.ee\/fi\/wp-json\/wp\/v2\/product_cat?post=3311"},{"taxonomy":"product_tag","embeddable":true,"href":"https:\/\/hypnos.ee\/fi\/wp-json\/wp\/v2\/product_tag?post=3311"}],"curies":[{"name":"wp","href":"https:\/\/api.w.org\/{rel}","templated":true}]}}