{"id":3284,"date":"2025-03-26T14:39:33","date_gmt":"2025-03-26T12:39:33","guid":{"rendered":"https:\/\/hypnos.ee\/toode\/athena-sanky-jossa-on-pesuallas\/"},"modified":"2025-03-26T14:39:33","modified_gmt":"2025-03-26T12:39:33","slug":"athena-sanky-jossa-on-pesuallas","status":"publish","type":"product","link":"https:\/\/hypnos.ee\/fi\/tuote\/athena-sanky-jossa-on-pesuallas\/","title":{"rendered":"Athena-s\u00e4nky, jossa on pesuallas"},"content":{"rendered":"","protected":false},"excerpt":{"rendered":"<p data-key=\"N91OC\"><strong>K\u00e4yt\u00e4nn\u00f6llinen ja tukeva s\u00e4nky, jossa on suuri pyykkilokero.<\/strong><\/p>\n<p data-key=\"mXlkg\">Athena on t\u00e4ydellinen valinta, kun tarvitset toimivan ja tukevan s\u00e4ngyn, jossa on \u00e4lyk\u00e4s s\u00e4ilytystila. S\u00e4ngyn alusta on valmistettu tukevasta melamiinipinnoitetusta lastulevyst\u00e4, ja se soveltuu raskaiden tavaroiden s\u00e4ilytykseen. <\/p>\n<p data-key=\"B6QeP\">S\u00e4nky on valmistettu 16 cm:n korkuisista taskujousista (245 jousi\/m\u00b2), joiden j\u00e4ykkyys on valittavissa &#8211; joko hieman pehme\u00e4mpi (1,9 mm) tai vahvempi (2,0 mm:n lanka). Pehmuste on valmistettu korkealaatuisesta HR-porolone-pehmusteesta, jonka tiheys on 35 kg\/m\u00b3 ja joka tarjoaa vakaan ja mukavan makuualustan. <\/p>\n<p data-key=\"81mMK\">Pneumaattisen nostomekanismin ansiosta pesulaatikon avaaminen on helppoa, hiljaista ja vaivatonta. S\u00e4nky on viimeistelty kest\u00e4v\u00e4ll\u00e4 kankaalla tai keinonahalla mieltymyksesi mukaan.<br \/>\nValitse yhteensopiva patja ja p\u00e4\u00e4ty ja luo makuuhuoneen omaan tyyliisi. <\/p>\n","protected":false},"featured_media":3286,"comment_status":"closed","ping_status":"closed","template":"","meta":{"_acf_changed":false},"product_brand":[],"product_cat":[107],"product_tag":[],"class_list":{"0":"post-3284","1":"product","2":"type-product","3":"status-publish","4":"has-post-thumbnail","6":"product_cat-sangyt-joissa-on-pesula","8":"first","9":"instock","10":"shipping-taxable","11":"product-type-simple"},"acf":[],"yoast_head":"<!-- This site is optimized with the Yoast SEO Premium plugin v26.0 (Yoast SEO v26.0) - https:\/\/yoast.com\/wordpress\/plugins\/seo\/ -->\n<title>Athena-s\u00e4nky, jossa on pesuallas - Hypnos<\/title>\n<meta name=\"robots\" content=\"index, follow, max-snippet:-1, max-image-preview:large, max-video-preview:-1\" \/>\n<link rel=\"canonical\" href=\"https:\/\/hypnos.ee\/fi\/tuote\/athena-sanky-jossa-on-pesuallas\/\" \/>\n<meta property=\"og:locale\" content=\"fi_FI\" \/>\n<meta property=\"og:type\" content=\"article\" \/>\n<meta property=\"og:title\" content=\"Athena-s\u00e4nky, jossa on pesuallas\" \/>\n<meta property=\"og:description\" content=\"K\u00e4yt\u00e4nn\u00f6llinen ja tukeva s\u00e4nky, jossa on suuri pyykkilokero. Athena on t\u00e4ydellinen valinta, kun tarvitset toimivan ja tukevan s\u00e4ngyn, jossa on \u00e4lyk\u00e4s s\u00e4ilytystila. S\u00e4ngyn alusta on valmistettu tukevasta melamiinipinnoitetusta lastulevyst\u00e4, ja se soveltuu raskaiden tavaroiden s\u00e4ilytykseen. S\u00e4nky on valmistettu 16 cm:n korkuisista taskujousista (245 jousi\/m\u00b2), joiden j\u00e4ykkyys on valittavissa - joko hieman pehme\u00e4mpi (1,9 mm) tai vahvempi (2,0 mm:n lanka). Pehmuste on valmistettu korkealaatuisesta HR-porolone-pehmusteesta, jonka tiheys on 35 kg\/m\u00b3 ja joka tarjoaa vakaan ja mukavan makuualustan. Pneumaattisen nostomekanismin ansiosta pesulaatikon avaaminen on helppoa, hiljaista ja vaivatonta. S\u00e4nky on viimeistelty kest\u00e4v\u00e4ll\u00e4 kankaalla tai keinonahalla mieltymyksesi mukaan. Valitse yhteensopiva patja ja p\u00e4\u00e4ty ja luo makuuhuoneen omaan tyyliisi.\" \/>\n<meta property=\"og:url\" content=\"https:\/\/hypnos.ee\/fi\/tuote\/athena-sanky-jossa-on-pesuallas\/\" \/>\n<meta property=\"og:site_name\" content=\"Hypnos\" \/>\n<meta property=\"og:image\" content=\"https:\/\/hypnos.ee\/wp-content\/uploads\/2025\/03\/kontinentaalvoodi-selene-kastiga_f_2_590_1.jpg\" \/>\n\t<meta property=\"og:image:width\" content=\"590\" \/>\n\t<meta property=\"og:image:height\" content=\"394\" \/>\n\t<meta property=\"og:image:type\" content=\"image\/jpeg\" \/>\n<meta name=\"twitter:card\" content=\"summary_large_image\" \/>\n<script type=\"application\/ld+json\" class=\"yoast-schema-graph\">{\"@context\":\"https:\/\/schema.org\",\"@graph\":[{\"@type\":\"WebPage\",\"@id\":\"https:\/\/hypnos.ee\/fi\/tuote\/athena-sanky-jossa-on-pesuallas\/\",\"url\":\"https:\/\/hypnos.ee\/fi\/tuote\/athena-sanky-jossa-on-pesuallas\/\",\"name\":\"Athena-s\u00e4nky, jossa on pesuallas - Hypnos\",\"isPartOf\":{\"@id\":\"https:\/\/hypnos.ee\/fi\/#website\"},\"primaryImageOfPage\":{\"@id\":\"https:\/\/hypnos.ee\/fi\/tuote\/athena-sanky-jossa-on-pesuallas\/#primaryimage\"},\"image\":{\"@id\":\"https:\/\/hypnos.ee\/fi\/tuote\/athena-sanky-jossa-on-pesuallas\/#primaryimage\"},\"thumbnailUrl\":\"https:\/\/hypnos.ee\/wp-content\/uploads\/2025\/03\/kontinentaalvoodi-selene-kastiga_f_2_590_1.jpg\",\"datePublished\":\"2025-03-26T12:39:33+00:00\",\"breadcrumb\":{\"@id\":\"https:\/\/hypnos.ee\/fi\/tuote\/athena-sanky-jossa-on-pesuallas\/#breadcrumb\"},\"inLanguage\":\"fi\",\"potentialAction\":[{\"@type\":\"ReadAction\",\"target\":[\"https:\/\/hypnos.ee\/fi\/tuote\/athena-sanky-jossa-on-pesuallas\/\"]}]},{\"@type\":\"ImageObject\",\"inLanguage\":\"fi\",\"@id\":\"https:\/\/hypnos.ee\/fi\/tuote\/athena-sanky-jossa-on-pesuallas\/#primaryimage\",\"url\":\"https:\/\/hypnos.ee\/wp-content\/uploads\/2025\/03\/kontinentaalvoodi-selene-kastiga_f_2_590_1.jpg\",\"contentUrl\":\"https:\/\/hypnos.ee\/wp-content\/uploads\/2025\/03\/kontinentaalvoodi-selene-kastiga_f_2_590_1.jpg\",\"width\":590,\"height\":394},{\"@type\":\"BreadcrumbList\",\"@id\":\"https:\/\/hypnos.ee\/fi\/tuote\/athena-sanky-jossa-on-pesuallas\/#breadcrumb\",\"itemListElement\":[{\"@type\":\"ListItem\",\"position\":1,\"name\":\"Home\",\"item\":\"https:\/\/hypnos.ee\/fi\/\"},{\"@type\":\"ListItem\",\"position\":2,\"name\":\"Tuotteet\",\"item\":\"https:\/\/hypnos.ee\/tooted\/\"},{\"@type\":\"ListItem\",\"position\":3,\"name\":\"Athena-s\u00e4nky, jossa on pesuallas\"}]},{\"@type\":\"WebSite\",\"@id\":\"https:\/\/hypnos.ee\/fi\/#website\",\"url\":\"https:\/\/hypnos.ee\/fi\/\",\"name\":\"Hypnos\",\"description\":\"T\u00f5stame unekogemust\",\"publisher\":{\"@id\":\"https:\/\/hypnos.ee\/fi\/#organization\"},\"potentialAction\":[{\"@type\":\"SearchAction\",\"target\":{\"@type\":\"EntryPoint\",\"urlTemplate\":\"https:\/\/hypnos.ee\/fi\/?s={search_term_string}\"},\"query-input\":{\"@type\":\"PropertyValueSpecification\",\"valueRequired\":true,\"valueName\":\"search_term_string\"}}],\"inLanguage\":\"fi\"},{\"@type\":\"Organization\",\"@id\":\"https:\/\/hypnos.ee\/fi\/#organization\",\"name\":\"Hypnos\",\"url\":\"https:\/\/hypnos.ee\/fi\/\",\"logo\":{\"@type\":\"ImageObject\",\"inLanguage\":\"fi\",\"@id\":\"https:\/\/hypnos.ee\/fi\/#\/schema\/logo\/image\/\",\"url\":\"https:\/\/hypnos.ee\/wp-content\/uploads\/2025\/06\/cropped-Hypnos-fa.png\",\"contentUrl\":\"https:\/\/hypnos.ee\/wp-content\/uploads\/2025\/06\/cropped-Hypnos-fa.png\",\"width\":512,\"height\":512,\"caption\":\"Hypnos\"},\"image\":{\"@id\":\"https:\/\/hypnos.ee\/fi\/#\/schema\/logo\/image\/\"}}]}<\/script>\n<!-- \/ Yoast SEO Premium plugin. -->","yoast_head_json":{"title":"Athena-s\u00e4nky, jossa on pesuallas - Hypnos","robots":{"index":"index","follow":"follow","max-snippet":"max-snippet:-1","max-image-preview":"max-image-preview:large","max-video-preview":"max-video-preview:-1"},"canonical":"https:\/\/hypnos.ee\/fi\/tuote\/athena-sanky-jossa-on-pesuallas\/","og_locale":"fi_FI","og_type":"article","og_title":"Athena-s\u00e4nky, jossa on pesuallas","og_description":"K\u00e4yt\u00e4nn\u00f6llinen ja tukeva s\u00e4nky, jossa on suuri pyykkilokero. Athena on t\u00e4ydellinen valinta, kun tarvitset toimivan ja tukevan s\u00e4ngyn, jossa on \u00e4lyk\u00e4s s\u00e4ilytystila. S\u00e4ngyn alusta on valmistettu tukevasta melamiinipinnoitetusta lastulevyst\u00e4, ja se soveltuu raskaiden tavaroiden s\u00e4ilytykseen. S\u00e4nky on valmistettu 16 cm:n korkuisista taskujousista (245 jousi\/m\u00b2), joiden j\u00e4ykkyys on valittavissa - joko hieman pehme\u00e4mpi (1,9 mm) tai vahvempi (2,0 mm:n lanka). Pehmuste on valmistettu korkealaatuisesta HR-porolone-pehmusteesta, jonka tiheys on 35 kg\/m\u00b3 ja joka tarjoaa vakaan ja mukavan makuualustan. Pneumaattisen nostomekanismin ansiosta pesulaatikon avaaminen on helppoa, hiljaista ja vaivatonta. S\u00e4nky on viimeistelty kest\u00e4v\u00e4ll\u00e4 kankaalla tai keinonahalla mieltymyksesi mukaan. Valitse yhteensopiva patja ja p\u00e4\u00e4ty ja luo makuuhuoneen omaan tyyliisi.","og_url":"https:\/\/hypnos.ee\/fi\/tuote\/athena-sanky-jossa-on-pesuallas\/","og_site_name":"Hypnos","og_image":[{"width":590,"height":394,"url":"https:\/\/hypnos.ee\/wp-content\/uploads\/2025\/03\/kontinentaalvoodi-selene-kastiga_f_2_590_1.jpg","type":"image\/jpeg"}],"twitter_card":"summary_large_image","schema":{"@context":"https:\/\/schema.org","@graph":[{"@type":"WebPage","@id":"https:\/\/hypnos.ee\/fi\/tuote\/athena-sanky-jossa-on-pesuallas\/","url":"https:\/\/hypnos.ee\/fi\/tuote\/athena-sanky-jossa-on-pesuallas\/","name":"Athena-s\u00e4nky, jossa on pesuallas - Hypnos","isPartOf":{"@id":"https:\/\/hypnos.ee\/fi\/#website"},"primaryImageOfPage":{"@id":"https:\/\/hypnos.ee\/fi\/tuote\/athena-sanky-jossa-on-pesuallas\/#primaryimage"},"image":{"@id":"https:\/\/hypnos.ee\/fi\/tuote\/athena-sanky-jossa-on-pesuallas\/#primaryimage"},"thumbnailUrl":"https:\/\/hypnos.ee\/wp-content\/uploads\/2025\/03\/kontinentaalvoodi-selene-kastiga_f_2_590_1.jpg","datePublished":"2025-03-26T12:39:33+00:00","breadcrumb":{"@id":"https:\/\/hypnos.ee\/fi\/tuote\/athena-sanky-jossa-on-pesuallas\/#breadcrumb"},"inLanguage":"fi","potentialAction":[{"@type":"ReadAction","target":["https:\/\/hypnos.ee\/fi\/tuote\/athena-sanky-jossa-on-pesuallas\/"]}]},{"@type":"ImageObject","inLanguage":"fi","@id":"https:\/\/hypnos.ee\/fi\/tuote\/athena-sanky-jossa-on-pesuallas\/#primaryimage","url":"https:\/\/hypnos.ee\/wp-content\/uploads\/2025\/03\/kontinentaalvoodi-selene-kastiga_f_2_590_1.jpg","contentUrl":"https:\/\/hypnos.ee\/wp-content\/uploads\/2025\/03\/kontinentaalvoodi-selene-kastiga_f_2_590_1.jpg","width":590,"height":394},{"@type":"BreadcrumbList","@id":"https:\/\/hypnos.ee\/fi\/tuote\/athena-sanky-jossa-on-pesuallas\/#breadcrumb","itemListElement":[{"@type":"ListItem","position":1,"name":"Home","item":"https:\/\/hypnos.ee\/fi\/"},{"@type":"ListItem","position":2,"name":"Tuotteet","item":"https:\/\/hypnos.ee\/tooted\/"},{"@type":"ListItem","position":3,"name":"Athena-s\u00e4nky, jossa on pesuallas"}]},{"@type":"WebSite","@id":"https:\/\/hypnos.ee\/fi\/#website","url":"https:\/\/hypnos.ee\/fi\/","name":"Hypnos","description":"T\u00f5stame unekogemust","publisher":{"@id":"https:\/\/hypnos.ee\/fi\/#organization"},"potentialAction":[{"@type":"SearchAction","target":{"@type":"EntryPoint","urlTemplate":"https:\/\/hypnos.ee\/fi\/?s={search_term_string}"},"query-input":{"@type":"PropertyValueSpecification","valueRequired":true,"valueName":"search_term_string"}}],"inLanguage":"fi"},{"@type":"Organization","@id":"https:\/\/hypnos.ee\/fi\/#organization","name":"Hypnos","url":"https:\/\/hypnos.ee\/fi\/","logo":{"@type":"ImageObject","inLanguage":"fi","@id":"https:\/\/hypnos.ee\/fi\/#\/schema\/logo\/image\/","url":"https:\/\/hypnos.ee\/wp-content\/uploads\/2025\/06\/cropped-Hypnos-fa.png","contentUrl":"https:\/\/hypnos.ee\/wp-content\/uploads\/2025\/06\/cropped-Hypnos-fa.png","width":512,"height":512,"caption":"Hypnos"},"image":{"@id":"https:\/\/hypnos.ee\/fi\/#\/schema\/logo\/image\/"}}]}},"_links":{"self":[{"href":"https:\/\/hypnos.ee\/fi\/wp-json\/wp\/v2\/product\/3284","targetHints":{"allow":["GET"]}}],"collection":[{"href":"https:\/\/hypnos.ee\/fi\/wp-json\/wp\/v2\/product"}],"about":[{"href":"https:\/\/hypnos.ee\/fi\/wp-json\/wp\/v2\/types\/product"}],"replies":[{"embeddable":true,"href":"https:\/\/hypnos.ee\/fi\/wp-json\/wp\/v2\/comments?post=3284"}],"wp:featuredmedia":[{"embeddable":true,"href":"https:\/\/hypnos.ee\/fi\/wp-json\/wp\/v2\/media\/3286"}],"wp:attachment":[{"href":"https:\/\/hypnos.ee\/fi\/wp-json\/wp\/v2\/media?parent=3284"}],"wp:term":[{"taxonomy":"product_brand","embeddable":true,"href":"https:\/\/hypnos.ee\/fi\/wp-json\/wp\/v2\/product_brand?post=3284"},{"taxonomy":"product_cat","embeddable":true,"href":"https:\/\/hypnos.ee\/fi\/wp-json\/wp\/v2\/product_cat?post=3284"},{"taxonomy":"product_tag","embeddable":true,"href":"https:\/\/hypnos.ee\/fi\/wp-json\/wp\/v2\/product_tag?post=3284"}],"curies":[{"name":"wp","href":"https:\/\/api.w.org\/{rel}","templated":true}]}}