{"id":3178,"date":"2025-03-26T14:01:38","date_gmt":"2025-03-26T12:01:38","guid":{"rendered":"https:\/\/hypnos.ee\/toode\/hera-jousisanky\/"},"modified":"2025-03-26T14:01:38","modified_gmt":"2025-03-26T12:01:38","slug":"hera-jousisanky","status":"publish","type":"product","link":"https:\/\/hypnos.ee\/fi\/tuote\/hera-jousisanky\/","title":{"rendered":"Hera jousis\u00e4nky"},"content":{"rendered":"","protected":false},"excerpt":{"rendered":"<p data-key=\"4NDwk\"><strong>K\u00e4yt\u00e4nn\u00f6llinen ja mukava taskujousitettu s\u00e4nky, jossa on integroitu patjasuoja.<\/strong><\/p>\n<p data-key=\"4b7np\">Herassa yhdistyv\u00e4t taskujousen tuki ja patjanp\u00e4\u00e4llisen mukavuus. Integroitu porolone-patja pysyy tukevasti paikallaan, mik\u00e4 tekee s\u00e4ngyn k\u00e4yt\u00f6st\u00e4 entist\u00e4kin mukavampaa. <\/p>\n<p data-key=\"M5EWM\">Ihanteellinen k\u00e4ytt\u00e4jille, joilla on normaali paino.<\/p>\n<p>&nbsp;<\/p>\n","protected":false},"featured_media":3180,"comment_status":"closed","ping_status":"closed","template":"","meta":{"_acf_changed":false},"product_brand":[],"product_cat":[98],"product_tag":[],"class_list":{"0":"post-3178","1":"product","2":"type-product","3":"status-publish","4":"has-post-thumbnail","6":"product_cat-kerrossangyt-ja-patjatuet","8":"first","9":"instock","10":"shipping-taxable","11":"product-type-simple"},"acf":[],"yoast_head":"<!-- This site is optimized with the Yoast SEO Premium plugin v26.0 (Yoast SEO v26.0) - https:\/\/yoast.com\/wordpress\/plugins\/seo\/ -->\n<title>Hera jousis\u00e4nky - Hypnos<\/title>\n<meta name=\"robots\" content=\"index, follow, max-snippet:-1, max-image-preview:large, max-video-preview:-1\" \/>\n<link rel=\"canonical\" href=\"https:\/\/hypnos.ee\/fi\/tuote\/hera-jousisanky\/\" \/>\n<meta property=\"og:locale\" content=\"fi_FI\" \/>\n<meta property=\"og:type\" content=\"article\" \/>\n<meta property=\"og:title\" content=\"Hera jousis\u00e4nky\" \/>\n<meta property=\"og:description\" content=\"K\u00e4yt\u00e4nn\u00f6llinen ja mukava taskujousitettu s\u00e4nky, jossa on integroitu patjasuoja. Herassa yhdistyv\u00e4t taskujousen tuki ja patjanp\u00e4\u00e4llisen mukavuus. Integroitu porolone-patja pysyy tukevasti paikallaan, mik\u00e4 tekee s\u00e4ngyn k\u00e4yt\u00f6st\u00e4 entist\u00e4kin mukavampaa. Ihanteellinen k\u00e4ytt\u00e4jille, joilla on normaali paino. &nbsp;\" \/>\n<meta property=\"og:url\" content=\"https:\/\/hypnos.ee\/fi\/tuote\/hera-jousisanky\/\" \/>\n<meta property=\"og:site_name\" content=\"Hypnos\" \/>\n<meta property=\"og:image\" content=\"https:\/\/hypnos.ee\/wp-content\/uploads\/2025\/03\/Hera-vedruvoodi_f_1_590_1.jpg\" \/>\n\t<meta property=\"og:image:width\" content=\"590\" \/>\n\t<meta property=\"og:image:height\" content=\"393\" \/>\n\t<meta property=\"og:image:type\" content=\"image\/jpeg\" \/>\n<meta name=\"twitter:card\" content=\"summary_large_image\" \/>\n<script type=\"application\/ld+json\" class=\"yoast-schema-graph\">{\"@context\":\"https:\/\/schema.org\",\"@graph\":[{\"@type\":\"WebPage\",\"@id\":\"https:\/\/hypnos.ee\/fi\/tuote\/hera-jousisanky\/\",\"url\":\"https:\/\/hypnos.ee\/fi\/tuote\/hera-jousisanky\/\",\"name\":\"Hera jousis\u00e4nky - Hypnos\",\"isPartOf\":{\"@id\":\"https:\/\/hypnos.ee\/fi\/#website\"},\"primaryImageOfPage\":{\"@id\":\"https:\/\/hypnos.ee\/fi\/tuote\/hera-jousisanky\/#primaryimage\"},\"image\":{\"@id\":\"https:\/\/hypnos.ee\/fi\/tuote\/hera-jousisanky\/#primaryimage\"},\"thumbnailUrl\":\"https:\/\/hypnos.ee\/wp-content\/uploads\/2025\/03\/Hera-vedruvoodi_f_1_590_1.jpg\",\"datePublished\":\"2025-03-26T12:01:38+00:00\",\"breadcrumb\":{\"@id\":\"https:\/\/hypnos.ee\/fi\/tuote\/hera-jousisanky\/#breadcrumb\"},\"inLanguage\":\"fi\",\"potentialAction\":[{\"@type\":\"ReadAction\",\"target\":[\"https:\/\/hypnos.ee\/fi\/tuote\/hera-jousisanky\/\"]}]},{\"@type\":\"ImageObject\",\"inLanguage\":\"fi\",\"@id\":\"https:\/\/hypnos.ee\/fi\/tuote\/hera-jousisanky\/#primaryimage\",\"url\":\"https:\/\/hypnos.ee\/wp-content\/uploads\/2025\/03\/Hera-vedruvoodi_f_1_590_1.jpg\",\"contentUrl\":\"https:\/\/hypnos.ee\/wp-content\/uploads\/2025\/03\/Hera-vedruvoodi_f_1_590_1.jpg\",\"width\":590,\"height\":393},{\"@type\":\"BreadcrumbList\",\"@id\":\"https:\/\/hypnos.ee\/fi\/tuote\/hera-jousisanky\/#breadcrumb\",\"itemListElement\":[{\"@type\":\"ListItem\",\"position\":1,\"name\":\"Home\",\"item\":\"https:\/\/hypnos.ee\/fi\/\"},{\"@type\":\"ListItem\",\"position\":2,\"name\":\"Tuotteet\",\"item\":\"https:\/\/hypnos.ee\/tooted\/\"},{\"@type\":\"ListItem\",\"position\":3,\"name\":\"Hera jousis\u00e4nky\"}]},{\"@type\":\"WebSite\",\"@id\":\"https:\/\/hypnos.ee\/fi\/#website\",\"url\":\"https:\/\/hypnos.ee\/fi\/\",\"name\":\"Hypnos\",\"description\":\"T\u00f5stame unekogemust\",\"publisher\":{\"@id\":\"https:\/\/hypnos.ee\/fi\/#organization\"},\"potentialAction\":[{\"@type\":\"SearchAction\",\"target\":{\"@type\":\"EntryPoint\",\"urlTemplate\":\"https:\/\/hypnos.ee\/fi\/?s={search_term_string}\"},\"query-input\":{\"@type\":\"PropertyValueSpecification\",\"valueRequired\":true,\"valueName\":\"search_term_string\"}}],\"inLanguage\":\"fi\"},{\"@type\":\"Organization\",\"@id\":\"https:\/\/hypnos.ee\/fi\/#organization\",\"name\":\"Hypnos\",\"url\":\"https:\/\/hypnos.ee\/fi\/\",\"logo\":{\"@type\":\"ImageObject\",\"inLanguage\":\"fi\",\"@id\":\"https:\/\/hypnos.ee\/fi\/#\/schema\/logo\/image\/\",\"url\":\"https:\/\/hypnos.ee\/wp-content\/uploads\/2025\/06\/cropped-Hypnos-fa.png\",\"contentUrl\":\"https:\/\/hypnos.ee\/wp-content\/uploads\/2025\/06\/cropped-Hypnos-fa.png\",\"width\":512,\"height\":512,\"caption\":\"Hypnos\"},\"image\":{\"@id\":\"https:\/\/hypnos.ee\/fi\/#\/schema\/logo\/image\/\"}}]}<\/script>\n<!-- \/ Yoast SEO Premium plugin. -->","yoast_head_json":{"title":"Hera jousis\u00e4nky - Hypnos","robots":{"index":"index","follow":"follow","max-snippet":"max-snippet:-1","max-image-preview":"max-image-preview:large","max-video-preview":"max-video-preview:-1"},"canonical":"https:\/\/hypnos.ee\/fi\/tuote\/hera-jousisanky\/","og_locale":"fi_FI","og_type":"article","og_title":"Hera jousis\u00e4nky","og_description":"K\u00e4yt\u00e4nn\u00f6llinen ja mukava taskujousitettu s\u00e4nky, jossa on integroitu patjasuoja. Herassa yhdistyv\u00e4t taskujousen tuki ja patjanp\u00e4\u00e4llisen mukavuus. Integroitu porolone-patja pysyy tukevasti paikallaan, mik\u00e4 tekee s\u00e4ngyn k\u00e4yt\u00f6st\u00e4 entist\u00e4kin mukavampaa. Ihanteellinen k\u00e4ytt\u00e4jille, joilla on normaali paino. &nbsp;","og_url":"https:\/\/hypnos.ee\/fi\/tuote\/hera-jousisanky\/","og_site_name":"Hypnos","og_image":[{"width":590,"height":393,"url":"https:\/\/hypnos.ee\/wp-content\/uploads\/2025\/03\/Hera-vedruvoodi_f_1_590_1.jpg","type":"image\/jpeg"}],"twitter_card":"summary_large_image","schema":{"@context":"https:\/\/schema.org","@graph":[{"@type":"WebPage","@id":"https:\/\/hypnos.ee\/fi\/tuote\/hera-jousisanky\/","url":"https:\/\/hypnos.ee\/fi\/tuote\/hera-jousisanky\/","name":"Hera jousis\u00e4nky - Hypnos","isPartOf":{"@id":"https:\/\/hypnos.ee\/fi\/#website"},"primaryImageOfPage":{"@id":"https:\/\/hypnos.ee\/fi\/tuote\/hera-jousisanky\/#primaryimage"},"image":{"@id":"https:\/\/hypnos.ee\/fi\/tuote\/hera-jousisanky\/#primaryimage"},"thumbnailUrl":"https:\/\/hypnos.ee\/wp-content\/uploads\/2025\/03\/Hera-vedruvoodi_f_1_590_1.jpg","datePublished":"2025-03-26T12:01:38+00:00","breadcrumb":{"@id":"https:\/\/hypnos.ee\/fi\/tuote\/hera-jousisanky\/#breadcrumb"},"inLanguage":"fi","potentialAction":[{"@type":"ReadAction","target":["https:\/\/hypnos.ee\/fi\/tuote\/hera-jousisanky\/"]}]},{"@type":"ImageObject","inLanguage":"fi","@id":"https:\/\/hypnos.ee\/fi\/tuote\/hera-jousisanky\/#primaryimage","url":"https:\/\/hypnos.ee\/wp-content\/uploads\/2025\/03\/Hera-vedruvoodi_f_1_590_1.jpg","contentUrl":"https:\/\/hypnos.ee\/wp-content\/uploads\/2025\/03\/Hera-vedruvoodi_f_1_590_1.jpg","width":590,"height":393},{"@type":"BreadcrumbList","@id":"https:\/\/hypnos.ee\/fi\/tuote\/hera-jousisanky\/#breadcrumb","itemListElement":[{"@type":"ListItem","position":1,"name":"Home","item":"https:\/\/hypnos.ee\/fi\/"},{"@type":"ListItem","position":2,"name":"Tuotteet","item":"https:\/\/hypnos.ee\/tooted\/"},{"@type":"ListItem","position":3,"name":"Hera jousis\u00e4nky"}]},{"@type":"WebSite","@id":"https:\/\/hypnos.ee\/fi\/#website","url":"https:\/\/hypnos.ee\/fi\/","name":"Hypnos","description":"T\u00f5stame unekogemust","publisher":{"@id":"https:\/\/hypnos.ee\/fi\/#organization"},"potentialAction":[{"@type":"SearchAction","target":{"@type":"EntryPoint","urlTemplate":"https:\/\/hypnos.ee\/fi\/?s={search_term_string}"},"query-input":{"@type":"PropertyValueSpecification","valueRequired":true,"valueName":"search_term_string"}}],"inLanguage":"fi"},{"@type":"Organization","@id":"https:\/\/hypnos.ee\/fi\/#organization","name":"Hypnos","url":"https:\/\/hypnos.ee\/fi\/","logo":{"@type":"ImageObject","inLanguage":"fi","@id":"https:\/\/hypnos.ee\/fi\/#\/schema\/logo\/image\/","url":"https:\/\/hypnos.ee\/wp-content\/uploads\/2025\/06\/cropped-Hypnos-fa.png","contentUrl":"https:\/\/hypnos.ee\/wp-content\/uploads\/2025\/06\/cropped-Hypnos-fa.png","width":512,"height":512,"caption":"Hypnos"},"image":{"@id":"https:\/\/hypnos.ee\/fi\/#\/schema\/logo\/image\/"}}]}},"_links":{"self":[{"href":"https:\/\/hypnos.ee\/fi\/wp-json\/wp\/v2\/product\/3178","targetHints":{"allow":["GET"]}}],"collection":[{"href":"https:\/\/hypnos.ee\/fi\/wp-json\/wp\/v2\/product"}],"about":[{"href":"https:\/\/hypnos.ee\/fi\/wp-json\/wp\/v2\/types\/product"}],"replies":[{"embeddable":true,"href":"https:\/\/hypnos.ee\/fi\/wp-json\/wp\/v2\/comments?post=3178"}],"wp:featuredmedia":[{"embeddable":true,"href":"https:\/\/hypnos.ee\/fi\/wp-json\/wp\/v2\/media\/3180"}],"wp:attachment":[{"href":"https:\/\/hypnos.ee\/fi\/wp-json\/wp\/v2\/media?parent=3178"}],"wp:term":[{"taxonomy":"product_brand","embeddable":true,"href":"https:\/\/hypnos.ee\/fi\/wp-json\/wp\/v2\/product_brand?post=3178"},{"taxonomy":"product_cat","embeddable":true,"href":"https:\/\/hypnos.ee\/fi\/wp-json\/wp\/v2\/product_cat?post=3178"},{"taxonomy":"product_tag","embeddable":true,"href":"https:\/\/hypnos.ee\/fi\/wp-json\/wp\/v2\/product_tag?post=3178"}],"curies":[{"name":"wp","href":"https:\/\/api.w.org\/{rel}","templated":true}]}}