{"id":3087,"date":"2025-03-26T14:13:58","date_gmt":"2025-03-26T12:13:58","guid":{"rendered":"https:\/\/hypnos.ee\/toode\/kent-jolla-on-sangynpaa\/"},"modified":"2025-03-26T14:13:58","modified_gmt":"2025-03-26T12:13:58","slug":"kent-jolla-on-sangynpaa","status":"publish","type":"product","link":"https:\/\/hypnos.ee\/fi\/tuote\/kent-jolla-on-sangynpaa\/","title":{"rendered":"Kent, jolla on s\u00e4ngynp\u00e4\u00e4"},"content":{"rendered":"","protected":false},"excerpt":{"rendered":"<p>S\u00e4ngynp\u00e4\u00e4 p\u00e4\u00e4llystetty kankaalla tai keinonahalla.<\/p>\n<p>Mitat:<\/p>\n<p>Leveys 89, 99, 129, 149, 169, 189 asennetaan pulttien tai jalkojen avulla alle.<\/p>\n<p>Leveys 200 cm alkaen asennetaan s\u00e4ngyn ja sein\u00e4n v\u00e4liin jalkojen avulla<\/p>\n<p>Korkeus 120 cm, jalkojen avulla 130 cm, paksuus 10 cm.<\/p>\n<p>&nbsp;<\/p>\n","protected":false},"featured_media":3088,"comment_status":"closed","ping_status":"closed","template":"","meta":{"_acf_changed":false},"product_brand":[],"product_cat":[95],"product_tag":[],"class_list":{"0":"post-3087","1":"product","2":"type-product","3":"status-publish","4":"has-post-thumbnail","6":"product_cat-sangynpaat","8":"first","9":"instock","10":"shipping-taxable","11":"product-type-simple"},"acf":[],"yoast_head":"<!-- This site is optimized with the Yoast SEO Premium plugin v26.0 (Yoast SEO v26.0) - https:\/\/yoast.com\/wordpress\/plugins\/seo\/ -->\n<title>Kent, jolla on s\u00e4ngynp\u00e4\u00e4 - Hypnos<\/title>\n<meta name=\"robots\" content=\"index, follow, max-snippet:-1, max-image-preview:large, max-video-preview:-1\" \/>\n<link rel=\"canonical\" href=\"https:\/\/hypnos.ee\/fi\/tuote\/kent-jolla-on-sangynpaa\/\" \/>\n<meta property=\"og:locale\" content=\"fi_FI\" \/>\n<meta property=\"og:type\" content=\"article\" \/>\n<meta property=\"og:title\" content=\"Kent, jolla on s\u00e4ngynp\u00e4\u00e4\" \/>\n<meta property=\"og:description\" content=\"S\u00e4ngynp\u00e4\u00e4 p\u00e4\u00e4llystetty kankaalla tai keinonahalla. Mitat: Leveys 89, 99, 129, 149, 169, 189 asennetaan pulttien tai jalkojen avulla alle. Leveys 200 cm alkaen asennetaan s\u00e4ngyn ja sein\u00e4n v\u00e4liin jalkojen avulla Korkeus 120 cm, jalkojen avulla 130 cm, paksuus 10 cm. &nbsp;\" \/>\n<meta property=\"og:url\" content=\"https:\/\/hypnos.ee\/fi\/tuote\/kent-jolla-on-sangynpaa\/\" \/>\n<meta property=\"og:site_name\" content=\"Hypnos\" \/>\n<meta property=\"og:image\" content=\"https:\/\/hypnos.ee\/wp-content\/uploads\/2025\/08\/hypnos-banner.png\" \/>\n\t<meta property=\"og:image:width\" content=\"1280\" \/>\n\t<meta property=\"og:image:height\" content=\"720\" \/>\n\t<meta property=\"og:image:type\" content=\"image\/png\" \/>\n<meta name=\"twitter:card\" content=\"summary_large_image\" \/>\n<script type=\"application\/ld+json\" class=\"yoast-schema-graph\">{\"@context\":\"https:\/\/schema.org\",\"@graph\":[{\"@type\":\"WebPage\",\"@id\":\"https:\/\/hypnos.ee\/fi\/tuote\/kent-jolla-on-sangynpaa\/\",\"url\":\"https:\/\/hypnos.ee\/fi\/tuote\/kent-jolla-on-sangynpaa\/\",\"name\":\"Kent, jolla on s\u00e4ngynp\u00e4\u00e4 - Hypnos\",\"isPartOf\":{\"@id\":\"https:\/\/hypnos.ee\/fi\/#website\"},\"primaryImageOfPage\":{\"@id\":\"https:\/\/hypnos.ee\/fi\/tuote\/kent-jolla-on-sangynpaa\/#primaryimage\"},\"image\":{\"@id\":\"https:\/\/hypnos.ee\/fi\/tuote\/kent-jolla-on-sangynpaa\/#primaryimage\"},\"thumbnailUrl\":\"https:\/\/hypnos.ee\/wp-content\/uploads\/2025\/03\/voodipaeis-kent_f_1_590_1.jpg\",\"datePublished\":\"2025-03-26T12:13:58+00:00\",\"breadcrumb\":{\"@id\":\"https:\/\/hypnos.ee\/fi\/tuote\/kent-jolla-on-sangynpaa\/#breadcrumb\"},\"inLanguage\":\"fi\",\"potentialAction\":[{\"@type\":\"ReadAction\",\"target\":[\"https:\/\/hypnos.ee\/fi\/tuote\/kent-jolla-on-sangynpaa\/\"]}]},{\"@type\":\"ImageObject\",\"inLanguage\":\"fi\",\"@id\":\"https:\/\/hypnos.ee\/fi\/tuote\/kent-jolla-on-sangynpaa\/#primaryimage\",\"url\":\"https:\/\/hypnos.ee\/wp-content\/uploads\/2025\/03\/voodipaeis-kent_f_1_590_1.jpg\",\"contentUrl\":\"https:\/\/hypnos.ee\/wp-content\/uploads\/2025\/03\/voodipaeis-kent_f_1_590_1.jpg\",\"width\":448,\"height\":306},{\"@type\":\"BreadcrumbList\",\"@id\":\"https:\/\/hypnos.ee\/fi\/tuote\/kent-jolla-on-sangynpaa\/#breadcrumb\",\"itemListElement\":[{\"@type\":\"ListItem\",\"position\":1,\"name\":\"Home\",\"item\":\"https:\/\/hypnos.ee\/fi\/\"},{\"@type\":\"ListItem\",\"position\":2,\"name\":\"Tuotteet\",\"item\":\"https:\/\/hypnos.ee\/tooted\/\"},{\"@type\":\"ListItem\",\"position\":3,\"name\":\"Kent, jolla on s\u00e4ngynp\u00e4\u00e4\"}]},{\"@type\":\"WebSite\",\"@id\":\"https:\/\/hypnos.ee\/fi\/#website\",\"url\":\"https:\/\/hypnos.ee\/fi\/\",\"name\":\"Hypnos\",\"description\":\"T\u00f5stame unekogemust\",\"publisher\":{\"@id\":\"https:\/\/hypnos.ee\/fi\/#organization\"},\"potentialAction\":[{\"@type\":\"SearchAction\",\"target\":{\"@type\":\"EntryPoint\",\"urlTemplate\":\"https:\/\/hypnos.ee\/fi\/?s={search_term_string}\"},\"query-input\":{\"@type\":\"PropertyValueSpecification\",\"valueRequired\":true,\"valueName\":\"search_term_string\"}}],\"inLanguage\":\"fi\"},{\"@type\":\"Organization\",\"@id\":\"https:\/\/hypnos.ee\/fi\/#organization\",\"name\":\"Hypnos\",\"url\":\"https:\/\/hypnos.ee\/fi\/\",\"logo\":{\"@type\":\"ImageObject\",\"inLanguage\":\"fi\",\"@id\":\"https:\/\/hypnos.ee\/fi\/#\/schema\/logo\/image\/\",\"url\":\"https:\/\/hypnos.ee\/wp-content\/uploads\/2025\/06\/cropped-Hypnos-fa.png\",\"contentUrl\":\"https:\/\/hypnos.ee\/wp-content\/uploads\/2025\/06\/cropped-Hypnos-fa.png\",\"width\":512,\"height\":512,\"caption\":\"Hypnos\"},\"image\":{\"@id\":\"https:\/\/hypnos.ee\/fi\/#\/schema\/logo\/image\/\"}}]}<\/script>\n<!-- \/ Yoast SEO Premium plugin. -->","yoast_head_json":{"title":"Kent, jolla on s\u00e4ngynp\u00e4\u00e4 - Hypnos","robots":{"index":"index","follow":"follow","max-snippet":"max-snippet:-1","max-image-preview":"max-image-preview:large","max-video-preview":"max-video-preview:-1"},"canonical":"https:\/\/hypnos.ee\/fi\/tuote\/kent-jolla-on-sangynpaa\/","og_locale":"fi_FI","og_type":"article","og_title":"Kent, jolla on s\u00e4ngynp\u00e4\u00e4","og_description":"S\u00e4ngynp\u00e4\u00e4 p\u00e4\u00e4llystetty kankaalla tai keinonahalla. Mitat: Leveys 89, 99, 129, 149, 169, 189 asennetaan pulttien tai jalkojen avulla alle. Leveys 200 cm alkaen asennetaan s\u00e4ngyn ja sein\u00e4n v\u00e4liin jalkojen avulla Korkeus 120 cm, jalkojen avulla 130 cm, paksuus 10 cm. &nbsp;","og_url":"https:\/\/hypnos.ee\/fi\/tuote\/kent-jolla-on-sangynpaa\/","og_site_name":"Hypnos","og_image":[{"width":1280,"height":720,"url":"https:\/\/hypnos.ee\/wp-content\/uploads\/2025\/08\/hypnos-banner.png","type":"image\/png"}],"twitter_card":"summary_large_image","schema":{"@context":"https:\/\/schema.org","@graph":[{"@type":"WebPage","@id":"https:\/\/hypnos.ee\/fi\/tuote\/kent-jolla-on-sangynpaa\/","url":"https:\/\/hypnos.ee\/fi\/tuote\/kent-jolla-on-sangynpaa\/","name":"Kent, jolla on s\u00e4ngynp\u00e4\u00e4 - Hypnos","isPartOf":{"@id":"https:\/\/hypnos.ee\/fi\/#website"},"primaryImageOfPage":{"@id":"https:\/\/hypnos.ee\/fi\/tuote\/kent-jolla-on-sangynpaa\/#primaryimage"},"image":{"@id":"https:\/\/hypnos.ee\/fi\/tuote\/kent-jolla-on-sangynpaa\/#primaryimage"},"thumbnailUrl":"https:\/\/hypnos.ee\/wp-content\/uploads\/2025\/03\/voodipaeis-kent_f_1_590_1.jpg","datePublished":"2025-03-26T12:13:58+00:00","breadcrumb":{"@id":"https:\/\/hypnos.ee\/fi\/tuote\/kent-jolla-on-sangynpaa\/#breadcrumb"},"inLanguage":"fi","potentialAction":[{"@type":"ReadAction","target":["https:\/\/hypnos.ee\/fi\/tuote\/kent-jolla-on-sangynpaa\/"]}]},{"@type":"ImageObject","inLanguage":"fi","@id":"https:\/\/hypnos.ee\/fi\/tuote\/kent-jolla-on-sangynpaa\/#primaryimage","url":"https:\/\/hypnos.ee\/wp-content\/uploads\/2025\/03\/voodipaeis-kent_f_1_590_1.jpg","contentUrl":"https:\/\/hypnos.ee\/wp-content\/uploads\/2025\/03\/voodipaeis-kent_f_1_590_1.jpg","width":448,"height":306},{"@type":"BreadcrumbList","@id":"https:\/\/hypnos.ee\/fi\/tuote\/kent-jolla-on-sangynpaa\/#breadcrumb","itemListElement":[{"@type":"ListItem","position":1,"name":"Home","item":"https:\/\/hypnos.ee\/fi\/"},{"@type":"ListItem","position":2,"name":"Tuotteet","item":"https:\/\/hypnos.ee\/tooted\/"},{"@type":"ListItem","position":3,"name":"Kent, jolla on s\u00e4ngynp\u00e4\u00e4"}]},{"@type":"WebSite","@id":"https:\/\/hypnos.ee\/fi\/#website","url":"https:\/\/hypnos.ee\/fi\/","name":"Hypnos","description":"T\u00f5stame unekogemust","publisher":{"@id":"https:\/\/hypnos.ee\/fi\/#organization"},"potentialAction":[{"@type":"SearchAction","target":{"@type":"EntryPoint","urlTemplate":"https:\/\/hypnos.ee\/fi\/?s={search_term_string}"},"query-input":{"@type":"PropertyValueSpecification","valueRequired":true,"valueName":"search_term_string"}}],"inLanguage":"fi"},{"@type":"Organization","@id":"https:\/\/hypnos.ee\/fi\/#organization","name":"Hypnos","url":"https:\/\/hypnos.ee\/fi\/","logo":{"@type":"ImageObject","inLanguage":"fi","@id":"https:\/\/hypnos.ee\/fi\/#\/schema\/logo\/image\/","url":"https:\/\/hypnos.ee\/wp-content\/uploads\/2025\/06\/cropped-Hypnos-fa.png","contentUrl":"https:\/\/hypnos.ee\/wp-content\/uploads\/2025\/06\/cropped-Hypnos-fa.png","width":512,"height":512,"caption":"Hypnos"},"image":{"@id":"https:\/\/hypnos.ee\/fi\/#\/schema\/logo\/image\/"}}]}},"_links":{"self":[{"href":"https:\/\/hypnos.ee\/fi\/wp-json\/wp\/v2\/product\/3087","targetHints":{"allow":["GET"]}}],"collection":[{"href":"https:\/\/hypnos.ee\/fi\/wp-json\/wp\/v2\/product"}],"about":[{"href":"https:\/\/hypnos.ee\/fi\/wp-json\/wp\/v2\/types\/product"}],"replies":[{"embeddable":true,"href":"https:\/\/hypnos.ee\/fi\/wp-json\/wp\/v2\/comments?post=3087"}],"wp:featuredmedia":[{"embeddable":true,"href":"https:\/\/hypnos.ee\/fi\/wp-json\/wp\/v2\/media\/3088"}],"wp:attachment":[{"href":"https:\/\/hypnos.ee\/fi\/wp-json\/wp\/v2\/media?parent=3087"}],"wp:term":[{"taxonomy":"product_brand","embeddable":true,"href":"https:\/\/hypnos.ee\/fi\/wp-json\/wp\/v2\/product_brand?post=3087"},{"taxonomy":"product_cat","embeddable":true,"href":"https:\/\/hypnos.ee\/fi\/wp-json\/wp\/v2\/product_cat?post=3087"},{"taxonomy":"product_tag","embeddable":true,"href":"https:\/\/hypnos.ee\/fi\/wp-json\/wp\/v2\/product_tag?post=3087"}],"curies":[{"name":"wp","href":"https:\/\/api.w.org\/{rel}","templated":true}]}}