{"id":3071,"date":"2025-03-26T14:13:03","date_gmt":"2025-03-26T12:13:03","guid":{"rendered":"https:\/\/hypnos.ee\/toode\/bedhead-royal\/"},"modified":"2025-03-26T14:13:03","modified_gmt":"2025-03-26T12:13:03","slug":"bedhead-royal","status":"publish","type":"product","link":"https:\/\/hypnos.ee\/fi\/tuote\/bedhead-royal\/","title":{"rendered":"Bedhead Royal"},"content":{"rendered":"","protected":false},"excerpt":{"rendered":"<p>S\u00e4ngynp\u00e4\u00e4ty verhoiltu verhoilukankaalla tai keinonahalla. Tuote voidaan valmistaa my\u00f6s lasinapeilla. <\/p>\n<p>Mitat:<\/p>\n<p>Leveydet 146, 166 ja 186 kiinnitet\u00e4\u00e4n pulteilla, lis\u00e4ksi asennetaan jalat.<\/p>\n<p>Leveydet alkaen 200 cm (maksimileveys 275 ja korkeus 180) asennetaan s\u00e4ngyn ja sein\u00e4n v\u00e4liin jalkojen varaan.<\/p>\n<p>Korkeus 130, paksuus 10 cm.<\/p>\n","protected":false},"featured_media":3074,"comment_status":"closed","ping_status":"closed","template":"","meta":{"_acf_changed":false},"product_brand":[],"product_cat":[95],"product_tag":[],"class_list":{"0":"post-3071","1":"product","2":"type-product","3":"status-publish","4":"has-post-thumbnail","6":"product_cat-sangynpaat","8":"first","9":"instock","10":"shipping-taxable","11":"product-type-simple"},"acf":[],"yoast_head":"<!-- This site is optimized with the Yoast SEO Premium plugin v26.0 (Yoast SEO v26.0) - https:\/\/yoast.com\/wordpress\/plugins\/seo\/ -->\n<title>Bedhead Royal - Hypnos<\/title>\n<meta name=\"robots\" content=\"index, follow, max-snippet:-1, max-image-preview:large, max-video-preview:-1\" \/>\n<link rel=\"canonical\" href=\"https:\/\/hypnos.ee\/fi\/tuote\/bedhead-royal\/\" \/>\n<meta property=\"og:locale\" content=\"fi_FI\" \/>\n<meta property=\"og:type\" content=\"article\" \/>\n<meta property=\"og:title\" content=\"Bedhead Royal\" \/>\n<meta property=\"og:description\" content=\"S\u00e4ngynp\u00e4\u00e4ty verhoiltu verhoilukankaalla tai keinonahalla. Tuote voidaan valmistaa my\u00f6s lasinapeilla.  Mitat: Leveydet 146, 166 ja 186 kiinnitet\u00e4\u00e4n pulteilla, lis\u00e4ksi asennetaan jalat. Leveydet alkaen 200 cm (maksimileveys 275 ja korkeus 180) asennetaan s\u00e4ngyn ja sein\u00e4n v\u00e4liin jalkojen varaan. Korkeus 130, paksuus 10 cm.\" \/>\n<meta property=\"og:url\" content=\"https:\/\/hypnos.ee\/fi\/tuote\/bedhead-royal\/\" \/>\n<meta property=\"og:site_name\" content=\"Hypnos\" \/>\n<meta property=\"og:image\" content=\"https:\/\/hypnos.ee\/wp-content\/uploads\/2025\/08\/hypnos-banner.png\" \/>\n\t<meta property=\"og:image:width\" content=\"1280\" \/>\n\t<meta property=\"og:image:height\" content=\"720\" \/>\n\t<meta property=\"og:image:type\" content=\"image\/png\" \/>\n<meta name=\"twitter:card\" content=\"summary_large_image\" \/>\n<script type=\"application\/ld+json\" class=\"yoast-schema-graph\">{\"@context\":\"https:\/\/schema.org\",\"@graph\":[{\"@type\":\"WebPage\",\"@id\":\"https:\/\/hypnos.ee\/fi\/tuote\/bedhead-royal\/\",\"url\":\"https:\/\/hypnos.ee\/fi\/tuote\/bedhead-royal\/\",\"name\":\"Bedhead Royal - Hypnos\",\"isPartOf\":{\"@id\":\"https:\/\/hypnos.ee\/fi\/#website\"},\"primaryImageOfPage\":{\"@id\":\"https:\/\/hypnos.ee\/fi\/tuote\/bedhead-royal\/#primaryimage\"},\"image\":{\"@id\":\"https:\/\/hypnos.ee\/fi\/tuote\/bedhead-royal\/#primaryimage\"},\"thumbnailUrl\":\"https:\/\/hypnos.ee\/wp-content\/uploads\/2025\/03\/voodipaeis-royal_f_1_590_1.jpg\",\"datePublished\":\"2025-03-26T12:13:03+00:00\",\"breadcrumb\":{\"@id\":\"https:\/\/hypnos.ee\/fi\/tuote\/bedhead-royal\/#breadcrumb\"},\"inLanguage\":\"fi\",\"potentialAction\":[{\"@type\":\"ReadAction\",\"target\":[\"https:\/\/hypnos.ee\/fi\/tuote\/bedhead-royal\/\"]}]},{\"@type\":\"ImageObject\",\"inLanguage\":\"fi\",\"@id\":\"https:\/\/hypnos.ee\/fi\/tuote\/bedhead-royal\/#primaryimage\",\"url\":\"https:\/\/hypnos.ee\/wp-content\/uploads\/2025\/03\/voodipaeis-royal_f_1_590_1.jpg\",\"contentUrl\":\"https:\/\/hypnos.ee\/wp-content\/uploads\/2025\/03\/voodipaeis-royal_f_1_590_1.jpg\",\"width\":590,\"height\":394},{\"@type\":\"BreadcrumbList\",\"@id\":\"https:\/\/hypnos.ee\/fi\/tuote\/bedhead-royal\/#breadcrumb\",\"itemListElement\":[{\"@type\":\"ListItem\",\"position\":1,\"name\":\"Home\",\"item\":\"https:\/\/hypnos.ee\/fi\/\"},{\"@type\":\"ListItem\",\"position\":2,\"name\":\"Tuotteet\",\"item\":\"https:\/\/hypnos.ee\/tooted\/\"},{\"@type\":\"ListItem\",\"position\":3,\"name\":\"Bedhead Royal\"}]},{\"@type\":\"WebSite\",\"@id\":\"https:\/\/hypnos.ee\/fi\/#website\",\"url\":\"https:\/\/hypnos.ee\/fi\/\",\"name\":\"Hypnos\",\"description\":\"T\u00f5stame unekogemust\",\"publisher\":{\"@id\":\"https:\/\/hypnos.ee\/fi\/#organization\"},\"potentialAction\":[{\"@type\":\"SearchAction\",\"target\":{\"@type\":\"EntryPoint\",\"urlTemplate\":\"https:\/\/hypnos.ee\/fi\/?s={search_term_string}\"},\"query-input\":{\"@type\":\"PropertyValueSpecification\",\"valueRequired\":true,\"valueName\":\"search_term_string\"}}],\"inLanguage\":\"fi\"},{\"@type\":\"Organization\",\"@id\":\"https:\/\/hypnos.ee\/fi\/#organization\",\"name\":\"Hypnos\",\"url\":\"https:\/\/hypnos.ee\/fi\/\",\"logo\":{\"@type\":\"ImageObject\",\"inLanguage\":\"fi\",\"@id\":\"https:\/\/hypnos.ee\/fi\/#\/schema\/logo\/image\/\",\"url\":\"https:\/\/hypnos.ee\/wp-content\/uploads\/2025\/06\/cropped-Hypnos-fa.png\",\"contentUrl\":\"https:\/\/hypnos.ee\/wp-content\/uploads\/2025\/06\/cropped-Hypnos-fa.png\",\"width\":512,\"height\":512,\"caption\":\"Hypnos\"},\"image\":{\"@id\":\"https:\/\/hypnos.ee\/fi\/#\/schema\/logo\/image\/\"}}]}<\/script>\n<!-- \/ Yoast SEO Premium plugin. -->","yoast_head_json":{"title":"Bedhead Royal - Hypnos","robots":{"index":"index","follow":"follow","max-snippet":"max-snippet:-1","max-image-preview":"max-image-preview:large","max-video-preview":"max-video-preview:-1"},"canonical":"https:\/\/hypnos.ee\/fi\/tuote\/bedhead-royal\/","og_locale":"fi_FI","og_type":"article","og_title":"Bedhead Royal","og_description":"S\u00e4ngynp\u00e4\u00e4ty verhoiltu verhoilukankaalla tai keinonahalla. Tuote voidaan valmistaa my\u00f6s lasinapeilla.  Mitat: Leveydet 146, 166 ja 186 kiinnitet\u00e4\u00e4n pulteilla, lis\u00e4ksi asennetaan jalat. Leveydet alkaen 200 cm (maksimileveys 275 ja korkeus 180) asennetaan s\u00e4ngyn ja sein\u00e4n v\u00e4liin jalkojen varaan. Korkeus 130, paksuus 10 cm.","og_url":"https:\/\/hypnos.ee\/fi\/tuote\/bedhead-royal\/","og_site_name":"Hypnos","og_image":[{"width":1280,"height":720,"url":"https:\/\/hypnos.ee\/wp-content\/uploads\/2025\/08\/hypnos-banner.png","type":"image\/png"}],"twitter_card":"summary_large_image","schema":{"@context":"https:\/\/schema.org","@graph":[{"@type":"WebPage","@id":"https:\/\/hypnos.ee\/fi\/tuote\/bedhead-royal\/","url":"https:\/\/hypnos.ee\/fi\/tuote\/bedhead-royal\/","name":"Bedhead Royal - Hypnos","isPartOf":{"@id":"https:\/\/hypnos.ee\/fi\/#website"},"primaryImageOfPage":{"@id":"https:\/\/hypnos.ee\/fi\/tuote\/bedhead-royal\/#primaryimage"},"image":{"@id":"https:\/\/hypnos.ee\/fi\/tuote\/bedhead-royal\/#primaryimage"},"thumbnailUrl":"https:\/\/hypnos.ee\/wp-content\/uploads\/2025\/03\/voodipaeis-royal_f_1_590_1.jpg","datePublished":"2025-03-26T12:13:03+00:00","breadcrumb":{"@id":"https:\/\/hypnos.ee\/fi\/tuote\/bedhead-royal\/#breadcrumb"},"inLanguage":"fi","potentialAction":[{"@type":"ReadAction","target":["https:\/\/hypnos.ee\/fi\/tuote\/bedhead-royal\/"]}]},{"@type":"ImageObject","inLanguage":"fi","@id":"https:\/\/hypnos.ee\/fi\/tuote\/bedhead-royal\/#primaryimage","url":"https:\/\/hypnos.ee\/wp-content\/uploads\/2025\/03\/voodipaeis-royal_f_1_590_1.jpg","contentUrl":"https:\/\/hypnos.ee\/wp-content\/uploads\/2025\/03\/voodipaeis-royal_f_1_590_1.jpg","width":590,"height":394},{"@type":"BreadcrumbList","@id":"https:\/\/hypnos.ee\/fi\/tuote\/bedhead-royal\/#breadcrumb","itemListElement":[{"@type":"ListItem","position":1,"name":"Home","item":"https:\/\/hypnos.ee\/fi\/"},{"@type":"ListItem","position":2,"name":"Tuotteet","item":"https:\/\/hypnos.ee\/tooted\/"},{"@type":"ListItem","position":3,"name":"Bedhead Royal"}]},{"@type":"WebSite","@id":"https:\/\/hypnos.ee\/fi\/#website","url":"https:\/\/hypnos.ee\/fi\/","name":"Hypnos","description":"T\u00f5stame unekogemust","publisher":{"@id":"https:\/\/hypnos.ee\/fi\/#organization"},"potentialAction":[{"@type":"SearchAction","target":{"@type":"EntryPoint","urlTemplate":"https:\/\/hypnos.ee\/fi\/?s={search_term_string}"},"query-input":{"@type":"PropertyValueSpecification","valueRequired":true,"valueName":"search_term_string"}}],"inLanguage":"fi"},{"@type":"Organization","@id":"https:\/\/hypnos.ee\/fi\/#organization","name":"Hypnos","url":"https:\/\/hypnos.ee\/fi\/","logo":{"@type":"ImageObject","inLanguage":"fi","@id":"https:\/\/hypnos.ee\/fi\/#\/schema\/logo\/image\/","url":"https:\/\/hypnos.ee\/wp-content\/uploads\/2025\/06\/cropped-Hypnos-fa.png","contentUrl":"https:\/\/hypnos.ee\/wp-content\/uploads\/2025\/06\/cropped-Hypnos-fa.png","width":512,"height":512,"caption":"Hypnos"},"image":{"@id":"https:\/\/hypnos.ee\/fi\/#\/schema\/logo\/image\/"}}]}},"_links":{"self":[{"href":"https:\/\/hypnos.ee\/fi\/wp-json\/wp\/v2\/product\/3071","targetHints":{"allow":["GET"]}}],"collection":[{"href":"https:\/\/hypnos.ee\/fi\/wp-json\/wp\/v2\/product"}],"about":[{"href":"https:\/\/hypnos.ee\/fi\/wp-json\/wp\/v2\/types\/product"}],"replies":[{"embeddable":true,"href":"https:\/\/hypnos.ee\/fi\/wp-json\/wp\/v2\/comments?post=3071"}],"wp:featuredmedia":[{"embeddable":true,"href":"https:\/\/hypnos.ee\/fi\/wp-json\/wp\/v2\/media\/3074"}],"wp:attachment":[{"href":"https:\/\/hypnos.ee\/fi\/wp-json\/wp\/v2\/media?parent=3071"}],"wp:term":[{"taxonomy":"product_brand","embeddable":true,"href":"https:\/\/hypnos.ee\/fi\/wp-json\/wp\/v2\/product_brand?post=3071"},{"taxonomy":"product_cat","embeddable":true,"href":"https:\/\/hypnos.ee\/fi\/wp-json\/wp\/v2\/product_cat?post=3071"},{"taxonomy":"product_tag","embeddable":true,"href":"https:\/\/hypnos.ee\/fi\/wp-json\/wp\/v2\/product_tag?post=3071"}],"curies":[{"name":"wp","href":"https:\/\/api.w.org\/{rel}","templated":true}]}}