{"id":3053,"date":"2025-03-26T13:42:05","date_gmt":"2025-03-26T11:42:05","guid":{"rendered":"https:\/\/hypnos.ee\/toode\/jupiter-kattomatot\/"},"modified":"2025-03-26T13:42:05","modified_gmt":"2025-03-26T11:42:05","slug":"jupiter-kattomatot","status":"publish","type":"product","link":"https:\/\/hypnos.ee\/fi\/tuote\/jupiter-kattomatot\/","title":{"rendered":"Jupiter-kattomatot"},"content":{"rendered":"","protected":false},"excerpt":{"rendered":"<p data-key=\"8vf3f\"><strong>Alueellinen tuki, joka kest\u00e4\u00e4.<\/strong><\/p>\n<p data-key=\"PmIRE\">Jupiter-patjanp\u00e4\u00e4llinen on t\u00e4ydellinen, kun tarvitset ortopedist\u00e4 tukea kehollesi. Luonnollinen 5-vy\u00f6hykkeinen lateksi mukautuu kehon eri alueisiin, antaa tarvittavan j\u00e4ykkyyden ja lievitt\u00e4\u00e4 j\u00e4nnityst\u00e4.<br \/>\nIlmanvaihtokanavat takaavat jatkuvan ilmavirran, jotta makuualueesi pysyy raikkaana ja kuivana ymp\u00e4ri vuoden.<\/p>\n<p data-key=\"UQoDI\">Patjaa ymp\u00e4r\u00f6i korkealaatuinen puuvillainen stretch-kangas, jossa on Silver Protect -k\u00e4sittely, joka suojaa p\u00f6lypunkkeja, bakteereja ja hometta vastaan. Py\u00f6re\u00e4n lukon ansiosta p\u00e4\u00e4llinen voidaan jakaa kahteen osaan, jotka voidaan pest\u00e4 erikseen. <\/p>\n","protected":false},"featured_media":2116,"comment_status":"closed","ping_status":"closed","template":"","meta":{"_acf_changed":false},"product_brand":[],"product_cat":[93],"product_tag":[],"class_list":{"0":"post-3053","1":"product","2":"type-product","3":"status-publish","4":"has-post-thumbnail","6":"product_cat-kattopatjat","8":"first","9":"instock","10":"shipping-taxable","11":"product-type-simple"},"acf":[],"yoast_head":"<!-- This site is optimized with the Yoast SEO Premium plugin v26.0 (Yoast SEO v26.0) - https:\/\/yoast.com\/wordpress\/plugins\/seo\/ -->\n<title>Jupiter-kattomatot - Hypnos<\/title>\n<meta name=\"robots\" content=\"index, follow, max-snippet:-1, max-image-preview:large, max-video-preview:-1\" \/>\n<link rel=\"canonical\" href=\"https:\/\/hypnos.ee\/fi\/tuote\/jupiter-kattomatot\/\" \/>\n<meta property=\"og:locale\" content=\"fi_FI\" \/>\n<meta property=\"og:type\" content=\"article\" \/>\n<meta property=\"og:title\" content=\"Jupiter-kattomatot\" \/>\n<meta property=\"og:description\" content=\"Alueellinen tuki, joka kest\u00e4\u00e4. Jupiter-patjanp\u00e4\u00e4llinen on t\u00e4ydellinen, kun tarvitset ortopedist\u00e4 tukea kehollesi. Luonnollinen 5-vy\u00f6hykkeinen lateksi mukautuu kehon eri alueisiin, antaa tarvittavan j\u00e4ykkyyden ja lievitt\u00e4\u00e4 j\u00e4nnityst\u00e4. Ilmanvaihtokanavat takaavat jatkuvan ilmavirran, jotta makuualueesi pysyy raikkaana ja kuivana ymp\u00e4ri vuoden. Patjaa ymp\u00e4r\u00f6i korkealaatuinen puuvillainen stretch-kangas, jossa on Silver Protect -k\u00e4sittely, joka suojaa p\u00f6lypunkkeja, bakteereja ja hometta vastaan. Py\u00f6re\u00e4n lukon ansiosta p\u00e4\u00e4llinen voidaan jakaa kahteen osaan, jotka voidaan pest\u00e4 erikseen.\" \/>\n<meta property=\"og:url\" content=\"https:\/\/hypnos.ee\/fi\/tuote\/jupiter-kattomatot\/\" \/>\n<meta property=\"og:site_name\" content=\"Hypnos\" \/>\n<meta property=\"og:image\" content=\"https:\/\/hypnos.ee\/wp-content\/uploads\/2025\/03\/jupiter-kattemadrats_f_1_590_1.jpg\" \/>\n\t<meta property=\"og:image:width\" content=\"590\" \/>\n\t<meta property=\"og:image:height\" content=\"319\" \/>\n\t<meta property=\"og:image:type\" content=\"image\/jpeg\" \/>\n<meta name=\"twitter:card\" content=\"summary_large_image\" \/>\n<script type=\"application\/ld+json\" class=\"yoast-schema-graph\">{\"@context\":\"https:\/\/schema.org\",\"@graph\":[{\"@type\":\"WebPage\",\"@id\":\"https:\/\/hypnos.ee\/fi\/tuote\/jupiter-kattomatot\/\",\"url\":\"https:\/\/hypnos.ee\/fi\/tuote\/jupiter-kattomatot\/\",\"name\":\"Jupiter-kattomatot - Hypnos\",\"isPartOf\":{\"@id\":\"https:\/\/hypnos.ee\/fi\/#website\"},\"primaryImageOfPage\":{\"@id\":\"https:\/\/hypnos.ee\/fi\/tuote\/jupiter-kattomatot\/#primaryimage\"},\"image\":{\"@id\":\"https:\/\/hypnos.ee\/fi\/tuote\/jupiter-kattomatot\/#primaryimage\"},\"thumbnailUrl\":\"https:\/\/hypnos.ee\/wp-content\/uploads\/2025\/03\/jupiter-kattemadrats_f_1_590_1.jpg\",\"datePublished\":\"2025-03-26T11:42:05+00:00\",\"breadcrumb\":{\"@id\":\"https:\/\/hypnos.ee\/fi\/tuote\/jupiter-kattomatot\/#breadcrumb\"},\"inLanguage\":\"fi\",\"potentialAction\":[{\"@type\":\"ReadAction\",\"target\":[\"https:\/\/hypnos.ee\/fi\/tuote\/jupiter-kattomatot\/\"]}]},{\"@type\":\"ImageObject\",\"inLanguage\":\"fi\",\"@id\":\"https:\/\/hypnos.ee\/fi\/tuote\/jupiter-kattomatot\/#primaryimage\",\"url\":\"https:\/\/hypnos.ee\/wp-content\/uploads\/2025\/03\/jupiter-kattemadrats_f_1_590_1.jpg\",\"contentUrl\":\"https:\/\/hypnos.ee\/wp-content\/uploads\/2025\/03\/jupiter-kattemadrats_f_1_590_1.jpg\",\"width\":590,\"height\":319},{\"@type\":\"BreadcrumbList\",\"@id\":\"https:\/\/hypnos.ee\/fi\/tuote\/jupiter-kattomatot\/#breadcrumb\",\"itemListElement\":[{\"@type\":\"ListItem\",\"position\":1,\"name\":\"Home\",\"item\":\"https:\/\/hypnos.ee\/fi\/\"},{\"@type\":\"ListItem\",\"position\":2,\"name\":\"Tuotteet\",\"item\":\"https:\/\/hypnos.ee\/tooted\/\"},{\"@type\":\"ListItem\",\"position\":3,\"name\":\"Jupiter-kattomatot\"}]},{\"@type\":\"WebSite\",\"@id\":\"https:\/\/hypnos.ee\/fi\/#website\",\"url\":\"https:\/\/hypnos.ee\/fi\/\",\"name\":\"Hypnos\",\"description\":\"T\u00f5stame unekogemust\",\"publisher\":{\"@id\":\"https:\/\/hypnos.ee\/fi\/#organization\"},\"potentialAction\":[{\"@type\":\"SearchAction\",\"target\":{\"@type\":\"EntryPoint\",\"urlTemplate\":\"https:\/\/hypnos.ee\/fi\/?s={search_term_string}\"},\"query-input\":{\"@type\":\"PropertyValueSpecification\",\"valueRequired\":true,\"valueName\":\"search_term_string\"}}],\"inLanguage\":\"fi\"},{\"@type\":\"Organization\",\"@id\":\"https:\/\/hypnos.ee\/fi\/#organization\",\"name\":\"Hypnos\",\"url\":\"https:\/\/hypnos.ee\/fi\/\",\"logo\":{\"@type\":\"ImageObject\",\"inLanguage\":\"fi\",\"@id\":\"https:\/\/hypnos.ee\/fi\/#\/schema\/logo\/image\/\",\"url\":\"https:\/\/hypnos.ee\/wp-content\/uploads\/2025\/06\/cropped-Hypnos-fa.png\",\"contentUrl\":\"https:\/\/hypnos.ee\/wp-content\/uploads\/2025\/06\/cropped-Hypnos-fa.png\",\"width\":512,\"height\":512,\"caption\":\"Hypnos\"},\"image\":{\"@id\":\"https:\/\/hypnos.ee\/fi\/#\/schema\/logo\/image\/\"}}]}<\/script>\n<!-- \/ Yoast SEO Premium plugin. -->","yoast_head_json":{"title":"Jupiter-kattomatot - Hypnos","robots":{"index":"index","follow":"follow","max-snippet":"max-snippet:-1","max-image-preview":"max-image-preview:large","max-video-preview":"max-video-preview:-1"},"canonical":"https:\/\/hypnos.ee\/fi\/tuote\/jupiter-kattomatot\/","og_locale":"fi_FI","og_type":"article","og_title":"Jupiter-kattomatot","og_description":"Alueellinen tuki, joka kest\u00e4\u00e4. Jupiter-patjanp\u00e4\u00e4llinen on t\u00e4ydellinen, kun tarvitset ortopedist\u00e4 tukea kehollesi. Luonnollinen 5-vy\u00f6hykkeinen lateksi mukautuu kehon eri alueisiin, antaa tarvittavan j\u00e4ykkyyden ja lievitt\u00e4\u00e4 j\u00e4nnityst\u00e4. Ilmanvaihtokanavat takaavat jatkuvan ilmavirran, jotta makuualueesi pysyy raikkaana ja kuivana ymp\u00e4ri vuoden. Patjaa ymp\u00e4r\u00f6i korkealaatuinen puuvillainen stretch-kangas, jossa on Silver Protect -k\u00e4sittely, joka suojaa p\u00f6lypunkkeja, bakteereja ja hometta vastaan. Py\u00f6re\u00e4n lukon ansiosta p\u00e4\u00e4llinen voidaan jakaa kahteen osaan, jotka voidaan pest\u00e4 erikseen.","og_url":"https:\/\/hypnos.ee\/fi\/tuote\/jupiter-kattomatot\/","og_site_name":"Hypnos","og_image":[{"width":590,"height":319,"url":"https:\/\/hypnos.ee\/wp-content\/uploads\/2025\/03\/jupiter-kattemadrats_f_1_590_1.jpg","type":"image\/jpeg"}],"twitter_card":"summary_large_image","schema":{"@context":"https:\/\/schema.org","@graph":[{"@type":"WebPage","@id":"https:\/\/hypnos.ee\/fi\/tuote\/jupiter-kattomatot\/","url":"https:\/\/hypnos.ee\/fi\/tuote\/jupiter-kattomatot\/","name":"Jupiter-kattomatot - Hypnos","isPartOf":{"@id":"https:\/\/hypnos.ee\/fi\/#website"},"primaryImageOfPage":{"@id":"https:\/\/hypnos.ee\/fi\/tuote\/jupiter-kattomatot\/#primaryimage"},"image":{"@id":"https:\/\/hypnos.ee\/fi\/tuote\/jupiter-kattomatot\/#primaryimage"},"thumbnailUrl":"https:\/\/hypnos.ee\/wp-content\/uploads\/2025\/03\/jupiter-kattemadrats_f_1_590_1.jpg","datePublished":"2025-03-26T11:42:05+00:00","breadcrumb":{"@id":"https:\/\/hypnos.ee\/fi\/tuote\/jupiter-kattomatot\/#breadcrumb"},"inLanguage":"fi","potentialAction":[{"@type":"ReadAction","target":["https:\/\/hypnos.ee\/fi\/tuote\/jupiter-kattomatot\/"]}]},{"@type":"ImageObject","inLanguage":"fi","@id":"https:\/\/hypnos.ee\/fi\/tuote\/jupiter-kattomatot\/#primaryimage","url":"https:\/\/hypnos.ee\/wp-content\/uploads\/2025\/03\/jupiter-kattemadrats_f_1_590_1.jpg","contentUrl":"https:\/\/hypnos.ee\/wp-content\/uploads\/2025\/03\/jupiter-kattemadrats_f_1_590_1.jpg","width":590,"height":319},{"@type":"BreadcrumbList","@id":"https:\/\/hypnos.ee\/fi\/tuote\/jupiter-kattomatot\/#breadcrumb","itemListElement":[{"@type":"ListItem","position":1,"name":"Home","item":"https:\/\/hypnos.ee\/fi\/"},{"@type":"ListItem","position":2,"name":"Tuotteet","item":"https:\/\/hypnos.ee\/tooted\/"},{"@type":"ListItem","position":3,"name":"Jupiter-kattomatot"}]},{"@type":"WebSite","@id":"https:\/\/hypnos.ee\/fi\/#website","url":"https:\/\/hypnos.ee\/fi\/","name":"Hypnos","description":"T\u00f5stame unekogemust","publisher":{"@id":"https:\/\/hypnos.ee\/fi\/#organization"},"potentialAction":[{"@type":"SearchAction","target":{"@type":"EntryPoint","urlTemplate":"https:\/\/hypnos.ee\/fi\/?s={search_term_string}"},"query-input":{"@type":"PropertyValueSpecification","valueRequired":true,"valueName":"search_term_string"}}],"inLanguage":"fi"},{"@type":"Organization","@id":"https:\/\/hypnos.ee\/fi\/#organization","name":"Hypnos","url":"https:\/\/hypnos.ee\/fi\/","logo":{"@type":"ImageObject","inLanguage":"fi","@id":"https:\/\/hypnos.ee\/fi\/#\/schema\/logo\/image\/","url":"https:\/\/hypnos.ee\/wp-content\/uploads\/2025\/06\/cropped-Hypnos-fa.png","contentUrl":"https:\/\/hypnos.ee\/wp-content\/uploads\/2025\/06\/cropped-Hypnos-fa.png","width":512,"height":512,"caption":"Hypnos"},"image":{"@id":"https:\/\/hypnos.ee\/fi\/#\/schema\/logo\/image\/"}}]}},"_links":{"self":[{"href":"https:\/\/hypnos.ee\/fi\/wp-json\/wp\/v2\/product\/3053","targetHints":{"allow":["GET"]}}],"collection":[{"href":"https:\/\/hypnos.ee\/fi\/wp-json\/wp\/v2\/product"}],"about":[{"href":"https:\/\/hypnos.ee\/fi\/wp-json\/wp\/v2\/types\/product"}],"replies":[{"embeddable":true,"href":"https:\/\/hypnos.ee\/fi\/wp-json\/wp\/v2\/comments?post=3053"}],"wp:featuredmedia":[{"embeddable":true,"href":"https:\/\/hypnos.ee\/fi\/wp-json\/wp\/v2\/media\/2116"}],"wp:attachment":[{"href":"https:\/\/hypnos.ee\/fi\/wp-json\/wp\/v2\/media?parent=3053"}],"wp:term":[{"taxonomy":"product_brand","embeddable":true,"href":"https:\/\/hypnos.ee\/fi\/wp-json\/wp\/v2\/product_brand?post=3053"},{"taxonomy":"product_cat","embeddable":true,"href":"https:\/\/hypnos.ee\/fi\/wp-json\/wp\/v2\/product_cat?post=3053"},{"taxonomy":"product_tag","embeddable":true,"href":"https:\/\/hypnos.ee\/fi\/wp-json\/wp\/v2\/product_tag?post=3053"}],"curies":[{"name":"wp","href":"https:\/\/api.w.org\/{rel}","templated":true}]}}