{"id":3031,"date":"2025-03-26T13:52:40","date_gmt":"2025-03-26T11:52:40","guid":{"rendered":"https:\/\/hypnos.ee\/toode\/kattemadrat-majoitusta-varten\/"},"modified":"2025-03-26T13:52:40","modified_gmt":"2025-03-26T11:52:40","slug":"kattemadrat-majoitusta-varten","status":"publish","type":"product","link":"https:\/\/hypnos.ee\/fi\/tuote\/kattemadrat-majoitusta-varten\/","title":{"rendered":"Kattemadrat majoitusta varten"},"content":{"rendered":"","protected":false},"excerpt":{"rendered":"<p data-key=\"Ijph7\"><strong>Joustavuutta ammattilaisille.<\/strong><\/p>\n<p data-key=\"nJS2s\">T\u00e4m\u00e4 patja on suunniteltu erityisesti majoitusliikkeisiin, joissa nopea mukautuminen tarpeisiin on v\u00e4ltt\u00e4m\u00e4t\u00f6nt\u00e4. Lukituksen ansiosta tuotetta voidaan k\u00e4ytt\u00e4\u00e4 leve\u00e4n\u00e4 patjana yhten\u00e4 kappaleena tai kahtena kapeana patjana erikseen. Ihanteellinen sek\u00e4 pari- ett\u00e4 yhden hengen s\u00e4nkyihin.  <\/p>\n<p data-key=\"XrFWm\">Patjan sis\u00e4lt\u00f6 voidaan valita asiakkaan toiveiden mukaan Hypnos-patjojen valikoimasta &#8211; olipa kyseess\u00e4 lateksi-, porolone- tai jousipatja.<\/p>\n","protected":false},"featured_media":3033,"comment_status":"closed","ping_status":"closed","template":"","meta":{"_acf_changed":false},"product_brand":[],"product_cat":[93],"product_tag":[],"class_list":{"0":"post-3031","1":"product","2":"type-product","3":"status-publish","4":"has-post-thumbnail","6":"product_cat-kattopatjat","8":"first","9":"instock","10":"shipping-taxable","11":"product-type-simple"},"acf":[],"yoast_head":"<!-- This site is optimized with the Yoast SEO Premium plugin v26.0 (Yoast SEO v26.0) - https:\/\/yoast.com\/wordpress\/plugins\/seo\/ -->\n<title>Kattemadrat majoitusta varten - Hypnos<\/title>\n<meta name=\"robots\" content=\"index, follow, max-snippet:-1, max-image-preview:large, max-video-preview:-1\" \/>\n<link rel=\"canonical\" href=\"https:\/\/hypnos.ee\/fi\/tuote\/kattemadrat-majoitusta-varten\/\" \/>\n<meta property=\"og:locale\" content=\"fi_FI\" \/>\n<meta property=\"og:type\" content=\"article\" \/>\n<meta property=\"og:title\" content=\"Kattemadrat majoitusta varten\" \/>\n<meta property=\"og:description\" content=\"Joustavuutta ammattilaisille. T\u00e4m\u00e4 patja on suunniteltu erityisesti majoitusliikkeisiin, joissa nopea mukautuminen tarpeisiin on v\u00e4ltt\u00e4m\u00e4t\u00f6nt\u00e4. Lukituksen ansiosta tuotetta voidaan k\u00e4ytt\u00e4\u00e4 leve\u00e4n\u00e4 patjana yhten\u00e4 kappaleena tai kahtena kapeana patjana erikseen. Ihanteellinen sek\u00e4 pari- ett\u00e4 yhden hengen s\u00e4nkyihin.  Patjan sis\u00e4lt\u00f6 voidaan valita asiakkaan toiveiden mukaan Hypnos-patjojen valikoimasta - olipa kyseess\u00e4 lateksi-, porolone- tai jousipatja.\" \/>\n<meta property=\"og:url\" content=\"https:\/\/hypnos.ee\/fi\/tuote\/kattemadrat-majoitusta-varten\/\" \/>\n<meta property=\"og:site_name\" content=\"Hypnos\" \/>\n<meta property=\"og:image\" content=\"https:\/\/hypnos.ee\/wp-content\/uploads\/2025\/03\/kattemadrats-mootorvoodile_f_1_590_1.jpg\" \/>\n\t<meta property=\"og:image:width\" content=\"590\" \/>\n\t<meta property=\"og:image:height\" content=\"394\" \/>\n\t<meta property=\"og:image:type\" content=\"image\/jpeg\" \/>\n<meta name=\"twitter:card\" content=\"summary_large_image\" \/>\n<script type=\"application\/ld+json\" class=\"yoast-schema-graph\">{\"@context\":\"https:\/\/schema.org\",\"@graph\":[{\"@type\":\"WebPage\",\"@id\":\"https:\/\/hypnos.ee\/fi\/tuote\/kattemadrat-majoitusta-varten\/\",\"url\":\"https:\/\/hypnos.ee\/fi\/tuote\/kattemadrat-majoitusta-varten\/\",\"name\":\"Kattemadrat majoitusta varten - Hypnos\",\"isPartOf\":{\"@id\":\"https:\/\/hypnos.ee\/fi\/#website\"},\"primaryImageOfPage\":{\"@id\":\"https:\/\/hypnos.ee\/fi\/tuote\/kattemadrat-majoitusta-varten\/#primaryimage\"},\"image\":{\"@id\":\"https:\/\/hypnos.ee\/fi\/tuote\/kattemadrat-majoitusta-varten\/#primaryimage\"},\"thumbnailUrl\":\"https:\/\/hypnos.ee\/wp-content\/uploads\/2025\/03\/kattemadrats-mootorvoodile_f_1_590_1.jpg\",\"datePublished\":\"2025-03-26T11:52:40+00:00\",\"breadcrumb\":{\"@id\":\"https:\/\/hypnos.ee\/fi\/tuote\/kattemadrat-majoitusta-varten\/#breadcrumb\"},\"inLanguage\":\"fi\",\"potentialAction\":[{\"@type\":\"ReadAction\",\"target\":[\"https:\/\/hypnos.ee\/fi\/tuote\/kattemadrat-majoitusta-varten\/\"]}]},{\"@type\":\"ImageObject\",\"inLanguage\":\"fi\",\"@id\":\"https:\/\/hypnos.ee\/fi\/tuote\/kattemadrat-majoitusta-varten\/#primaryimage\",\"url\":\"https:\/\/hypnos.ee\/wp-content\/uploads\/2025\/03\/kattemadrats-mootorvoodile_f_1_590_1.jpg\",\"contentUrl\":\"https:\/\/hypnos.ee\/wp-content\/uploads\/2025\/03\/kattemadrats-mootorvoodile_f_1_590_1.jpg\",\"width\":590,\"height\":394},{\"@type\":\"BreadcrumbList\",\"@id\":\"https:\/\/hypnos.ee\/fi\/tuote\/kattemadrat-majoitusta-varten\/#breadcrumb\",\"itemListElement\":[{\"@type\":\"ListItem\",\"position\":1,\"name\":\"Home\",\"item\":\"https:\/\/hypnos.ee\/fi\/\"},{\"@type\":\"ListItem\",\"position\":2,\"name\":\"Tuotteet\",\"item\":\"https:\/\/hypnos.ee\/tooted\/\"},{\"@type\":\"ListItem\",\"position\":3,\"name\":\"Kattemadrat majoitusta varten\"}]},{\"@type\":\"WebSite\",\"@id\":\"https:\/\/hypnos.ee\/fi\/#website\",\"url\":\"https:\/\/hypnos.ee\/fi\/\",\"name\":\"Hypnos\",\"description\":\"T\u00f5stame unekogemust\",\"publisher\":{\"@id\":\"https:\/\/hypnos.ee\/fi\/#organization\"},\"potentialAction\":[{\"@type\":\"SearchAction\",\"target\":{\"@type\":\"EntryPoint\",\"urlTemplate\":\"https:\/\/hypnos.ee\/fi\/?s={search_term_string}\"},\"query-input\":{\"@type\":\"PropertyValueSpecification\",\"valueRequired\":true,\"valueName\":\"search_term_string\"}}],\"inLanguage\":\"fi\"},{\"@type\":\"Organization\",\"@id\":\"https:\/\/hypnos.ee\/fi\/#organization\",\"name\":\"Hypnos\",\"url\":\"https:\/\/hypnos.ee\/fi\/\",\"logo\":{\"@type\":\"ImageObject\",\"inLanguage\":\"fi\",\"@id\":\"https:\/\/hypnos.ee\/fi\/#\/schema\/logo\/image\/\",\"url\":\"https:\/\/hypnos.ee\/wp-content\/uploads\/2025\/06\/cropped-Hypnos-fa.png\",\"contentUrl\":\"https:\/\/hypnos.ee\/wp-content\/uploads\/2025\/06\/cropped-Hypnos-fa.png\",\"width\":512,\"height\":512,\"caption\":\"Hypnos\"},\"image\":{\"@id\":\"https:\/\/hypnos.ee\/fi\/#\/schema\/logo\/image\/\"}}]}<\/script>\n<!-- \/ Yoast SEO Premium plugin. -->","yoast_head_json":{"title":"Kattemadrat majoitusta varten - Hypnos","robots":{"index":"index","follow":"follow","max-snippet":"max-snippet:-1","max-image-preview":"max-image-preview:large","max-video-preview":"max-video-preview:-1"},"canonical":"https:\/\/hypnos.ee\/fi\/tuote\/kattemadrat-majoitusta-varten\/","og_locale":"fi_FI","og_type":"article","og_title":"Kattemadrat majoitusta varten","og_description":"Joustavuutta ammattilaisille. T\u00e4m\u00e4 patja on suunniteltu erityisesti majoitusliikkeisiin, joissa nopea mukautuminen tarpeisiin on v\u00e4ltt\u00e4m\u00e4t\u00f6nt\u00e4. Lukituksen ansiosta tuotetta voidaan k\u00e4ytt\u00e4\u00e4 leve\u00e4n\u00e4 patjana yhten\u00e4 kappaleena tai kahtena kapeana patjana erikseen. Ihanteellinen sek\u00e4 pari- ett\u00e4 yhden hengen s\u00e4nkyihin.  Patjan sis\u00e4lt\u00f6 voidaan valita asiakkaan toiveiden mukaan Hypnos-patjojen valikoimasta - olipa kyseess\u00e4 lateksi-, porolone- tai jousipatja.","og_url":"https:\/\/hypnos.ee\/fi\/tuote\/kattemadrat-majoitusta-varten\/","og_site_name":"Hypnos","og_image":[{"width":590,"height":394,"url":"https:\/\/hypnos.ee\/wp-content\/uploads\/2025\/03\/kattemadrats-mootorvoodile_f_1_590_1.jpg","type":"image\/jpeg"}],"twitter_card":"summary_large_image","schema":{"@context":"https:\/\/schema.org","@graph":[{"@type":"WebPage","@id":"https:\/\/hypnos.ee\/fi\/tuote\/kattemadrat-majoitusta-varten\/","url":"https:\/\/hypnos.ee\/fi\/tuote\/kattemadrat-majoitusta-varten\/","name":"Kattemadrat majoitusta varten - Hypnos","isPartOf":{"@id":"https:\/\/hypnos.ee\/fi\/#website"},"primaryImageOfPage":{"@id":"https:\/\/hypnos.ee\/fi\/tuote\/kattemadrat-majoitusta-varten\/#primaryimage"},"image":{"@id":"https:\/\/hypnos.ee\/fi\/tuote\/kattemadrat-majoitusta-varten\/#primaryimage"},"thumbnailUrl":"https:\/\/hypnos.ee\/wp-content\/uploads\/2025\/03\/kattemadrats-mootorvoodile_f_1_590_1.jpg","datePublished":"2025-03-26T11:52:40+00:00","breadcrumb":{"@id":"https:\/\/hypnos.ee\/fi\/tuote\/kattemadrat-majoitusta-varten\/#breadcrumb"},"inLanguage":"fi","potentialAction":[{"@type":"ReadAction","target":["https:\/\/hypnos.ee\/fi\/tuote\/kattemadrat-majoitusta-varten\/"]}]},{"@type":"ImageObject","inLanguage":"fi","@id":"https:\/\/hypnos.ee\/fi\/tuote\/kattemadrat-majoitusta-varten\/#primaryimage","url":"https:\/\/hypnos.ee\/wp-content\/uploads\/2025\/03\/kattemadrats-mootorvoodile_f_1_590_1.jpg","contentUrl":"https:\/\/hypnos.ee\/wp-content\/uploads\/2025\/03\/kattemadrats-mootorvoodile_f_1_590_1.jpg","width":590,"height":394},{"@type":"BreadcrumbList","@id":"https:\/\/hypnos.ee\/fi\/tuote\/kattemadrat-majoitusta-varten\/#breadcrumb","itemListElement":[{"@type":"ListItem","position":1,"name":"Home","item":"https:\/\/hypnos.ee\/fi\/"},{"@type":"ListItem","position":2,"name":"Tuotteet","item":"https:\/\/hypnos.ee\/tooted\/"},{"@type":"ListItem","position":3,"name":"Kattemadrat majoitusta varten"}]},{"@type":"WebSite","@id":"https:\/\/hypnos.ee\/fi\/#website","url":"https:\/\/hypnos.ee\/fi\/","name":"Hypnos","description":"T\u00f5stame unekogemust","publisher":{"@id":"https:\/\/hypnos.ee\/fi\/#organization"},"potentialAction":[{"@type":"SearchAction","target":{"@type":"EntryPoint","urlTemplate":"https:\/\/hypnos.ee\/fi\/?s={search_term_string}"},"query-input":{"@type":"PropertyValueSpecification","valueRequired":true,"valueName":"search_term_string"}}],"inLanguage":"fi"},{"@type":"Organization","@id":"https:\/\/hypnos.ee\/fi\/#organization","name":"Hypnos","url":"https:\/\/hypnos.ee\/fi\/","logo":{"@type":"ImageObject","inLanguage":"fi","@id":"https:\/\/hypnos.ee\/fi\/#\/schema\/logo\/image\/","url":"https:\/\/hypnos.ee\/wp-content\/uploads\/2025\/06\/cropped-Hypnos-fa.png","contentUrl":"https:\/\/hypnos.ee\/wp-content\/uploads\/2025\/06\/cropped-Hypnos-fa.png","width":512,"height":512,"caption":"Hypnos"},"image":{"@id":"https:\/\/hypnos.ee\/fi\/#\/schema\/logo\/image\/"}}]}},"_links":{"self":[{"href":"https:\/\/hypnos.ee\/fi\/wp-json\/wp\/v2\/product\/3031","targetHints":{"allow":["GET"]}}],"collection":[{"href":"https:\/\/hypnos.ee\/fi\/wp-json\/wp\/v2\/product"}],"about":[{"href":"https:\/\/hypnos.ee\/fi\/wp-json\/wp\/v2\/types\/product"}],"replies":[{"embeddable":true,"href":"https:\/\/hypnos.ee\/fi\/wp-json\/wp\/v2\/comments?post=3031"}],"wp:featuredmedia":[{"embeddable":true,"href":"https:\/\/hypnos.ee\/fi\/wp-json\/wp\/v2\/media\/3033"}],"wp:attachment":[{"href":"https:\/\/hypnos.ee\/fi\/wp-json\/wp\/v2\/media?parent=3031"}],"wp:term":[{"taxonomy":"product_brand","embeddable":true,"href":"https:\/\/hypnos.ee\/fi\/wp-json\/wp\/v2\/product_brand?post=3031"},{"taxonomy":"product_cat","embeddable":true,"href":"https:\/\/hypnos.ee\/fi\/wp-json\/wp\/v2\/product_cat?post=3031"},{"taxonomy":"product_tag","embeddable":true,"href":"https:\/\/hypnos.ee\/fi\/wp-json\/wp\/v2\/product_tag?post=3031"}],"curies":[{"name":"wp","href":"https:\/\/api.w.org\/{rel}","templated":true}]}}