{"id":2965,"date":"2025-04-02T10:38:37","date_gmt":"2025-04-02T07:38:37","guid":{"rendered":"https:\/\/hypnos.ee\/toode\/aphrodite-patja-10-cm\/"},"modified":"2025-04-02T10:38:37","modified_gmt":"2025-04-02T07:38:37","slug":"aphrodite-patja-10-cm","status":"publish","type":"product","link":"https:\/\/hypnos.ee\/fi\/tuote\/aphrodite-patja-10-cm\/","title":{"rendered":"Aphrodite patja 10 cm"},"content":{"rendered":"","protected":false},"excerpt":{"rendered":"<p data-key=\"YBEBo\"><strong>Mukavuus, joka mukautuu sinuun.<\/strong><\/p>\n<p data-key=\"FlVjj\">Aphrodite-patjan p\u00e4\u00e4llinen on ihanteellinen niille, jotka etsiv\u00e4t vartaloon mukautuvaa tukea ja yksil\u00f6llist\u00e4 j\u00e4ykkyytt\u00e4.<\/p>\n<p data-key=\"NjGhM\">Viskoelastinen muistivaahto, joka seuraa tarkasti kehon \u00e4\u00e4riviivoja, v\u00e4hent\u00e4\u00e4 painetta ja pit\u00e4\u00e4 selk\u00e4rangan oikeassa asennossa.<br \/>\nSaatavana kolmea eri j\u00e4ykkyytt\u00e4: pehme\u00e4, keskikova ja j\u00e4ykk\u00e4.<\/p>\n<p data-key=\"AC1Nt\">Silver Protect -k\u00e4sitelty p\u00e4\u00e4llyskangas pit\u00e4\u00e4 patjan hygieenisen\u00e4 ja suojaa p\u00f6lypunkkeja ja bakteereja vastaan. Py\u00f6re\u00e4n lukon ansiosta patja voidaan erottaa kahteen osaan, mik\u00e4 helpottaa pesua ja huoltoa.<\/p>\n","protected":false},"featured_media":2968,"comment_status":"closed","ping_status":"closed","template":"","meta":{"_acf_changed":false},"product_brand":[],"product_cat":[93],"product_tag":[],"class_list":{"0":"post-2965","1":"product","2":"type-product","3":"status-publish","4":"has-post-thumbnail","6":"product_cat-kattopatjat","8":"first","9":"instock","10":"shipping-taxable","11":"product-type-simple"},"acf":[],"yoast_head":"<!-- This site is optimized with the Yoast SEO Premium plugin v26.0 (Yoast SEO v26.0) - https:\/\/yoast.com\/wordpress\/plugins\/seo\/ -->\n<title>Aphrodite patja 10 cm - Hypnos<\/title>\n<meta name=\"robots\" content=\"index, follow, max-snippet:-1, max-image-preview:large, max-video-preview:-1\" \/>\n<link rel=\"canonical\" href=\"https:\/\/hypnos.ee\/fi\/tuote\/aphrodite-patja-10-cm\/\" \/>\n<meta property=\"og:locale\" content=\"fi_FI\" \/>\n<meta property=\"og:type\" content=\"article\" \/>\n<meta property=\"og:title\" content=\"Aphrodite patja 10 cm\" \/>\n<meta property=\"og:description\" content=\"Mukavuus, joka mukautuu sinuun. Aphrodite-patjan p\u00e4\u00e4llinen on ihanteellinen niille, jotka etsiv\u00e4t vartaloon mukautuvaa tukea ja yksil\u00f6llist\u00e4 j\u00e4ykkyytt\u00e4. Viskoelastinen muistivaahto, joka seuraa tarkasti kehon \u00e4\u00e4riviivoja, v\u00e4hent\u00e4\u00e4 painetta ja pit\u00e4\u00e4 selk\u00e4rangan oikeassa asennossa. Saatavana kolmea eri j\u00e4ykkyytt\u00e4: pehme\u00e4, keskikova ja j\u00e4ykk\u00e4. Silver Protect -k\u00e4sitelty p\u00e4\u00e4llyskangas pit\u00e4\u00e4 patjan hygieenisen\u00e4 ja suojaa p\u00f6lypunkkeja ja bakteereja vastaan. Py\u00f6re\u00e4n lukon ansiosta patja voidaan erottaa kahteen osaan, mik\u00e4 helpottaa pesua ja huoltoa.\" \/>\n<meta property=\"og:url\" content=\"https:\/\/hypnos.ee\/fi\/tuote\/aphrodite-patja-10-cm\/\" \/>\n<meta property=\"og:site_name\" content=\"Hypnos\" \/>\n<meta property=\"og:image\" content=\"https:\/\/hypnos.ee\/wp-content\/uploads\/2025\/04\/saturn-kattemadrats-2_f_1_590_1.jpg\" \/>\n\t<meta property=\"og:image:width\" content=\"590\" \/>\n\t<meta property=\"og:image:height\" content=\"259\" \/>\n\t<meta property=\"og:image:type\" content=\"image\/jpeg\" \/>\n<meta name=\"twitter:card\" content=\"summary_large_image\" \/>\n<script type=\"application\/ld+json\" class=\"yoast-schema-graph\">{\"@context\":\"https:\/\/schema.org\",\"@graph\":[{\"@type\":\"WebPage\",\"@id\":\"https:\/\/hypnos.ee\/fi\/tuote\/aphrodite-patja-10-cm\/\",\"url\":\"https:\/\/hypnos.ee\/fi\/tuote\/aphrodite-patja-10-cm\/\",\"name\":\"Aphrodite patja 10 cm - Hypnos\",\"isPartOf\":{\"@id\":\"https:\/\/hypnos.ee\/fi\/#website\"},\"primaryImageOfPage\":{\"@id\":\"https:\/\/hypnos.ee\/fi\/tuote\/aphrodite-patja-10-cm\/#primaryimage\"},\"image\":{\"@id\":\"https:\/\/hypnos.ee\/fi\/tuote\/aphrodite-patja-10-cm\/#primaryimage\"},\"thumbnailUrl\":\"https:\/\/hypnos.ee\/wp-content\/uploads\/2025\/04\/saturn-kattemadrats-2_f_1_590_1.jpg\",\"datePublished\":\"2025-04-02T07:38:37+00:00\",\"breadcrumb\":{\"@id\":\"https:\/\/hypnos.ee\/fi\/tuote\/aphrodite-patja-10-cm\/#breadcrumb\"},\"inLanguage\":\"fi\",\"potentialAction\":[{\"@type\":\"ReadAction\",\"target\":[\"https:\/\/hypnos.ee\/fi\/tuote\/aphrodite-patja-10-cm\/\"]}]},{\"@type\":\"ImageObject\",\"inLanguage\":\"fi\",\"@id\":\"https:\/\/hypnos.ee\/fi\/tuote\/aphrodite-patja-10-cm\/#primaryimage\",\"url\":\"https:\/\/hypnos.ee\/wp-content\/uploads\/2025\/04\/saturn-kattemadrats-2_f_1_590_1.jpg\",\"contentUrl\":\"https:\/\/hypnos.ee\/wp-content\/uploads\/2025\/04\/saturn-kattemadrats-2_f_1_590_1.jpg\",\"width\":590,\"height\":259},{\"@type\":\"BreadcrumbList\",\"@id\":\"https:\/\/hypnos.ee\/fi\/tuote\/aphrodite-patja-10-cm\/#breadcrumb\",\"itemListElement\":[{\"@type\":\"ListItem\",\"position\":1,\"name\":\"Home\",\"item\":\"https:\/\/hypnos.ee\/fi\/\"},{\"@type\":\"ListItem\",\"position\":2,\"name\":\"Tuotteet\",\"item\":\"https:\/\/hypnos.ee\/tooted\/\"},{\"@type\":\"ListItem\",\"position\":3,\"name\":\"Aphrodite patja 10 cm\"}]},{\"@type\":\"WebSite\",\"@id\":\"https:\/\/hypnos.ee\/fi\/#website\",\"url\":\"https:\/\/hypnos.ee\/fi\/\",\"name\":\"Hypnos\",\"description\":\"T\u00f5stame unekogemust\",\"publisher\":{\"@id\":\"https:\/\/hypnos.ee\/fi\/#organization\"},\"potentialAction\":[{\"@type\":\"SearchAction\",\"target\":{\"@type\":\"EntryPoint\",\"urlTemplate\":\"https:\/\/hypnos.ee\/fi\/?s={search_term_string}\"},\"query-input\":{\"@type\":\"PropertyValueSpecification\",\"valueRequired\":true,\"valueName\":\"search_term_string\"}}],\"inLanguage\":\"fi\"},{\"@type\":\"Organization\",\"@id\":\"https:\/\/hypnos.ee\/fi\/#organization\",\"name\":\"Hypnos\",\"url\":\"https:\/\/hypnos.ee\/fi\/\",\"logo\":{\"@type\":\"ImageObject\",\"inLanguage\":\"fi\",\"@id\":\"https:\/\/hypnos.ee\/fi\/#\/schema\/logo\/image\/\",\"url\":\"https:\/\/hypnos.ee\/wp-content\/uploads\/2025\/06\/cropped-Hypnos-fa.png\",\"contentUrl\":\"https:\/\/hypnos.ee\/wp-content\/uploads\/2025\/06\/cropped-Hypnos-fa.png\",\"width\":512,\"height\":512,\"caption\":\"Hypnos\"},\"image\":{\"@id\":\"https:\/\/hypnos.ee\/fi\/#\/schema\/logo\/image\/\"}}]}<\/script>\n<!-- \/ Yoast SEO Premium plugin. -->","yoast_head_json":{"title":"Aphrodite patja 10 cm - Hypnos","robots":{"index":"index","follow":"follow","max-snippet":"max-snippet:-1","max-image-preview":"max-image-preview:large","max-video-preview":"max-video-preview:-1"},"canonical":"https:\/\/hypnos.ee\/fi\/tuote\/aphrodite-patja-10-cm\/","og_locale":"fi_FI","og_type":"article","og_title":"Aphrodite patja 10 cm","og_description":"Mukavuus, joka mukautuu sinuun. Aphrodite-patjan p\u00e4\u00e4llinen on ihanteellinen niille, jotka etsiv\u00e4t vartaloon mukautuvaa tukea ja yksil\u00f6llist\u00e4 j\u00e4ykkyytt\u00e4. Viskoelastinen muistivaahto, joka seuraa tarkasti kehon \u00e4\u00e4riviivoja, v\u00e4hent\u00e4\u00e4 painetta ja pit\u00e4\u00e4 selk\u00e4rangan oikeassa asennossa. Saatavana kolmea eri j\u00e4ykkyytt\u00e4: pehme\u00e4, keskikova ja j\u00e4ykk\u00e4. Silver Protect -k\u00e4sitelty p\u00e4\u00e4llyskangas pit\u00e4\u00e4 patjan hygieenisen\u00e4 ja suojaa p\u00f6lypunkkeja ja bakteereja vastaan. Py\u00f6re\u00e4n lukon ansiosta patja voidaan erottaa kahteen osaan, mik\u00e4 helpottaa pesua ja huoltoa.","og_url":"https:\/\/hypnos.ee\/fi\/tuote\/aphrodite-patja-10-cm\/","og_site_name":"Hypnos","og_image":[{"width":590,"height":259,"url":"https:\/\/hypnos.ee\/wp-content\/uploads\/2025\/04\/saturn-kattemadrats-2_f_1_590_1.jpg","type":"image\/jpeg"}],"twitter_card":"summary_large_image","schema":{"@context":"https:\/\/schema.org","@graph":[{"@type":"WebPage","@id":"https:\/\/hypnos.ee\/fi\/tuote\/aphrodite-patja-10-cm\/","url":"https:\/\/hypnos.ee\/fi\/tuote\/aphrodite-patja-10-cm\/","name":"Aphrodite patja 10 cm - Hypnos","isPartOf":{"@id":"https:\/\/hypnos.ee\/fi\/#website"},"primaryImageOfPage":{"@id":"https:\/\/hypnos.ee\/fi\/tuote\/aphrodite-patja-10-cm\/#primaryimage"},"image":{"@id":"https:\/\/hypnos.ee\/fi\/tuote\/aphrodite-patja-10-cm\/#primaryimage"},"thumbnailUrl":"https:\/\/hypnos.ee\/wp-content\/uploads\/2025\/04\/saturn-kattemadrats-2_f_1_590_1.jpg","datePublished":"2025-04-02T07:38:37+00:00","breadcrumb":{"@id":"https:\/\/hypnos.ee\/fi\/tuote\/aphrodite-patja-10-cm\/#breadcrumb"},"inLanguage":"fi","potentialAction":[{"@type":"ReadAction","target":["https:\/\/hypnos.ee\/fi\/tuote\/aphrodite-patja-10-cm\/"]}]},{"@type":"ImageObject","inLanguage":"fi","@id":"https:\/\/hypnos.ee\/fi\/tuote\/aphrodite-patja-10-cm\/#primaryimage","url":"https:\/\/hypnos.ee\/wp-content\/uploads\/2025\/04\/saturn-kattemadrats-2_f_1_590_1.jpg","contentUrl":"https:\/\/hypnos.ee\/wp-content\/uploads\/2025\/04\/saturn-kattemadrats-2_f_1_590_1.jpg","width":590,"height":259},{"@type":"BreadcrumbList","@id":"https:\/\/hypnos.ee\/fi\/tuote\/aphrodite-patja-10-cm\/#breadcrumb","itemListElement":[{"@type":"ListItem","position":1,"name":"Home","item":"https:\/\/hypnos.ee\/fi\/"},{"@type":"ListItem","position":2,"name":"Tuotteet","item":"https:\/\/hypnos.ee\/tooted\/"},{"@type":"ListItem","position":3,"name":"Aphrodite patja 10 cm"}]},{"@type":"WebSite","@id":"https:\/\/hypnos.ee\/fi\/#website","url":"https:\/\/hypnos.ee\/fi\/","name":"Hypnos","description":"T\u00f5stame unekogemust","publisher":{"@id":"https:\/\/hypnos.ee\/fi\/#organization"},"potentialAction":[{"@type":"SearchAction","target":{"@type":"EntryPoint","urlTemplate":"https:\/\/hypnos.ee\/fi\/?s={search_term_string}"},"query-input":{"@type":"PropertyValueSpecification","valueRequired":true,"valueName":"search_term_string"}}],"inLanguage":"fi"},{"@type":"Organization","@id":"https:\/\/hypnos.ee\/fi\/#organization","name":"Hypnos","url":"https:\/\/hypnos.ee\/fi\/","logo":{"@type":"ImageObject","inLanguage":"fi","@id":"https:\/\/hypnos.ee\/fi\/#\/schema\/logo\/image\/","url":"https:\/\/hypnos.ee\/wp-content\/uploads\/2025\/06\/cropped-Hypnos-fa.png","contentUrl":"https:\/\/hypnos.ee\/wp-content\/uploads\/2025\/06\/cropped-Hypnos-fa.png","width":512,"height":512,"caption":"Hypnos"},"image":{"@id":"https:\/\/hypnos.ee\/fi\/#\/schema\/logo\/image\/"}}]}},"_links":{"self":[{"href":"https:\/\/hypnos.ee\/fi\/wp-json\/wp\/v2\/product\/2965","targetHints":{"allow":["GET"]}}],"collection":[{"href":"https:\/\/hypnos.ee\/fi\/wp-json\/wp\/v2\/product"}],"about":[{"href":"https:\/\/hypnos.ee\/fi\/wp-json\/wp\/v2\/types\/product"}],"replies":[{"embeddable":true,"href":"https:\/\/hypnos.ee\/fi\/wp-json\/wp\/v2\/comments?post=2965"}],"wp:featuredmedia":[{"embeddable":true,"href":"https:\/\/hypnos.ee\/fi\/wp-json\/wp\/v2\/media\/2968"}],"wp:attachment":[{"href":"https:\/\/hypnos.ee\/fi\/wp-json\/wp\/v2\/media?parent=2965"}],"wp:term":[{"taxonomy":"product_brand","embeddable":true,"href":"https:\/\/hypnos.ee\/fi\/wp-json\/wp\/v2\/product_brand?post=2965"},{"taxonomy":"product_cat","embeddable":true,"href":"https:\/\/hypnos.ee\/fi\/wp-json\/wp\/v2\/product_cat?post=2965"},{"taxonomy":"product_tag","embeddable":true,"href":"https:\/\/hypnos.ee\/fi\/wp-json\/wp\/v2\/product_tag?post=2965"}],"curies":[{"name":"wp","href":"https:\/\/api.w.org\/{rel}","templated":true}]}}