{"id":2916,"date":"2025-05-08T09:45:20","date_gmt":"2025-05-08T06:45:20","guid":{"rendered":"https:\/\/hypnos.ee\/toode\/moottorin-sangyn-runko\/"},"modified":"2025-05-08T09:45:20","modified_gmt":"2025-05-08T06:45:20","slug":"moottorin-sangyn-runko","status":"publish","type":"product","link":"https:\/\/hypnos.ee\/fi\/tuote\/moottorin-sangyn-runko\/","title":{"rendered":"Moottorin s\u00e4ngyn runko"},"content":{"rendered":"","protected":false},"excerpt":{"rendered":"<p data-key=\"I1czE\"><strong>Yksinkertainen ja k\u00e4yt\u00e4nn\u00f6llinen valinta, jossa on s\u00e4\u00e4dett\u00e4v\u00e4 makuuasento.<\/strong><\/p>\n<p data-key=\"ahNv4\">Moottoroitu s\u00e4ngynrunko on toimiva ja kest\u00e4v\u00e4 ratkaisu niille, jotka haluavat s\u00e4hk\u00f6isesti s\u00e4\u00e4dett\u00e4v\u00e4n s\u00e4ngyn p\u00e4\u00e4ty- ja jalkatilan sek\u00e4 henkil\u00f6kohtaisen patjavalinnan.<\/p>\n<p data-key=\"P0Z5r\">Massiivipuurunko (19 \u00d7 3 cm) on verhoiltu 2 cm:n porfyyrikerroksella, ja liikkuva osa on valmistettu vahvasta vanerista, joka on my\u00f6s verhoiltu porfyyrill\u00e4.<\/p>\n<p data-key=\"a7w7q\">Sarjaan kuuluu my\u00f6s patjatulppa (leveys 60 cm, korkeus 16 cm), joka pit\u00e4\u00e4 patjan tukevasti paikoillaan my\u00f6s siirron aikana. Runko on viimeistelty kest\u00e4v\u00e4ll\u00e4, laadukkaalla verhoilukankaalla. <\/p>\n","protected":false},"featured_media":2917,"comment_status":"closed","ping_status":"closed","template":"","meta":{"_acf_changed":false},"product_brand":[],"product_cat":[112],"product_tag":[],"class_list":{"0":"post-2916","1":"product","2":"type-product","3":"status-publish","4":"has-post-thumbnail","6":"product_cat-moottoroidut-sangyt","8":"first","9":"instock","10":"shipping-taxable","11":"product-type-simple"},"acf":[],"yoast_head":"<!-- This site is optimized with the Yoast SEO Premium plugin v26.0 (Yoast SEO v26.0) - https:\/\/yoast.com\/wordpress\/plugins\/seo\/ -->\n<title>Moottorin s\u00e4ngyn runko - Hypnos<\/title>\n<meta name=\"robots\" content=\"index, follow, max-snippet:-1, max-image-preview:large, max-video-preview:-1\" \/>\n<link rel=\"canonical\" href=\"https:\/\/hypnos.ee\/fi\/tuote\/moottorin-sangyn-runko\/\" \/>\n<meta property=\"og:locale\" content=\"fi_FI\" \/>\n<meta property=\"og:type\" content=\"article\" \/>\n<meta property=\"og:title\" content=\"Moottorin s\u00e4ngyn runko\" \/>\n<meta property=\"og:description\" content=\"Yksinkertainen ja k\u00e4yt\u00e4nn\u00f6llinen valinta, jossa on s\u00e4\u00e4dett\u00e4v\u00e4 makuuasento. Moottoroitu s\u00e4ngynrunko on toimiva ja kest\u00e4v\u00e4 ratkaisu niille, jotka haluavat s\u00e4hk\u00f6isesti s\u00e4\u00e4dett\u00e4v\u00e4n s\u00e4ngyn p\u00e4\u00e4ty- ja jalkatilan sek\u00e4 henkil\u00f6kohtaisen patjavalinnan. Massiivipuurunko (19 \u00d7 3 cm) on verhoiltu 2 cm:n porfyyrikerroksella, ja liikkuva osa on valmistettu vahvasta vanerista, joka on my\u00f6s verhoiltu porfyyrill\u00e4. Sarjaan kuuluu my\u00f6s patjatulppa (leveys 60 cm, korkeus 16 cm), joka pit\u00e4\u00e4 patjan tukevasti paikoillaan my\u00f6s siirron aikana. Runko on viimeistelty kest\u00e4v\u00e4ll\u00e4, laadukkaalla verhoilukankaalla.\" \/>\n<meta property=\"og:url\" content=\"https:\/\/hypnos.ee\/fi\/tuote\/moottorin-sangyn-runko\/\" \/>\n<meta property=\"og:site_name\" content=\"Hypnos\" \/>\n<meta property=\"og:image\" content=\"https:\/\/hypnos.ee\/wp-content\/uploads\/2025\/03\/mootoriga-voodiraam_f_1_590_1.jpg\" \/>\n\t<meta property=\"og:image:width\" content=\"590\" \/>\n\t<meta property=\"og:image:height\" content=\"394\" \/>\n\t<meta property=\"og:image:type\" content=\"image\/jpeg\" \/>\n<meta name=\"twitter:card\" content=\"summary_large_image\" \/>\n<script type=\"application\/ld+json\" class=\"yoast-schema-graph\">{\"@context\":\"https:\/\/schema.org\",\"@graph\":[{\"@type\":\"WebPage\",\"@id\":\"https:\/\/hypnos.ee\/fi\/tuote\/moottorin-sangyn-runko\/\",\"url\":\"https:\/\/hypnos.ee\/fi\/tuote\/moottorin-sangyn-runko\/\",\"name\":\"Moottorin s\u00e4ngyn runko - Hypnos\",\"isPartOf\":{\"@id\":\"https:\/\/hypnos.ee\/fi\/#website\"},\"primaryImageOfPage\":{\"@id\":\"https:\/\/hypnos.ee\/fi\/tuote\/moottorin-sangyn-runko\/#primaryimage\"},\"image\":{\"@id\":\"https:\/\/hypnos.ee\/fi\/tuote\/moottorin-sangyn-runko\/#primaryimage\"},\"thumbnailUrl\":\"https:\/\/hypnos.ee\/wp-content\/uploads\/2025\/03\/mootoriga-voodiraam_f_1_590_1.jpg\",\"datePublished\":\"2025-05-08T06:45:20+00:00\",\"breadcrumb\":{\"@id\":\"https:\/\/hypnos.ee\/fi\/tuote\/moottorin-sangyn-runko\/#breadcrumb\"},\"inLanguage\":\"fi\",\"potentialAction\":[{\"@type\":\"ReadAction\",\"target\":[\"https:\/\/hypnos.ee\/fi\/tuote\/moottorin-sangyn-runko\/\"]}]},{\"@type\":\"ImageObject\",\"inLanguage\":\"fi\",\"@id\":\"https:\/\/hypnos.ee\/fi\/tuote\/moottorin-sangyn-runko\/#primaryimage\",\"url\":\"https:\/\/hypnos.ee\/wp-content\/uploads\/2025\/03\/mootoriga-voodiraam_f_1_590_1.jpg\",\"contentUrl\":\"https:\/\/hypnos.ee\/wp-content\/uploads\/2025\/03\/mootoriga-voodiraam_f_1_590_1.jpg\",\"width\":590,\"height\":394},{\"@type\":\"BreadcrumbList\",\"@id\":\"https:\/\/hypnos.ee\/fi\/tuote\/moottorin-sangyn-runko\/#breadcrumb\",\"itemListElement\":[{\"@type\":\"ListItem\",\"position\":1,\"name\":\"Home\",\"item\":\"https:\/\/hypnos.ee\/fi\/\"},{\"@type\":\"ListItem\",\"position\":2,\"name\":\"Tuotteet\",\"item\":\"https:\/\/hypnos.ee\/tooted\/\"},{\"@type\":\"ListItem\",\"position\":3,\"name\":\"Moottorin s\u00e4ngyn runko\"}]},{\"@type\":\"WebSite\",\"@id\":\"https:\/\/hypnos.ee\/fi\/#website\",\"url\":\"https:\/\/hypnos.ee\/fi\/\",\"name\":\"Hypnos\",\"description\":\"T\u00f5stame unekogemust\",\"publisher\":{\"@id\":\"https:\/\/hypnos.ee\/fi\/#organization\"},\"potentialAction\":[{\"@type\":\"SearchAction\",\"target\":{\"@type\":\"EntryPoint\",\"urlTemplate\":\"https:\/\/hypnos.ee\/fi\/?s={search_term_string}\"},\"query-input\":{\"@type\":\"PropertyValueSpecification\",\"valueRequired\":true,\"valueName\":\"search_term_string\"}}],\"inLanguage\":\"fi\"},{\"@type\":\"Organization\",\"@id\":\"https:\/\/hypnos.ee\/fi\/#organization\",\"name\":\"Hypnos\",\"url\":\"https:\/\/hypnos.ee\/fi\/\",\"logo\":{\"@type\":\"ImageObject\",\"inLanguage\":\"fi\",\"@id\":\"https:\/\/hypnos.ee\/fi\/#\/schema\/logo\/image\/\",\"url\":\"https:\/\/hypnos.ee\/wp-content\/uploads\/2025\/06\/cropped-Hypnos-fa.png\",\"contentUrl\":\"https:\/\/hypnos.ee\/wp-content\/uploads\/2025\/06\/cropped-Hypnos-fa.png\",\"width\":512,\"height\":512,\"caption\":\"Hypnos\"},\"image\":{\"@id\":\"https:\/\/hypnos.ee\/fi\/#\/schema\/logo\/image\/\"}}]}<\/script>\n<!-- \/ Yoast SEO Premium plugin. -->","yoast_head_json":{"title":"Moottorin s\u00e4ngyn runko - Hypnos","robots":{"index":"index","follow":"follow","max-snippet":"max-snippet:-1","max-image-preview":"max-image-preview:large","max-video-preview":"max-video-preview:-1"},"canonical":"https:\/\/hypnos.ee\/fi\/tuote\/moottorin-sangyn-runko\/","og_locale":"fi_FI","og_type":"article","og_title":"Moottorin s\u00e4ngyn runko","og_description":"Yksinkertainen ja k\u00e4yt\u00e4nn\u00f6llinen valinta, jossa on s\u00e4\u00e4dett\u00e4v\u00e4 makuuasento. Moottoroitu s\u00e4ngynrunko on toimiva ja kest\u00e4v\u00e4 ratkaisu niille, jotka haluavat s\u00e4hk\u00f6isesti s\u00e4\u00e4dett\u00e4v\u00e4n s\u00e4ngyn p\u00e4\u00e4ty- ja jalkatilan sek\u00e4 henkil\u00f6kohtaisen patjavalinnan. Massiivipuurunko (19 \u00d7 3 cm) on verhoiltu 2 cm:n porfyyrikerroksella, ja liikkuva osa on valmistettu vahvasta vanerista, joka on my\u00f6s verhoiltu porfyyrill\u00e4. Sarjaan kuuluu my\u00f6s patjatulppa (leveys 60 cm, korkeus 16 cm), joka pit\u00e4\u00e4 patjan tukevasti paikoillaan my\u00f6s siirron aikana. Runko on viimeistelty kest\u00e4v\u00e4ll\u00e4, laadukkaalla verhoilukankaalla.","og_url":"https:\/\/hypnos.ee\/fi\/tuote\/moottorin-sangyn-runko\/","og_site_name":"Hypnos","og_image":[{"width":590,"height":394,"url":"https:\/\/hypnos.ee\/wp-content\/uploads\/2025\/03\/mootoriga-voodiraam_f_1_590_1.jpg","type":"image\/jpeg"}],"twitter_card":"summary_large_image","schema":{"@context":"https:\/\/schema.org","@graph":[{"@type":"WebPage","@id":"https:\/\/hypnos.ee\/fi\/tuote\/moottorin-sangyn-runko\/","url":"https:\/\/hypnos.ee\/fi\/tuote\/moottorin-sangyn-runko\/","name":"Moottorin s\u00e4ngyn runko - Hypnos","isPartOf":{"@id":"https:\/\/hypnos.ee\/fi\/#website"},"primaryImageOfPage":{"@id":"https:\/\/hypnos.ee\/fi\/tuote\/moottorin-sangyn-runko\/#primaryimage"},"image":{"@id":"https:\/\/hypnos.ee\/fi\/tuote\/moottorin-sangyn-runko\/#primaryimage"},"thumbnailUrl":"https:\/\/hypnos.ee\/wp-content\/uploads\/2025\/03\/mootoriga-voodiraam_f_1_590_1.jpg","datePublished":"2025-05-08T06:45:20+00:00","breadcrumb":{"@id":"https:\/\/hypnos.ee\/fi\/tuote\/moottorin-sangyn-runko\/#breadcrumb"},"inLanguage":"fi","potentialAction":[{"@type":"ReadAction","target":["https:\/\/hypnos.ee\/fi\/tuote\/moottorin-sangyn-runko\/"]}]},{"@type":"ImageObject","inLanguage":"fi","@id":"https:\/\/hypnos.ee\/fi\/tuote\/moottorin-sangyn-runko\/#primaryimage","url":"https:\/\/hypnos.ee\/wp-content\/uploads\/2025\/03\/mootoriga-voodiraam_f_1_590_1.jpg","contentUrl":"https:\/\/hypnos.ee\/wp-content\/uploads\/2025\/03\/mootoriga-voodiraam_f_1_590_1.jpg","width":590,"height":394},{"@type":"BreadcrumbList","@id":"https:\/\/hypnos.ee\/fi\/tuote\/moottorin-sangyn-runko\/#breadcrumb","itemListElement":[{"@type":"ListItem","position":1,"name":"Home","item":"https:\/\/hypnos.ee\/fi\/"},{"@type":"ListItem","position":2,"name":"Tuotteet","item":"https:\/\/hypnos.ee\/tooted\/"},{"@type":"ListItem","position":3,"name":"Moottorin s\u00e4ngyn runko"}]},{"@type":"WebSite","@id":"https:\/\/hypnos.ee\/fi\/#website","url":"https:\/\/hypnos.ee\/fi\/","name":"Hypnos","description":"T\u00f5stame unekogemust","publisher":{"@id":"https:\/\/hypnos.ee\/fi\/#organization"},"potentialAction":[{"@type":"SearchAction","target":{"@type":"EntryPoint","urlTemplate":"https:\/\/hypnos.ee\/fi\/?s={search_term_string}"},"query-input":{"@type":"PropertyValueSpecification","valueRequired":true,"valueName":"search_term_string"}}],"inLanguage":"fi"},{"@type":"Organization","@id":"https:\/\/hypnos.ee\/fi\/#organization","name":"Hypnos","url":"https:\/\/hypnos.ee\/fi\/","logo":{"@type":"ImageObject","inLanguage":"fi","@id":"https:\/\/hypnos.ee\/fi\/#\/schema\/logo\/image\/","url":"https:\/\/hypnos.ee\/wp-content\/uploads\/2025\/06\/cropped-Hypnos-fa.png","contentUrl":"https:\/\/hypnos.ee\/wp-content\/uploads\/2025\/06\/cropped-Hypnos-fa.png","width":512,"height":512,"caption":"Hypnos"},"image":{"@id":"https:\/\/hypnos.ee\/fi\/#\/schema\/logo\/image\/"}}]}},"_links":{"self":[{"href":"https:\/\/hypnos.ee\/fi\/wp-json\/wp\/v2\/product\/2916","targetHints":{"allow":["GET"]}}],"collection":[{"href":"https:\/\/hypnos.ee\/fi\/wp-json\/wp\/v2\/product"}],"about":[{"href":"https:\/\/hypnos.ee\/fi\/wp-json\/wp\/v2\/types\/product"}],"replies":[{"embeddable":true,"href":"https:\/\/hypnos.ee\/fi\/wp-json\/wp\/v2\/comments?post=2916"}],"wp:featuredmedia":[{"embeddable":true,"href":"https:\/\/hypnos.ee\/fi\/wp-json\/wp\/v2\/media\/2917"}],"wp:attachment":[{"href":"https:\/\/hypnos.ee\/fi\/wp-json\/wp\/v2\/media?parent=2916"}],"wp:term":[{"taxonomy":"product_brand","embeddable":true,"href":"https:\/\/hypnos.ee\/fi\/wp-json\/wp\/v2\/product_brand?post=2916"},{"taxonomy":"product_cat","embeddable":true,"href":"https:\/\/hypnos.ee\/fi\/wp-json\/wp\/v2\/product_cat?post=2916"},{"taxonomy":"product_tag","embeddable":true,"href":"https:\/\/hypnos.ee\/fi\/wp-json\/wp\/v2\/product_tag?post=2916"}],"curies":[{"name":"wp","href":"https:\/\/api.w.org\/{rel}","templated":true}]}}