{"id":2881,"date":"2025-05-08T09:49:51","date_gmt":"2025-05-08T06:49:51","guid":{"rendered":"https:\/\/hypnos.ee\/toode\/moottoroitu-sanky-mars-max-4\/"},"modified":"2025-05-08T09:49:51","modified_gmt":"2025-05-08T06:49:51","slug":"moottoroitu-sanky-mars-max-4","status":"publish","type":"product","link":"https:\/\/hypnos.ee\/fi\/tuote\/moottoroitu-sanky-mars-max-4\/","title":{"rendered":"Moottoroitu s\u00e4nky Mars MAX-4"},"content":{"rendered":"","protected":false},"excerpt":{"rendered":"<p data-key=\"w3OoA\"><strong>Toimiva ja kest\u00e4v\u00e4 moottorivuode.<\/strong><\/p>\n<p data-key=\"RndJ7\">Mars MAX-4 on luotettava s\u00e4hk\u00f6moottoroitu s\u00e4nky, jossa on tukeva rakenne ja s\u00e4\u00e4dett\u00e4v\u00e4 makuuasento, joka takaa erinomaisen mukavuuden.<\/p>\n","protected":false},"featured_media":0,"comment_status":"closed","ping_status":"closed","template":"","meta":{"_acf_changed":false},"product_brand":[],"product_cat":[112],"product_tag":[],"class_list":{"0":"post-2881","1":"product","2":"type-product","3":"status-publish","5":"product_cat-moottoroidut-sangyt","7":"first","8":"instock","9":"shipping-taxable","10":"product-type-simple"},"acf":[],"yoast_head":"<!-- This site is optimized with the Yoast SEO Premium plugin v26.0 (Yoast SEO v26.0) - https:\/\/yoast.com\/wordpress\/plugins\/seo\/ -->\n<title>Moottoroitu s\u00e4nky Mars MAX-4 - Hypnos<\/title>\n<meta name=\"robots\" content=\"index, follow, max-snippet:-1, max-image-preview:large, max-video-preview:-1\" \/>\n<link rel=\"canonical\" href=\"https:\/\/hypnos.ee\/fi\/tuote\/moottoroitu-sanky-mars-max-4\/\" \/>\n<meta property=\"og:locale\" content=\"fi_FI\" \/>\n<meta property=\"og:type\" content=\"article\" \/>\n<meta property=\"og:title\" content=\"Moottoroitu s\u00e4nky Mars MAX-4\" \/>\n<meta property=\"og:description\" content=\"Toimiva ja kest\u00e4v\u00e4 moottorivuode. Mars MAX-4 on luotettava s\u00e4hk\u00f6moottoroitu s\u00e4nky, jossa on tukeva rakenne ja s\u00e4\u00e4dett\u00e4v\u00e4 makuuasento, joka takaa erinomaisen mukavuuden.\" \/>\n<meta property=\"og:url\" content=\"https:\/\/hypnos.ee\/fi\/tuote\/moottoroitu-sanky-mars-max-4\/\" \/>\n<meta property=\"og:site_name\" content=\"Hypnos\" \/>\n<meta property=\"og:image\" content=\"https:\/\/hypnos.ee\/wp-content\/uploads\/2025\/08\/hypnos-banner.png\" \/>\n\t<meta property=\"og:image:width\" content=\"1280\" \/>\n\t<meta property=\"og:image:height\" content=\"720\" \/>\n\t<meta property=\"og:image:type\" content=\"image\/png\" \/>\n<meta name=\"twitter:card\" content=\"summary_large_image\" \/>\n<script type=\"application\/ld+json\" class=\"yoast-schema-graph\">{\"@context\":\"https:\/\/schema.org\",\"@graph\":[{\"@type\":\"WebPage\",\"@id\":\"https:\/\/hypnos.ee\/fi\/tuote\/moottoroitu-sanky-mars-max-4\/\",\"url\":\"https:\/\/hypnos.ee\/fi\/tuote\/moottoroitu-sanky-mars-max-4\/\",\"name\":\"Moottoroitu s\u00e4nky Mars MAX-4 - Hypnos\",\"isPartOf\":{\"@id\":\"https:\/\/hypnos.ee\/fi\/#website\"},\"datePublished\":\"2025-05-08T06:49:51+00:00\",\"breadcrumb\":{\"@id\":\"https:\/\/hypnos.ee\/fi\/tuote\/moottoroitu-sanky-mars-max-4\/#breadcrumb\"},\"inLanguage\":\"fi\",\"potentialAction\":[{\"@type\":\"ReadAction\",\"target\":[\"https:\/\/hypnos.ee\/fi\/tuote\/moottoroitu-sanky-mars-max-4\/\"]}]},{\"@type\":\"BreadcrumbList\",\"@id\":\"https:\/\/hypnos.ee\/fi\/tuote\/moottoroitu-sanky-mars-max-4\/#breadcrumb\",\"itemListElement\":[{\"@type\":\"ListItem\",\"position\":1,\"name\":\"Home\",\"item\":\"https:\/\/hypnos.ee\/fi\/\"},{\"@type\":\"ListItem\",\"position\":2,\"name\":\"Tuotteet\",\"item\":\"https:\/\/hypnos.ee\/tooted\/\"},{\"@type\":\"ListItem\",\"position\":3,\"name\":\"Moottoroitu s\u00e4nky Mars MAX-4\"}]},{\"@type\":\"WebSite\",\"@id\":\"https:\/\/hypnos.ee\/fi\/#website\",\"url\":\"https:\/\/hypnos.ee\/fi\/\",\"name\":\"Hypnos\",\"description\":\"T\u00f5stame unekogemust\",\"publisher\":{\"@id\":\"https:\/\/hypnos.ee\/fi\/#organization\"},\"potentialAction\":[{\"@type\":\"SearchAction\",\"target\":{\"@type\":\"EntryPoint\",\"urlTemplate\":\"https:\/\/hypnos.ee\/fi\/?s={search_term_string}\"},\"query-input\":{\"@type\":\"PropertyValueSpecification\",\"valueRequired\":true,\"valueName\":\"search_term_string\"}}],\"inLanguage\":\"fi\"},{\"@type\":\"Organization\",\"@id\":\"https:\/\/hypnos.ee\/fi\/#organization\",\"name\":\"Hypnos\",\"url\":\"https:\/\/hypnos.ee\/fi\/\",\"logo\":{\"@type\":\"ImageObject\",\"inLanguage\":\"fi\",\"@id\":\"https:\/\/hypnos.ee\/fi\/#\/schema\/logo\/image\/\",\"url\":\"https:\/\/hypnos.ee\/wp-content\/uploads\/2025\/06\/cropped-Hypnos-fa.png\",\"contentUrl\":\"https:\/\/hypnos.ee\/wp-content\/uploads\/2025\/06\/cropped-Hypnos-fa.png\",\"width\":512,\"height\":512,\"caption\":\"Hypnos\"},\"image\":{\"@id\":\"https:\/\/hypnos.ee\/fi\/#\/schema\/logo\/image\/\"}}]}<\/script>\n<!-- \/ Yoast SEO Premium plugin. -->","yoast_head_json":{"title":"Moottoroitu s\u00e4nky Mars MAX-4 - Hypnos","robots":{"index":"index","follow":"follow","max-snippet":"max-snippet:-1","max-image-preview":"max-image-preview:large","max-video-preview":"max-video-preview:-1"},"canonical":"https:\/\/hypnos.ee\/fi\/tuote\/moottoroitu-sanky-mars-max-4\/","og_locale":"fi_FI","og_type":"article","og_title":"Moottoroitu s\u00e4nky Mars MAX-4","og_description":"Toimiva ja kest\u00e4v\u00e4 moottorivuode. Mars MAX-4 on luotettava s\u00e4hk\u00f6moottoroitu s\u00e4nky, jossa on tukeva rakenne ja s\u00e4\u00e4dett\u00e4v\u00e4 makuuasento, joka takaa erinomaisen mukavuuden.","og_url":"https:\/\/hypnos.ee\/fi\/tuote\/moottoroitu-sanky-mars-max-4\/","og_site_name":"Hypnos","og_image":[{"width":1280,"height":720,"url":"https:\/\/hypnos.ee\/wp-content\/uploads\/2025\/08\/hypnos-banner.png","type":"image\/png"}],"twitter_card":"summary_large_image","schema":{"@context":"https:\/\/schema.org","@graph":[{"@type":"WebPage","@id":"https:\/\/hypnos.ee\/fi\/tuote\/moottoroitu-sanky-mars-max-4\/","url":"https:\/\/hypnos.ee\/fi\/tuote\/moottoroitu-sanky-mars-max-4\/","name":"Moottoroitu s\u00e4nky Mars MAX-4 - Hypnos","isPartOf":{"@id":"https:\/\/hypnos.ee\/fi\/#website"},"datePublished":"2025-05-08T06:49:51+00:00","breadcrumb":{"@id":"https:\/\/hypnos.ee\/fi\/tuote\/moottoroitu-sanky-mars-max-4\/#breadcrumb"},"inLanguage":"fi","potentialAction":[{"@type":"ReadAction","target":["https:\/\/hypnos.ee\/fi\/tuote\/moottoroitu-sanky-mars-max-4\/"]}]},{"@type":"BreadcrumbList","@id":"https:\/\/hypnos.ee\/fi\/tuote\/moottoroitu-sanky-mars-max-4\/#breadcrumb","itemListElement":[{"@type":"ListItem","position":1,"name":"Home","item":"https:\/\/hypnos.ee\/fi\/"},{"@type":"ListItem","position":2,"name":"Tuotteet","item":"https:\/\/hypnos.ee\/tooted\/"},{"@type":"ListItem","position":3,"name":"Moottoroitu s\u00e4nky Mars MAX-4"}]},{"@type":"WebSite","@id":"https:\/\/hypnos.ee\/fi\/#website","url":"https:\/\/hypnos.ee\/fi\/","name":"Hypnos","description":"T\u00f5stame unekogemust","publisher":{"@id":"https:\/\/hypnos.ee\/fi\/#organization"},"potentialAction":[{"@type":"SearchAction","target":{"@type":"EntryPoint","urlTemplate":"https:\/\/hypnos.ee\/fi\/?s={search_term_string}"},"query-input":{"@type":"PropertyValueSpecification","valueRequired":true,"valueName":"search_term_string"}}],"inLanguage":"fi"},{"@type":"Organization","@id":"https:\/\/hypnos.ee\/fi\/#organization","name":"Hypnos","url":"https:\/\/hypnos.ee\/fi\/","logo":{"@type":"ImageObject","inLanguage":"fi","@id":"https:\/\/hypnos.ee\/fi\/#\/schema\/logo\/image\/","url":"https:\/\/hypnos.ee\/wp-content\/uploads\/2025\/06\/cropped-Hypnos-fa.png","contentUrl":"https:\/\/hypnos.ee\/wp-content\/uploads\/2025\/06\/cropped-Hypnos-fa.png","width":512,"height":512,"caption":"Hypnos"},"image":{"@id":"https:\/\/hypnos.ee\/fi\/#\/schema\/logo\/image\/"}}]}},"_links":{"self":[{"href":"https:\/\/hypnos.ee\/fi\/wp-json\/wp\/v2\/product\/2881","targetHints":{"allow":["GET"]}}],"collection":[{"href":"https:\/\/hypnos.ee\/fi\/wp-json\/wp\/v2\/product"}],"about":[{"href":"https:\/\/hypnos.ee\/fi\/wp-json\/wp\/v2\/types\/product"}],"replies":[{"embeddable":true,"href":"https:\/\/hypnos.ee\/fi\/wp-json\/wp\/v2\/comments?post=2881"}],"wp:attachment":[{"href":"https:\/\/hypnos.ee\/fi\/wp-json\/wp\/v2\/media?parent=2881"}],"wp:term":[{"taxonomy":"product_brand","embeddable":true,"href":"https:\/\/hypnos.ee\/fi\/wp-json\/wp\/v2\/product_brand?post=2881"},{"taxonomy":"product_cat","embeddable":true,"href":"https:\/\/hypnos.ee\/fi\/wp-json\/wp\/v2\/product_cat?post=2881"},{"taxonomy":"product_tag","embeddable":true,"href":"https:\/\/hypnos.ee\/fi\/wp-json\/wp\/v2\/product_tag?post=2881"}],"curies":[{"name":"wp","href":"https:\/\/api.w.org\/{rel}","templated":true}]}}