{"id":2872,"date":"2025-05-08T09:50:46","date_gmt":"2025-05-08T06:50:46","guid":{"rendered":"https:\/\/hypnos.ee\/toode\/moottorisanky-lina\/"},"modified":"2025-05-08T09:50:46","modified_gmt":"2025-05-08T06:50:46","slug":"moottorisanky-lina","status":"publish","type":"product","link":"https:\/\/hypnos.ee\/fi\/tuote\/moottorisanky-lina\/","title":{"rendered":"Moottoris\u00e4nky LINA"},"content":{"rendered":"","protected":false},"excerpt":{"rendered":"<p data-key=\"DWTPe\" data-pm-slice=\"1 1 []\"><strong>Moottoroidut vuodevaatteet BUTTERFLY<\/strong><\/p>\n<p data-key=\"mjqoP\"><strong>Satiininvalkoiset liinavaatteet, jotka on suunniteltu moottoris\u00e4nkyyn.<\/strong><\/p>\n<p data-key=\"BLA0R\">BUTTERFLY on erityisesti moottorivuoteisiin sovitettu &#8211; joustava, kest\u00e4v\u00e4 ja ihoyst\u00e4v\u00e4llinen. Valmistettu pehme\u00e4st\u00e4 satiinikankaasta, joka antaa ylellisen tunteen ja hyv\u00e4n hengitt\u00e4vyyden. <\/p>\n<p data-key=\"KT4Cn\">Sopii hyvin s\u00e4nkyihin, joissa on s\u00e4\u00e4dett\u00e4v\u00e4 p\u00e4\u00e4ty ja jalkataso.<\/p>\n","protected":false},"featured_media":0,"comment_status":"closed","ping_status":"closed","template":"","meta":{"_acf_changed":false},"product_brand":[],"product_cat":[112],"product_tag":[],"class_list":{"0":"post-2872","1":"product","2":"type-product","3":"status-publish","5":"product_cat-moottoroidut-sangyt","7":"first","8":"instock","9":"shipping-taxable","10":"product-type-simple"},"acf":[],"yoast_head":"<!-- This site is optimized with the Yoast SEO Premium plugin v26.0 (Yoast SEO v26.0) - https:\/\/yoast.com\/wordpress\/plugins\/seo\/ -->\n<title>Moottoris\u00e4nky LINA - Hypnos<\/title>\n<meta name=\"robots\" content=\"index, follow, max-snippet:-1, max-image-preview:large, max-video-preview:-1\" \/>\n<link rel=\"canonical\" href=\"https:\/\/hypnos.ee\/fi\/tuote\/moottorisanky-lina\/\" \/>\n<meta property=\"og:locale\" content=\"fi_FI\" \/>\n<meta property=\"og:type\" content=\"article\" \/>\n<meta property=\"og:title\" content=\"Moottoris\u00e4nky LINA\" \/>\n<meta property=\"og:description\" content=\"Moottoroidut vuodevaatteet BUTTERFLY Satiininvalkoiset liinavaatteet, jotka on suunniteltu moottoris\u00e4nkyyn. BUTTERFLY on erityisesti moottorivuoteisiin sovitettu - joustava, kest\u00e4v\u00e4 ja ihoyst\u00e4v\u00e4llinen. Valmistettu pehme\u00e4st\u00e4 satiinikankaasta, joka antaa ylellisen tunteen ja hyv\u00e4n hengitt\u00e4vyyden. Sopii hyvin s\u00e4nkyihin, joissa on s\u00e4\u00e4dett\u00e4v\u00e4 p\u00e4\u00e4ty ja jalkataso.\" \/>\n<meta property=\"og:url\" content=\"https:\/\/hypnos.ee\/fi\/tuote\/moottorisanky-lina\/\" \/>\n<meta property=\"og:site_name\" content=\"Hypnos\" \/>\n<meta property=\"og:image\" content=\"https:\/\/hypnos.ee\/wp-content\/uploads\/2025\/08\/hypnos-banner.png\" \/>\n\t<meta property=\"og:image:width\" content=\"1280\" \/>\n\t<meta property=\"og:image:height\" content=\"720\" \/>\n\t<meta property=\"og:image:type\" content=\"image\/png\" \/>\n<meta name=\"twitter:card\" content=\"summary_large_image\" \/>\n<script type=\"application\/ld+json\" class=\"yoast-schema-graph\">{\"@context\":\"https:\/\/schema.org\",\"@graph\":[{\"@type\":\"WebPage\",\"@id\":\"https:\/\/hypnos.ee\/fi\/tuote\/moottorisanky-lina\/\",\"url\":\"https:\/\/hypnos.ee\/fi\/tuote\/moottorisanky-lina\/\",\"name\":\"Moottoris\u00e4nky LINA - Hypnos\",\"isPartOf\":{\"@id\":\"https:\/\/hypnos.ee\/fi\/#website\"},\"datePublished\":\"2025-05-08T06:50:46+00:00\",\"breadcrumb\":{\"@id\":\"https:\/\/hypnos.ee\/fi\/tuote\/moottorisanky-lina\/#breadcrumb\"},\"inLanguage\":\"fi\",\"potentialAction\":[{\"@type\":\"ReadAction\",\"target\":[\"https:\/\/hypnos.ee\/fi\/tuote\/moottorisanky-lina\/\"]}]},{\"@type\":\"BreadcrumbList\",\"@id\":\"https:\/\/hypnos.ee\/fi\/tuote\/moottorisanky-lina\/#breadcrumb\",\"itemListElement\":[{\"@type\":\"ListItem\",\"position\":1,\"name\":\"Home\",\"item\":\"https:\/\/hypnos.ee\/fi\/\"},{\"@type\":\"ListItem\",\"position\":2,\"name\":\"Tuotteet\",\"item\":\"https:\/\/hypnos.ee\/tooted\/\"},{\"@type\":\"ListItem\",\"position\":3,\"name\":\"Moottoris\u00e4nky LINA\"}]},{\"@type\":\"WebSite\",\"@id\":\"https:\/\/hypnos.ee\/fi\/#website\",\"url\":\"https:\/\/hypnos.ee\/fi\/\",\"name\":\"Hypnos\",\"description\":\"T\u00f5stame unekogemust\",\"publisher\":{\"@id\":\"https:\/\/hypnos.ee\/fi\/#organization\"},\"potentialAction\":[{\"@type\":\"SearchAction\",\"target\":{\"@type\":\"EntryPoint\",\"urlTemplate\":\"https:\/\/hypnos.ee\/fi\/?s={search_term_string}\"},\"query-input\":{\"@type\":\"PropertyValueSpecification\",\"valueRequired\":true,\"valueName\":\"search_term_string\"}}],\"inLanguage\":\"fi\"},{\"@type\":\"Organization\",\"@id\":\"https:\/\/hypnos.ee\/fi\/#organization\",\"name\":\"Hypnos\",\"url\":\"https:\/\/hypnos.ee\/fi\/\",\"logo\":{\"@type\":\"ImageObject\",\"inLanguage\":\"fi\",\"@id\":\"https:\/\/hypnos.ee\/fi\/#\/schema\/logo\/image\/\",\"url\":\"https:\/\/hypnos.ee\/wp-content\/uploads\/2025\/06\/cropped-Hypnos-fa.png\",\"contentUrl\":\"https:\/\/hypnos.ee\/wp-content\/uploads\/2025\/06\/cropped-Hypnos-fa.png\",\"width\":512,\"height\":512,\"caption\":\"Hypnos\"},\"image\":{\"@id\":\"https:\/\/hypnos.ee\/fi\/#\/schema\/logo\/image\/\"}}]}<\/script>\n<!-- \/ Yoast SEO Premium plugin. -->","yoast_head_json":{"title":"Moottoris\u00e4nky LINA - Hypnos","robots":{"index":"index","follow":"follow","max-snippet":"max-snippet:-1","max-image-preview":"max-image-preview:large","max-video-preview":"max-video-preview:-1"},"canonical":"https:\/\/hypnos.ee\/fi\/tuote\/moottorisanky-lina\/","og_locale":"fi_FI","og_type":"article","og_title":"Moottoris\u00e4nky LINA","og_description":"Moottoroidut vuodevaatteet BUTTERFLY Satiininvalkoiset liinavaatteet, jotka on suunniteltu moottoris\u00e4nkyyn. BUTTERFLY on erityisesti moottorivuoteisiin sovitettu - joustava, kest\u00e4v\u00e4 ja ihoyst\u00e4v\u00e4llinen. Valmistettu pehme\u00e4st\u00e4 satiinikankaasta, joka antaa ylellisen tunteen ja hyv\u00e4n hengitt\u00e4vyyden. Sopii hyvin s\u00e4nkyihin, joissa on s\u00e4\u00e4dett\u00e4v\u00e4 p\u00e4\u00e4ty ja jalkataso.","og_url":"https:\/\/hypnos.ee\/fi\/tuote\/moottorisanky-lina\/","og_site_name":"Hypnos","og_image":[{"width":1280,"height":720,"url":"https:\/\/hypnos.ee\/wp-content\/uploads\/2025\/08\/hypnos-banner.png","type":"image\/png"}],"twitter_card":"summary_large_image","schema":{"@context":"https:\/\/schema.org","@graph":[{"@type":"WebPage","@id":"https:\/\/hypnos.ee\/fi\/tuote\/moottorisanky-lina\/","url":"https:\/\/hypnos.ee\/fi\/tuote\/moottorisanky-lina\/","name":"Moottoris\u00e4nky LINA - Hypnos","isPartOf":{"@id":"https:\/\/hypnos.ee\/fi\/#website"},"datePublished":"2025-05-08T06:50:46+00:00","breadcrumb":{"@id":"https:\/\/hypnos.ee\/fi\/tuote\/moottorisanky-lina\/#breadcrumb"},"inLanguage":"fi","potentialAction":[{"@type":"ReadAction","target":["https:\/\/hypnos.ee\/fi\/tuote\/moottorisanky-lina\/"]}]},{"@type":"BreadcrumbList","@id":"https:\/\/hypnos.ee\/fi\/tuote\/moottorisanky-lina\/#breadcrumb","itemListElement":[{"@type":"ListItem","position":1,"name":"Home","item":"https:\/\/hypnos.ee\/fi\/"},{"@type":"ListItem","position":2,"name":"Tuotteet","item":"https:\/\/hypnos.ee\/tooted\/"},{"@type":"ListItem","position":3,"name":"Moottoris\u00e4nky LINA"}]},{"@type":"WebSite","@id":"https:\/\/hypnos.ee\/fi\/#website","url":"https:\/\/hypnos.ee\/fi\/","name":"Hypnos","description":"T\u00f5stame unekogemust","publisher":{"@id":"https:\/\/hypnos.ee\/fi\/#organization"},"potentialAction":[{"@type":"SearchAction","target":{"@type":"EntryPoint","urlTemplate":"https:\/\/hypnos.ee\/fi\/?s={search_term_string}"},"query-input":{"@type":"PropertyValueSpecification","valueRequired":true,"valueName":"search_term_string"}}],"inLanguage":"fi"},{"@type":"Organization","@id":"https:\/\/hypnos.ee\/fi\/#organization","name":"Hypnos","url":"https:\/\/hypnos.ee\/fi\/","logo":{"@type":"ImageObject","inLanguage":"fi","@id":"https:\/\/hypnos.ee\/fi\/#\/schema\/logo\/image\/","url":"https:\/\/hypnos.ee\/wp-content\/uploads\/2025\/06\/cropped-Hypnos-fa.png","contentUrl":"https:\/\/hypnos.ee\/wp-content\/uploads\/2025\/06\/cropped-Hypnos-fa.png","width":512,"height":512,"caption":"Hypnos"},"image":{"@id":"https:\/\/hypnos.ee\/fi\/#\/schema\/logo\/image\/"}}]}},"_links":{"self":[{"href":"https:\/\/hypnos.ee\/fi\/wp-json\/wp\/v2\/product\/2872","targetHints":{"allow":["GET"]}}],"collection":[{"href":"https:\/\/hypnos.ee\/fi\/wp-json\/wp\/v2\/product"}],"about":[{"href":"https:\/\/hypnos.ee\/fi\/wp-json\/wp\/v2\/types\/product"}],"replies":[{"embeddable":true,"href":"https:\/\/hypnos.ee\/fi\/wp-json\/wp\/v2\/comments?post=2872"}],"wp:attachment":[{"href":"https:\/\/hypnos.ee\/fi\/wp-json\/wp\/v2\/media?parent=2872"}],"wp:term":[{"taxonomy":"product_brand","embeddable":true,"href":"https:\/\/hypnos.ee\/fi\/wp-json\/wp\/v2\/product_brand?post=2872"},{"taxonomy":"product_cat","embeddable":true,"href":"https:\/\/hypnos.ee\/fi\/wp-json\/wp\/v2\/product_cat?post=2872"},{"taxonomy":"product_tag","embeddable":true,"href":"https:\/\/hypnos.ee\/fi\/wp-json\/wp\/v2\/product_tag?post=2872"}],"curies":[{"name":"wp","href":"https:\/\/api.w.org\/{rel}","templated":true}]}}