{"id":2760,"date":"2025-03-26T14:34:14","date_gmt":"2025-03-26T12:34:14","guid":{"rendered":"https:\/\/hypnos.ee\/toode\/moottoroitu-sanky-mars\/"},"modified":"2025-03-26T14:34:14","modified_gmt":"2025-03-26T12:34:14","slug":"moottoroitu-sanky-mars","status":"publish","type":"product","link":"https:\/\/hypnos.ee\/fi\/tuote\/moottoroitu-sanky-mars\/","title":{"rendered":"Moottoroitu s\u00e4nky Mars"},"content":{"rendered":"","protected":false},"excerpt":{"rendered":"<p data-key=\"oNt9g\"><strong>Suurin mahdollinen mukavuus ja joustavuus.<\/strong><\/p>\n<p data-key=\"VSbq8\">Moottoroitu Mars-s\u00e4nky on ihanteellinen niille, jotka haluavat tehd\u00e4 nukkumisasennostaan todella mukavan tai jotka viett\u00e4v\u00e4t suuren osan p\u00e4iv\u00e4st\u00e4 s\u00e4ngyss\u00e4. S\u00e4ngyn p\u00e4\u00e4t\u00e4 ja jalkop\u00e4\u00e4t\u00e4 voidaan s\u00e4\u00e4t\u00e4\u00e4 k\u00e4tev\u00e4sti kaukos\u00e4\u00e4timell\u00e4 &#8211; valitse langallinen tai langaton vaihtoehto. <\/p>\n<p data-key=\"kqz27\"><strong>Nostetaan otsikkoa:<\/strong><\/p>\n<ul class=\"list-el\" data-key=\"gVbqS\">\n<li data-key=\"nSYPK\">\n<p data-key=\"iIqgc\">saat t\u00e4ydellisen asennon lukemista tai television katselua varten.<\/p>\n<\/li>\n<li data-key=\"qufY6\">\n<p data-key=\"KqnBU\">s\u00e4ngyst\u00e4 nouseminen helpottuu<\/p>\n<\/li>\n<li data-key=\"eMhAY\">\n<p data-key=\"QfeLf\">parantaa unen laatua<\/p>\n<\/li>\n<\/ul>\n<p data-key=\"o3UpU\"><strong>Jalankulkijoiden osan nostaminen:<\/strong><\/p>\n<ul class=\"list-el\" data-key=\"apDwe\">\n<li data-key=\"mwDRc\">\n<p data-key=\"OECxX\">parantaa verenkiertoa<\/p>\n<\/li>\n<li data-key=\"vv3j1\">\n<p data-key=\"UN39C\">jalkojen ja alasel\u00e4n j\u00e4nnityksen v\u00e4heneminen<\/p>\n<\/li>\n<\/ul>\n<p data-key=\"ciNYt\">Mars-moottoris\u00e4nky perustuu tukevaan moottorirunkoon (runko 4 \u00d7 8 cm), jossa on 16 cm:n taskujousitettu patja (245 jousitusta\/m\u00b2).<\/p>\n<p data-key=\"sAl8Z\">Patja on saatavana kolmella eri j\u00e4ykkyydell\u00e4 (1,8 mm \/ 1,9 mm \/ 2,0 mm lanka). Pehmuste on valmistettu korkealaatuisesta HR-poroloneista, jotka tarjoavat tukevan ja mukavan pinnan. <\/p>\n<p data-key=\"ht97X\">Lis\u00e4\u00e4 sopiva patja ja jalat, niin saat t\u00e4ydellisen s\u00e4nkyratkaisun.<\/p>\n","protected":false},"featured_media":2766,"comment_status":"closed","ping_status":"closed","template":"","meta":{"_acf_changed":false},"product_brand":[],"product_cat":[112],"product_tag":[],"class_list":{"0":"post-2760","1":"product","2":"type-product","3":"status-publish","4":"has-post-thumbnail","6":"product_cat-moottoroidut-sangyt","8":"first","9":"instock","10":"shipping-taxable","11":"product-type-simple"},"acf":[],"yoast_head":"<!-- This site is optimized with the Yoast SEO Premium plugin v26.0 (Yoast SEO v26.0) - https:\/\/yoast.com\/wordpress\/plugins\/seo\/ -->\n<title>Moottoroitu s\u00e4nky Mars - Hypnos<\/title>\n<meta name=\"robots\" content=\"index, follow, max-snippet:-1, max-image-preview:large, max-video-preview:-1\" \/>\n<link rel=\"canonical\" href=\"https:\/\/hypnos.ee\/fi\/tuote\/moottoroitu-sanky-mars\/\" \/>\n<meta property=\"og:locale\" content=\"fi_FI\" \/>\n<meta property=\"og:type\" content=\"article\" \/>\n<meta property=\"og:title\" content=\"Moottoroitu s\u00e4nky Mars\" \/>\n<meta property=\"og:description\" content=\"Suurin mahdollinen mukavuus ja joustavuus. Moottoroitu Mars-s\u00e4nky on ihanteellinen niille, jotka haluavat tehd\u00e4 nukkumisasennostaan todella mukavan tai jotka viett\u00e4v\u00e4t suuren osan p\u00e4iv\u00e4st\u00e4 s\u00e4ngyss\u00e4. S\u00e4ngyn p\u00e4\u00e4t\u00e4 ja jalkop\u00e4\u00e4t\u00e4 voidaan s\u00e4\u00e4t\u00e4\u00e4 k\u00e4tev\u00e4sti kaukos\u00e4\u00e4timell\u00e4 - valitse langallinen tai langaton vaihtoehto. Nostetaan otsikkoa:   saat t\u00e4ydellisen asennon lukemista tai television katselua varten.   s\u00e4ngyst\u00e4 nouseminen helpottuu   parantaa unen laatua  Jalankulkijoiden osan nostaminen:   parantaa verenkiertoa   jalkojen ja alasel\u00e4n j\u00e4nnityksen v\u00e4heneminen  Mars-moottoris\u00e4nky perustuu tukevaan moottorirunkoon (runko 4 \u00d7 8 cm), jossa on 16 cm:n taskujousitettu patja (245 jousitusta\/m\u00b2). Patja on saatavana kolmella eri j\u00e4ykkyydell\u00e4 (1,8 mm \/ 1,9 mm \/ 2,0 mm lanka). Pehmuste on valmistettu korkealaatuisesta HR-poroloneista, jotka tarjoavat tukevan ja mukavan pinnan. Lis\u00e4\u00e4 sopiva patja ja jalat, niin saat t\u00e4ydellisen s\u00e4nkyratkaisun.\" \/>\n<meta property=\"og:url\" content=\"https:\/\/hypnos.ee\/fi\/tuote\/moottoroitu-sanky-mars\/\" \/>\n<meta property=\"og:site_name\" content=\"Hypnos\" \/>\n<meta property=\"og:image\" content=\"https:\/\/hypnos.ee\/wp-content\/uploads\/2025\/03\/AM_Motorbed_Inari91_HB_StandardSingle_Opened-scaled.jpg\" \/>\n\t<meta property=\"og:image:width\" content=\"2560\" \/>\n\t<meta property=\"og:image:height\" content=\"1709\" \/>\n\t<meta property=\"og:image:type\" content=\"image\/jpeg\" \/>\n<meta name=\"twitter:card\" content=\"summary_large_image\" \/>\n<script type=\"application\/ld+json\" class=\"yoast-schema-graph\">{\"@context\":\"https:\/\/schema.org\",\"@graph\":[{\"@type\":\"WebPage\",\"@id\":\"https:\/\/hypnos.ee\/fi\/tuote\/moottoroitu-sanky-mars\/\",\"url\":\"https:\/\/hypnos.ee\/fi\/tuote\/moottoroitu-sanky-mars\/\",\"name\":\"Moottoroitu s\u00e4nky Mars - Hypnos\",\"isPartOf\":{\"@id\":\"https:\/\/hypnos.ee\/fi\/#website\"},\"primaryImageOfPage\":{\"@id\":\"https:\/\/hypnos.ee\/fi\/tuote\/moottoroitu-sanky-mars\/#primaryimage\"},\"image\":{\"@id\":\"https:\/\/hypnos.ee\/fi\/tuote\/moottoroitu-sanky-mars\/#primaryimage\"},\"thumbnailUrl\":\"https:\/\/hypnos.ee\/wp-content\/uploads\/2025\/03\/AM_Motorbed_Inari91_HB_StandardSingle_Opened-scaled.jpg\",\"datePublished\":\"2025-03-26T12:34:14+00:00\",\"breadcrumb\":{\"@id\":\"https:\/\/hypnos.ee\/fi\/tuote\/moottoroitu-sanky-mars\/#breadcrumb\"},\"inLanguage\":\"fi\",\"potentialAction\":[{\"@type\":\"ReadAction\",\"target\":[\"https:\/\/hypnos.ee\/fi\/tuote\/moottoroitu-sanky-mars\/\"]}]},{\"@type\":\"ImageObject\",\"inLanguage\":\"fi\",\"@id\":\"https:\/\/hypnos.ee\/fi\/tuote\/moottoroitu-sanky-mars\/#primaryimage\",\"url\":\"https:\/\/hypnos.ee\/wp-content\/uploads\/2025\/03\/AM_Motorbed_Inari91_HB_StandardSingle_Opened-scaled.jpg\",\"contentUrl\":\"https:\/\/hypnos.ee\/wp-content\/uploads\/2025\/03\/AM_Motorbed_Inari91_HB_StandardSingle_Opened-scaled.jpg\",\"width\":2560,\"height\":1709},{\"@type\":\"BreadcrumbList\",\"@id\":\"https:\/\/hypnos.ee\/fi\/tuote\/moottoroitu-sanky-mars\/#breadcrumb\",\"itemListElement\":[{\"@type\":\"ListItem\",\"position\":1,\"name\":\"Home\",\"item\":\"https:\/\/hypnos.ee\/fi\/\"},{\"@type\":\"ListItem\",\"position\":2,\"name\":\"Tuotteet\",\"item\":\"https:\/\/hypnos.ee\/tooted\/\"},{\"@type\":\"ListItem\",\"position\":3,\"name\":\"Moottoroitu s\u00e4nky Mars\"}]},{\"@type\":\"WebSite\",\"@id\":\"https:\/\/hypnos.ee\/fi\/#website\",\"url\":\"https:\/\/hypnos.ee\/fi\/\",\"name\":\"Hypnos\",\"description\":\"T\u00f5stame unekogemust\",\"publisher\":{\"@id\":\"https:\/\/hypnos.ee\/fi\/#organization\"},\"potentialAction\":[{\"@type\":\"SearchAction\",\"target\":{\"@type\":\"EntryPoint\",\"urlTemplate\":\"https:\/\/hypnos.ee\/fi\/?s={search_term_string}\"},\"query-input\":{\"@type\":\"PropertyValueSpecification\",\"valueRequired\":true,\"valueName\":\"search_term_string\"}}],\"inLanguage\":\"fi\"},{\"@type\":\"Organization\",\"@id\":\"https:\/\/hypnos.ee\/fi\/#organization\",\"name\":\"Hypnos\",\"url\":\"https:\/\/hypnos.ee\/fi\/\",\"logo\":{\"@type\":\"ImageObject\",\"inLanguage\":\"fi\",\"@id\":\"https:\/\/hypnos.ee\/fi\/#\/schema\/logo\/image\/\",\"url\":\"https:\/\/hypnos.ee\/wp-content\/uploads\/2025\/06\/cropped-Hypnos-fa.png\",\"contentUrl\":\"https:\/\/hypnos.ee\/wp-content\/uploads\/2025\/06\/cropped-Hypnos-fa.png\",\"width\":512,\"height\":512,\"caption\":\"Hypnos\"},\"image\":{\"@id\":\"https:\/\/hypnos.ee\/fi\/#\/schema\/logo\/image\/\"}}]}<\/script>\n<!-- \/ Yoast SEO Premium plugin. -->","yoast_head_json":{"title":"Moottoroitu s\u00e4nky Mars - Hypnos","robots":{"index":"index","follow":"follow","max-snippet":"max-snippet:-1","max-image-preview":"max-image-preview:large","max-video-preview":"max-video-preview:-1"},"canonical":"https:\/\/hypnos.ee\/fi\/tuote\/moottoroitu-sanky-mars\/","og_locale":"fi_FI","og_type":"article","og_title":"Moottoroitu s\u00e4nky Mars","og_description":"Suurin mahdollinen mukavuus ja joustavuus. Moottoroitu Mars-s\u00e4nky on ihanteellinen niille, jotka haluavat tehd\u00e4 nukkumisasennostaan todella mukavan tai jotka viett\u00e4v\u00e4t suuren osan p\u00e4iv\u00e4st\u00e4 s\u00e4ngyss\u00e4. S\u00e4ngyn p\u00e4\u00e4t\u00e4 ja jalkop\u00e4\u00e4t\u00e4 voidaan s\u00e4\u00e4t\u00e4\u00e4 k\u00e4tev\u00e4sti kaukos\u00e4\u00e4timell\u00e4 - valitse langallinen tai langaton vaihtoehto. Nostetaan otsikkoa:   saat t\u00e4ydellisen asennon lukemista tai television katselua varten.   s\u00e4ngyst\u00e4 nouseminen helpottuu   parantaa unen laatua  Jalankulkijoiden osan nostaminen:   parantaa verenkiertoa   jalkojen ja alasel\u00e4n j\u00e4nnityksen v\u00e4heneminen  Mars-moottoris\u00e4nky perustuu tukevaan moottorirunkoon (runko 4 \u00d7 8 cm), jossa on 16 cm:n taskujousitettu patja (245 jousitusta\/m\u00b2). Patja on saatavana kolmella eri j\u00e4ykkyydell\u00e4 (1,8 mm \/ 1,9 mm \/ 2,0 mm lanka). Pehmuste on valmistettu korkealaatuisesta HR-poroloneista, jotka tarjoavat tukevan ja mukavan pinnan. Lis\u00e4\u00e4 sopiva patja ja jalat, niin saat t\u00e4ydellisen s\u00e4nkyratkaisun.","og_url":"https:\/\/hypnos.ee\/fi\/tuote\/moottoroitu-sanky-mars\/","og_site_name":"Hypnos","og_image":[{"width":2560,"height":1709,"url":"https:\/\/hypnos.ee\/wp-content\/uploads\/2025\/03\/AM_Motorbed_Inari91_HB_StandardSingle_Opened-scaled.jpg","type":"image\/jpeg"}],"twitter_card":"summary_large_image","schema":{"@context":"https:\/\/schema.org","@graph":[{"@type":"WebPage","@id":"https:\/\/hypnos.ee\/fi\/tuote\/moottoroitu-sanky-mars\/","url":"https:\/\/hypnos.ee\/fi\/tuote\/moottoroitu-sanky-mars\/","name":"Moottoroitu s\u00e4nky Mars - Hypnos","isPartOf":{"@id":"https:\/\/hypnos.ee\/fi\/#website"},"primaryImageOfPage":{"@id":"https:\/\/hypnos.ee\/fi\/tuote\/moottoroitu-sanky-mars\/#primaryimage"},"image":{"@id":"https:\/\/hypnos.ee\/fi\/tuote\/moottoroitu-sanky-mars\/#primaryimage"},"thumbnailUrl":"https:\/\/hypnos.ee\/wp-content\/uploads\/2025\/03\/AM_Motorbed_Inari91_HB_StandardSingle_Opened-scaled.jpg","datePublished":"2025-03-26T12:34:14+00:00","breadcrumb":{"@id":"https:\/\/hypnos.ee\/fi\/tuote\/moottoroitu-sanky-mars\/#breadcrumb"},"inLanguage":"fi","potentialAction":[{"@type":"ReadAction","target":["https:\/\/hypnos.ee\/fi\/tuote\/moottoroitu-sanky-mars\/"]}]},{"@type":"ImageObject","inLanguage":"fi","@id":"https:\/\/hypnos.ee\/fi\/tuote\/moottoroitu-sanky-mars\/#primaryimage","url":"https:\/\/hypnos.ee\/wp-content\/uploads\/2025\/03\/AM_Motorbed_Inari91_HB_StandardSingle_Opened-scaled.jpg","contentUrl":"https:\/\/hypnos.ee\/wp-content\/uploads\/2025\/03\/AM_Motorbed_Inari91_HB_StandardSingle_Opened-scaled.jpg","width":2560,"height":1709},{"@type":"BreadcrumbList","@id":"https:\/\/hypnos.ee\/fi\/tuote\/moottoroitu-sanky-mars\/#breadcrumb","itemListElement":[{"@type":"ListItem","position":1,"name":"Home","item":"https:\/\/hypnos.ee\/fi\/"},{"@type":"ListItem","position":2,"name":"Tuotteet","item":"https:\/\/hypnos.ee\/tooted\/"},{"@type":"ListItem","position":3,"name":"Moottoroitu s\u00e4nky Mars"}]},{"@type":"WebSite","@id":"https:\/\/hypnos.ee\/fi\/#website","url":"https:\/\/hypnos.ee\/fi\/","name":"Hypnos","description":"T\u00f5stame unekogemust","publisher":{"@id":"https:\/\/hypnos.ee\/fi\/#organization"},"potentialAction":[{"@type":"SearchAction","target":{"@type":"EntryPoint","urlTemplate":"https:\/\/hypnos.ee\/fi\/?s={search_term_string}"},"query-input":{"@type":"PropertyValueSpecification","valueRequired":true,"valueName":"search_term_string"}}],"inLanguage":"fi"},{"@type":"Organization","@id":"https:\/\/hypnos.ee\/fi\/#organization","name":"Hypnos","url":"https:\/\/hypnos.ee\/fi\/","logo":{"@type":"ImageObject","inLanguage":"fi","@id":"https:\/\/hypnos.ee\/fi\/#\/schema\/logo\/image\/","url":"https:\/\/hypnos.ee\/wp-content\/uploads\/2025\/06\/cropped-Hypnos-fa.png","contentUrl":"https:\/\/hypnos.ee\/wp-content\/uploads\/2025\/06\/cropped-Hypnos-fa.png","width":512,"height":512,"caption":"Hypnos"},"image":{"@id":"https:\/\/hypnos.ee\/fi\/#\/schema\/logo\/image\/"}}]}},"_links":{"self":[{"href":"https:\/\/hypnos.ee\/fi\/wp-json\/wp\/v2\/product\/2760","targetHints":{"allow":["GET"]}}],"collection":[{"href":"https:\/\/hypnos.ee\/fi\/wp-json\/wp\/v2\/product"}],"about":[{"href":"https:\/\/hypnos.ee\/fi\/wp-json\/wp\/v2\/types\/product"}],"replies":[{"embeddable":true,"href":"https:\/\/hypnos.ee\/fi\/wp-json\/wp\/v2\/comments?post=2760"}],"wp:featuredmedia":[{"embeddable":true,"href":"https:\/\/hypnos.ee\/fi\/wp-json\/wp\/v2\/media\/2766"}],"wp:attachment":[{"href":"https:\/\/hypnos.ee\/fi\/wp-json\/wp\/v2\/media?parent=2760"}],"wp:term":[{"taxonomy":"product_brand","embeddable":true,"href":"https:\/\/hypnos.ee\/fi\/wp-json\/wp\/v2\/product_brand?post=2760"},{"taxonomy":"product_cat","embeddable":true,"href":"https:\/\/hypnos.ee\/fi\/wp-json\/wp\/v2\/product_cat?post=2760"},{"taxonomy":"product_tag","embeddable":true,"href":"https:\/\/hypnos.ee\/fi\/wp-json\/wp\/v2\/product_tag?post=2760"}],"curies":[{"name":"wp","href":"https:\/\/api.w.org\/{rel}","templated":true}]}}