{"id":2715,"date":"2025-03-26T14:38:27","date_gmt":"2025-03-26T12:38:27","guid":{"rendered":"https:\/\/hypnos.ee\/toode\/pandora-mannermainen-sanky\/"},"modified":"2025-03-26T14:38:27","modified_gmt":"2025-03-26T12:38:27","slug":"pandora-mannermainen-sanky","status":"publish","type":"product","link":"https:\/\/hypnos.ee\/fi\/tuote\/pandora-mannermainen-sanky\/","title":{"rendered":"Pandora mannermainen s\u00e4nky"},"content":{"rendered":"","protected":false},"excerpt":{"rendered":"<p data-start=\"287\" data-end=\"356\"><strong data-start=\"287\" data-end=\"356\">Mukavuutta, \u00e4ly\u00e4 ja tyyli\u00e4 yhdess\u00e4 s\u00e4ngyss\u00e4<\/strong><\/p>\n<p data-start=\"358\" data-end=\"673\">Pandoran mannermainen s\u00e4nky on k\u00e4yt\u00e4nn\u00f6llinen ja kest\u00e4v\u00e4 valinta, jos etsit mukavaa nukkuma-asentoa, jossa on runsaasti lis\u00e4ominaisuuksia. S\u00e4nky koostuu kahdesta tukevasta s\u00e4ngynjalustasta, jotka on valmistettu melamiinipinnoitetusta lastulevyst\u00e4 &#8211; ihanteellinen ratkaisu, jos tarvitset lis\u00e4tilaa vuodevaatteiden tai muiden tavaroiden s\u00e4ilytykseen. <\/p>\n<p data-start=\"675\" data-end=\"868\">Kaksoisjousitus (alempi minihuppu ja ylempi taskujousitus) takaa vartaloa tukevan ja pitk\u00e4aikaisen mukavuuden. Pandora-monitoimis\u00e4nky on saatavana kolmella eri j\u00e4ykkyydell\u00e4 &#8211; valitse itsellesi sopiva! <\/p>\n<p data-start=\"870\" data-end=\"1009\">Saatavana vakio- tai pneumaattisella nostomekanismilla, joka avautuu ja sulkeutuu pehme\u00e4sti ja hiljaisesti (paitsi 70&#215;200 ja 140&#215;200).<\/p>\n<p data-start=\"1011\" data-end=\"1117\">S\u00e4nky on viimeistelty kest\u00e4v\u00e4ll\u00e4 verhoilukankaalla tai keinonahalla, joka sopii t\u00e4ydellisesti mihin tahansa makuuhuoneeseen.<\/p>\n<p data-start=\"1119\" data-end=\"1282\">T\u00e4ydenn\u00e4 Pandora-s\u00e4nky\u00e4 yhteensopivalla <strong data-start=\"1149\" data-end=\"1168\">patjasuojalla<\/strong> ja lis\u00e4\u00e4 samasta kankaasta valmistettu p\u00e4\u00e4ty, jotta saat aikaan yhten\u00e4isen ja tyylikk\u00e4\u00e4n ratkaisun. L\u00f6yd\u00e4t s\u00e4ngynp\u00e4\u00e4dyn vaihtoehdot kohdasta &#8217;S\u00e4ngyn lis\u00e4varusteet&#8217;. <\/p>\n","protected":false},"featured_media":2717,"comment_status":"closed","ping_status":"closed","template":"","meta":{"_acf_changed":false},"product_brand":[],"product_cat":[111,107],"product_tag":[],"class_list":{"0":"post-2715","1":"product","2":"type-product","3":"status-publish","4":"has-post-thumbnail","6":"product_cat-mannermaiset-sangyt","7":"product_cat-sangyt-joissa-on-pesula","9":"first","10":"instock","11":"shipping-taxable","12":"product-type-simple"},"acf":[],"yoast_head":"<!-- This site is optimized with the Yoast SEO Premium plugin v26.0 (Yoast SEO v26.0) - https:\/\/yoast.com\/wordpress\/plugins\/seo\/ -->\n<title>Pandora mannermainen s\u00e4nky - Hypnos<\/title>\n<meta name=\"robots\" content=\"index, follow, max-snippet:-1, max-image-preview:large, max-video-preview:-1\" \/>\n<link rel=\"canonical\" href=\"https:\/\/hypnos.ee\/fi\/tuote\/pandora-mannermainen-sanky\/\" \/>\n<meta property=\"og:locale\" content=\"fi_FI\" \/>\n<meta property=\"og:type\" content=\"article\" \/>\n<meta property=\"og:title\" content=\"Pandora mannermainen s\u00e4nky\" \/>\n<meta property=\"og:description\" content=\"Mukavuutta, \u00e4ly\u00e4 ja tyyli\u00e4 yhdess\u00e4 s\u00e4ngyss\u00e4 Pandoran mannermainen s\u00e4nky on k\u00e4yt\u00e4nn\u00f6llinen ja kest\u00e4v\u00e4 valinta, jos etsit mukavaa nukkuma-asentoa, jossa on runsaasti lis\u00e4ominaisuuksia. S\u00e4nky koostuu kahdesta tukevasta s\u00e4ngynjalustasta, jotka on valmistettu melamiinipinnoitetusta lastulevyst\u00e4 - ihanteellinen ratkaisu, jos tarvitset lis\u00e4tilaa vuodevaatteiden tai muiden tavaroiden s\u00e4ilytykseen. Kaksoisjousitus (alempi minihuppu ja ylempi taskujousitus) takaa vartaloa tukevan ja pitk\u00e4aikaisen mukavuuden. Pandora-monitoimis\u00e4nky on saatavana kolmella eri j\u00e4ykkyydell\u00e4 - valitse itsellesi sopiva! Saatavana vakio- tai pneumaattisella nostomekanismilla, joka avautuu ja sulkeutuu pehme\u00e4sti ja hiljaisesti (paitsi 70x200 ja 140x200). S\u00e4nky on viimeistelty kest\u00e4v\u00e4ll\u00e4 verhoilukankaalla tai keinonahalla, joka sopii t\u00e4ydellisesti mihin tahansa makuuhuoneeseen. T\u00e4ydenn\u00e4 Pandora-s\u00e4nky\u00e4 yhteensopivalla patjasuojalla ja lis\u00e4\u00e4 samasta kankaasta valmistettu p\u00e4\u00e4ty, jotta saat aikaan yhten\u00e4isen ja tyylikk\u00e4\u00e4n ratkaisun. L\u00f6yd\u00e4t s\u00e4ngynp\u00e4\u00e4dyn vaihtoehdot kohdasta &#039;S\u00e4ngyn lis\u00e4varusteet&#039;.\" \/>\n<meta property=\"og:url\" content=\"https:\/\/hypnos.ee\/fi\/tuote\/pandora-mannermainen-sanky\/\" \/>\n<meta property=\"og:site_name\" content=\"Hypnos\" \/>\n<meta property=\"og:image\" content=\"https:\/\/hypnos.ee\/wp-content\/uploads\/2025\/03\/kontinentaalvoodi-kastiga_f_1_590_1.jpg\" \/>\n\t<meta property=\"og:image:width\" content=\"590\" \/>\n\t<meta property=\"og:image:height\" content=\"389\" \/>\n\t<meta property=\"og:image:type\" content=\"image\/jpeg\" \/>\n<meta name=\"twitter:card\" content=\"summary_large_image\" \/>\n<script type=\"application\/ld+json\" class=\"yoast-schema-graph\">{\"@context\":\"https:\/\/schema.org\",\"@graph\":[{\"@type\":\"WebPage\",\"@id\":\"https:\/\/hypnos.ee\/fi\/tuote\/pandora-mannermainen-sanky\/\",\"url\":\"https:\/\/hypnos.ee\/fi\/tuote\/pandora-mannermainen-sanky\/\",\"name\":\"Pandora mannermainen s\u00e4nky - Hypnos\",\"isPartOf\":{\"@id\":\"https:\/\/hypnos.ee\/fi\/#website\"},\"primaryImageOfPage\":{\"@id\":\"https:\/\/hypnos.ee\/fi\/tuote\/pandora-mannermainen-sanky\/#primaryimage\"},\"image\":{\"@id\":\"https:\/\/hypnos.ee\/fi\/tuote\/pandora-mannermainen-sanky\/#primaryimage\"},\"thumbnailUrl\":\"https:\/\/hypnos.ee\/wp-content\/uploads\/2025\/03\/kontinentaalvoodi-kastiga_f_1_590_1.jpg\",\"datePublished\":\"2025-03-26T12:38:27+00:00\",\"breadcrumb\":{\"@id\":\"https:\/\/hypnos.ee\/fi\/tuote\/pandora-mannermainen-sanky\/#breadcrumb\"},\"inLanguage\":\"fi\",\"potentialAction\":[{\"@type\":\"ReadAction\",\"target\":[\"https:\/\/hypnos.ee\/fi\/tuote\/pandora-mannermainen-sanky\/\"]}]},{\"@type\":\"ImageObject\",\"inLanguage\":\"fi\",\"@id\":\"https:\/\/hypnos.ee\/fi\/tuote\/pandora-mannermainen-sanky\/#primaryimage\",\"url\":\"https:\/\/hypnos.ee\/wp-content\/uploads\/2025\/03\/kontinentaalvoodi-kastiga_f_1_590_1.jpg\",\"contentUrl\":\"https:\/\/hypnos.ee\/wp-content\/uploads\/2025\/03\/kontinentaalvoodi-kastiga_f_1_590_1.jpg\",\"width\":590,\"height\":389},{\"@type\":\"BreadcrumbList\",\"@id\":\"https:\/\/hypnos.ee\/fi\/tuote\/pandora-mannermainen-sanky\/#breadcrumb\",\"itemListElement\":[{\"@type\":\"ListItem\",\"position\":1,\"name\":\"Home\",\"item\":\"https:\/\/hypnos.ee\/fi\/\"},{\"@type\":\"ListItem\",\"position\":2,\"name\":\"Tuotteet\",\"item\":\"https:\/\/hypnos.ee\/tooted\/\"},{\"@type\":\"ListItem\",\"position\":3,\"name\":\"Pandora mannermainen s\u00e4nky\"}]},{\"@type\":\"WebSite\",\"@id\":\"https:\/\/hypnos.ee\/fi\/#website\",\"url\":\"https:\/\/hypnos.ee\/fi\/\",\"name\":\"Hypnos\",\"description\":\"T\u00f5stame unekogemust\",\"publisher\":{\"@id\":\"https:\/\/hypnos.ee\/fi\/#organization\"},\"potentialAction\":[{\"@type\":\"SearchAction\",\"target\":{\"@type\":\"EntryPoint\",\"urlTemplate\":\"https:\/\/hypnos.ee\/fi\/?s={search_term_string}\"},\"query-input\":{\"@type\":\"PropertyValueSpecification\",\"valueRequired\":true,\"valueName\":\"search_term_string\"}}],\"inLanguage\":\"fi\"},{\"@type\":\"Organization\",\"@id\":\"https:\/\/hypnos.ee\/fi\/#organization\",\"name\":\"Hypnos\",\"url\":\"https:\/\/hypnos.ee\/fi\/\",\"logo\":{\"@type\":\"ImageObject\",\"inLanguage\":\"fi\",\"@id\":\"https:\/\/hypnos.ee\/fi\/#\/schema\/logo\/image\/\",\"url\":\"https:\/\/hypnos.ee\/wp-content\/uploads\/2025\/06\/cropped-Hypnos-fa.png\",\"contentUrl\":\"https:\/\/hypnos.ee\/wp-content\/uploads\/2025\/06\/cropped-Hypnos-fa.png\",\"width\":512,\"height\":512,\"caption\":\"Hypnos\"},\"image\":{\"@id\":\"https:\/\/hypnos.ee\/fi\/#\/schema\/logo\/image\/\"}}]}<\/script>\n<!-- \/ Yoast SEO Premium plugin. -->","yoast_head_json":{"title":"Pandora mannermainen s\u00e4nky - Hypnos","robots":{"index":"index","follow":"follow","max-snippet":"max-snippet:-1","max-image-preview":"max-image-preview:large","max-video-preview":"max-video-preview:-1"},"canonical":"https:\/\/hypnos.ee\/fi\/tuote\/pandora-mannermainen-sanky\/","og_locale":"fi_FI","og_type":"article","og_title":"Pandora mannermainen s\u00e4nky","og_description":"Mukavuutta, \u00e4ly\u00e4 ja tyyli\u00e4 yhdess\u00e4 s\u00e4ngyss\u00e4 Pandoran mannermainen s\u00e4nky on k\u00e4yt\u00e4nn\u00f6llinen ja kest\u00e4v\u00e4 valinta, jos etsit mukavaa nukkuma-asentoa, jossa on runsaasti lis\u00e4ominaisuuksia. S\u00e4nky koostuu kahdesta tukevasta s\u00e4ngynjalustasta, jotka on valmistettu melamiinipinnoitetusta lastulevyst\u00e4 - ihanteellinen ratkaisu, jos tarvitset lis\u00e4tilaa vuodevaatteiden tai muiden tavaroiden s\u00e4ilytykseen. Kaksoisjousitus (alempi minihuppu ja ylempi taskujousitus) takaa vartaloa tukevan ja pitk\u00e4aikaisen mukavuuden. Pandora-monitoimis\u00e4nky on saatavana kolmella eri j\u00e4ykkyydell\u00e4 - valitse itsellesi sopiva! Saatavana vakio- tai pneumaattisella nostomekanismilla, joka avautuu ja sulkeutuu pehme\u00e4sti ja hiljaisesti (paitsi 70x200 ja 140x200). S\u00e4nky on viimeistelty kest\u00e4v\u00e4ll\u00e4 verhoilukankaalla tai keinonahalla, joka sopii t\u00e4ydellisesti mihin tahansa makuuhuoneeseen. T\u00e4ydenn\u00e4 Pandora-s\u00e4nky\u00e4 yhteensopivalla patjasuojalla ja lis\u00e4\u00e4 samasta kankaasta valmistettu p\u00e4\u00e4ty, jotta saat aikaan yhten\u00e4isen ja tyylikk\u00e4\u00e4n ratkaisun. L\u00f6yd\u00e4t s\u00e4ngynp\u00e4\u00e4dyn vaihtoehdot kohdasta 'S\u00e4ngyn lis\u00e4varusteet'.","og_url":"https:\/\/hypnos.ee\/fi\/tuote\/pandora-mannermainen-sanky\/","og_site_name":"Hypnos","og_image":[{"width":590,"height":389,"url":"https:\/\/hypnos.ee\/wp-content\/uploads\/2025\/03\/kontinentaalvoodi-kastiga_f_1_590_1.jpg","type":"image\/jpeg"}],"twitter_card":"summary_large_image","schema":{"@context":"https:\/\/schema.org","@graph":[{"@type":"WebPage","@id":"https:\/\/hypnos.ee\/fi\/tuote\/pandora-mannermainen-sanky\/","url":"https:\/\/hypnos.ee\/fi\/tuote\/pandora-mannermainen-sanky\/","name":"Pandora mannermainen s\u00e4nky - Hypnos","isPartOf":{"@id":"https:\/\/hypnos.ee\/fi\/#website"},"primaryImageOfPage":{"@id":"https:\/\/hypnos.ee\/fi\/tuote\/pandora-mannermainen-sanky\/#primaryimage"},"image":{"@id":"https:\/\/hypnos.ee\/fi\/tuote\/pandora-mannermainen-sanky\/#primaryimage"},"thumbnailUrl":"https:\/\/hypnos.ee\/wp-content\/uploads\/2025\/03\/kontinentaalvoodi-kastiga_f_1_590_1.jpg","datePublished":"2025-03-26T12:38:27+00:00","breadcrumb":{"@id":"https:\/\/hypnos.ee\/fi\/tuote\/pandora-mannermainen-sanky\/#breadcrumb"},"inLanguage":"fi","potentialAction":[{"@type":"ReadAction","target":["https:\/\/hypnos.ee\/fi\/tuote\/pandora-mannermainen-sanky\/"]}]},{"@type":"ImageObject","inLanguage":"fi","@id":"https:\/\/hypnos.ee\/fi\/tuote\/pandora-mannermainen-sanky\/#primaryimage","url":"https:\/\/hypnos.ee\/wp-content\/uploads\/2025\/03\/kontinentaalvoodi-kastiga_f_1_590_1.jpg","contentUrl":"https:\/\/hypnos.ee\/wp-content\/uploads\/2025\/03\/kontinentaalvoodi-kastiga_f_1_590_1.jpg","width":590,"height":389},{"@type":"BreadcrumbList","@id":"https:\/\/hypnos.ee\/fi\/tuote\/pandora-mannermainen-sanky\/#breadcrumb","itemListElement":[{"@type":"ListItem","position":1,"name":"Home","item":"https:\/\/hypnos.ee\/fi\/"},{"@type":"ListItem","position":2,"name":"Tuotteet","item":"https:\/\/hypnos.ee\/tooted\/"},{"@type":"ListItem","position":3,"name":"Pandora mannermainen s\u00e4nky"}]},{"@type":"WebSite","@id":"https:\/\/hypnos.ee\/fi\/#website","url":"https:\/\/hypnos.ee\/fi\/","name":"Hypnos","description":"T\u00f5stame unekogemust","publisher":{"@id":"https:\/\/hypnos.ee\/fi\/#organization"},"potentialAction":[{"@type":"SearchAction","target":{"@type":"EntryPoint","urlTemplate":"https:\/\/hypnos.ee\/fi\/?s={search_term_string}"},"query-input":{"@type":"PropertyValueSpecification","valueRequired":true,"valueName":"search_term_string"}}],"inLanguage":"fi"},{"@type":"Organization","@id":"https:\/\/hypnos.ee\/fi\/#organization","name":"Hypnos","url":"https:\/\/hypnos.ee\/fi\/","logo":{"@type":"ImageObject","inLanguage":"fi","@id":"https:\/\/hypnos.ee\/fi\/#\/schema\/logo\/image\/","url":"https:\/\/hypnos.ee\/wp-content\/uploads\/2025\/06\/cropped-Hypnos-fa.png","contentUrl":"https:\/\/hypnos.ee\/wp-content\/uploads\/2025\/06\/cropped-Hypnos-fa.png","width":512,"height":512,"caption":"Hypnos"},"image":{"@id":"https:\/\/hypnos.ee\/fi\/#\/schema\/logo\/image\/"}}]}},"_links":{"self":[{"href":"https:\/\/hypnos.ee\/fi\/wp-json\/wp\/v2\/product\/2715","targetHints":{"allow":["GET"]}}],"collection":[{"href":"https:\/\/hypnos.ee\/fi\/wp-json\/wp\/v2\/product"}],"about":[{"href":"https:\/\/hypnos.ee\/fi\/wp-json\/wp\/v2\/types\/product"}],"replies":[{"embeddable":true,"href":"https:\/\/hypnos.ee\/fi\/wp-json\/wp\/v2\/comments?post=2715"}],"wp:featuredmedia":[{"embeddable":true,"href":"https:\/\/hypnos.ee\/fi\/wp-json\/wp\/v2\/media\/2717"}],"wp:attachment":[{"href":"https:\/\/hypnos.ee\/fi\/wp-json\/wp\/v2\/media?parent=2715"}],"wp:term":[{"taxonomy":"product_brand","embeddable":true,"href":"https:\/\/hypnos.ee\/fi\/wp-json\/wp\/v2\/product_brand?post=2715"},{"taxonomy":"product_cat","embeddable":true,"href":"https:\/\/hypnos.ee\/fi\/wp-json\/wp\/v2\/product_cat?post=2715"},{"taxonomy":"product_tag","embeddable":true,"href":"https:\/\/hypnos.ee\/fi\/wp-json\/wp\/v2\/product_tag?post=2715"}],"curies":[{"name":"wp","href":"https:\/\/api.w.org\/{rel}","templated":true}]}}