{"id":2695,"date":"2025-03-26T14:50:01","date_gmt":"2025-03-26T12:50:01","guid":{"rendered":"https:\/\/hypnos.ee\/toode\/comfort-aphrodite-mannermainen-sanky\/"},"modified":"2025-03-26T14:50:01","modified_gmt":"2025-03-26T12:50:01","slug":"comfort-aphrodite-mannermainen-sanky","status":"publish","type":"product","link":"https:\/\/hypnos.ee\/fi\/tuote\/comfort-aphrodite-mannermainen-sanky\/","title":{"rendered":"Comfort Aphrodite mannermainen s\u00e4nky"},"content":{"rendered":"","protected":false},"excerpt":{"rendered":"<p data-key=\"g40tH\"><strong>Ylellinen ja tukeva s\u00e4ngyn setti, joka tarjoaa vahvan tuen.<\/strong><\/p>\n<p data-key=\"g40tH\">Comfort Aphrodite on ihanteellinen valinta, jos pid\u00e4t kiinte\u00e4mm\u00e4st\u00e4 istuvuudesta ja tarvitset lis\u00e4tukea.<\/p>\n<p data-key=\"RzTS4\">Pakkaus sis\u00e4lt\u00e4\u00e4:<\/p>\n<p data-key=\"xAkaQ\">-Zeus-jousis\u00e4ngyt, joissa on vahvistettu runko ja bonnell-jousijousitus;<\/p>\n<p data-key=\"PLePN\">-Korkea kennomainen taskujousipatja;<\/p>\n<p data-key=\"MdxXu\">-l\u00e4mp\u00f6tila-herkk\u00e4 muistivaahtomuovipatjan p\u00e4\u00e4llinen.<\/p>\n<p data-key=\"6pAsk\">Hunajakennojousitus takaa maksimaalisen vakauden, sill\u00e4 jouset liikkuvat vain pystysuunnassa, mik\u00e4 takaa j\u00e4ykkyyden ja kest\u00e4vyyden.<\/p>\n<p data-key=\"gtsKt\">Patjasuojus on valmistettu korkealaatuisesta, joustavasta kankaasta, jossa on antibakteerinen, sieni\u00e4 tuhoava ja antistaattinen Silver Protect -k\u00e4sittely. P\u00e4\u00e4llinen voidaan irrottaa ja pest\u00e4. <\/p>\n<p data-key=\"XdG5C\">S\u00e4nky on saatavana verhoiltuna kankaalla, keinonahalla tai verhoiltujen ja tikattujen ratkaisujen yhdistelm\u00e4n\u00e4 (esim. Ontario, Inari 96\/22, Yaht Cognac).<\/p>\n<p data-key=\"S2QYA\">Lis\u00e4\u00e4 sopiva s\u00e4ngynp\u00e4\u00e4ty ja jalat, niin saat t\u00e4ydellisen makuuhuoneen ratkaisun.<\/p>\n","protected":false},"featured_media":2696,"comment_status":"closed","ping_status":"closed","template":"","meta":{"_acf_changed":false},"product_brand":[],"product_cat":[111],"product_tag":[],"class_list":{"0":"post-2695","1":"product","2":"type-product","3":"status-publish","4":"has-post-thumbnail","6":"product_cat-mannermaiset-sangyt","8":"first","9":"instock","10":"shipping-taxable","11":"product-type-simple"},"acf":[],"yoast_head":"<!-- This site is optimized with the Yoast SEO Premium plugin v26.0 (Yoast SEO v26.0) - https:\/\/yoast.com\/wordpress\/plugins\/seo\/ -->\n<title>Comfort Aphrodite mannermainen s\u00e4nky - Hypnos<\/title>\n<meta name=\"robots\" content=\"index, follow, max-snippet:-1, max-image-preview:large, max-video-preview:-1\" \/>\n<link rel=\"canonical\" href=\"https:\/\/hypnos.ee\/fi\/tuote\/comfort-aphrodite-mannermainen-sanky\/\" \/>\n<meta property=\"og:locale\" content=\"fi_FI\" \/>\n<meta property=\"og:type\" content=\"article\" \/>\n<meta property=\"og:title\" content=\"Comfort Aphrodite mannermainen s\u00e4nky\" \/>\n<meta property=\"og:description\" content=\"Ylellinen ja tukeva s\u00e4ngyn setti, joka tarjoaa vahvan tuen. Comfort Aphrodite on ihanteellinen valinta, jos pid\u00e4t kiinte\u00e4mm\u00e4st\u00e4 istuvuudesta ja tarvitset lis\u00e4tukea. Pakkaus sis\u00e4lt\u00e4\u00e4: -Zeus-jousis\u00e4ngyt, joissa on vahvistettu runko ja bonnell-jousijousitus; -Korkea kennomainen taskujousipatja; -l\u00e4mp\u00f6tila-herkk\u00e4 muistivaahtomuovipatjan p\u00e4\u00e4llinen. Hunajakennojousitus takaa maksimaalisen vakauden, sill\u00e4 jouset liikkuvat vain pystysuunnassa, mik\u00e4 takaa j\u00e4ykkyyden ja kest\u00e4vyyden. Patjasuojus on valmistettu korkealaatuisesta, joustavasta kankaasta, jossa on antibakteerinen, sieni\u00e4 tuhoava ja antistaattinen Silver Protect -k\u00e4sittely. P\u00e4\u00e4llinen voidaan irrottaa ja pest\u00e4. S\u00e4nky on saatavana verhoiltuna kankaalla, keinonahalla tai verhoiltujen ja tikattujen ratkaisujen yhdistelm\u00e4n\u00e4 (esim. Ontario, Inari 96\/22, Yaht Cognac). Lis\u00e4\u00e4 sopiva s\u00e4ngynp\u00e4\u00e4ty ja jalat, niin saat t\u00e4ydellisen makuuhuoneen ratkaisun.\" \/>\n<meta property=\"og:url\" content=\"https:\/\/hypnos.ee\/fi\/tuote\/comfort-aphrodite-mannermainen-sanky\/\" \/>\n<meta property=\"og:site_name\" content=\"Hypnos\" \/>\n<meta property=\"og:image\" content=\"https:\/\/hypnos.ee\/wp-content\/uploads\/2025\/03\/comfort-saturn-voodi_f_1_590_1.jpg\" \/>\n\t<meta property=\"og:image:width\" content=\"590\" \/>\n\t<meta property=\"og:image:height\" content=\"394\" \/>\n\t<meta property=\"og:image:type\" content=\"image\/jpeg\" \/>\n<meta name=\"twitter:card\" content=\"summary_large_image\" \/>\n<script type=\"application\/ld+json\" class=\"yoast-schema-graph\">{\"@context\":\"https:\/\/schema.org\",\"@graph\":[{\"@type\":\"WebPage\",\"@id\":\"https:\/\/hypnos.ee\/fi\/tuote\/comfort-aphrodite-mannermainen-sanky\/\",\"url\":\"https:\/\/hypnos.ee\/fi\/tuote\/comfort-aphrodite-mannermainen-sanky\/\",\"name\":\"Comfort Aphrodite mannermainen s\u00e4nky - Hypnos\",\"isPartOf\":{\"@id\":\"https:\/\/hypnos.ee\/fi\/#website\"},\"primaryImageOfPage\":{\"@id\":\"https:\/\/hypnos.ee\/fi\/tuote\/comfort-aphrodite-mannermainen-sanky\/#primaryimage\"},\"image\":{\"@id\":\"https:\/\/hypnos.ee\/fi\/tuote\/comfort-aphrodite-mannermainen-sanky\/#primaryimage\"},\"thumbnailUrl\":\"https:\/\/hypnos.ee\/wp-content\/uploads\/2025\/03\/comfort-saturn-voodi_f_1_590_1.jpg\",\"datePublished\":\"2025-03-26T12:50:01+00:00\",\"breadcrumb\":{\"@id\":\"https:\/\/hypnos.ee\/fi\/tuote\/comfort-aphrodite-mannermainen-sanky\/#breadcrumb\"},\"inLanguage\":\"fi\",\"potentialAction\":[{\"@type\":\"ReadAction\",\"target\":[\"https:\/\/hypnos.ee\/fi\/tuote\/comfort-aphrodite-mannermainen-sanky\/\"]}]},{\"@type\":\"ImageObject\",\"inLanguage\":\"fi\",\"@id\":\"https:\/\/hypnos.ee\/fi\/tuote\/comfort-aphrodite-mannermainen-sanky\/#primaryimage\",\"url\":\"https:\/\/hypnos.ee\/wp-content\/uploads\/2025\/03\/comfort-saturn-voodi_f_1_590_1.jpg\",\"contentUrl\":\"https:\/\/hypnos.ee\/wp-content\/uploads\/2025\/03\/comfort-saturn-voodi_f_1_590_1.jpg\",\"width\":590,\"height\":394},{\"@type\":\"BreadcrumbList\",\"@id\":\"https:\/\/hypnos.ee\/fi\/tuote\/comfort-aphrodite-mannermainen-sanky\/#breadcrumb\",\"itemListElement\":[{\"@type\":\"ListItem\",\"position\":1,\"name\":\"Home\",\"item\":\"https:\/\/hypnos.ee\/fi\/\"},{\"@type\":\"ListItem\",\"position\":2,\"name\":\"Tuotteet\",\"item\":\"https:\/\/hypnos.ee\/tooted\/\"},{\"@type\":\"ListItem\",\"position\":3,\"name\":\"Comfort Aphrodite mannermainen s\u00e4nky\"}]},{\"@type\":\"WebSite\",\"@id\":\"https:\/\/hypnos.ee\/fi\/#website\",\"url\":\"https:\/\/hypnos.ee\/fi\/\",\"name\":\"Hypnos\",\"description\":\"T\u00f5stame unekogemust\",\"publisher\":{\"@id\":\"https:\/\/hypnos.ee\/fi\/#organization\"},\"potentialAction\":[{\"@type\":\"SearchAction\",\"target\":{\"@type\":\"EntryPoint\",\"urlTemplate\":\"https:\/\/hypnos.ee\/fi\/?s={search_term_string}\"},\"query-input\":{\"@type\":\"PropertyValueSpecification\",\"valueRequired\":true,\"valueName\":\"search_term_string\"}}],\"inLanguage\":\"fi\"},{\"@type\":\"Organization\",\"@id\":\"https:\/\/hypnos.ee\/fi\/#organization\",\"name\":\"Hypnos\",\"url\":\"https:\/\/hypnos.ee\/fi\/\",\"logo\":{\"@type\":\"ImageObject\",\"inLanguage\":\"fi\",\"@id\":\"https:\/\/hypnos.ee\/fi\/#\/schema\/logo\/image\/\",\"url\":\"https:\/\/hypnos.ee\/wp-content\/uploads\/2025\/06\/cropped-Hypnos-fa.png\",\"contentUrl\":\"https:\/\/hypnos.ee\/wp-content\/uploads\/2025\/06\/cropped-Hypnos-fa.png\",\"width\":512,\"height\":512,\"caption\":\"Hypnos\"},\"image\":{\"@id\":\"https:\/\/hypnos.ee\/fi\/#\/schema\/logo\/image\/\"}}]}<\/script>\n<!-- \/ Yoast SEO Premium plugin. -->","yoast_head_json":{"title":"Comfort Aphrodite mannermainen s\u00e4nky - Hypnos","robots":{"index":"index","follow":"follow","max-snippet":"max-snippet:-1","max-image-preview":"max-image-preview:large","max-video-preview":"max-video-preview:-1"},"canonical":"https:\/\/hypnos.ee\/fi\/tuote\/comfort-aphrodite-mannermainen-sanky\/","og_locale":"fi_FI","og_type":"article","og_title":"Comfort Aphrodite mannermainen s\u00e4nky","og_description":"Ylellinen ja tukeva s\u00e4ngyn setti, joka tarjoaa vahvan tuen. Comfort Aphrodite on ihanteellinen valinta, jos pid\u00e4t kiinte\u00e4mm\u00e4st\u00e4 istuvuudesta ja tarvitset lis\u00e4tukea. Pakkaus sis\u00e4lt\u00e4\u00e4: -Zeus-jousis\u00e4ngyt, joissa on vahvistettu runko ja bonnell-jousijousitus; -Korkea kennomainen taskujousipatja; -l\u00e4mp\u00f6tila-herkk\u00e4 muistivaahtomuovipatjan p\u00e4\u00e4llinen. Hunajakennojousitus takaa maksimaalisen vakauden, sill\u00e4 jouset liikkuvat vain pystysuunnassa, mik\u00e4 takaa j\u00e4ykkyyden ja kest\u00e4vyyden. Patjasuojus on valmistettu korkealaatuisesta, joustavasta kankaasta, jossa on antibakteerinen, sieni\u00e4 tuhoava ja antistaattinen Silver Protect -k\u00e4sittely. P\u00e4\u00e4llinen voidaan irrottaa ja pest\u00e4. S\u00e4nky on saatavana verhoiltuna kankaalla, keinonahalla tai verhoiltujen ja tikattujen ratkaisujen yhdistelm\u00e4n\u00e4 (esim. Ontario, Inari 96\/22, Yaht Cognac). Lis\u00e4\u00e4 sopiva s\u00e4ngynp\u00e4\u00e4ty ja jalat, niin saat t\u00e4ydellisen makuuhuoneen ratkaisun.","og_url":"https:\/\/hypnos.ee\/fi\/tuote\/comfort-aphrodite-mannermainen-sanky\/","og_site_name":"Hypnos","og_image":[{"width":590,"height":394,"url":"https:\/\/hypnos.ee\/wp-content\/uploads\/2025\/03\/comfort-saturn-voodi_f_1_590_1.jpg","type":"image\/jpeg"}],"twitter_card":"summary_large_image","schema":{"@context":"https:\/\/schema.org","@graph":[{"@type":"WebPage","@id":"https:\/\/hypnos.ee\/fi\/tuote\/comfort-aphrodite-mannermainen-sanky\/","url":"https:\/\/hypnos.ee\/fi\/tuote\/comfort-aphrodite-mannermainen-sanky\/","name":"Comfort Aphrodite mannermainen s\u00e4nky - Hypnos","isPartOf":{"@id":"https:\/\/hypnos.ee\/fi\/#website"},"primaryImageOfPage":{"@id":"https:\/\/hypnos.ee\/fi\/tuote\/comfort-aphrodite-mannermainen-sanky\/#primaryimage"},"image":{"@id":"https:\/\/hypnos.ee\/fi\/tuote\/comfort-aphrodite-mannermainen-sanky\/#primaryimage"},"thumbnailUrl":"https:\/\/hypnos.ee\/wp-content\/uploads\/2025\/03\/comfort-saturn-voodi_f_1_590_1.jpg","datePublished":"2025-03-26T12:50:01+00:00","breadcrumb":{"@id":"https:\/\/hypnos.ee\/fi\/tuote\/comfort-aphrodite-mannermainen-sanky\/#breadcrumb"},"inLanguage":"fi","potentialAction":[{"@type":"ReadAction","target":["https:\/\/hypnos.ee\/fi\/tuote\/comfort-aphrodite-mannermainen-sanky\/"]}]},{"@type":"ImageObject","inLanguage":"fi","@id":"https:\/\/hypnos.ee\/fi\/tuote\/comfort-aphrodite-mannermainen-sanky\/#primaryimage","url":"https:\/\/hypnos.ee\/wp-content\/uploads\/2025\/03\/comfort-saturn-voodi_f_1_590_1.jpg","contentUrl":"https:\/\/hypnos.ee\/wp-content\/uploads\/2025\/03\/comfort-saturn-voodi_f_1_590_1.jpg","width":590,"height":394},{"@type":"BreadcrumbList","@id":"https:\/\/hypnos.ee\/fi\/tuote\/comfort-aphrodite-mannermainen-sanky\/#breadcrumb","itemListElement":[{"@type":"ListItem","position":1,"name":"Home","item":"https:\/\/hypnos.ee\/fi\/"},{"@type":"ListItem","position":2,"name":"Tuotteet","item":"https:\/\/hypnos.ee\/tooted\/"},{"@type":"ListItem","position":3,"name":"Comfort Aphrodite mannermainen s\u00e4nky"}]},{"@type":"WebSite","@id":"https:\/\/hypnos.ee\/fi\/#website","url":"https:\/\/hypnos.ee\/fi\/","name":"Hypnos","description":"T\u00f5stame unekogemust","publisher":{"@id":"https:\/\/hypnos.ee\/fi\/#organization"},"potentialAction":[{"@type":"SearchAction","target":{"@type":"EntryPoint","urlTemplate":"https:\/\/hypnos.ee\/fi\/?s={search_term_string}"},"query-input":{"@type":"PropertyValueSpecification","valueRequired":true,"valueName":"search_term_string"}}],"inLanguage":"fi"},{"@type":"Organization","@id":"https:\/\/hypnos.ee\/fi\/#organization","name":"Hypnos","url":"https:\/\/hypnos.ee\/fi\/","logo":{"@type":"ImageObject","inLanguage":"fi","@id":"https:\/\/hypnos.ee\/fi\/#\/schema\/logo\/image\/","url":"https:\/\/hypnos.ee\/wp-content\/uploads\/2025\/06\/cropped-Hypnos-fa.png","contentUrl":"https:\/\/hypnos.ee\/wp-content\/uploads\/2025\/06\/cropped-Hypnos-fa.png","width":512,"height":512,"caption":"Hypnos"},"image":{"@id":"https:\/\/hypnos.ee\/fi\/#\/schema\/logo\/image\/"}}]}},"_links":{"self":[{"href":"https:\/\/hypnos.ee\/fi\/wp-json\/wp\/v2\/product\/2695","targetHints":{"allow":["GET"]}}],"collection":[{"href":"https:\/\/hypnos.ee\/fi\/wp-json\/wp\/v2\/product"}],"about":[{"href":"https:\/\/hypnos.ee\/fi\/wp-json\/wp\/v2\/types\/product"}],"replies":[{"embeddable":true,"href":"https:\/\/hypnos.ee\/fi\/wp-json\/wp\/v2\/comments?post=2695"}],"wp:featuredmedia":[{"embeddable":true,"href":"https:\/\/hypnos.ee\/fi\/wp-json\/wp\/v2\/media\/2696"}],"wp:attachment":[{"href":"https:\/\/hypnos.ee\/fi\/wp-json\/wp\/v2\/media?parent=2695"}],"wp:term":[{"taxonomy":"product_brand","embeddable":true,"href":"https:\/\/hypnos.ee\/fi\/wp-json\/wp\/v2\/product_brand?post=2695"},{"taxonomy":"product_cat","embeddable":true,"href":"https:\/\/hypnos.ee\/fi\/wp-json\/wp\/v2\/product_cat?post=2695"},{"taxonomy":"product_tag","embeddable":true,"href":"https:\/\/hypnos.ee\/fi\/wp-json\/wp\/v2\/product_tag?post=2695"}],"curies":[{"name":"wp","href":"https:\/\/api.w.org\/{rel}","templated":true}]}}