{"id":2490,"date":"2025-05-08T10:19:08","date_gmt":"2025-05-08T07:19:08","guid":{"rendered":"https:\/\/hypnos.ee\/toode\/poroloon-patjat-juno-100\/"},"modified":"2025-05-08T10:19:08","modified_gmt":"2025-05-08T07:19:08","slug":"poroloon-patjat-juno-100","status":"publish","type":"product","link":"https:\/\/hypnos.ee\/fi\/tuote\/poroloon-patjat-juno-100\/","title":{"rendered":"Poroloon patjat Juno 100"},"content":{"rendered":"","protected":false},"excerpt":{"rendered":"<p data-key=\"6chdF\"><strong>Tukeva ja kerroksellinen.<\/strong><\/p>\n<p data-key=\"3iEJm\">Juno 100 on kolmikerroksinen, kehr\u00e4tt\u00e4v\u00e4 ja muotoiltu patja, joka tarjoaa kiinte\u00e4n tuen jopa 100 kg:n painoiselle vartalolle. Polyuretaanivaahtomuovikerrosten eri tiheyksien ansiosta patja on mukava mutta silti riitt\u00e4v\u00e4n tukeva pitk\u00e4aikaiseen k\u00e4ytt\u00f6\u00f6n. <\/p>\n<p data-key=\"HQV3H\">Kaksipuolinen k\u00e4ytt\u00f6 antaa sinulle vapauden valita pehme\u00e4mm\u00e4n tai vahvemman unikokemuksen v\u00e4lill\u00e4. Patjapussi on hengitt\u00e4v\u00e4, tikattu ja helposti irrotettava maksimaalista hygieniaa varten. <\/p>\n","protected":false},"featured_media":2418,"comment_status":"closed","ping_status":"closed","template":"","meta":{"_acf_changed":false},"product_brand":[],"product_cat":[99],"product_tag":[],"class_list":{"0":"post-2490","1":"product","2":"type-product","3":"status-publish","4":"has-post-thumbnail","6":"product_cat-porolone-patjat","8":"first","9":"instock","10":"shipping-taxable","11":"product-type-simple"},"acf":[],"yoast_head":"<!-- This site is optimized with the Yoast SEO Premium plugin v26.0 (Yoast SEO v26.0) - https:\/\/yoast.com\/wordpress\/plugins\/seo\/ -->\n<title>Poroloon patjat Juno 100 - Hypnos<\/title>\n<meta name=\"robots\" content=\"index, follow, max-snippet:-1, max-image-preview:large, max-video-preview:-1\" \/>\n<link rel=\"canonical\" href=\"https:\/\/hypnos.ee\/fi\/tuote\/poroloon-patjat-juno-100\/\" \/>\n<meta property=\"og:locale\" content=\"fi_FI\" \/>\n<meta property=\"og:type\" content=\"article\" \/>\n<meta property=\"og:title\" content=\"Poroloon patjat Juno 100\" \/>\n<meta property=\"og:description\" content=\"Tukeva ja kerroksellinen. Juno 100 on kolmikerroksinen, kehr\u00e4tt\u00e4v\u00e4 ja muotoiltu patja, joka tarjoaa kiinte\u00e4n tuen jopa 100 kg:n painoiselle vartalolle. Polyuretaanivaahtomuovikerrosten eri tiheyksien ansiosta patja on mukava mutta silti riitt\u00e4v\u00e4n tukeva pitk\u00e4aikaiseen k\u00e4ytt\u00f6\u00f6n. Kaksipuolinen k\u00e4ytt\u00f6 antaa sinulle vapauden valita pehme\u00e4mm\u00e4n tai vahvemman unikokemuksen v\u00e4lill\u00e4. Patjapussi on hengitt\u00e4v\u00e4, tikattu ja helposti irrotettava maksimaalista hygieniaa varten.\" \/>\n<meta property=\"og:url\" content=\"https:\/\/hypnos.ee\/fi\/tuote\/poroloon-patjat-juno-100\/\" \/>\n<meta property=\"og:site_name\" content=\"Hypnos\" \/>\n<meta property=\"og:image\" content=\"https:\/\/hypnos.ee\/wp-content\/uploads\/2025\/03\/juno_f_1_590_1.jpg\" \/>\n\t<meta property=\"og:image:width\" content=\"590\" \/>\n\t<meta property=\"og:image:height\" content=\"394\" \/>\n\t<meta property=\"og:image:type\" content=\"image\/jpeg\" \/>\n<meta name=\"twitter:card\" content=\"summary_large_image\" \/>\n<script type=\"application\/ld+json\" class=\"yoast-schema-graph\">{\"@context\":\"https:\/\/schema.org\",\"@graph\":[{\"@type\":\"WebPage\",\"@id\":\"https:\/\/hypnos.ee\/fi\/tuote\/poroloon-patjat-juno-100\/\",\"url\":\"https:\/\/hypnos.ee\/fi\/tuote\/poroloon-patjat-juno-100\/\",\"name\":\"Poroloon patjat Juno 100 - Hypnos\",\"isPartOf\":{\"@id\":\"https:\/\/hypnos.ee\/fi\/#website\"},\"primaryImageOfPage\":{\"@id\":\"https:\/\/hypnos.ee\/fi\/tuote\/poroloon-patjat-juno-100\/#primaryimage\"},\"image\":{\"@id\":\"https:\/\/hypnos.ee\/fi\/tuote\/poroloon-patjat-juno-100\/#primaryimage\"},\"thumbnailUrl\":\"https:\/\/hypnos.ee\/wp-content\/uploads\/2025\/03\/juno_f_1_590_1.jpg\",\"datePublished\":\"2025-05-08T07:19:08+00:00\",\"breadcrumb\":{\"@id\":\"https:\/\/hypnos.ee\/fi\/tuote\/poroloon-patjat-juno-100\/#breadcrumb\"},\"inLanguage\":\"fi\",\"potentialAction\":[{\"@type\":\"ReadAction\",\"target\":[\"https:\/\/hypnos.ee\/fi\/tuote\/poroloon-patjat-juno-100\/\"]}]},{\"@type\":\"ImageObject\",\"inLanguage\":\"fi\",\"@id\":\"https:\/\/hypnos.ee\/fi\/tuote\/poroloon-patjat-juno-100\/#primaryimage\",\"url\":\"https:\/\/hypnos.ee\/wp-content\/uploads\/2025\/03\/juno_f_1_590_1.jpg\",\"contentUrl\":\"https:\/\/hypnos.ee\/wp-content\/uploads\/2025\/03\/juno_f_1_590_1.jpg\",\"width\":590,\"height\":394},{\"@type\":\"BreadcrumbList\",\"@id\":\"https:\/\/hypnos.ee\/fi\/tuote\/poroloon-patjat-juno-100\/#breadcrumb\",\"itemListElement\":[{\"@type\":\"ListItem\",\"position\":1,\"name\":\"Home\",\"item\":\"https:\/\/hypnos.ee\/fi\/\"},{\"@type\":\"ListItem\",\"position\":2,\"name\":\"Tuotteet\",\"item\":\"https:\/\/hypnos.ee\/tooted\/\"},{\"@type\":\"ListItem\",\"position\":3,\"name\":\"Poroloon patjat Juno 100\"}]},{\"@type\":\"WebSite\",\"@id\":\"https:\/\/hypnos.ee\/fi\/#website\",\"url\":\"https:\/\/hypnos.ee\/fi\/\",\"name\":\"Hypnos\",\"description\":\"T\u00f5stame unekogemust\",\"publisher\":{\"@id\":\"https:\/\/hypnos.ee\/fi\/#organization\"},\"potentialAction\":[{\"@type\":\"SearchAction\",\"target\":{\"@type\":\"EntryPoint\",\"urlTemplate\":\"https:\/\/hypnos.ee\/fi\/?s={search_term_string}\"},\"query-input\":{\"@type\":\"PropertyValueSpecification\",\"valueRequired\":true,\"valueName\":\"search_term_string\"}}],\"inLanguage\":\"fi\"},{\"@type\":\"Organization\",\"@id\":\"https:\/\/hypnos.ee\/fi\/#organization\",\"name\":\"Hypnos\",\"url\":\"https:\/\/hypnos.ee\/fi\/\",\"logo\":{\"@type\":\"ImageObject\",\"inLanguage\":\"fi\",\"@id\":\"https:\/\/hypnos.ee\/fi\/#\/schema\/logo\/image\/\",\"url\":\"https:\/\/hypnos.ee\/wp-content\/uploads\/2025\/06\/cropped-Hypnos-fa.png\",\"contentUrl\":\"https:\/\/hypnos.ee\/wp-content\/uploads\/2025\/06\/cropped-Hypnos-fa.png\",\"width\":512,\"height\":512,\"caption\":\"Hypnos\"},\"image\":{\"@id\":\"https:\/\/hypnos.ee\/fi\/#\/schema\/logo\/image\/\"}}]}<\/script>\n<!-- \/ Yoast SEO Premium plugin. -->","yoast_head_json":{"title":"Poroloon patjat Juno 100 - Hypnos","robots":{"index":"index","follow":"follow","max-snippet":"max-snippet:-1","max-image-preview":"max-image-preview:large","max-video-preview":"max-video-preview:-1"},"canonical":"https:\/\/hypnos.ee\/fi\/tuote\/poroloon-patjat-juno-100\/","og_locale":"fi_FI","og_type":"article","og_title":"Poroloon patjat Juno 100","og_description":"Tukeva ja kerroksellinen. Juno 100 on kolmikerroksinen, kehr\u00e4tt\u00e4v\u00e4 ja muotoiltu patja, joka tarjoaa kiinte\u00e4n tuen jopa 100 kg:n painoiselle vartalolle. Polyuretaanivaahtomuovikerrosten eri tiheyksien ansiosta patja on mukava mutta silti riitt\u00e4v\u00e4n tukeva pitk\u00e4aikaiseen k\u00e4ytt\u00f6\u00f6n. Kaksipuolinen k\u00e4ytt\u00f6 antaa sinulle vapauden valita pehme\u00e4mm\u00e4n tai vahvemman unikokemuksen v\u00e4lill\u00e4. Patjapussi on hengitt\u00e4v\u00e4, tikattu ja helposti irrotettava maksimaalista hygieniaa varten.","og_url":"https:\/\/hypnos.ee\/fi\/tuote\/poroloon-patjat-juno-100\/","og_site_name":"Hypnos","og_image":[{"width":590,"height":394,"url":"https:\/\/hypnos.ee\/wp-content\/uploads\/2025\/03\/juno_f_1_590_1.jpg","type":"image\/jpeg"}],"twitter_card":"summary_large_image","schema":{"@context":"https:\/\/schema.org","@graph":[{"@type":"WebPage","@id":"https:\/\/hypnos.ee\/fi\/tuote\/poroloon-patjat-juno-100\/","url":"https:\/\/hypnos.ee\/fi\/tuote\/poroloon-patjat-juno-100\/","name":"Poroloon patjat Juno 100 - Hypnos","isPartOf":{"@id":"https:\/\/hypnos.ee\/fi\/#website"},"primaryImageOfPage":{"@id":"https:\/\/hypnos.ee\/fi\/tuote\/poroloon-patjat-juno-100\/#primaryimage"},"image":{"@id":"https:\/\/hypnos.ee\/fi\/tuote\/poroloon-patjat-juno-100\/#primaryimage"},"thumbnailUrl":"https:\/\/hypnos.ee\/wp-content\/uploads\/2025\/03\/juno_f_1_590_1.jpg","datePublished":"2025-05-08T07:19:08+00:00","breadcrumb":{"@id":"https:\/\/hypnos.ee\/fi\/tuote\/poroloon-patjat-juno-100\/#breadcrumb"},"inLanguage":"fi","potentialAction":[{"@type":"ReadAction","target":["https:\/\/hypnos.ee\/fi\/tuote\/poroloon-patjat-juno-100\/"]}]},{"@type":"ImageObject","inLanguage":"fi","@id":"https:\/\/hypnos.ee\/fi\/tuote\/poroloon-patjat-juno-100\/#primaryimage","url":"https:\/\/hypnos.ee\/wp-content\/uploads\/2025\/03\/juno_f_1_590_1.jpg","contentUrl":"https:\/\/hypnos.ee\/wp-content\/uploads\/2025\/03\/juno_f_1_590_1.jpg","width":590,"height":394},{"@type":"BreadcrumbList","@id":"https:\/\/hypnos.ee\/fi\/tuote\/poroloon-patjat-juno-100\/#breadcrumb","itemListElement":[{"@type":"ListItem","position":1,"name":"Home","item":"https:\/\/hypnos.ee\/fi\/"},{"@type":"ListItem","position":2,"name":"Tuotteet","item":"https:\/\/hypnos.ee\/tooted\/"},{"@type":"ListItem","position":3,"name":"Poroloon patjat Juno 100"}]},{"@type":"WebSite","@id":"https:\/\/hypnos.ee\/fi\/#website","url":"https:\/\/hypnos.ee\/fi\/","name":"Hypnos","description":"T\u00f5stame unekogemust","publisher":{"@id":"https:\/\/hypnos.ee\/fi\/#organization"},"potentialAction":[{"@type":"SearchAction","target":{"@type":"EntryPoint","urlTemplate":"https:\/\/hypnos.ee\/fi\/?s={search_term_string}"},"query-input":{"@type":"PropertyValueSpecification","valueRequired":true,"valueName":"search_term_string"}}],"inLanguage":"fi"},{"@type":"Organization","@id":"https:\/\/hypnos.ee\/fi\/#organization","name":"Hypnos","url":"https:\/\/hypnos.ee\/fi\/","logo":{"@type":"ImageObject","inLanguage":"fi","@id":"https:\/\/hypnos.ee\/fi\/#\/schema\/logo\/image\/","url":"https:\/\/hypnos.ee\/wp-content\/uploads\/2025\/06\/cropped-Hypnos-fa.png","contentUrl":"https:\/\/hypnos.ee\/wp-content\/uploads\/2025\/06\/cropped-Hypnos-fa.png","width":512,"height":512,"caption":"Hypnos"},"image":{"@id":"https:\/\/hypnos.ee\/fi\/#\/schema\/logo\/image\/"}}]}},"_links":{"self":[{"href":"https:\/\/hypnos.ee\/fi\/wp-json\/wp\/v2\/product\/2490","targetHints":{"allow":["GET"]}}],"collection":[{"href":"https:\/\/hypnos.ee\/fi\/wp-json\/wp\/v2\/product"}],"about":[{"href":"https:\/\/hypnos.ee\/fi\/wp-json\/wp\/v2\/types\/product"}],"replies":[{"embeddable":true,"href":"https:\/\/hypnos.ee\/fi\/wp-json\/wp\/v2\/comments?post=2490"}],"wp:featuredmedia":[{"embeddable":true,"href":"https:\/\/hypnos.ee\/fi\/wp-json\/wp\/v2\/media\/2418"}],"wp:attachment":[{"href":"https:\/\/hypnos.ee\/fi\/wp-json\/wp\/v2\/media?parent=2490"}],"wp:term":[{"taxonomy":"product_brand","embeddable":true,"href":"https:\/\/hypnos.ee\/fi\/wp-json\/wp\/v2\/product_brand?post=2490"},{"taxonomy":"product_cat","embeddable":true,"href":"https:\/\/hypnos.ee\/fi\/wp-json\/wp\/v2\/product_cat?post=2490"},{"taxonomy":"product_tag","embeddable":true,"href":"https:\/\/hypnos.ee\/fi\/wp-json\/wp\/v2\/product_tag?post=2490"}],"curies":[{"name":"wp","href":"https:\/\/api.w.org\/{rel}","templated":true}]}}