{"id":2417,"date":"2025-05-08T10:18:50","date_gmt":"2025-05-08T07:18:50","guid":{"rendered":"https:\/\/hypnos.ee\/toode\/poroloon-patjat-juno-70\/"},"modified":"2025-05-08T10:18:50","modified_gmt":"2025-05-08T07:18:50","slug":"poroloon-patjat-juno-70","status":"publish","type":"product","link":"https:\/\/hypnos.ee\/fi\/tuote\/poroloon-patjat-juno-70\/","title":{"rendered":"Poroloon patjat Juno 70"},"content":{"rendered":"","protected":false},"excerpt":{"rendered":"<p data-key=\"oY0iq\"><strong>Ilmava mukavuus.<\/strong><\/p>\n<p data-key=\"7dWqc\">Juno 70 on kaksikerroksinen, vartaloa my\u00f6t\u00e4ilev\u00e4 untuvapeitto, joka sopii hyvin jopa 70 kg painaville nukkujille. Patjassa on profiloitu pinta, joka tukee parempaa ilmankiertoa ja kosteudenhallintaa ja auttaa pit\u00e4m\u00e4\u00e4n makuualueen kuivana ja raikkaana. <\/p>\n<p data-key=\"eKn6v\">Kaksipuolisen rakenteen ansiosta voit valita pehme\u00e4mm\u00e4n ja j\u00e4ykemm\u00e4n puolen. Patjapussi on valmistettu hengitt\u00e4v\u00e4st\u00e4 puuvillasekoitekankaasta, joka on tikattu tilavalla vanulla, ja se on pest\u00e4viss\u00e4 kolmepuolisten vetoketjujen ansiosta. <\/p>\n","protected":false},"featured_media":2418,"comment_status":"closed","ping_status":"closed","template":"","meta":{"_acf_changed":false},"product_brand":[],"product_cat":[99],"product_tag":[],"class_list":{"0":"post-2417","1":"product","2":"type-product","3":"status-publish","4":"has-post-thumbnail","6":"product_cat-porolone-patjat","8":"first","9":"instock","10":"shipping-taxable","11":"product-type-simple"},"acf":[],"yoast_head":"<!-- This site is optimized with the Yoast SEO Premium plugin v26.0 (Yoast SEO v26.0) - https:\/\/yoast.com\/wordpress\/plugins\/seo\/ -->\n<title>Poroloon patjat Juno 70 - Hypnos<\/title>\n<meta name=\"robots\" content=\"index, follow, max-snippet:-1, max-image-preview:large, max-video-preview:-1\" \/>\n<link rel=\"canonical\" href=\"https:\/\/hypnos.ee\/fi\/tuote\/poroloon-patjat-juno-70\/\" \/>\n<meta property=\"og:locale\" content=\"fi_FI\" \/>\n<meta property=\"og:type\" content=\"article\" \/>\n<meta property=\"og:title\" content=\"Poroloon patjat Juno 70\" \/>\n<meta property=\"og:description\" content=\"Ilmava mukavuus. Juno 70 on kaksikerroksinen, vartaloa my\u00f6t\u00e4ilev\u00e4 untuvapeitto, joka sopii hyvin jopa 70 kg painaville nukkujille. Patjassa on profiloitu pinta, joka tukee parempaa ilmankiertoa ja kosteudenhallintaa ja auttaa pit\u00e4m\u00e4\u00e4n makuualueen kuivana ja raikkaana. Kaksipuolisen rakenteen ansiosta voit valita pehme\u00e4mm\u00e4n ja j\u00e4ykemm\u00e4n puolen. Patjapussi on valmistettu hengitt\u00e4v\u00e4st\u00e4 puuvillasekoitekankaasta, joka on tikattu tilavalla vanulla, ja se on pest\u00e4viss\u00e4 kolmepuolisten vetoketjujen ansiosta.\" \/>\n<meta property=\"og:url\" content=\"https:\/\/hypnos.ee\/fi\/tuote\/poroloon-patjat-juno-70\/\" \/>\n<meta property=\"og:site_name\" content=\"Hypnos\" \/>\n<meta property=\"og:image\" content=\"https:\/\/hypnos.ee\/wp-content\/uploads\/2025\/03\/juno_f_1_590_1.jpg\" \/>\n\t<meta property=\"og:image:width\" content=\"590\" \/>\n\t<meta property=\"og:image:height\" content=\"394\" \/>\n\t<meta property=\"og:image:type\" content=\"image\/jpeg\" \/>\n<meta name=\"twitter:card\" content=\"summary_large_image\" \/>\n<script type=\"application\/ld+json\" class=\"yoast-schema-graph\">{\"@context\":\"https:\/\/schema.org\",\"@graph\":[{\"@type\":\"WebPage\",\"@id\":\"https:\/\/hypnos.ee\/fi\/tuote\/poroloon-patjat-juno-70\/\",\"url\":\"https:\/\/hypnos.ee\/fi\/tuote\/poroloon-patjat-juno-70\/\",\"name\":\"Poroloon patjat Juno 70 - Hypnos\",\"isPartOf\":{\"@id\":\"https:\/\/hypnos.ee\/fi\/#website\"},\"primaryImageOfPage\":{\"@id\":\"https:\/\/hypnos.ee\/fi\/tuote\/poroloon-patjat-juno-70\/#primaryimage\"},\"image\":{\"@id\":\"https:\/\/hypnos.ee\/fi\/tuote\/poroloon-patjat-juno-70\/#primaryimage\"},\"thumbnailUrl\":\"https:\/\/hypnos.ee\/wp-content\/uploads\/2025\/03\/juno_f_1_590_1.jpg\",\"datePublished\":\"2025-05-08T07:18:50+00:00\",\"breadcrumb\":{\"@id\":\"https:\/\/hypnos.ee\/fi\/tuote\/poroloon-patjat-juno-70\/#breadcrumb\"},\"inLanguage\":\"fi\",\"potentialAction\":[{\"@type\":\"ReadAction\",\"target\":[\"https:\/\/hypnos.ee\/fi\/tuote\/poroloon-patjat-juno-70\/\"]}]},{\"@type\":\"ImageObject\",\"inLanguage\":\"fi\",\"@id\":\"https:\/\/hypnos.ee\/fi\/tuote\/poroloon-patjat-juno-70\/#primaryimage\",\"url\":\"https:\/\/hypnos.ee\/wp-content\/uploads\/2025\/03\/juno_f_1_590_1.jpg\",\"contentUrl\":\"https:\/\/hypnos.ee\/wp-content\/uploads\/2025\/03\/juno_f_1_590_1.jpg\",\"width\":590,\"height\":394},{\"@type\":\"BreadcrumbList\",\"@id\":\"https:\/\/hypnos.ee\/fi\/tuote\/poroloon-patjat-juno-70\/#breadcrumb\",\"itemListElement\":[{\"@type\":\"ListItem\",\"position\":1,\"name\":\"Home\",\"item\":\"https:\/\/hypnos.ee\/fi\/\"},{\"@type\":\"ListItem\",\"position\":2,\"name\":\"Tuotteet\",\"item\":\"https:\/\/hypnos.ee\/tooted\/\"},{\"@type\":\"ListItem\",\"position\":3,\"name\":\"Poroloon patjat Juno 70\"}]},{\"@type\":\"WebSite\",\"@id\":\"https:\/\/hypnos.ee\/fi\/#website\",\"url\":\"https:\/\/hypnos.ee\/fi\/\",\"name\":\"Hypnos\",\"description\":\"T\u00f5stame unekogemust\",\"publisher\":{\"@id\":\"https:\/\/hypnos.ee\/fi\/#organization\"},\"potentialAction\":[{\"@type\":\"SearchAction\",\"target\":{\"@type\":\"EntryPoint\",\"urlTemplate\":\"https:\/\/hypnos.ee\/fi\/?s={search_term_string}\"},\"query-input\":{\"@type\":\"PropertyValueSpecification\",\"valueRequired\":true,\"valueName\":\"search_term_string\"}}],\"inLanguage\":\"fi\"},{\"@type\":\"Organization\",\"@id\":\"https:\/\/hypnos.ee\/fi\/#organization\",\"name\":\"Hypnos\",\"url\":\"https:\/\/hypnos.ee\/fi\/\",\"logo\":{\"@type\":\"ImageObject\",\"inLanguage\":\"fi\",\"@id\":\"https:\/\/hypnos.ee\/fi\/#\/schema\/logo\/image\/\",\"url\":\"https:\/\/hypnos.ee\/wp-content\/uploads\/2025\/06\/cropped-Hypnos-fa.png\",\"contentUrl\":\"https:\/\/hypnos.ee\/wp-content\/uploads\/2025\/06\/cropped-Hypnos-fa.png\",\"width\":512,\"height\":512,\"caption\":\"Hypnos\"},\"image\":{\"@id\":\"https:\/\/hypnos.ee\/fi\/#\/schema\/logo\/image\/\"}}]}<\/script>\n<!-- \/ Yoast SEO Premium plugin. -->","yoast_head_json":{"title":"Poroloon patjat Juno 70 - Hypnos","robots":{"index":"index","follow":"follow","max-snippet":"max-snippet:-1","max-image-preview":"max-image-preview:large","max-video-preview":"max-video-preview:-1"},"canonical":"https:\/\/hypnos.ee\/fi\/tuote\/poroloon-patjat-juno-70\/","og_locale":"fi_FI","og_type":"article","og_title":"Poroloon patjat Juno 70","og_description":"Ilmava mukavuus. Juno 70 on kaksikerroksinen, vartaloa my\u00f6t\u00e4ilev\u00e4 untuvapeitto, joka sopii hyvin jopa 70 kg painaville nukkujille. Patjassa on profiloitu pinta, joka tukee parempaa ilmankiertoa ja kosteudenhallintaa ja auttaa pit\u00e4m\u00e4\u00e4n makuualueen kuivana ja raikkaana. Kaksipuolisen rakenteen ansiosta voit valita pehme\u00e4mm\u00e4n ja j\u00e4ykemm\u00e4n puolen. Patjapussi on valmistettu hengitt\u00e4v\u00e4st\u00e4 puuvillasekoitekankaasta, joka on tikattu tilavalla vanulla, ja se on pest\u00e4viss\u00e4 kolmepuolisten vetoketjujen ansiosta.","og_url":"https:\/\/hypnos.ee\/fi\/tuote\/poroloon-patjat-juno-70\/","og_site_name":"Hypnos","og_image":[{"width":590,"height":394,"url":"https:\/\/hypnos.ee\/wp-content\/uploads\/2025\/03\/juno_f_1_590_1.jpg","type":"image\/jpeg"}],"twitter_card":"summary_large_image","schema":{"@context":"https:\/\/schema.org","@graph":[{"@type":"WebPage","@id":"https:\/\/hypnos.ee\/fi\/tuote\/poroloon-patjat-juno-70\/","url":"https:\/\/hypnos.ee\/fi\/tuote\/poroloon-patjat-juno-70\/","name":"Poroloon patjat Juno 70 - Hypnos","isPartOf":{"@id":"https:\/\/hypnos.ee\/fi\/#website"},"primaryImageOfPage":{"@id":"https:\/\/hypnos.ee\/fi\/tuote\/poroloon-patjat-juno-70\/#primaryimage"},"image":{"@id":"https:\/\/hypnos.ee\/fi\/tuote\/poroloon-patjat-juno-70\/#primaryimage"},"thumbnailUrl":"https:\/\/hypnos.ee\/wp-content\/uploads\/2025\/03\/juno_f_1_590_1.jpg","datePublished":"2025-05-08T07:18:50+00:00","breadcrumb":{"@id":"https:\/\/hypnos.ee\/fi\/tuote\/poroloon-patjat-juno-70\/#breadcrumb"},"inLanguage":"fi","potentialAction":[{"@type":"ReadAction","target":["https:\/\/hypnos.ee\/fi\/tuote\/poroloon-patjat-juno-70\/"]}]},{"@type":"ImageObject","inLanguage":"fi","@id":"https:\/\/hypnos.ee\/fi\/tuote\/poroloon-patjat-juno-70\/#primaryimage","url":"https:\/\/hypnos.ee\/wp-content\/uploads\/2025\/03\/juno_f_1_590_1.jpg","contentUrl":"https:\/\/hypnos.ee\/wp-content\/uploads\/2025\/03\/juno_f_1_590_1.jpg","width":590,"height":394},{"@type":"BreadcrumbList","@id":"https:\/\/hypnos.ee\/fi\/tuote\/poroloon-patjat-juno-70\/#breadcrumb","itemListElement":[{"@type":"ListItem","position":1,"name":"Home","item":"https:\/\/hypnos.ee\/fi\/"},{"@type":"ListItem","position":2,"name":"Tuotteet","item":"https:\/\/hypnos.ee\/tooted\/"},{"@type":"ListItem","position":3,"name":"Poroloon patjat Juno 70"}]},{"@type":"WebSite","@id":"https:\/\/hypnos.ee\/fi\/#website","url":"https:\/\/hypnos.ee\/fi\/","name":"Hypnos","description":"T\u00f5stame unekogemust","publisher":{"@id":"https:\/\/hypnos.ee\/fi\/#organization"},"potentialAction":[{"@type":"SearchAction","target":{"@type":"EntryPoint","urlTemplate":"https:\/\/hypnos.ee\/fi\/?s={search_term_string}"},"query-input":{"@type":"PropertyValueSpecification","valueRequired":true,"valueName":"search_term_string"}}],"inLanguage":"fi"},{"@type":"Organization","@id":"https:\/\/hypnos.ee\/fi\/#organization","name":"Hypnos","url":"https:\/\/hypnos.ee\/fi\/","logo":{"@type":"ImageObject","inLanguage":"fi","@id":"https:\/\/hypnos.ee\/fi\/#\/schema\/logo\/image\/","url":"https:\/\/hypnos.ee\/wp-content\/uploads\/2025\/06\/cropped-Hypnos-fa.png","contentUrl":"https:\/\/hypnos.ee\/wp-content\/uploads\/2025\/06\/cropped-Hypnos-fa.png","width":512,"height":512,"caption":"Hypnos"},"image":{"@id":"https:\/\/hypnos.ee\/fi\/#\/schema\/logo\/image\/"}}]}},"_links":{"self":[{"href":"https:\/\/hypnos.ee\/fi\/wp-json\/wp\/v2\/product\/2417","targetHints":{"allow":["GET"]}}],"collection":[{"href":"https:\/\/hypnos.ee\/fi\/wp-json\/wp\/v2\/product"}],"about":[{"href":"https:\/\/hypnos.ee\/fi\/wp-json\/wp\/v2\/types\/product"}],"replies":[{"embeddable":true,"href":"https:\/\/hypnos.ee\/fi\/wp-json\/wp\/v2\/comments?post=2417"}],"wp:featuredmedia":[{"embeddable":true,"href":"https:\/\/hypnos.ee\/fi\/wp-json\/wp\/v2\/media\/2418"}],"wp:attachment":[{"href":"https:\/\/hypnos.ee\/fi\/wp-json\/wp\/v2\/media?parent=2417"}],"wp:term":[{"taxonomy":"product_brand","embeddable":true,"href":"https:\/\/hypnos.ee\/fi\/wp-json\/wp\/v2\/product_brand?post=2417"},{"taxonomy":"product_cat","embeddable":true,"href":"https:\/\/hypnos.ee\/fi\/wp-json\/wp\/v2\/product_cat?post=2417"},{"taxonomy":"product_tag","embeddable":true,"href":"https:\/\/hypnos.ee\/fi\/wp-json\/wp\/v2\/product_tag?post=2417"}],"curies":[{"name":"wp","href":"https:\/\/api.w.org\/{rel}","templated":true}]}}