{"id":2399,"date":"2025-05-08T10:30:08","date_gmt":"2025-05-08T07:30:08","guid":{"rendered":"https:\/\/hypnos.ee\/toode\/lasten-aitiys-hopp\/"},"modified":"2025-05-08T10:30:08","modified_gmt":"2025-05-08T07:30:08","slug":"lasten-aitiys-hopp","status":"publish","type":"product","link":"https:\/\/hypnos.ee\/fi\/tuote\/lasten-aitiys-hopp\/","title":{"rendered":"Lasten \u00e4itiys HOPP"},"content":{"rendered":"","protected":false},"excerpt":{"rendered":"<p data-key=\"Mt2oj\" data-pm-slice=\"1 1 []\"><strong>Lasten \u00e4itiys HOPP<\/strong><\/p>\n<p data-key=\"2ksYt\"><strong>Turvallinen tuki, joka kasvaa lapsesi mukana.<\/strong><\/p>\n<p data-key=\"eSW6l\">HOPP on kest\u00e4v\u00e4 ja pehme\u00e4 untuvapatja, joka sopii erinomaisesti <strong>lasten s\u00e4nkyyn, pinnas\u00e4nkyyn ja jopa vaihtop\u00f6yd\u00e4lle<\/strong>.<br \/>\nSe on valmistettu 8-10 cm paksusta untuvasta (25 kg\/m\u00b3), johon on lis\u00e4tty <strong>tilavuutta<\/strong> ja mukavuutta lis\u00e4\u00e4v\u00e4 <strong>vanu<\/strong>. Patjan p\u00e4\u00e4llinen on 100 % puuvillaa ja t\u00e4ytt\u00e4\u00e4 \u00d6ko-TEX 100 -standardin &#8211; turvallinen, hengitt\u00e4v\u00e4 ja <strong>hell\u00e4varainen my\u00f6s herk\u00e4lle iholle<\/strong>.<br \/>\nP\u00e4\u00e4llinen on <strong>helposti irrotettavissa ja pest\u00e4viss\u00e4<\/strong> (hell\u00e4varainen pesu 40 \u00b0C:ssa), jotta patja pysyy raikkaana jokaista y\u00f6unta varten. <\/p>\n","protected":false},"featured_media":2400,"comment_status":"closed","ping_status":"closed","template":"","meta":{"_acf_changed":false},"product_brand":[],"product_cat":[91],"product_tag":[],"class_list":{"0":"post-2399","1":"product","2":"type-product","3":"status-publish","4":"has-post-thumbnail","6":"product_cat-lapsille-ja-nuorille-tarkoitetut-tuotteet","8":"first","9":"instock","10":"shipping-taxable","11":"product-type-simple"},"acf":[],"yoast_head":"<!-- This site is optimized with the Yoast SEO Premium plugin v26.0 (Yoast SEO v26.0) - https:\/\/yoast.com\/wordpress\/plugins\/seo\/ -->\n<title>Lasten \u00e4itiys HOPP - Hypnos<\/title>\n<meta name=\"robots\" content=\"index, follow, max-snippet:-1, max-image-preview:large, max-video-preview:-1\" \/>\n<link rel=\"canonical\" href=\"https:\/\/hypnos.ee\/fi\/tuote\/lasten-aitiys-hopp\/\" \/>\n<meta property=\"og:locale\" content=\"fi_FI\" \/>\n<meta property=\"og:type\" content=\"article\" \/>\n<meta property=\"og:title\" content=\"Lasten \u00e4itiys HOPP\" \/>\n<meta property=\"og:description\" content=\"Lasten \u00e4itiys HOPP Turvallinen tuki, joka kasvaa lapsesi mukana. HOPP on kest\u00e4v\u00e4 ja pehme\u00e4 untuvapatja, joka sopii erinomaisesti lasten s\u00e4nkyyn, pinnas\u00e4nkyyn ja jopa vaihtop\u00f6yd\u00e4lle. Se on valmistettu 8-10 cm paksusta untuvasta (25 kg\/m\u00b3), johon on lis\u00e4tty tilavuutta ja mukavuutta lis\u00e4\u00e4v\u00e4 vanu. Patjan p\u00e4\u00e4llinen on 100 % puuvillaa ja t\u00e4ytt\u00e4\u00e4 \u00d6ko-TEX 100 -standardin - turvallinen, hengitt\u00e4v\u00e4 ja hell\u00e4varainen my\u00f6s herk\u00e4lle iholle. P\u00e4\u00e4llinen on helposti irrotettavissa ja pest\u00e4viss\u00e4 (hell\u00e4varainen pesu 40 \u00b0C:ssa), jotta patja pysyy raikkaana jokaista y\u00f6unta varten.\" \/>\n<meta property=\"og:url\" content=\"https:\/\/hypnos.ee\/fi\/tuote\/lasten-aitiys-hopp\/\" \/>\n<meta property=\"og:site_name\" content=\"Hypnos\" \/>\n<meta property=\"og:image\" content=\"https:\/\/hypnos.ee\/wp-content\/uploads\/2025\/03\/beebimadrats_f_1_590_1.jpg\" \/>\n\t<meta property=\"og:image:width\" content=\"590\" \/>\n\t<meta property=\"og:image:height\" content=\"335\" \/>\n\t<meta property=\"og:image:type\" content=\"image\/jpeg\" \/>\n<meta name=\"twitter:card\" content=\"summary_large_image\" \/>\n<script type=\"application\/ld+json\" class=\"yoast-schema-graph\">{\"@context\":\"https:\/\/schema.org\",\"@graph\":[{\"@type\":\"WebPage\",\"@id\":\"https:\/\/hypnos.ee\/fi\/tuote\/lasten-aitiys-hopp\/\",\"url\":\"https:\/\/hypnos.ee\/fi\/tuote\/lasten-aitiys-hopp\/\",\"name\":\"Lasten \u00e4itiys HOPP - Hypnos\",\"isPartOf\":{\"@id\":\"https:\/\/hypnos.ee\/fi\/#website\"},\"primaryImageOfPage\":{\"@id\":\"https:\/\/hypnos.ee\/fi\/tuote\/lasten-aitiys-hopp\/#primaryimage\"},\"image\":{\"@id\":\"https:\/\/hypnos.ee\/fi\/tuote\/lasten-aitiys-hopp\/#primaryimage\"},\"thumbnailUrl\":\"https:\/\/hypnos.ee\/wp-content\/uploads\/2025\/03\/beebimadrats_f_1_590_1.jpg\",\"datePublished\":\"2025-05-08T07:30:08+00:00\",\"breadcrumb\":{\"@id\":\"https:\/\/hypnos.ee\/fi\/tuote\/lasten-aitiys-hopp\/#breadcrumb\"},\"inLanguage\":\"fi\",\"potentialAction\":[{\"@type\":\"ReadAction\",\"target\":[\"https:\/\/hypnos.ee\/fi\/tuote\/lasten-aitiys-hopp\/\"]}]},{\"@type\":\"ImageObject\",\"inLanguage\":\"fi\",\"@id\":\"https:\/\/hypnos.ee\/fi\/tuote\/lasten-aitiys-hopp\/#primaryimage\",\"url\":\"https:\/\/hypnos.ee\/wp-content\/uploads\/2025\/03\/beebimadrats_f_1_590_1.jpg\",\"contentUrl\":\"https:\/\/hypnos.ee\/wp-content\/uploads\/2025\/03\/beebimadrats_f_1_590_1.jpg\",\"width\":590,\"height\":335},{\"@type\":\"BreadcrumbList\",\"@id\":\"https:\/\/hypnos.ee\/fi\/tuote\/lasten-aitiys-hopp\/#breadcrumb\",\"itemListElement\":[{\"@type\":\"ListItem\",\"position\":1,\"name\":\"Home\",\"item\":\"https:\/\/hypnos.ee\/fi\/\"},{\"@type\":\"ListItem\",\"position\":2,\"name\":\"Tuotteet\",\"item\":\"https:\/\/hypnos.ee\/tooted\/\"},{\"@type\":\"ListItem\",\"position\":3,\"name\":\"Lasten \u00e4itiys HOPP\"}]},{\"@type\":\"WebSite\",\"@id\":\"https:\/\/hypnos.ee\/fi\/#website\",\"url\":\"https:\/\/hypnos.ee\/fi\/\",\"name\":\"Hypnos\",\"description\":\"T\u00f5stame unekogemust\",\"publisher\":{\"@id\":\"https:\/\/hypnos.ee\/fi\/#organization\"},\"potentialAction\":[{\"@type\":\"SearchAction\",\"target\":{\"@type\":\"EntryPoint\",\"urlTemplate\":\"https:\/\/hypnos.ee\/fi\/?s={search_term_string}\"},\"query-input\":{\"@type\":\"PropertyValueSpecification\",\"valueRequired\":true,\"valueName\":\"search_term_string\"}}],\"inLanguage\":\"fi\"},{\"@type\":\"Organization\",\"@id\":\"https:\/\/hypnos.ee\/fi\/#organization\",\"name\":\"Hypnos\",\"url\":\"https:\/\/hypnos.ee\/fi\/\",\"logo\":{\"@type\":\"ImageObject\",\"inLanguage\":\"fi\",\"@id\":\"https:\/\/hypnos.ee\/fi\/#\/schema\/logo\/image\/\",\"url\":\"https:\/\/hypnos.ee\/wp-content\/uploads\/2025\/06\/cropped-Hypnos-fa.png\",\"contentUrl\":\"https:\/\/hypnos.ee\/wp-content\/uploads\/2025\/06\/cropped-Hypnos-fa.png\",\"width\":512,\"height\":512,\"caption\":\"Hypnos\"},\"image\":{\"@id\":\"https:\/\/hypnos.ee\/fi\/#\/schema\/logo\/image\/\"}}]}<\/script>\n<!-- \/ Yoast SEO Premium plugin. -->","yoast_head_json":{"title":"Lasten \u00e4itiys HOPP - Hypnos","robots":{"index":"index","follow":"follow","max-snippet":"max-snippet:-1","max-image-preview":"max-image-preview:large","max-video-preview":"max-video-preview:-1"},"canonical":"https:\/\/hypnos.ee\/fi\/tuote\/lasten-aitiys-hopp\/","og_locale":"fi_FI","og_type":"article","og_title":"Lasten \u00e4itiys HOPP","og_description":"Lasten \u00e4itiys HOPP Turvallinen tuki, joka kasvaa lapsesi mukana. HOPP on kest\u00e4v\u00e4 ja pehme\u00e4 untuvapatja, joka sopii erinomaisesti lasten s\u00e4nkyyn, pinnas\u00e4nkyyn ja jopa vaihtop\u00f6yd\u00e4lle. Se on valmistettu 8-10 cm paksusta untuvasta (25 kg\/m\u00b3), johon on lis\u00e4tty tilavuutta ja mukavuutta lis\u00e4\u00e4v\u00e4 vanu. Patjan p\u00e4\u00e4llinen on 100 % puuvillaa ja t\u00e4ytt\u00e4\u00e4 \u00d6ko-TEX 100 -standardin - turvallinen, hengitt\u00e4v\u00e4 ja hell\u00e4varainen my\u00f6s herk\u00e4lle iholle. P\u00e4\u00e4llinen on helposti irrotettavissa ja pest\u00e4viss\u00e4 (hell\u00e4varainen pesu 40 \u00b0C:ssa), jotta patja pysyy raikkaana jokaista y\u00f6unta varten.","og_url":"https:\/\/hypnos.ee\/fi\/tuote\/lasten-aitiys-hopp\/","og_site_name":"Hypnos","og_image":[{"width":590,"height":335,"url":"https:\/\/hypnos.ee\/wp-content\/uploads\/2025\/03\/beebimadrats_f_1_590_1.jpg","type":"image\/jpeg"}],"twitter_card":"summary_large_image","schema":{"@context":"https:\/\/schema.org","@graph":[{"@type":"WebPage","@id":"https:\/\/hypnos.ee\/fi\/tuote\/lasten-aitiys-hopp\/","url":"https:\/\/hypnos.ee\/fi\/tuote\/lasten-aitiys-hopp\/","name":"Lasten \u00e4itiys HOPP - Hypnos","isPartOf":{"@id":"https:\/\/hypnos.ee\/fi\/#website"},"primaryImageOfPage":{"@id":"https:\/\/hypnos.ee\/fi\/tuote\/lasten-aitiys-hopp\/#primaryimage"},"image":{"@id":"https:\/\/hypnos.ee\/fi\/tuote\/lasten-aitiys-hopp\/#primaryimage"},"thumbnailUrl":"https:\/\/hypnos.ee\/wp-content\/uploads\/2025\/03\/beebimadrats_f_1_590_1.jpg","datePublished":"2025-05-08T07:30:08+00:00","breadcrumb":{"@id":"https:\/\/hypnos.ee\/fi\/tuote\/lasten-aitiys-hopp\/#breadcrumb"},"inLanguage":"fi","potentialAction":[{"@type":"ReadAction","target":["https:\/\/hypnos.ee\/fi\/tuote\/lasten-aitiys-hopp\/"]}]},{"@type":"ImageObject","inLanguage":"fi","@id":"https:\/\/hypnos.ee\/fi\/tuote\/lasten-aitiys-hopp\/#primaryimage","url":"https:\/\/hypnos.ee\/wp-content\/uploads\/2025\/03\/beebimadrats_f_1_590_1.jpg","contentUrl":"https:\/\/hypnos.ee\/wp-content\/uploads\/2025\/03\/beebimadrats_f_1_590_1.jpg","width":590,"height":335},{"@type":"BreadcrumbList","@id":"https:\/\/hypnos.ee\/fi\/tuote\/lasten-aitiys-hopp\/#breadcrumb","itemListElement":[{"@type":"ListItem","position":1,"name":"Home","item":"https:\/\/hypnos.ee\/fi\/"},{"@type":"ListItem","position":2,"name":"Tuotteet","item":"https:\/\/hypnos.ee\/tooted\/"},{"@type":"ListItem","position":3,"name":"Lasten \u00e4itiys HOPP"}]},{"@type":"WebSite","@id":"https:\/\/hypnos.ee\/fi\/#website","url":"https:\/\/hypnos.ee\/fi\/","name":"Hypnos","description":"T\u00f5stame unekogemust","publisher":{"@id":"https:\/\/hypnos.ee\/fi\/#organization"},"potentialAction":[{"@type":"SearchAction","target":{"@type":"EntryPoint","urlTemplate":"https:\/\/hypnos.ee\/fi\/?s={search_term_string}"},"query-input":{"@type":"PropertyValueSpecification","valueRequired":true,"valueName":"search_term_string"}}],"inLanguage":"fi"},{"@type":"Organization","@id":"https:\/\/hypnos.ee\/fi\/#organization","name":"Hypnos","url":"https:\/\/hypnos.ee\/fi\/","logo":{"@type":"ImageObject","inLanguage":"fi","@id":"https:\/\/hypnos.ee\/fi\/#\/schema\/logo\/image\/","url":"https:\/\/hypnos.ee\/wp-content\/uploads\/2025\/06\/cropped-Hypnos-fa.png","contentUrl":"https:\/\/hypnos.ee\/wp-content\/uploads\/2025\/06\/cropped-Hypnos-fa.png","width":512,"height":512,"caption":"Hypnos"},"image":{"@id":"https:\/\/hypnos.ee\/fi\/#\/schema\/logo\/image\/"}}]}},"_links":{"self":[{"href":"https:\/\/hypnos.ee\/fi\/wp-json\/wp\/v2\/product\/2399","targetHints":{"allow":["GET"]}}],"collection":[{"href":"https:\/\/hypnos.ee\/fi\/wp-json\/wp\/v2\/product"}],"about":[{"href":"https:\/\/hypnos.ee\/fi\/wp-json\/wp\/v2\/types\/product"}],"replies":[{"embeddable":true,"href":"https:\/\/hypnos.ee\/fi\/wp-json\/wp\/v2\/comments?post=2399"}],"wp:featuredmedia":[{"embeddable":true,"href":"https:\/\/hypnos.ee\/fi\/wp-json\/wp\/v2\/media\/2400"}],"wp:attachment":[{"href":"https:\/\/hypnos.ee\/fi\/wp-json\/wp\/v2\/media?parent=2399"}],"wp:term":[{"taxonomy":"product_brand","embeddable":true,"href":"https:\/\/hypnos.ee\/fi\/wp-json\/wp\/v2\/product_brand?post=2399"},{"taxonomy":"product_cat","embeddable":true,"href":"https:\/\/hypnos.ee\/fi\/wp-json\/wp\/v2\/product_cat?post=2399"},{"taxonomy":"product_tag","embeddable":true,"href":"https:\/\/hypnos.ee\/fi\/wp-json\/wp\/v2\/product_tag?post=2399"}],"curies":[{"name":"wp","href":"https:\/\/api.w.org\/{rel}","templated":true}]}}