{"id":2397,"date":"2025-05-08T10:27:13","date_gmt":"2025-05-08T07:27:13","guid":{"rendered":"https:\/\/hypnos.ee\/toode\/vesta-coconut-jousipatja\/"},"modified":"2025-05-08T10:27:13","modified_gmt":"2025-05-08T07:27:13","slug":"vesta-coconut-jousipatja","status":"publish","type":"product","link":"https:\/\/hypnos.ee\/fi\/tuote\/vesta-coconut-jousipatja\/","title":{"rendered":"Vesta Coconut jousipatja"},"content":{"rendered":"","protected":false},"excerpt":{"rendered":"<p data-key=\"jNw7E\"><strong>Vahvemmat kerrokset takaavat levollisemman unen.<\/strong><\/p>\n<p data-key=\"UQ5nq\">Vesta Coconut on samettisen pehme\u00e4, mutta niille, jotka haluavat kiinte\u00e4mm\u00e4n pinnan. Mini-bonnell-ripustus antaa patjalle sen tarvitseman joustavuuden, kun taas kookospatja lis\u00e4\u00e4 lujuutta ja muotoa. Pehmustavan porolonin ja puuvillan yhdistelm\u00e4 luo tasapainon lujuuden ja mukavuuden v\u00e4lille. Bambuviskoosipatjan p\u00e4\u00e4llinen on <strong>k\u00e4sitelty<\/strong> hypoallergeenisell\u00e4 <strong>Ultraphil\u00ae-levyll\u00e4<\/strong>, ja se voidaan pest\u00e4 koneessa (hell\u00e4varainen 40 \u00b0C).<\/p>\n","protected":false},"featured_media":2398,"comment_status":"closed","ping_status":"closed","template":"","meta":{"_acf_changed":false},"product_brand":[],"product_cat":[91],"product_tag":[],"class_list":{"0":"post-2397","1":"product","2":"type-product","3":"status-publish","4":"has-post-thumbnail","6":"product_cat-lapsille-ja-nuorille-tarkoitetut-tuotteet","8":"first","9":"instock","10":"shipping-taxable","11":"product-type-simple"},"acf":[],"yoast_head":"<!-- This site is optimized with the Yoast SEO Premium plugin v26.0 (Yoast SEO v26.0) - https:\/\/yoast.com\/wordpress\/plugins\/seo\/ -->\n<title>Vesta Coconut jousipatja - Hypnos<\/title>\n<meta name=\"robots\" content=\"index, follow, max-snippet:-1, max-image-preview:large, max-video-preview:-1\" \/>\n<link rel=\"canonical\" href=\"https:\/\/hypnos.ee\/fi\/tuote\/vesta-coconut-jousipatja\/\" \/>\n<meta property=\"og:locale\" content=\"fi_FI\" \/>\n<meta property=\"og:type\" content=\"article\" \/>\n<meta property=\"og:title\" content=\"Vesta Coconut jousipatja\" \/>\n<meta property=\"og:description\" content=\"Vahvemmat kerrokset takaavat levollisemman unen. Vesta Coconut on samettisen pehme\u00e4, mutta niille, jotka haluavat kiinte\u00e4mm\u00e4n pinnan. Mini-bonnell-ripustus antaa patjalle sen tarvitseman joustavuuden, kun taas kookospatja lis\u00e4\u00e4 lujuutta ja muotoa. Pehmustavan porolonin ja puuvillan yhdistelm\u00e4 luo tasapainon lujuuden ja mukavuuden v\u00e4lille. Bambuviskoosipatjan p\u00e4\u00e4llinen on k\u00e4sitelty hypoallergeenisell\u00e4 Ultraphil\u00ae-levyll\u00e4, ja se voidaan pest\u00e4 koneessa (hell\u00e4varainen 40 \u00b0C).\" \/>\n<meta property=\"og:url\" content=\"https:\/\/hypnos.ee\/fi\/tuote\/vesta-coconut-jousipatja\/\" \/>\n<meta property=\"og:site_name\" content=\"Hypnos\" \/>\n<meta property=\"og:image\" content=\"https:\/\/hypnos.ee\/wp-content\/uploads\/2025\/03\/beebi-lux_f_1_590_1.jpg\" \/>\n\t<meta property=\"og:image:width\" content=\"590\" \/>\n\t<meta property=\"og:image:height\" content=\"394\" \/>\n\t<meta property=\"og:image:type\" content=\"image\/jpeg\" \/>\n<meta name=\"twitter:card\" content=\"summary_large_image\" \/>\n<script type=\"application\/ld+json\" class=\"yoast-schema-graph\">{\"@context\":\"https:\/\/schema.org\",\"@graph\":[{\"@type\":\"WebPage\",\"@id\":\"https:\/\/hypnos.ee\/fi\/tuote\/vesta-coconut-jousipatja\/\",\"url\":\"https:\/\/hypnos.ee\/fi\/tuote\/vesta-coconut-jousipatja\/\",\"name\":\"Vesta Coconut jousipatja - Hypnos\",\"isPartOf\":{\"@id\":\"https:\/\/hypnos.ee\/fi\/#website\"},\"primaryImageOfPage\":{\"@id\":\"https:\/\/hypnos.ee\/fi\/tuote\/vesta-coconut-jousipatja\/#primaryimage\"},\"image\":{\"@id\":\"https:\/\/hypnos.ee\/fi\/tuote\/vesta-coconut-jousipatja\/#primaryimage\"},\"thumbnailUrl\":\"https:\/\/hypnos.ee\/wp-content\/uploads\/2025\/03\/beebi-lux_f_1_590_1.jpg\",\"datePublished\":\"2025-05-08T07:27:13+00:00\",\"breadcrumb\":{\"@id\":\"https:\/\/hypnos.ee\/fi\/tuote\/vesta-coconut-jousipatja\/#breadcrumb\"},\"inLanguage\":\"fi\",\"potentialAction\":[{\"@type\":\"ReadAction\",\"target\":[\"https:\/\/hypnos.ee\/fi\/tuote\/vesta-coconut-jousipatja\/\"]}]},{\"@type\":\"ImageObject\",\"inLanguage\":\"fi\",\"@id\":\"https:\/\/hypnos.ee\/fi\/tuote\/vesta-coconut-jousipatja\/#primaryimage\",\"url\":\"https:\/\/hypnos.ee\/wp-content\/uploads\/2025\/03\/beebi-lux_f_1_590_1.jpg\",\"contentUrl\":\"https:\/\/hypnos.ee\/wp-content\/uploads\/2025\/03\/beebi-lux_f_1_590_1.jpg\",\"width\":590,\"height\":394},{\"@type\":\"BreadcrumbList\",\"@id\":\"https:\/\/hypnos.ee\/fi\/tuote\/vesta-coconut-jousipatja\/#breadcrumb\",\"itemListElement\":[{\"@type\":\"ListItem\",\"position\":1,\"name\":\"Home\",\"item\":\"https:\/\/hypnos.ee\/fi\/\"},{\"@type\":\"ListItem\",\"position\":2,\"name\":\"Tuotteet\",\"item\":\"https:\/\/hypnos.ee\/tooted\/\"},{\"@type\":\"ListItem\",\"position\":3,\"name\":\"Vesta Coconut jousipatja\"}]},{\"@type\":\"WebSite\",\"@id\":\"https:\/\/hypnos.ee\/fi\/#website\",\"url\":\"https:\/\/hypnos.ee\/fi\/\",\"name\":\"Hypnos\",\"description\":\"T\u00f5stame unekogemust\",\"publisher\":{\"@id\":\"https:\/\/hypnos.ee\/fi\/#organization\"},\"potentialAction\":[{\"@type\":\"SearchAction\",\"target\":{\"@type\":\"EntryPoint\",\"urlTemplate\":\"https:\/\/hypnos.ee\/fi\/?s={search_term_string}\"},\"query-input\":{\"@type\":\"PropertyValueSpecification\",\"valueRequired\":true,\"valueName\":\"search_term_string\"}}],\"inLanguage\":\"fi\"},{\"@type\":\"Organization\",\"@id\":\"https:\/\/hypnos.ee\/fi\/#organization\",\"name\":\"Hypnos\",\"url\":\"https:\/\/hypnos.ee\/fi\/\",\"logo\":{\"@type\":\"ImageObject\",\"inLanguage\":\"fi\",\"@id\":\"https:\/\/hypnos.ee\/fi\/#\/schema\/logo\/image\/\",\"url\":\"https:\/\/hypnos.ee\/wp-content\/uploads\/2025\/06\/cropped-Hypnos-fa.png\",\"contentUrl\":\"https:\/\/hypnos.ee\/wp-content\/uploads\/2025\/06\/cropped-Hypnos-fa.png\",\"width\":512,\"height\":512,\"caption\":\"Hypnos\"},\"image\":{\"@id\":\"https:\/\/hypnos.ee\/fi\/#\/schema\/logo\/image\/\"}}]}<\/script>\n<!-- \/ Yoast SEO Premium plugin. -->","yoast_head_json":{"title":"Vesta Coconut jousipatja - Hypnos","robots":{"index":"index","follow":"follow","max-snippet":"max-snippet:-1","max-image-preview":"max-image-preview:large","max-video-preview":"max-video-preview:-1"},"canonical":"https:\/\/hypnos.ee\/fi\/tuote\/vesta-coconut-jousipatja\/","og_locale":"fi_FI","og_type":"article","og_title":"Vesta Coconut jousipatja","og_description":"Vahvemmat kerrokset takaavat levollisemman unen. Vesta Coconut on samettisen pehme\u00e4, mutta niille, jotka haluavat kiinte\u00e4mm\u00e4n pinnan. Mini-bonnell-ripustus antaa patjalle sen tarvitseman joustavuuden, kun taas kookospatja lis\u00e4\u00e4 lujuutta ja muotoa. Pehmustavan porolonin ja puuvillan yhdistelm\u00e4 luo tasapainon lujuuden ja mukavuuden v\u00e4lille. Bambuviskoosipatjan p\u00e4\u00e4llinen on k\u00e4sitelty hypoallergeenisell\u00e4 Ultraphil\u00ae-levyll\u00e4, ja se voidaan pest\u00e4 koneessa (hell\u00e4varainen 40 \u00b0C).","og_url":"https:\/\/hypnos.ee\/fi\/tuote\/vesta-coconut-jousipatja\/","og_site_name":"Hypnos","og_image":[{"width":590,"height":394,"url":"https:\/\/hypnos.ee\/wp-content\/uploads\/2025\/03\/beebi-lux_f_1_590_1.jpg","type":"image\/jpeg"}],"twitter_card":"summary_large_image","schema":{"@context":"https:\/\/schema.org","@graph":[{"@type":"WebPage","@id":"https:\/\/hypnos.ee\/fi\/tuote\/vesta-coconut-jousipatja\/","url":"https:\/\/hypnos.ee\/fi\/tuote\/vesta-coconut-jousipatja\/","name":"Vesta Coconut jousipatja - Hypnos","isPartOf":{"@id":"https:\/\/hypnos.ee\/fi\/#website"},"primaryImageOfPage":{"@id":"https:\/\/hypnos.ee\/fi\/tuote\/vesta-coconut-jousipatja\/#primaryimage"},"image":{"@id":"https:\/\/hypnos.ee\/fi\/tuote\/vesta-coconut-jousipatja\/#primaryimage"},"thumbnailUrl":"https:\/\/hypnos.ee\/wp-content\/uploads\/2025\/03\/beebi-lux_f_1_590_1.jpg","datePublished":"2025-05-08T07:27:13+00:00","breadcrumb":{"@id":"https:\/\/hypnos.ee\/fi\/tuote\/vesta-coconut-jousipatja\/#breadcrumb"},"inLanguage":"fi","potentialAction":[{"@type":"ReadAction","target":["https:\/\/hypnos.ee\/fi\/tuote\/vesta-coconut-jousipatja\/"]}]},{"@type":"ImageObject","inLanguage":"fi","@id":"https:\/\/hypnos.ee\/fi\/tuote\/vesta-coconut-jousipatja\/#primaryimage","url":"https:\/\/hypnos.ee\/wp-content\/uploads\/2025\/03\/beebi-lux_f_1_590_1.jpg","contentUrl":"https:\/\/hypnos.ee\/wp-content\/uploads\/2025\/03\/beebi-lux_f_1_590_1.jpg","width":590,"height":394},{"@type":"BreadcrumbList","@id":"https:\/\/hypnos.ee\/fi\/tuote\/vesta-coconut-jousipatja\/#breadcrumb","itemListElement":[{"@type":"ListItem","position":1,"name":"Home","item":"https:\/\/hypnos.ee\/fi\/"},{"@type":"ListItem","position":2,"name":"Tuotteet","item":"https:\/\/hypnos.ee\/tooted\/"},{"@type":"ListItem","position":3,"name":"Vesta Coconut jousipatja"}]},{"@type":"WebSite","@id":"https:\/\/hypnos.ee\/fi\/#website","url":"https:\/\/hypnos.ee\/fi\/","name":"Hypnos","description":"T\u00f5stame unekogemust","publisher":{"@id":"https:\/\/hypnos.ee\/fi\/#organization"},"potentialAction":[{"@type":"SearchAction","target":{"@type":"EntryPoint","urlTemplate":"https:\/\/hypnos.ee\/fi\/?s={search_term_string}"},"query-input":{"@type":"PropertyValueSpecification","valueRequired":true,"valueName":"search_term_string"}}],"inLanguage":"fi"},{"@type":"Organization","@id":"https:\/\/hypnos.ee\/fi\/#organization","name":"Hypnos","url":"https:\/\/hypnos.ee\/fi\/","logo":{"@type":"ImageObject","inLanguage":"fi","@id":"https:\/\/hypnos.ee\/fi\/#\/schema\/logo\/image\/","url":"https:\/\/hypnos.ee\/wp-content\/uploads\/2025\/06\/cropped-Hypnos-fa.png","contentUrl":"https:\/\/hypnos.ee\/wp-content\/uploads\/2025\/06\/cropped-Hypnos-fa.png","width":512,"height":512,"caption":"Hypnos"},"image":{"@id":"https:\/\/hypnos.ee\/fi\/#\/schema\/logo\/image\/"}}]}},"_links":{"self":[{"href":"https:\/\/hypnos.ee\/fi\/wp-json\/wp\/v2\/product\/2397","targetHints":{"allow":["GET"]}}],"collection":[{"href":"https:\/\/hypnos.ee\/fi\/wp-json\/wp\/v2\/product"}],"about":[{"href":"https:\/\/hypnos.ee\/fi\/wp-json\/wp\/v2\/types\/product"}],"replies":[{"embeddable":true,"href":"https:\/\/hypnos.ee\/fi\/wp-json\/wp\/v2\/comments?post=2397"}],"wp:featuredmedia":[{"embeddable":true,"href":"https:\/\/hypnos.ee\/fi\/wp-json\/wp\/v2\/media\/2398"}],"wp:attachment":[{"href":"https:\/\/hypnos.ee\/fi\/wp-json\/wp\/v2\/media?parent=2397"}],"wp:term":[{"taxonomy":"product_brand","embeddable":true,"href":"https:\/\/hypnos.ee\/fi\/wp-json\/wp\/v2\/product_brand?post=2397"},{"taxonomy":"product_cat","embeddable":true,"href":"https:\/\/hypnos.ee\/fi\/wp-json\/wp\/v2\/product_cat?post=2397"},{"taxonomy":"product_tag","embeddable":true,"href":"https:\/\/hypnos.ee\/fi\/wp-json\/wp\/v2\/product_tag?post=2397"}],"curies":[{"name":"wp","href":"https:\/\/api.w.org\/{rel}","templated":true}]}}