{"id":2316,"date":"2025-03-25T10:53:54","date_gmt":"2025-03-25T08:53:54","guid":{"rendered":"https:\/\/hypnos.ee\/toode\/jousipatja-theia-plus\/"},"modified":"2025-03-25T10:53:54","modified_gmt":"2025-03-25T08:53:54","slug":"jousipatja-theia-plus","status":"publish","type":"product","link":"https:\/\/hypnos.ee\/fi\/tuote\/jousipatja-theia-plus\/","title":{"rendered":"Jousipatja Theia PLUS"},"content":{"rendered":"","protected":false},"excerpt":{"rendered":"<p data-key=\"wPQEp\"><strong>Kookosp\u00e4hkin\u00e4n vahvuus ja taskujousien mukavuus.<\/strong><\/p>\n<p data-key=\"uSwCk\">Theia PLUS on kaksipuolinen taskujousitettu patja, jonka toisella puolella on kaksi kookosp\u00e4hkin\u00e4kerrosta ja toisella puolella joustava ja tukeva HR-porolone. Molemmat puolet on vuorattu puuvillalla, joka auttaa pit\u00e4m\u00e4\u00e4n kehon l\u00e4mp\u00f6tilan vakaana ja varmistaa luonnollisen ilmankierron. <\/p>\n<p data-key=\"D9IX1\">Jos etsit kiinte\u00e4\u00e4 mutta mukavaa patjaa, joka tarjoaa oikean tuen kehollesi ja kest\u00e4\u00e4 pitk\u00e4\u00e4n, Theia PLUS on erinomainen valinta.<\/p>\n","protected":false},"featured_media":2266,"comment_status":"closed","ping_status":"closed","template":"","meta":{"_acf_changed":false},"product_brand":[],"product_cat":[114],"product_tag":[],"class_list":{"0":"post-2316","1":"product","2":"type-product","3":"status-publish","4":"has-post-thumbnail","6":"product_cat-joustinpatjat","8":"first","9":"instock","10":"shipping-taxable","11":"product-type-simple"},"acf":[],"yoast_head":"<!-- This site is optimized with the Yoast SEO Premium plugin v26.0 (Yoast SEO v26.0) - https:\/\/yoast.com\/wordpress\/plugins\/seo\/ -->\n<title>Jousipatja Theia PLUS - Hypnos<\/title>\n<meta name=\"robots\" content=\"index, follow, max-snippet:-1, max-image-preview:large, max-video-preview:-1\" \/>\n<link rel=\"canonical\" href=\"https:\/\/hypnos.ee\/fi\/tuote\/jousipatja-theia-plus\/\" \/>\n<meta property=\"og:locale\" content=\"fi_FI\" \/>\n<meta property=\"og:type\" content=\"article\" \/>\n<meta property=\"og:title\" content=\"Jousipatja Theia PLUS\" \/>\n<meta property=\"og:description\" content=\"Kookosp\u00e4hkin\u00e4n vahvuus ja taskujousien mukavuus. Theia PLUS on kaksipuolinen taskujousitettu patja, jonka toisella puolella on kaksi kookosp\u00e4hkin\u00e4kerrosta ja toisella puolella joustava ja tukeva HR-porolone. Molemmat puolet on vuorattu puuvillalla, joka auttaa pit\u00e4m\u00e4\u00e4n kehon l\u00e4mp\u00f6tilan vakaana ja varmistaa luonnollisen ilmankierron. Jos etsit kiinte\u00e4\u00e4 mutta mukavaa patjaa, joka tarjoaa oikean tuen kehollesi ja kest\u00e4\u00e4 pitk\u00e4\u00e4n, Theia PLUS on erinomainen valinta.\" \/>\n<meta property=\"og:url\" content=\"https:\/\/hypnos.ee\/fi\/tuote\/jousipatja-theia-plus\/\" \/>\n<meta property=\"og:site_name\" content=\"Hypnos\" \/>\n<meta property=\"og:image\" content=\"https:\/\/hypnos.ee\/wp-content\/uploads\/2025\/03\/Theia-madrats-3_f_1_590_1.jpg\" \/>\n\t<meta property=\"og:image:width\" content=\"590\" \/>\n\t<meta property=\"og:image:height\" content=\"394\" \/>\n\t<meta property=\"og:image:type\" content=\"image\/jpeg\" \/>\n<meta name=\"twitter:card\" content=\"summary_large_image\" \/>\n<script type=\"application\/ld+json\" class=\"yoast-schema-graph\">{\"@context\":\"https:\/\/schema.org\",\"@graph\":[{\"@type\":\"WebPage\",\"@id\":\"https:\/\/hypnos.ee\/fi\/tuote\/jousipatja-theia-plus\/\",\"url\":\"https:\/\/hypnos.ee\/fi\/tuote\/jousipatja-theia-plus\/\",\"name\":\"Jousipatja Theia PLUS - Hypnos\",\"isPartOf\":{\"@id\":\"https:\/\/hypnos.ee\/fi\/#website\"},\"primaryImageOfPage\":{\"@id\":\"https:\/\/hypnos.ee\/fi\/tuote\/jousipatja-theia-plus\/#primaryimage\"},\"image\":{\"@id\":\"https:\/\/hypnos.ee\/fi\/tuote\/jousipatja-theia-plus\/#primaryimage\"},\"thumbnailUrl\":\"https:\/\/hypnos.ee\/wp-content\/uploads\/2025\/03\/Theia-madrats-3_f_1_590_1.jpg\",\"datePublished\":\"2025-03-25T08:53:54+00:00\",\"breadcrumb\":{\"@id\":\"https:\/\/hypnos.ee\/fi\/tuote\/jousipatja-theia-plus\/#breadcrumb\"},\"inLanguage\":\"fi\",\"potentialAction\":[{\"@type\":\"ReadAction\",\"target\":[\"https:\/\/hypnos.ee\/fi\/tuote\/jousipatja-theia-plus\/\"]}]},{\"@type\":\"ImageObject\",\"inLanguage\":\"fi\",\"@id\":\"https:\/\/hypnos.ee\/fi\/tuote\/jousipatja-theia-plus\/#primaryimage\",\"url\":\"https:\/\/hypnos.ee\/wp-content\/uploads\/2025\/03\/Theia-madrats-3_f_1_590_1.jpg\",\"contentUrl\":\"https:\/\/hypnos.ee\/wp-content\/uploads\/2025\/03\/Theia-madrats-3_f_1_590_1.jpg\",\"width\":590,\"height\":394},{\"@type\":\"BreadcrumbList\",\"@id\":\"https:\/\/hypnos.ee\/fi\/tuote\/jousipatja-theia-plus\/#breadcrumb\",\"itemListElement\":[{\"@type\":\"ListItem\",\"position\":1,\"name\":\"Home\",\"item\":\"https:\/\/hypnos.ee\/fi\/\"},{\"@type\":\"ListItem\",\"position\":2,\"name\":\"Tuotteet\",\"item\":\"https:\/\/hypnos.ee\/tooted\/\"},{\"@type\":\"ListItem\",\"position\":3,\"name\":\"Jousipatja Theia PLUS\"}]},{\"@type\":\"WebSite\",\"@id\":\"https:\/\/hypnos.ee\/fi\/#website\",\"url\":\"https:\/\/hypnos.ee\/fi\/\",\"name\":\"Hypnos\",\"description\":\"T\u00f5stame unekogemust\",\"publisher\":{\"@id\":\"https:\/\/hypnos.ee\/fi\/#organization\"},\"potentialAction\":[{\"@type\":\"SearchAction\",\"target\":{\"@type\":\"EntryPoint\",\"urlTemplate\":\"https:\/\/hypnos.ee\/fi\/?s={search_term_string}\"},\"query-input\":{\"@type\":\"PropertyValueSpecification\",\"valueRequired\":true,\"valueName\":\"search_term_string\"}}],\"inLanguage\":\"fi\"},{\"@type\":\"Organization\",\"@id\":\"https:\/\/hypnos.ee\/fi\/#organization\",\"name\":\"Hypnos\",\"url\":\"https:\/\/hypnos.ee\/fi\/\",\"logo\":{\"@type\":\"ImageObject\",\"inLanguage\":\"fi\",\"@id\":\"https:\/\/hypnos.ee\/fi\/#\/schema\/logo\/image\/\",\"url\":\"https:\/\/hypnos.ee\/wp-content\/uploads\/2025\/06\/cropped-Hypnos-fa.png\",\"contentUrl\":\"https:\/\/hypnos.ee\/wp-content\/uploads\/2025\/06\/cropped-Hypnos-fa.png\",\"width\":512,\"height\":512,\"caption\":\"Hypnos\"},\"image\":{\"@id\":\"https:\/\/hypnos.ee\/fi\/#\/schema\/logo\/image\/\"}}]}<\/script>\n<!-- \/ Yoast SEO Premium plugin. -->","yoast_head_json":{"title":"Jousipatja Theia PLUS - Hypnos","robots":{"index":"index","follow":"follow","max-snippet":"max-snippet:-1","max-image-preview":"max-image-preview:large","max-video-preview":"max-video-preview:-1"},"canonical":"https:\/\/hypnos.ee\/fi\/tuote\/jousipatja-theia-plus\/","og_locale":"fi_FI","og_type":"article","og_title":"Jousipatja Theia PLUS","og_description":"Kookosp\u00e4hkin\u00e4n vahvuus ja taskujousien mukavuus. Theia PLUS on kaksipuolinen taskujousitettu patja, jonka toisella puolella on kaksi kookosp\u00e4hkin\u00e4kerrosta ja toisella puolella joustava ja tukeva HR-porolone. Molemmat puolet on vuorattu puuvillalla, joka auttaa pit\u00e4m\u00e4\u00e4n kehon l\u00e4mp\u00f6tilan vakaana ja varmistaa luonnollisen ilmankierron. Jos etsit kiinte\u00e4\u00e4 mutta mukavaa patjaa, joka tarjoaa oikean tuen kehollesi ja kest\u00e4\u00e4 pitk\u00e4\u00e4n, Theia PLUS on erinomainen valinta.","og_url":"https:\/\/hypnos.ee\/fi\/tuote\/jousipatja-theia-plus\/","og_site_name":"Hypnos","og_image":[{"width":590,"height":394,"url":"https:\/\/hypnos.ee\/wp-content\/uploads\/2025\/03\/Theia-madrats-3_f_1_590_1.jpg","type":"image\/jpeg"}],"twitter_card":"summary_large_image","schema":{"@context":"https:\/\/schema.org","@graph":[{"@type":"WebPage","@id":"https:\/\/hypnos.ee\/fi\/tuote\/jousipatja-theia-plus\/","url":"https:\/\/hypnos.ee\/fi\/tuote\/jousipatja-theia-plus\/","name":"Jousipatja Theia PLUS - Hypnos","isPartOf":{"@id":"https:\/\/hypnos.ee\/fi\/#website"},"primaryImageOfPage":{"@id":"https:\/\/hypnos.ee\/fi\/tuote\/jousipatja-theia-plus\/#primaryimage"},"image":{"@id":"https:\/\/hypnos.ee\/fi\/tuote\/jousipatja-theia-plus\/#primaryimage"},"thumbnailUrl":"https:\/\/hypnos.ee\/wp-content\/uploads\/2025\/03\/Theia-madrats-3_f_1_590_1.jpg","datePublished":"2025-03-25T08:53:54+00:00","breadcrumb":{"@id":"https:\/\/hypnos.ee\/fi\/tuote\/jousipatja-theia-plus\/#breadcrumb"},"inLanguage":"fi","potentialAction":[{"@type":"ReadAction","target":["https:\/\/hypnos.ee\/fi\/tuote\/jousipatja-theia-plus\/"]}]},{"@type":"ImageObject","inLanguage":"fi","@id":"https:\/\/hypnos.ee\/fi\/tuote\/jousipatja-theia-plus\/#primaryimage","url":"https:\/\/hypnos.ee\/wp-content\/uploads\/2025\/03\/Theia-madrats-3_f_1_590_1.jpg","contentUrl":"https:\/\/hypnos.ee\/wp-content\/uploads\/2025\/03\/Theia-madrats-3_f_1_590_1.jpg","width":590,"height":394},{"@type":"BreadcrumbList","@id":"https:\/\/hypnos.ee\/fi\/tuote\/jousipatja-theia-plus\/#breadcrumb","itemListElement":[{"@type":"ListItem","position":1,"name":"Home","item":"https:\/\/hypnos.ee\/fi\/"},{"@type":"ListItem","position":2,"name":"Tuotteet","item":"https:\/\/hypnos.ee\/tooted\/"},{"@type":"ListItem","position":3,"name":"Jousipatja Theia PLUS"}]},{"@type":"WebSite","@id":"https:\/\/hypnos.ee\/fi\/#website","url":"https:\/\/hypnos.ee\/fi\/","name":"Hypnos","description":"T\u00f5stame unekogemust","publisher":{"@id":"https:\/\/hypnos.ee\/fi\/#organization"},"potentialAction":[{"@type":"SearchAction","target":{"@type":"EntryPoint","urlTemplate":"https:\/\/hypnos.ee\/fi\/?s={search_term_string}"},"query-input":{"@type":"PropertyValueSpecification","valueRequired":true,"valueName":"search_term_string"}}],"inLanguage":"fi"},{"@type":"Organization","@id":"https:\/\/hypnos.ee\/fi\/#organization","name":"Hypnos","url":"https:\/\/hypnos.ee\/fi\/","logo":{"@type":"ImageObject","inLanguage":"fi","@id":"https:\/\/hypnos.ee\/fi\/#\/schema\/logo\/image\/","url":"https:\/\/hypnos.ee\/wp-content\/uploads\/2025\/06\/cropped-Hypnos-fa.png","contentUrl":"https:\/\/hypnos.ee\/wp-content\/uploads\/2025\/06\/cropped-Hypnos-fa.png","width":512,"height":512,"caption":"Hypnos"},"image":{"@id":"https:\/\/hypnos.ee\/fi\/#\/schema\/logo\/image\/"}}]}},"_links":{"self":[{"href":"https:\/\/hypnos.ee\/fi\/wp-json\/wp\/v2\/product\/2316","targetHints":{"allow":["GET"]}}],"collection":[{"href":"https:\/\/hypnos.ee\/fi\/wp-json\/wp\/v2\/product"}],"about":[{"href":"https:\/\/hypnos.ee\/fi\/wp-json\/wp\/v2\/types\/product"}],"replies":[{"embeddable":true,"href":"https:\/\/hypnos.ee\/fi\/wp-json\/wp\/v2\/comments?post=2316"}],"wp:featuredmedia":[{"embeddable":true,"href":"https:\/\/hypnos.ee\/fi\/wp-json\/wp\/v2\/media\/2266"}],"wp:attachment":[{"href":"https:\/\/hypnos.ee\/fi\/wp-json\/wp\/v2\/media?parent=2316"}],"wp:term":[{"taxonomy":"product_brand","embeddable":true,"href":"https:\/\/hypnos.ee\/fi\/wp-json\/wp\/v2\/product_brand?post=2316"},{"taxonomy":"product_cat","embeddable":true,"href":"https:\/\/hypnos.ee\/fi\/wp-json\/wp\/v2\/product_cat?post=2316"},{"taxonomy":"product_tag","embeddable":true,"href":"https:\/\/hypnos.ee\/fi\/wp-json\/wp\/v2\/product_tag?post=2316"}],"curies":[{"name":"wp","href":"https:\/\/api.w.org\/{rel}","templated":true}]}}