{"id":2304,"date":"2025-03-26T13:17:36","date_gmt":"2025-03-26T11:17:36","guid":{"rendered":"https:\/\/hypnos.ee\/toode\/apollo-jousipatja\/"},"modified":"2025-03-26T13:17:36","modified_gmt":"2025-03-26T11:17:36","slug":"apollo-jousipatja","status":"publish","type":"product","link":"https:\/\/hypnos.ee\/fi\/tuote\/apollo-jousipatja\/","title":{"rendered":"Apollo jousipatja"},"content":{"rendered":"","protected":false},"excerpt":{"rendered":"<p data-key=\"47aRv\"><strong>Vahva ja joustava patja, jossa on luonnon puuvilla- ja villakuituja.<\/strong><\/p>\n<p data-key=\"csOK7\">Apollo-patjassa yhdistyv\u00e4t j\u00e4ykkien jousien ja luonnonmateriaalien edut. Toinen puoli on vuorattu puuvillalla, ihanteellinen kes\u00e4ksi. Toinen puoli on vuorattu villalla, joka sopii talveksi.  <\/p>\n<p data-key=\"ttA2e\">Patjan sis\u00e4lt\u00f6 antaa lujan tuen ja auttaa pit\u00e4m\u00e4\u00e4n kehon l\u00e4mp\u00f6tilan vakaana ymp\u00e4ri vuoden.<\/p>\n<p data-key=\"hXi6M\">Patja on muotoiltu tukevaksi poroloonikuoreksi, ja reunoja on pehmustettu mukavuuden ja kest\u00e4vyyden lis\u00e4\u00e4miseksi.<\/p>\n","protected":false},"featured_media":2305,"comment_status":"closed","ping_status":"closed","template":"","meta":{"_acf_changed":false},"product_brand":[],"product_cat":[114],"product_tag":[],"class_list":{"0":"post-2304","1":"product","2":"type-product","3":"status-publish","4":"has-post-thumbnail","6":"product_cat-joustinpatjat","8":"first","9":"instock","10":"shipping-taxable","11":"product-type-simple"},"acf":[],"yoast_head":"<!-- This site is optimized with the Yoast SEO Premium plugin v26.0 (Yoast SEO v26.0) - https:\/\/yoast.com\/wordpress\/plugins\/seo\/ -->\n<title>Apollo jousipatja - Hypnos<\/title>\n<meta name=\"robots\" content=\"index, follow, max-snippet:-1, max-image-preview:large, max-video-preview:-1\" \/>\n<link rel=\"canonical\" href=\"https:\/\/hypnos.ee\/fi\/tuote\/apollo-jousipatja\/\" \/>\n<meta property=\"og:locale\" content=\"fi_FI\" \/>\n<meta property=\"og:type\" content=\"article\" \/>\n<meta property=\"og:title\" content=\"Apollo jousipatja\" \/>\n<meta property=\"og:description\" content=\"Vahva ja joustava patja, jossa on luonnon puuvilla- ja villakuituja. Apollo-patjassa yhdistyv\u00e4t j\u00e4ykkien jousien ja luonnonmateriaalien edut. Toinen puoli on vuorattu puuvillalla, ihanteellinen kes\u00e4ksi. Toinen puoli on vuorattu villalla, joka sopii talveksi.  Patjan sis\u00e4lt\u00f6 antaa lujan tuen ja auttaa pit\u00e4m\u00e4\u00e4n kehon l\u00e4mp\u00f6tilan vakaana ymp\u00e4ri vuoden. Patja on muotoiltu tukevaksi poroloonikuoreksi, ja reunoja on pehmustettu mukavuuden ja kest\u00e4vyyden lis\u00e4\u00e4miseksi.\" \/>\n<meta property=\"og:url\" content=\"https:\/\/hypnos.ee\/fi\/tuote\/apollo-jousipatja\/\" \/>\n<meta property=\"og:site_name\" content=\"Hypnos\" \/>\n<meta property=\"og:image\" content=\"https:\/\/hypnos.ee\/wp-content\/uploads\/2025\/03\/apollo-2-madrats_f_1_590_1.jpg\" \/>\n\t<meta property=\"og:image:width\" content=\"590\" \/>\n\t<meta property=\"og:image:height\" content=\"366\" \/>\n\t<meta property=\"og:image:type\" content=\"image\/jpeg\" \/>\n<meta name=\"twitter:card\" content=\"summary_large_image\" \/>\n<script type=\"application\/ld+json\" class=\"yoast-schema-graph\">{\"@context\":\"https:\/\/schema.org\",\"@graph\":[{\"@type\":\"WebPage\",\"@id\":\"https:\/\/hypnos.ee\/fi\/tuote\/apollo-jousipatja\/\",\"url\":\"https:\/\/hypnos.ee\/fi\/tuote\/apollo-jousipatja\/\",\"name\":\"Apollo jousipatja - Hypnos\",\"isPartOf\":{\"@id\":\"https:\/\/hypnos.ee\/fi\/#website\"},\"primaryImageOfPage\":{\"@id\":\"https:\/\/hypnos.ee\/fi\/tuote\/apollo-jousipatja\/#primaryimage\"},\"image\":{\"@id\":\"https:\/\/hypnos.ee\/fi\/tuote\/apollo-jousipatja\/#primaryimage\"},\"thumbnailUrl\":\"https:\/\/hypnos.ee\/wp-content\/uploads\/2025\/03\/apollo-2-madrats_f_1_590_1.jpg\",\"datePublished\":\"2025-03-26T11:17:36+00:00\",\"breadcrumb\":{\"@id\":\"https:\/\/hypnos.ee\/fi\/tuote\/apollo-jousipatja\/#breadcrumb\"},\"inLanguage\":\"fi\",\"potentialAction\":[{\"@type\":\"ReadAction\",\"target\":[\"https:\/\/hypnos.ee\/fi\/tuote\/apollo-jousipatja\/\"]}]},{\"@type\":\"ImageObject\",\"inLanguage\":\"fi\",\"@id\":\"https:\/\/hypnos.ee\/fi\/tuote\/apollo-jousipatja\/#primaryimage\",\"url\":\"https:\/\/hypnos.ee\/wp-content\/uploads\/2025\/03\/apollo-2-madrats_f_1_590_1.jpg\",\"contentUrl\":\"https:\/\/hypnos.ee\/wp-content\/uploads\/2025\/03\/apollo-2-madrats_f_1_590_1.jpg\",\"width\":590,\"height\":366},{\"@type\":\"BreadcrumbList\",\"@id\":\"https:\/\/hypnos.ee\/fi\/tuote\/apollo-jousipatja\/#breadcrumb\",\"itemListElement\":[{\"@type\":\"ListItem\",\"position\":1,\"name\":\"Home\",\"item\":\"https:\/\/hypnos.ee\/fi\/\"},{\"@type\":\"ListItem\",\"position\":2,\"name\":\"Tuotteet\",\"item\":\"https:\/\/hypnos.ee\/tooted\/\"},{\"@type\":\"ListItem\",\"position\":3,\"name\":\"Apollo jousipatja\"}]},{\"@type\":\"WebSite\",\"@id\":\"https:\/\/hypnos.ee\/fi\/#website\",\"url\":\"https:\/\/hypnos.ee\/fi\/\",\"name\":\"Hypnos\",\"description\":\"T\u00f5stame unekogemust\",\"publisher\":{\"@id\":\"https:\/\/hypnos.ee\/fi\/#organization\"},\"potentialAction\":[{\"@type\":\"SearchAction\",\"target\":{\"@type\":\"EntryPoint\",\"urlTemplate\":\"https:\/\/hypnos.ee\/fi\/?s={search_term_string}\"},\"query-input\":{\"@type\":\"PropertyValueSpecification\",\"valueRequired\":true,\"valueName\":\"search_term_string\"}}],\"inLanguage\":\"fi\"},{\"@type\":\"Organization\",\"@id\":\"https:\/\/hypnos.ee\/fi\/#organization\",\"name\":\"Hypnos\",\"url\":\"https:\/\/hypnos.ee\/fi\/\",\"logo\":{\"@type\":\"ImageObject\",\"inLanguage\":\"fi\",\"@id\":\"https:\/\/hypnos.ee\/fi\/#\/schema\/logo\/image\/\",\"url\":\"https:\/\/hypnos.ee\/wp-content\/uploads\/2025\/06\/cropped-Hypnos-fa.png\",\"contentUrl\":\"https:\/\/hypnos.ee\/wp-content\/uploads\/2025\/06\/cropped-Hypnos-fa.png\",\"width\":512,\"height\":512,\"caption\":\"Hypnos\"},\"image\":{\"@id\":\"https:\/\/hypnos.ee\/fi\/#\/schema\/logo\/image\/\"}}]}<\/script>\n<!-- \/ Yoast SEO Premium plugin. -->","yoast_head_json":{"title":"Apollo jousipatja - Hypnos","robots":{"index":"index","follow":"follow","max-snippet":"max-snippet:-1","max-image-preview":"max-image-preview:large","max-video-preview":"max-video-preview:-1"},"canonical":"https:\/\/hypnos.ee\/fi\/tuote\/apollo-jousipatja\/","og_locale":"fi_FI","og_type":"article","og_title":"Apollo jousipatja","og_description":"Vahva ja joustava patja, jossa on luonnon puuvilla- ja villakuituja. Apollo-patjassa yhdistyv\u00e4t j\u00e4ykkien jousien ja luonnonmateriaalien edut. Toinen puoli on vuorattu puuvillalla, ihanteellinen kes\u00e4ksi. Toinen puoli on vuorattu villalla, joka sopii talveksi.  Patjan sis\u00e4lt\u00f6 antaa lujan tuen ja auttaa pit\u00e4m\u00e4\u00e4n kehon l\u00e4mp\u00f6tilan vakaana ymp\u00e4ri vuoden. Patja on muotoiltu tukevaksi poroloonikuoreksi, ja reunoja on pehmustettu mukavuuden ja kest\u00e4vyyden lis\u00e4\u00e4miseksi.","og_url":"https:\/\/hypnos.ee\/fi\/tuote\/apollo-jousipatja\/","og_site_name":"Hypnos","og_image":[{"width":590,"height":366,"url":"https:\/\/hypnos.ee\/wp-content\/uploads\/2025\/03\/apollo-2-madrats_f_1_590_1.jpg","type":"image\/jpeg"}],"twitter_card":"summary_large_image","schema":{"@context":"https:\/\/schema.org","@graph":[{"@type":"WebPage","@id":"https:\/\/hypnos.ee\/fi\/tuote\/apollo-jousipatja\/","url":"https:\/\/hypnos.ee\/fi\/tuote\/apollo-jousipatja\/","name":"Apollo jousipatja - Hypnos","isPartOf":{"@id":"https:\/\/hypnos.ee\/fi\/#website"},"primaryImageOfPage":{"@id":"https:\/\/hypnos.ee\/fi\/tuote\/apollo-jousipatja\/#primaryimage"},"image":{"@id":"https:\/\/hypnos.ee\/fi\/tuote\/apollo-jousipatja\/#primaryimage"},"thumbnailUrl":"https:\/\/hypnos.ee\/wp-content\/uploads\/2025\/03\/apollo-2-madrats_f_1_590_1.jpg","datePublished":"2025-03-26T11:17:36+00:00","breadcrumb":{"@id":"https:\/\/hypnos.ee\/fi\/tuote\/apollo-jousipatja\/#breadcrumb"},"inLanguage":"fi","potentialAction":[{"@type":"ReadAction","target":["https:\/\/hypnos.ee\/fi\/tuote\/apollo-jousipatja\/"]}]},{"@type":"ImageObject","inLanguage":"fi","@id":"https:\/\/hypnos.ee\/fi\/tuote\/apollo-jousipatja\/#primaryimage","url":"https:\/\/hypnos.ee\/wp-content\/uploads\/2025\/03\/apollo-2-madrats_f_1_590_1.jpg","contentUrl":"https:\/\/hypnos.ee\/wp-content\/uploads\/2025\/03\/apollo-2-madrats_f_1_590_1.jpg","width":590,"height":366},{"@type":"BreadcrumbList","@id":"https:\/\/hypnos.ee\/fi\/tuote\/apollo-jousipatja\/#breadcrumb","itemListElement":[{"@type":"ListItem","position":1,"name":"Home","item":"https:\/\/hypnos.ee\/fi\/"},{"@type":"ListItem","position":2,"name":"Tuotteet","item":"https:\/\/hypnos.ee\/tooted\/"},{"@type":"ListItem","position":3,"name":"Apollo jousipatja"}]},{"@type":"WebSite","@id":"https:\/\/hypnos.ee\/fi\/#website","url":"https:\/\/hypnos.ee\/fi\/","name":"Hypnos","description":"T\u00f5stame unekogemust","publisher":{"@id":"https:\/\/hypnos.ee\/fi\/#organization"},"potentialAction":[{"@type":"SearchAction","target":{"@type":"EntryPoint","urlTemplate":"https:\/\/hypnos.ee\/fi\/?s={search_term_string}"},"query-input":{"@type":"PropertyValueSpecification","valueRequired":true,"valueName":"search_term_string"}}],"inLanguage":"fi"},{"@type":"Organization","@id":"https:\/\/hypnos.ee\/fi\/#organization","name":"Hypnos","url":"https:\/\/hypnos.ee\/fi\/","logo":{"@type":"ImageObject","inLanguage":"fi","@id":"https:\/\/hypnos.ee\/fi\/#\/schema\/logo\/image\/","url":"https:\/\/hypnos.ee\/wp-content\/uploads\/2025\/06\/cropped-Hypnos-fa.png","contentUrl":"https:\/\/hypnos.ee\/wp-content\/uploads\/2025\/06\/cropped-Hypnos-fa.png","width":512,"height":512,"caption":"Hypnos"},"image":{"@id":"https:\/\/hypnos.ee\/fi\/#\/schema\/logo\/image\/"}}]}},"_links":{"self":[{"href":"https:\/\/hypnos.ee\/fi\/wp-json\/wp\/v2\/product\/2304","targetHints":{"allow":["GET"]}}],"collection":[{"href":"https:\/\/hypnos.ee\/fi\/wp-json\/wp\/v2\/product"}],"about":[{"href":"https:\/\/hypnos.ee\/fi\/wp-json\/wp\/v2\/types\/product"}],"replies":[{"embeddable":true,"href":"https:\/\/hypnos.ee\/fi\/wp-json\/wp\/v2\/comments?post=2304"}],"wp:featuredmedia":[{"embeddable":true,"href":"https:\/\/hypnos.ee\/fi\/wp-json\/wp\/v2\/media\/2305"}],"wp:attachment":[{"href":"https:\/\/hypnos.ee\/fi\/wp-json\/wp\/v2\/media?parent=2304"}],"wp:term":[{"taxonomy":"product_brand","embeddable":true,"href":"https:\/\/hypnos.ee\/fi\/wp-json\/wp\/v2\/product_brand?post=2304"},{"taxonomy":"product_cat","embeddable":true,"href":"https:\/\/hypnos.ee\/fi\/wp-json\/wp\/v2\/product_cat?post=2304"},{"taxonomy":"product_tag","embeddable":true,"href":"https:\/\/hypnos.ee\/fi\/wp-json\/wp\/v2\/product_tag?post=2304"}],"curies":[{"name":"wp","href":"https:\/\/api.w.org\/{rel}","templated":true}]}}