{"id":2298,"date":"2025-03-26T13:16:17","date_gmt":"2025-03-26T11:16:17","guid":{"rendered":"https:\/\/hypnos.ee\/toode\/helios-jousipatja\/"},"modified":"2025-03-26T13:16:17","modified_gmt":"2025-03-26T11:16:17","slug":"helios-jousipatja","status":"publish","type":"product","link":"https:\/\/hypnos.ee\/fi\/tuote\/helios-jousipatja\/","title":{"rendered":"Helios jousipatja"},"content":{"rendered":"","protected":false},"excerpt":{"rendered":"<p data-key=\"gdlP3\"><strong>Turvallinen ja kest\u00e4v\u00e4, se takaa vuosien rauhallisen unen.<\/strong><\/p>\n<p data-key=\"4HIWu\">Helios on klassinen ja tukeva taskujousitettu patja, joka tarjoaa lujan tuen ja kest\u00e4v\u00e4n mukavuuden. Yksil\u00f6llisesti k\u00e4\u00e4rittyjen jousien ansiosta se mukautuu hyvin vartalon muotoon, ja pehmustetut reunat pit\u00e4v\u00e4t patjan kunnossa vuosien ajan. <\/p>\n<p data-key=\"xhXS6\">Pehmustettujen reunojen ansiosta voit k\u00e4ytt\u00e4\u00e4 samassa s\u00e4ngyss\u00e4 kahta eri patjaa.<\/p>\n","protected":false},"featured_media":2299,"comment_status":"closed","ping_status":"closed","template":"","meta":{"_acf_changed":false},"product_brand":[],"product_cat":[114],"product_tag":[],"class_list":{"0":"post-2298","1":"product","2":"type-product","3":"status-publish","4":"has-post-thumbnail","6":"product_cat-joustinpatjat","8":"first","9":"instock","10":"shipping-taxable","11":"product-type-simple"},"acf":[],"yoast_head":"<!-- This site is optimized with the Yoast SEO Premium plugin v26.0 (Yoast SEO v26.0) - https:\/\/yoast.com\/wordpress\/plugins\/seo\/ -->\n<title>Helios jousipatja - Hypnos<\/title>\n<meta name=\"robots\" content=\"index, follow, max-snippet:-1, max-image-preview:large, max-video-preview:-1\" \/>\n<link rel=\"canonical\" href=\"https:\/\/hypnos.ee\/fi\/tuote\/helios-jousipatja\/\" \/>\n<meta property=\"og:locale\" content=\"fi_FI\" \/>\n<meta property=\"og:type\" content=\"article\" \/>\n<meta property=\"og:title\" content=\"Helios jousipatja\" \/>\n<meta property=\"og:description\" content=\"Turvallinen ja kest\u00e4v\u00e4, se takaa vuosien rauhallisen unen. Helios on klassinen ja tukeva taskujousitettu patja, joka tarjoaa lujan tuen ja kest\u00e4v\u00e4n mukavuuden. Yksil\u00f6llisesti k\u00e4\u00e4rittyjen jousien ansiosta se mukautuu hyvin vartalon muotoon, ja pehmustetut reunat pit\u00e4v\u00e4t patjan kunnossa vuosien ajan. Pehmustettujen reunojen ansiosta voit k\u00e4ytt\u00e4\u00e4 samassa s\u00e4ngyss\u00e4 kahta eri patjaa.\" \/>\n<meta property=\"og:url\" content=\"https:\/\/hypnos.ee\/fi\/tuote\/helios-jousipatja\/\" \/>\n<meta property=\"og:site_name\" content=\"Hypnos\" \/>\n<meta property=\"og:image\" content=\"https:\/\/hypnos.ee\/wp-content\/uploads\/2025\/03\/apollo-madrats-2_f_1_590_1.jpg\" \/>\n\t<meta property=\"og:image:width\" content=\"590\" \/>\n\t<meta property=\"og:image:height\" content=\"321\" \/>\n\t<meta property=\"og:image:type\" content=\"image\/jpeg\" \/>\n<meta name=\"twitter:card\" content=\"summary_large_image\" \/>\n<script type=\"application\/ld+json\" class=\"yoast-schema-graph\">{\"@context\":\"https:\/\/schema.org\",\"@graph\":[{\"@type\":\"WebPage\",\"@id\":\"https:\/\/hypnos.ee\/fi\/tuote\/helios-jousipatja\/\",\"url\":\"https:\/\/hypnos.ee\/fi\/tuote\/helios-jousipatja\/\",\"name\":\"Helios jousipatja - Hypnos\",\"isPartOf\":{\"@id\":\"https:\/\/hypnos.ee\/fi\/#website\"},\"primaryImageOfPage\":{\"@id\":\"https:\/\/hypnos.ee\/fi\/tuote\/helios-jousipatja\/#primaryimage\"},\"image\":{\"@id\":\"https:\/\/hypnos.ee\/fi\/tuote\/helios-jousipatja\/#primaryimage\"},\"thumbnailUrl\":\"https:\/\/hypnos.ee\/wp-content\/uploads\/2025\/03\/apollo-madrats-2_f_1_590_1.jpg\",\"datePublished\":\"2025-03-26T11:16:17+00:00\",\"breadcrumb\":{\"@id\":\"https:\/\/hypnos.ee\/fi\/tuote\/helios-jousipatja\/#breadcrumb\"},\"inLanguage\":\"fi\",\"potentialAction\":[{\"@type\":\"ReadAction\",\"target\":[\"https:\/\/hypnos.ee\/fi\/tuote\/helios-jousipatja\/\"]}]},{\"@type\":\"ImageObject\",\"inLanguage\":\"fi\",\"@id\":\"https:\/\/hypnos.ee\/fi\/tuote\/helios-jousipatja\/#primaryimage\",\"url\":\"https:\/\/hypnos.ee\/wp-content\/uploads\/2025\/03\/apollo-madrats-2_f_1_590_1.jpg\",\"contentUrl\":\"https:\/\/hypnos.ee\/wp-content\/uploads\/2025\/03\/apollo-madrats-2_f_1_590_1.jpg\",\"width\":590,\"height\":321},{\"@type\":\"BreadcrumbList\",\"@id\":\"https:\/\/hypnos.ee\/fi\/tuote\/helios-jousipatja\/#breadcrumb\",\"itemListElement\":[{\"@type\":\"ListItem\",\"position\":1,\"name\":\"Home\",\"item\":\"https:\/\/hypnos.ee\/fi\/\"},{\"@type\":\"ListItem\",\"position\":2,\"name\":\"Tuotteet\",\"item\":\"https:\/\/hypnos.ee\/tooted\/\"},{\"@type\":\"ListItem\",\"position\":3,\"name\":\"Helios jousipatja\"}]},{\"@type\":\"WebSite\",\"@id\":\"https:\/\/hypnos.ee\/fi\/#website\",\"url\":\"https:\/\/hypnos.ee\/fi\/\",\"name\":\"Hypnos\",\"description\":\"T\u00f5stame unekogemust\",\"publisher\":{\"@id\":\"https:\/\/hypnos.ee\/fi\/#organization\"},\"potentialAction\":[{\"@type\":\"SearchAction\",\"target\":{\"@type\":\"EntryPoint\",\"urlTemplate\":\"https:\/\/hypnos.ee\/fi\/?s={search_term_string}\"},\"query-input\":{\"@type\":\"PropertyValueSpecification\",\"valueRequired\":true,\"valueName\":\"search_term_string\"}}],\"inLanguage\":\"fi\"},{\"@type\":\"Organization\",\"@id\":\"https:\/\/hypnos.ee\/fi\/#organization\",\"name\":\"Hypnos\",\"url\":\"https:\/\/hypnos.ee\/fi\/\",\"logo\":{\"@type\":\"ImageObject\",\"inLanguage\":\"fi\",\"@id\":\"https:\/\/hypnos.ee\/fi\/#\/schema\/logo\/image\/\",\"url\":\"https:\/\/hypnos.ee\/wp-content\/uploads\/2025\/06\/cropped-Hypnos-fa.png\",\"contentUrl\":\"https:\/\/hypnos.ee\/wp-content\/uploads\/2025\/06\/cropped-Hypnos-fa.png\",\"width\":512,\"height\":512,\"caption\":\"Hypnos\"},\"image\":{\"@id\":\"https:\/\/hypnos.ee\/fi\/#\/schema\/logo\/image\/\"}}]}<\/script>\n<!-- \/ Yoast SEO Premium plugin. -->","yoast_head_json":{"title":"Helios jousipatja - Hypnos","robots":{"index":"index","follow":"follow","max-snippet":"max-snippet:-1","max-image-preview":"max-image-preview:large","max-video-preview":"max-video-preview:-1"},"canonical":"https:\/\/hypnos.ee\/fi\/tuote\/helios-jousipatja\/","og_locale":"fi_FI","og_type":"article","og_title":"Helios jousipatja","og_description":"Turvallinen ja kest\u00e4v\u00e4, se takaa vuosien rauhallisen unen. Helios on klassinen ja tukeva taskujousitettu patja, joka tarjoaa lujan tuen ja kest\u00e4v\u00e4n mukavuuden. Yksil\u00f6llisesti k\u00e4\u00e4rittyjen jousien ansiosta se mukautuu hyvin vartalon muotoon, ja pehmustetut reunat pit\u00e4v\u00e4t patjan kunnossa vuosien ajan. Pehmustettujen reunojen ansiosta voit k\u00e4ytt\u00e4\u00e4 samassa s\u00e4ngyss\u00e4 kahta eri patjaa.","og_url":"https:\/\/hypnos.ee\/fi\/tuote\/helios-jousipatja\/","og_site_name":"Hypnos","og_image":[{"width":590,"height":321,"url":"https:\/\/hypnos.ee\/wp-content\/uploads\/2025\/03\/apollo-madrats-2_f_1_590_1.jpg","type":"image\/jpeg"}],"twitter_card":"summary_large_image","schema":{"@context":"https:\/\/schema.org","@graph":[{"@type":"WebPage","@id":"https:\/\/hypnos.ee\/fi\/tuote\/helios-jousipatja\/","url":"https:\/\/hypnos.ee\/fi\/tuote\/helios-jousipatja\/","name":"Helios jousipatja - Hypnos","isPartOf":{"@id":"https:\/\/hypnos.ee\/fi\/#website"},"primaryImageOfPage":{"@id":"https:\/\/hypnos.ee\/fi\/tuote\/helios-jousipatja\/#primaryimage"},"image":{"@id":"https:\/\/hypnos.ee\/fi\/tuote\/helios-jousipatja\/#primaryimage"},"thumbnailUrl":"https:\/\/hypnos.ee\/wp-content\/uploads\/2025\/03\/apollo-madrats-2_f_1_590_1.jpg","datePublished":"2025-03-26T11:16:17+00:00","breadcrumb":{"@id":"https:\/\/hypnos.ee\/fi\/tuote\/helios-jousipatja\/#breadcrumb"},"inLanguage":"fi","potentialAction":[{"@type":"ReadAction","target":["https:\/\/hypnos.ee\/fi\/tuote\/helios-jousipatja\/"]}]},{"@type":"ImageObject","inLanguage":"fi","@id":"https:\/\/hypnos.ee\/fi\/tuote\/helios-jousipatja\/#primaryimage","url":"https:\/\/hypnos.ee\/wp-content\/uploads\/2025\/03\/apollo-madrats-2_f_1_590_1.jpg","contentUrl":"https:\/\/hypnos.ee\/wp-content\/uploads\/2025\/03\/apollo-madrats-2_f_1_590_1.jpg","width":590,"height":321},{"@type":"BreadcrumbList","@id":"https:\/\/hypnos.ee\/fi\/tuote\/helios-jousipatja\/#breadcrumb","itemListElement":[{"@type":"ListItem","position":1,"name":"Home","item":"https:\/\/hypnos.ee\/fi\/"},{"@type":"ListItem","position":2,"name":"Tuotteet","item":"https:\/\/hypnos.ee\/tooted\/"},{"@type":"ListItem","position":3,"name":"Helios jousipatja"}]},{"@type":"WebSite","@id":"https:\/\/hypnos.ee\/fi\/#website","url":"https:\/\/hypnos.ee\/fi\/","name":"Hypnos","description":"T\u00f5stame unekogemust","publisher":{"@id":"https:\/\/hypnos.ee\/fi\/#organization"},"potentialAction":[{"@type":"SearchAction","target":{"@type":"EntryPoint","urlTemplate":"https:\/\/hypnos.ee\/fi\/?s={search_term_string}"},"query-input":{"@type":"PropertyValueSpecification","valueRequired":true,"valueName":"search_term_string"}}],"inLanguage":"fi"},{"@type":"Organization","@id":"https:\/\/hypnos.ee\/fi\/#organization","name":"Hypnos","url":"https:\/\/hypnos.ee\/fi\/","logo":{"@type":"ImageObject","inLanguage":"fi","@id":"https:\/\/hypnos.ee\/fi\/#\/schema\/logo\/image\/","url":"https:\/\/hypnos.ee\/wp-content\/uploads\/2025\/06\/cropped-Hypnos-fa.png","contentUrl":"https:\/\/hypnos.ee\/wp-content\/uploads\/2025\/06\/cropped-Hypnos-fa.png","width":512,"height":512,"caption":"Hypnos"},"image":{"@id":"https:\/\/hypnos.ee\/fi\/#\/schema\/logo\/image\/"}}]}},"_links":{"self":[{"href":"https:\/\/hypnos.ee\/fi\/wp-json\/wp\/v2\/product\/2298","targetHints":{"allow":["GET"]}}],"collection":[{"href":"https:\/\/hypnos.ee\/fi\/wp-json\/wp\/v2\/product"}],"about":[{"href":"https:\/\/hypnos.ee\/fi\/wp-json\/wp\/v2\/types\/product"}],"replies":[{"embeddable":true,"href":"https:\/\/hypnos.ee\/fi\/wp-json\/wp\/v2\/comments?post=2298"}],"wp:featuredmedia":[{"embeddable":true,"href":"https:\/\/hypnos.ee\/fi\/wp-json\/wp\/v2\/media\/2299"}],"wp:attachment":[{"href":"https:\/\/hypnos.ee\/fi\/wp-json\/wp\/v2\/media?parent=2298"}],"wp:term":[{"taxonomy":"product_brand","embeddable":true,"href":"https:\/\/hypnos.ee\/fi\/wp-json\/wp\/v2\/product_brand?post=2298"},{"taxonomy":"product_cat","embeddable":true,"href":"https:\/\/hypnos.ee\/fi\/wp-json\/wp\/v2\/product_cat?post=2298"},{"taxonomy":"product_tag","embeddable":true,"href":"https:\/\/hypnos.ee\/fi\/wp-json\/wp\/v2\/product_tag?post=2298"}],"curies":[{"name":"wp","href":"https:\/\/api.w.org\/{rel}","templated":true}]}}