{"id":2294,"date":"2025-03-26T13:18:48","date_gmt":"2025-03-26T11:18:48","guid":{"rendered":"https:\/\/hypnos.ee\/toode\/jousipatja-kleio\/"},"modified":"2025-03-26T13:18:48","modified_gmt":"2025-03-26T11:18:48","slug":"jousipatja-kleio","status":"publish","type":"product","link":"https:\/\/hypnos.ee\/fi\/tuote\/jousipatja-kleio\/","title":{"rendered":"Jousipatja Kleio"},"content":{"rendered":"","protected":false},"excerpt":{"rendered":"<p data-key=\"clLGm\"><strong>Vahva ja luonnollinen patja, jossa on kookosp\u00e4hkin\u00e4patja ja puuvillavuori.<\/strong><\/p>\n<p data-key=\"0i2EU\">Kleio-patja on luonteeltaan j\u00e4ykempi, ja se on suunniteltu niille, jotka arvostavat luonnonmateriaalien lujuutta ja ilmavuutta. Kookosp\u00e4hkin\u00e4patja antaa patjalle lis\u00e4j\u00e4m\u00e4kkyytt\u00e4 ja auttaa hallitsemaan kosteutta, kun taas molemmin puolin oleva puuvillakerros takaa mukavan nukkumisymp\u00e4rist\u00f6n. <\/p>\n<p data-key=\"Wk1TK\">Pehmustettujen reunojensa ansiosta se sopii erinomaisesti my\u00f6s kahden erillisen patjan k\u00e4ytt\u00f6\u00f6n samassa s\u00e4ngyss\u00e4.<\/p>\n","protected":false},"featured_media":2295,"comment_status":"closed","ping_status":"closed","template":"","meta":{"_acf_changed":false},"product_brand":[],"product_cat":[114],"product_tag":[],"class_list":{"0":"post-2294","1":"product","2":"type-product","3":"status-publish","4":"has-post-thumbnail","6":"product_cat-joustinpatjat","8":"first","9":"instock","10":"shipping-taxable","11":"product-type-simple"},"acf":[],"yoast_head":"<!-- This site is optimized with the Yoast SEO Premium plugin v26.0 (Yoast SEO v26.0) - https:\/\/yoast.com\/wordpress\/plugins\/seo\/ -->\n<title>Jousipatja Kleio - Hypnos<\/title>\n<meta name=\"robots\" content=\"index, follow, max-snippet:-1, max-image-preview:large, max-video-preview:-1\" \/>\n<link rel=\"canonical\" href=\"https:\/\/hypnos.ee\/fi\/tuote\/jousipatja-kleio\/\" \/>\n<meta property=\"og:locale\" content=\"fi_FI\" \/>\n<meta property=\"og:type\" content=\"article\" \/>\n<meta property=\"og:title\" content=\"Jousipatja Kleio\" \/>\n<meta property=\"og:description\" content=\"Vahva ja luonnollinen patja, jossa on kookosp\u00e4hkin\u00e4patja ja puuvillavuori. Kleio-patja on luonteeltaan j\u00e4ykempi, ja se on suunniteltu niille, jotka arvostavat luonnonmateriaalien lujuutta ja ilmavuutta. Kookosp\u00e4hkin\u00e4patja antaa patjalle lis\u00e4j\u00e4m\u00e4kkyytt\u00e4 ja auttaa hallitsemaan kosteutta, kun taas molemmin puolin oleva puuvillakerros takaa mukavan nukkumisymp\u00e4rist\u00f6n. Pehmustettujen reunojensa ansiosta se sopii erinomaisesti my\u00f6s kahden erillisen patjan k\u00e4ytt\u00f6\u00f6n samassa s\u00e4ngyss\u00e4.\" \/>\n<meta property=\"og:url\" content=\"https:\/\/hypnos.ee\/fi\/tuote\/jousipatja-kleio\/\" \/>\n<meta property=\"og:site_name\" content=\"Hypnos\" \/>\n<meta property=\"og:image\" content=\"https:\/\/hypnos.ee\/wp-content\/uploads\/2025\/03\/Kleio-madrats_f_1_590_1.jpg\" \/>\n\t<meta property=\"og:image:width\" content=\"590\" \/>\n\t<meta property=\"og:image:height\" content=\"366\" \/>\n\t<meta property=\"og:image:type\" content=\"image\/jpeg\" \/>\n<meta name=\"twitter:card\" content=\"summary_large_image\" \/>\n<script type=\"application\/ld+json\" class=\"yoast-schema-graph\">{\"@context\":\"https:\/\/schema.org\",\"@graph\":[{\"@type\":\"WebPage\",\"@id\":\"https:\/\/hypnos.ee\/fi\/tuote\/jousipatja-kleio\/\",\"url\":\"https:\/\/hypnos.ee\/fi\/tuote\/jousipatja-kleio\/\",\"name\":\"Jousipatja Kleio - Hypnos\",\"isPartOf\":{\"@id\":\"https:\/\/hypnos.ee\/fi\/#website\"},\"primaryImageOfPage\":{\"@id\":\"https:\/\/hypnos.ee\/fi\/tuote\/jousipatja-kleio\/#primaryimage\"},\"image\":{\"@id\":\"https:\/\/hypnos.ee\/fi\/tuote\/jousipatja-kleio\/#primaryimage\"},\"thumbnailUrl\":\"https:\/\/hypnos.ee\/wp-content\/uploads\/2025\/03\/Kleio-madrats_f_1_590_1.jpg\",\"datePublished\":\"2025-03-26T11:18:48+00:00\",\"breadcrumb\":{\"@id\":\"https:\/\/hypnos.ee\/fi\/tuote\/jousipatja-kleio\/#breadcrumb\"},\"inLanguage\":\"fi\",\"potentialAction\":[{\"@type\":\"ReadAction\",\"target\":[\"https:\/\/hypnos.ee\/fi\/tuote\/jousipatja-kleio\/\"]}]},{\"@type\":\"ImageObject\",\"inLanguage\":\"fi\",\"@id\":\"https:\/\/hypnos.ee\/fi\/tuote\/jousipatja-kleio\/#primaryimage\",\"url\":\"https:\/\/hypnos.ee\/wp-content\/uploads\/2025\/03\/Kleio-madrats_f_1_590_1.jpg\",\"contentUrl\":\"https:\/\/hypnos.ee\/wp-content\/uploads\/2025\/03\/Kleio-madrats_f_1_590_1.jpg\",\"width\":590,\"height\":366},{\"@type\":\"BreadcrumbList\",\"@id\":\"https:\/\/hypnos.ee\/fi\/tuote\/jousipatja-kleio\/#breadcrumb\",\"itemListElement\":[{\"@type\":\"ListItem\",\"position\":1,\"name\":\"Home\",\"item\":\"https:\/\/hypnos.ee\/fi\/\"},{\"@type\":\"ListItem\",\"position\":2,\"name\":\"Tuotteet\",\"item\":\"https:\/\/hypnos.ee\/tooted\/\"},{\"@type\":\"ListItem\",\"position\":3,\"name\":\"Jousipatja Kleio\"}]},{\"@type\":\"WebSite\",\"@id\":\"https:\/\/hypnos.ee\/fi\/#website\",\"url\":\"https:\/\/hypnos.ee\/fi\/\",\"name\":\"Hypnos\",\"description\":\"T\u00f5stame unekogemust\",\"publisher\":{\"@id\":\"https:\/\/hypnos.ee\/fi\/#organization\"},\"potentialAction\":[{\"@type\":\"SearchAction\",\"target\":{\"@type\":\"EntryPoint\",\"urlTemplate\":\"https:\/\/hypnos.ee\/fi\/?s={search_term_string}\"},\"query-input\":{\"@type\":\"PropertyValueSpecification\",\"valueRequired\":true,\"valueName\":\"search_term_string\"}}],\"inLanguage\":\"fi\"},{\"@type\":\"Organization\",\"@id\":\"https:\/\/hypnos.ee\/fi\/#organization\",\"name\":\"Hypnos\",\"url\":\"https:\/\/hypnos.ee\/fi\/\",\"logo\":{\"@type\":\"ImageObject\",\"inLanguage\":\"fi\",\"@id\":\"https:\/\/hypnos.ee\/fi\/#\/schema\/logo\/image\/\",\"url\":\"https:\/\/hypnos.ee\/wp-content\/uploads\/2025\/06\/cropped-Hypnos-fa.png\",\"contentUrl\":\"https:\/\/hypnos.ee\/wp-content\/uploads\/2025\/06\/cropped-Hypnos-fa.png\",\"width\":512,\"height\":512,\"caption\":\"Hypnos\"},\"image\":{\"@id\":\"https:\/\/hypnos.ee\/fi\/#\/schema\/logo\/image\/\"}}]}<\/script>\n<!-- \/ Yoast SEO Premium plugin. -->","yoast_head_json":{"title":"Jousipatja Kleio - Hypnos","robots":{"index":"index","follow":"follow","max-snippet":"max-snippet:-1","max-image-preview":"max-image-preview:large","max-video-preview":"max-video-preview:-1"},"canonical":"https:\/\/hypnos.ee\/fi\/tuote\/jousipatja-kleio\/","og_locale":"fi_FI","og_type":"article","og_title":"Jousipatja Kleio","og_description":"Vahva ja luonnollinen patja, jossa on kookosp\u00e4hkin\u00e4patja ja puuvillavuori. Kleio-patja on luonteeltaan j\u00e4ykempi, ja se on suunniteltu niille, jotka arvostavat luonnonmateriaalien lujuutta ja ilmavuutta. Kookosp\u00e4hkin\u00e4patja antaa patjalle lis\u00e4j\u00e4m\u00e4kkyytt\u00e4 ja auttaa hallitsemaan kosteutta, kun taas molemmin puolin oleva puuvillakerros takaa mukavan nukkumisymp\u00e4rist\u00f6n. Pehmustettujen reunojensa ansiosta se sopii erinomaisesti my\u00f6s kahden erillisen patjan k\u00e4ytt\u00f6\u00f6n samassa s\u00e4ngyss\u00e4.","og_url":"https:\/\/hypnos.ee\/fi\/tuote\/jousipatja-kleio\/","og_site_name":"Hypnos","og_image":[{"width":590,"height":366,"url":"https:\/\/hypnos.ee\/wp-content\/uploads\/2025\/03\/Kleio-madrats_f_1_590_1.jpg","type":"image\/jpeg"}],"twitter_card":"summary_large_image","schema":{"@context":"https:\/\/schema.org","@graph":[{"@type":"WebPage","@id":"https:\/\/hypnos.ee\/fi\/tuote\/jousipatja-kleio\/","url":"https:\/\/hypnos.ee\/fi\/tuote\/jousipatja-kleio\/","name":"Jousipatja Kleio - Hypnos","isPartOf":{"@id":"https:\/\/hypnos.ee\/fi\/#website"},"primaryImageOfPage":{"@id":"https:\/\/hypnos.ee\/fi\/tuote\/jousipatja-kleio\/#primaryimage"},"image":{"@id":"https:\/\/hypnos.ee\/fi\/tuote\/jousipatja-kleio\/#primaryimage"},"thumbnailUrl":"https:\/\/hypnos.ee\/wp-content\/uploads\/2025\/03\/Kleio-madrats_f_1_590_1.jpg","datePublished":"2025-03-26T11:18:48+00:00","breadcrumb":{"@id":"https:\/\/hypnos.ee\/fi\/tuote\/jousipatja-kleio\/#breadcrumb"},"inLanguage":"fi","potentialAction":[{"@type":"ReadAction","target":["https:\/\/hypnos.ee\/fi\/tuote\/jousipatja-kleio\/"]}]},{"@type":"ImageObject","inLanguage":"fi","@id":"https:\/\/hypnos.ee\/fi\/tuote\/jousipatja-kleio\/#primaryimage","url":"https:\/\/hypnos.ee\/wp-content\/uploads\/2025\/03\/Kleio-madrats_f_1_590_1.jpg","contentUrl":"https:\/\/hypnos.ee\/wp-content\/uploads\/2025\/03\/Kleio-madrats_f_1_590_1.jpg","width":590,"height":366},{"@type":"BreadcrumbList","@id":"https:\/\/hypnos.ee\/fi\/tuote\/jousipatja-kleio\/#breadcrumb","itemListElement":[{"@type":"ListItem","position":1,"name":"Home","item":"https:\/\/hypnos.ee\/fi\/"},{"@type":"ListItem","position":2,"name":"Tuotteet","item":"https:\/\/hypnos.ee\/tooted\/"},{"@type":"ListItem","position":3,"name":"Jousipatja Kleio"}]},{"@type":"WebSite","@id":"https:\/\/hypnos.ee\/fi\/#website","url":"https:\/\/hypnos.ee\/fi\/","name":"Hypnos","description":"T\u00f5stame unekogemust","publisher":{"@id":"https:\/\/hypnos.ee\/fi\/#organization"},"potentialAction":[{"@type":"SearchAction","target":{"@type":"EntryPoint","urlTemplate":"https:\/\/hypnos.ee\/fi\/?s={search_term_string}"},"query-input":{"@type":"PropertyValueSpecification","valueRequired":true,"valueName":"search_term_string"}}],"inLanguage":"fi"},{"@type":"Organization","@id":"https:\/\/hypnos.ee\/fi\/#organization","name":"Hypnos","url":"https:\/\/hypnos.ee\/fi\/","logo":{"@type":"ImageObject","inLanguage":"fi","@id":"https:\/\/hypnos.ee\/fi\/#\/schema\/logo\/image\/","url":"https:\/\/hypnos.ee\/wp-content\/uploads\/2025\/06\/cropped-Hypnos-fa.png","contentUrl":"https:\/\/hypnos.ee\/wp-content\/uploads\/2025\/06\/cropped-Hypnos-fa.png","width":512,"height":512,"caption":"Hypnos"},"image":{"@id":"https:\/\/hypnos.ee\/fi\/#\/schema\/logo\/image\/"}}]}},"_links":{"self":[{"href":"https:\/\/hypnos.ee\/fi\/wp-json\/wp\/v2\/product\/2294","targetHints":{"allow":["GET"]}}],"collection":[{"href":"https:\/\/hypnos.ee\/fi\/wp-json\/wp\/v2\/product"}],"about":[{"href":"https:\/\/hypnos.ee\/fi\/wp-json\/wp\/v2\/types\/product"}],"replies":[{"embeddable":true,"href":"https:\/\/hypnos.ee\/fi\/wp-json\/wp\/v2\/comments?post=2294"}],"wp:featuredmedia":[{"embeddable":true,"href":"https:\/\/hypnos.ee\/fi\/wp-json\/wp\/v2\/media\/2295"}],"wp:attachment":[{"href":"https:\/\/hypnos.ee\/fi\/wp-json\/wp\/v2\/media?parent=2294"}],"wp:term":[{"taxonomy":"product_brand","embeddable":true,"href":"https:\/\/hypnos.ee\/fi\/wp-json\/wp\/v2\/product_brand?post=2294"},{"taxonomy":"product_cat","embeddable":true,"href":"https:\/\/hypnos.ee\/fi\/wp-json\/wp\/v2\/product_cat?post=2294"},{"taxonomy":"product_tag","embeddable":true,"href":"https:\/\/hypnos.ee\/fi\/wp-json\/wp\/v2\/product_tag?post=2294"}],"curies":[{"name":"wp","href":"https:\/\/api.w.org\/{rel}","templated":true}]}}