{"id":2274,"date":"2025-03-26T13:21:02","date_gmt":"2025-03-26T11:21:02","guid":{"rendered":"https:\/\/hypnos.ee\/toode\/jousipatja-luna\/"},"modified":"2025-03-26T13:21:02","modified_gmt":"2025-03-26T11:21:02","slug":"jousipatja-luna","status":"publish","type":"product","link":"https:\/\/hypnos.ee\/fi\/tuote\/jousipatja-luna\/","title":{"rendered":"Jousipatja Luna"},"content":{"rendered":"","protected":false},"excerpt":{"rendered":"<p data-key=\"W07N9\" data-pm-slice=\"1 1 []\"><strong>Hiljainen, sujuva ja anatominen.<\/strong><\/p>\n<p data-key=\"jFDFt\">T\u00e4m\u00e4 patja on suunniteltu tarjoamaan juuri sinulle sopivaa mukavuutta.<\/p>\n<p data-key=\"osS9s\">Lunasta on saatavana nelj\u00e4 eri j\u00e4ykkyytt\u00e4 jousilangan halkaisijasta riippuen (1,8 mm \/ 1,9 mm \/ 2,0 mm \/ 2,1 mm), joten voit l\u00f6yt\u00e4\u00e4 juuri tarvitsemasi tuen ja tuntuman.<\/p>\n<p data-key=\"TX77P\">Taskujousitus reagoi yksil\u00f6llisesti kehon painoon ja liikkeisiin ja tarjoaa tasaisen tuen koko y\u00f6n ajan. Kaksi erilaista untuvakerrosta tarjoaa lis\u00e4mukavuutta, ja sivuilla oleva vahvistuselementti pit\u00e4\u00e4 patjan muodossa. <\/p>\n<p data-key=\"HHCeo\">Luna-patjalla on kaksipuolinen k\u00e4ytt\u00f6. Toisella puolella on villakerros &#8211; t\u00e4ydellinen kylmemp\u00e4\u00e4n vuodenaikaan. Toinen puoli puuvillaa, joka on viile\u00e4mpi ja hengitt\u00e4v\u00e4mpi l\u00e4mpim\u00e4mpi\u00e4 vuodenaikoja varten.  <\/p>\n<p data-key=\"HHCeo\">Silver Protect -k\u00e4sittely suojaa p\u00f6lypunkkeja ja bakteereja vastaan ja sopii my\u00f6s allergikoille.<\/p>\n<p>&nbsp;<\/p>\n","protected":false},"featured_media":2275,"comment_status":"closed","ping_status":"closed","template":"","meta":{"_acf_changed":false},"product_brand":[],"product_cat":[114],"product_tag":[],"class_list":{"0":"post-2274","1":"product","2":"type-product","3":"status-publish","4":"has-post-thumbnail","6":"product_cat-joustinpatjat","8":"first","9":"instock","10":"shipping-taxable","11":"product-type-simple"},"acf":[],"yoast_head":"<!-- This site is optimized with the Yoast SEO Premium plugin v26.0 (Yoast SEO v26.0) - https:\/\/yoast.com\/wordpress\/plugins\/seo\/ -->\n<title>Jousipatja Luna - Hypnos<\/title>\n<meta name=\"robots\" content=\"index, follow, max-snippet:-1, max-image-preview:large, max-video-preview:-1\" \/>\n<link rel=\"canonical\" href=\"https:\/\/hypnos.ee\/fi\/tuote\/jousipatja-luna\/\" \/>\n<meta property=\"og:locale\" content=\"fi_FI\" \/>\n<meta property=\"og:type\" content=\"article\" \/>\n<meta property=\"og:title\" content=\"Jousipatja Luna\" \/>\n<meta property=\"og:description\" content=\"Hiljainen, sujuva ja anatominen. T\u00e4m\u00e4 patja on suunniteltu tarjoamaan juuri sinulle sopivaa mukavuutta. Lunasta on saatavana nelj\u00e4 eri j\u00e4ykkyytt\u00e4 jousilangan halkaisijasta riippuen (1,8 mm \/ 1,9 mm \/ 2,0 mm \/ 2,1 mm), joten voit l\u00f6yt\u00e4\u00e4 juuri tarvitsemasi tuen ja tuntuman. Taskujousitus reagoi yksil\u00f6llisesti kehon painoon ja liikkeisiin ja tarjoaa tasaisen tuen koko y\u00f6n ajan. Kaksi erilaista untuvakerrosta tarjoaa lis\u00e4mukavuutta, ja sivuilla oleva vahvistuselementti pit\u00e4\u00e4 patjan muodossa. Luna-patjalla on kaksipuolinen k\u00e4ytt\u00f6. Toisella puolella on villakerros - t\u00e4ydellinen kylmemp\u00e4\u00e4n vuodenaikaan. Toinen puoli puuvillaa, joka on viile\u00e4mpi ja hengitt\u00e4v\u00e4mpi l\u00e4mpim\u00e4mpi\u00e4 vuodenaikoja varten.  Silver Protect -k\u00e4sittely suojaa p\u00f6lypunkkeja ja bakteereja vastaan ja sopii my\u00f6s allergikoille. &nbsp;\" \/>\n<meta property=\"og:url\" content=\"https:\/\/hypnos.ee\/fi\/tuote\/jousipatja-luna\/\" \/>\n<meta property=\"og:site_name\" content=\"Hypnos\" \/>\n<meta property=\"og:image\" content=\"https:\/\/hypnos.ee\/wp-content\/uploads\/2025\/03\/luna-vedrumadrats_f_1_590_1.jpg\" \/>\n\t<meta property=\"og:image:width\" content=\"590\" \/>\n\t<meta property=\"og:image:height\" content=\"272\" \/>\n\t<meta property=\"og:image:type\" content=\"image\/jpeg\" \/>\n<meta name=\"twitter:card\" content=\"summary_large_image\" \/>\n<script type=\"application\/ld+json\" class=\"yoast-schema-graph\">{\"@context\":\"https:\/\/schema.org\",\"@graph\":[{\"@type\":\"WebPage\",\"@id\":\"https:\/\/hypnos.ee\/fi\/tuote\/jousipatja-luna\/\",\"url\":\"https:\/\/hypnos.ee\/fi\/tuote\/jousipatja-luna\/\",\"name\":\"Jousipatja Luna - Hypnos\",\"isPartOf\":{\"@id\":\"https:\/\/hypnos.ee\/fi\/#website\"},\"primaryImageOfPage\":{\"@id\":\"https:\/\/hypnos.ee\/fi\/tuote\/jousipatja-luna\/#primaryimage\"},\"image\":{\"@id\":\"https:\/\/hypnos.ee\/fi\/tuote\/jousipatja-luna\/#primaryimage\"},\"thumbnailUrl\":\"https:\/\/hypnos.ee\/wp-content\/uploads\/2025\/03\/luna-vedrumadrats_f_1_590_1.jpg\",\"datePublished\":\"2025-03-26T11:21:02+00:00\",\"breadcrumb\":{\"@id\":\"https:\/\/hypnos.ee\/fi\/tuote\/jousipatja-luna\/#breadcrumb\"},\"inLanguage\":\"fi\",\"potentialAction\":[{\"@type\":\"ReadAction\",\"target\":[\"https:\/\/hypnos.ee\/fi\/tuote\/jousipatja-luna\/\"]}]},{\"@type\":\"ImageObject\",\"inLanguage\":\"fi\",\"@id\":\"https:\/\/hypnos.ee\/fi\/tuote\/jousipatja-luna\/#primaryimage\",\"url\":\"https:\/\/hypnos.ee\/wp-content\/uploads\/2025\/03\/luna-vedrumadrats_f_1_590_1.jpg\",\"contentUrl\":\"https:\/\/hypnos.ee\/wp-content\/uploads\/2025\/03\/luna-vedrumadrats_f_1_590_1.jpg\",\"width\":590,\"height\":272},{\"@type\":\"BreadcrumbList\",\"@id\":\"https:\/\/hypnos.ee\/fi\/tuote\/jousipatja-luna\/#breadcrumb\",\"itemListElement\":[{\"@type\":\"ListItem\",\"position\":1,\"name\":\"Home\",\"item\":\"https:\/\/hypnos.ee\/fi\/\"},{\"@type\":\"ListItem\",\"position\":2,\"name\":\"Tuotteet\",\"item\":\"https:\/\/hypnos.ee\/tooted\/\"},{\"@type\":\"ListItem\",\"position\":3,\"name\":\"Jousipatja Luna\"}]},{\"@type\":\"WebSite\",\"@id\":\"https:\/\/hypnos.ee\/fi\/#website\",\"url\":\"https:\/\/hypnos.ee\/fi\/\",\"name\":\"Hypnos\",\"description\":\"T\u00f5stame unekogemust\",\"publisher\":{\"@id\":\"https:\/\/hypnos.ee\/fi\/#organization\"},\"potentialAction\":[{\"@type\":\"SearchAction\",\"target\":{\"@type\":\"EntryPoint\",\"urlTemplate\":\"https:\/\/hypnos.ee\/fi\/?s={search_term_string}\"},\"query-input\":{\"@type\":\"PropertyValueSpecification\",\"valueRequired\":true,\"valueName\":\"search_term_string\"}}],\"inLanguage\":\"fi\"},{\"@type\":\"Organization\",\"@id\":\"https:\/\/hypnos.ee\/fi\/#organization\",\"name\":\"Hypnos\",\"url\":\"https:\/\/hypnos.ee\/fi\/\",\"logo\":{\"@type\":\"ImageObject\",\"inLanguage\":\"fi\",\"@id\":\"https:\/\/hypnos.ee\/fi\/#\/schema\/logo\/image\/\",\"url\":\"https:\/\/hypnos.ee\/wp-content\/uploads\/2025\/06\/cropped-Hypnos-fa.png\",\"contentUrl\":\"https:\/\/hypnos.ee\/wp-content\/uploads\/2025\/06\/cropped-Hypnos-fa.png\",\"width\":512,\"height\":512,\"caption\":\"Hypnos\"},\"image\":{\"@id\":\"https:\/\/hypnos.ee\/fi\/#\/schema\/logo\/image\/\"}}]}<\/script>\n<!-- \/ Yoast SEO Premium plugin. -->","yoast_head_json":{"title":"Jousipatja Luna - Hypnos","robots":{"index":"index","follow":"follow","max-snippet":"max-snippet:-1","max-image-preview":"max-image-preview:large","max-video-preview":"max-video-preview:-1"},"canonical":"https:\/\/hypnos.ee\/fi\/tuote\/jousipatja-luna\/","og_locale":"fi_FI","og_type":"article","og_title":"Jousipatja Luna","og_description":"Hiljainen, sujuva ja anatominen. T\u00e4m\u00e4 patja on suunniteltu tarjoamaan juuri sinulle sopivaa mukavuutta. Lunasta on saatavana nelj\u00e4 eri j\u00e4ykkyytt\u00e4 jousilangan halkaisijasta riippuen (1,8 mm \/ 1,9 mm \/ 2,0 mm \/ 2,1 mm), joten voit l\u00f6yt\u00e4\u00e4 juuri tarvitsemasi tuen ja tuntuman. Taskujousitus reagoi yksil\u00f6llisesti kehon painoon ja liikkeisiin ja tarjoaa tasaisen tuen koko y\u00f6n ajan. Kaksi erilaista untuvakerrosta tarjoaa lis\u00e4mukavuutta, ja sivuilla oleva vahvistuselementti pit\u00e4\u00e4 patjan muodossa. Luna-patjalla on kaksipuolinen k\u00e4ytt\u00f6. Toisella puolella on villakerros - t\u00e4ydellinen kylmemp\u00e4\u00e4n vuodenaikaan. Toinen puoli puuvillaa, joka on viile\u00e4mpi ja hengitt\u00e4v\u00e4mpi l\u00e4mpim\u00e4mpi\u00e4 vuodenaikoja varten.  Silver Protect -k\u00e4sittely suojaa p\u00f6lypunkkeja ja bakteereja vastaan ja sopii my\u00f6s allergikoille. &nbsp;","og_url":"https:\/\/hypnos.ee\/fi\/tuote\/jousipatja-luna\/","og_site_name":"Hypnos","og_image":[{"width":590,"height":272,"url":"https:\/\/hypnos.ee\/wp-content\/uploads\/2025\/03\/luna-vedrumadrats_f_1_590_1.jpg","type":"image\/jpeg"}],"twitter_card":"summary_large_image","schema":{"@context":"https:\/\/schema.org","@graph":[{"@type":"WebPage","@id":"https:\/\/hypnos.ee\/fi\/tuote\/jousipatja-luna\/","url":"https:\/\/hypnos.ee\/fi\/tuote\/jousipatja-luna\/","name":"Jousipatja Luna - Hypnos","isPartOf":{"@id":"https:\/\/hypnos.ee\/fi\/#website"},"primaryImageOfPage":{"@id":"https:\/\/hypnos.ee\/fi\/tuote\/jousipatja-luna\/#primaryimage"},"image":{"@id":"https:\/\/hypnos.ee\/fi\/tuote\/jousipatja-luna\/#primaryimage"},"thumbnailUrl":"https:\/\/hypnos.ee\/wp-content\/uploads\/2025\/03\/luna-vedrumadrats_f_1_590_1.jpg","datePublished":"2025-03-26T11:21:02+00:00","breadcrumb":{"@id":"https:\/\/hypnos.ee\/fi\/tuote\/jousipatja-luna\/#breadcrumb"},"inLanguage":"fi","potentialAction":[{"@type":"ReadAction","target":["https:\/\/hypnos.ee\/fi\/tuote\/jousipatja-luna\/"]}]},{"@type":"ImageObject","inLanguage":"fi","@id":"https:\/\/hypnos.ee\/fi\/tuote\/jousipatja-luna\/#primaryimage","url":"https:\/\/hypnos.ee\/wp-content\/uploads\/2025\/03\/luna-vedrumadrats_f_1_590_1.jpg","contentUrl":"https:\/\/hypnos.ee\/wp-content\/uploads\/2025\/03\/luna-vedrumadrats_f_1_590_1.jpg","width":590,"height":272},{"@type":"BreadcrumbList","@id":"https:\/\/hypnos.ee\/fi\/tuote\/jousipatja-luna\/#breadcrumb","itemListElement":[{"@type":"ListItem","position":1,"name":"Home","item":"https:\/\/hypnos.ee\/fi\/"},{"@type":"ListItem","position":2,"name":"Tuotteet","item":"https:\/\/hypnos.ee\/tooted\/"},{"@type":"ListItem","position":3,"name":"Jousipatja Luna"}]},{"@type":"WebSite","@id":"https:\/\/hypnos.ee\/fi\/#website","url":"https:\/\/hypnos.ee\/fi\/","name":"Hypnos","description":"T\u00f5stame unekogemust","publisher":{"@id":"https:\/\/hypnos.ee\/fi\/#organization"},"potentialAction":[{"@type":"SearchAction","target":{"@type":"EntryPoint","urlTemplate":"https:\/\/hypnos.ee\/fi\/?s={search_term_string}"},"query-input":{"@type":"PropertyValueSpecification","valueRequired":true,"valueName":"search_term_string"}}],"inLanguage":"fi"},{"@type":"Organization","@id":"https:\/\/hypnos.ee\/fi\/#organization","name":"Hypnos","url":"https:\/\/hypnos.ee\/fi\/","logo":{"@type":"ImageObject","inLanguage":"fi","@id":"https:\/\/hypnos.ee\/fi\/#\/schema\/logo\/image\/","url":"https:\/\/hypnos.ee\/wp-content\/uploads\/2025\/06\/cropped-Hypnos-fa.png","contentUrl":"https:\/\/hypnos.ee\/wp-content\/uploads\/2025\/06\/cropped-Hypnos-fa.png","width":512,"height":512,"caption":"Hypnos"},"image":{"@id":"https:\/\/hypnos.ee\/fi\/#\/schema\/logo\/image\/"}}]}},"_links":{"self":[{"href":"https:\/\/hypnos.ee\/fi\/wp-json\/wp\/v2\/product\/2274","targetHints":{"allow":["GET"]}}],"collection":[{"href":"https:\/\/hypnos.ee\/fi\/wp-json\/wp\/v2\/product"}],"about":[{"href":"https:\/\/hypnos.ee\/fi\/wp-json\/wp\/v2\/types\/product"}],"replies":[{"embeddable":true,"href":"https:\/\/hypnos.ee\/fi\/wp-json\/wp\/v2\/comments?post=2274"}],"wp:featuredmedia":[{"embeddable":true,"href":"https:\/\/hypnos.ee\/fi\/wp-json\/wp\/v2\/media\/2275"}],"wp:attachment":[{"href":"https:\/\/hypnos.ee\/fi\/wp-json\/wp\/v2\/media?parent=2274"}],"wp:term":[{"taxonomy":"product_brand","embeddable":true,"href":"https:\/\/hypnos.ee\/fi\/wp-json\/wp\/v2\/product_brand?post=2274"},{"taxonomy":"product_cat","embeddable":true,"href":"https:\/\/hypnos.ee\/fi\/wp-json\/wp\/v2\/product_cat?post=2274"},{"taxonomy":"product_tag","embeddable":true,"href":"https:\/\/hypnos.ee\/fi\/wp-json\/wp\/v2\/product_tag?post=2274"}],"curies":[{"name":"wp","href":"https:\/\/api.w.org\/{rel}","templated":true}]}}