{"id":2238,"date":"2025-03-26T13:29:50","date_gmt":"2025-03-26T11:29:50","guid":{"rendered":"https:\/\/hypnos.ee\/toode\/vedrumadrat-aphrodite\/"},"modified":"2025-03-26T13:29:50","modified_gmt":"2025-03-26T11:29:50","slug":"vedrumadrat-aphrodite","status":"publish","type":"product","link":"https:\/\/hypnos.ee\/fi\/tuote\/vedrumadrat-aphrodite\/","title":{"rendered":"Vedrumadrat Aphrodite"},"content":{"rendered":"","protected":false},"excerpt":{"rendered":"<p data-key=\"SWwwr\"><strong>Maksimaalinen vakaus ja j\u00e4ykkyys.<\/strong><\/p>\n<p data-key=\"KtDqT\">Aphrodite on vahva ja j\u00e4ykk\u00e4 patja, jonka sis\u00e4ll\u00e4 on <strong>hunajakennomainen taskujousi<\/strong>, joka liikkuu vain yl\u00f6s- ja alasp\u00e4in, mik\u00e4 takaa parhaan mahdollisen vakauden, est\u00e4\u00e4 jousen liikkumisen sivusuunnassa ja pit\u00e4\u00e4 patjan kunnossa. T\u00e4m\u00e4 ratkaisu on ihanteellinen painavammille ihmisille ja niille, jotka arvostavat eritt\u00e4in tukevaa asentoa. <\/p>\n<p data-key=\"XKYXe\">Patja on kaksipuoleinen, ja se on vuorattu molemmin puolin 3 cm:n luonnonlateksilla, joka lis\u00e4\u00e4 joustavuutta ja hengitt\u00e4vyytt\u00e4. Kangas on k\u00e4sitelty <strong>Silver Protect<\/strong> -kerroksella, joka antaa antibakteerisen suojan ja jolla on sieni\u00e4 ehk\u00e4isevi\u00e4 ominaisuuksia. <\/p>\n","protected":false},"featured_media":2239,"comment_status":"closed","ping_status":"closed","template":"","meta":{"_acf_changed":false},"product_brand":[],"product_cat":[114],"product_tag":[],"class_list":{"0":"post-2238","1":"product","2":"type-product","3":"status-publish","4":"has-post-thumbnail","6":"product_cat-joustinpatjat","8":"first","9":"instock","10":"shipping-taxable","11":"product-type-simple"},"acf":[],"yoast_head":"<!-- This site is optimized with the Yoast SEO Premium plugin v26.0 (Yoast SEO v26.0) - https:\/\/yoast.com\/wordpress\/plugins\/seo\/ -->\n<title>Vedrumadrat Aphrodite - Hypnos<\/title>\n<meta name=\"robots\" content=\"index, follow, max-snippet:-1, max-image-preview:large, max-video-preview:-1\" \/>\n<link rel=\"canonical\" href=\"https:\/\/hypnos.ee\/fi\/tuote\/vedrumadrat-aphrodite\/\" \/>\n<meta property=\"og:locale\" content=\"fi_FI\" \/>\n<meta property=\"og:type\" content=\"article\" \/>\n<meta property=\"og:title\" content=\"Vedrumadrat Aphrodite\" \/>\n<meta property=\"og:description\" content=\"Maksimaalinen vakaus ja j\u00e4ykkyys. Aphrodite on vahva ja j\u00e4ykk\u00e4 patja, jonka sis\u00e4ll\u00e4 on hunajakennomainen taskujousi, joka liikkuu vain yl\u00f6s- ja alasp\u00e4in, mik\u00e4 takaa parhaan mahdollisen vakauden, est\u00e4\u00e4 jousen liikkumisen sivusuunnassa ja pit\u00e4\u00e4 patjan kunnossa. T\u00e4m\u00e4 ratkaisu on ihanteellinen painavammille ihmisille ja niille, jotka arvostavat eritt\u00e4in tukevaa asentoa. Patja on kaksipuoleinen, ja se on vuorattu molemmin puolin 3 cm:n luonnonlateksilla, joka lis\u00e4\u00e4 joustavuutta ja hengitt\u00e4vyytt\u00e4. Kangas on k\u00e4sitelty Silver Protect -kerroksella, joka antaa antibakteerisen suojan ja jolla on sieni\u00e4 ehk\u00e4isevi\u00e4 ominaisuuksia.\" \/>\n<meta property=\"og:url\" content=\"https:\/\/hypnos.ee\/fi\/tuote\/vedrumadrat-aphrodite\/\" \/>\n<meta property=\"og:site_name\" content=\"Hypnos\" \/>\n<meta property=\"og:image\" content=\"https:\/\/hypnos.ee\/wp-content\/uploads\/2025\/03\/Aphrodite-vedrumadrats_f_1_590_1.jpg\" \/>\n\t<meta property=\"og:image:width\" content=\"590\" \/>\n\t<meta property=\"og:image:height\" content=\"287\" \/>\n\t<meta property=\"og:image:type\" content=\"image\/jpeg\" \/>\n<meta name=\"twitter:card\" content=\"summary_large_image\" \/>\n<script type=\"application\/ld+json\" class=\"yoast-schema-graph\">{\"@context\":\"https:\/\/schema.org\",\"@graph\":[{\"@type\":\"WebPage\",\"@id\":\"https:\/\/hypnos.ee\/fi\/tuote\/vedrumadrat-aphrodite\/\",\"url\":\"https:\/\/hypnos.ee\/fi\/tuote\/vedrumadrat-aphrodite\/\",\"name\":\"Vedrumadrat Aphrodite - Hypnos\",\"isPartOf\":{\"@id\":\"https:\/\/hypnos.ee\/fi\/#website\"},\"primaryImageOfPage\":{\"@id\":\"https:\/\/hypnos.ee\/fi\/tuote\/vedrumadrat-aphrodite\/#primaryimage\"},\"image\":{\"@id\":\"https:\/\/hypnos.ee\/fi\/tuote\/vedrumadrat-aphrodite\/#primaryimage\"},\"thumbnailUrl\":\"https:\/\/hypnos.ee\/wp-content\/uploads\/2025\/03\/Aphrodite-vedrumadrats_f_1_590_1.jpg\",\"datePublished\":\"2025-03-26T11:29:50+00:00\",\"breadcrumb\":{\"@id\":\"https:\/\/hypnos.ee\/fi\/tuote\/vedrumadrat-aphrodite\/#breadcrumb\"},\"inLanguage\":\"fi\",\"potentialAction\":[{\"@type\":\"ReadAction\",\"target\":[\"https:\/\/hypnos.ee\/fi\/tuote\/vedrumadrat-aphrodite\/\"]}]},{\"@type\":\"ImageObject\",\"inLanguage\":\"fi\",\"@id\":\"https:\/\/hypnos.ee\/fi\/tuote\/vedrumadrat-aphrodite\/#primaryimage\",\"url\":\"https:\/\/hypnos.ee\/wp-content\/uploads\/2025\/03\/Aphrodite-vedrumadrats_f_1_590_1.jpg\",\"contentUrl\":\"https:\/\/hypnos.ee\/wp-content\/uploads\/2025\/03\/Aphrodite-vedrumadrats_f_1_590_1.jpg\",\"width\":590,\"height\":287},{\"@type\":\"BreadcrumbList\",\"@id\":\"https:\/\/hypnos.ee\/fi\/tuote\/vedrumadrat-aphrodite\/#breadcrumb\",\"itemListElement\":[{\"@type\":\"ListItem\",\"position\":1,\"name\":\"Home\",\"item\":\"https:\/\/hypnos.ee\/fi\/\"},{\"@type\":\"ListItem\",\"position\":2,\"name\":\"Tuotteet\",\"item\":\"https:\/\/hypnos.ee\/tooted\/\"},{\"@type\":\"ListItem\",\"position\":3,\"name\":\"Vedrumadrat Aphrodite\"}]},{\"@type\":\"WebSite\",\"@id\":\"https:\/\/hypnos.ee\/fi\/#website\",\"url\":\"https:\/\/hypnos.ee\/fi\/\",\"name\":\"Hypnos\",\"description\":\"T\u00f5stame unekogemust\",\"publisher\":{\"@id\":\"https:\/\/hypnos.ee\/fi\/#organization\"},\"potentialAction\":[{\"@type\":\"SearchAction\",\"target\":{\"@type\":\"EntryPoint\",\"urlTemplate\":\"https:\/\/hypnos.ee\/fi\/?s={search_term_string}\"},\"query-input\":{\"@type\":\"PropertyValueSpecification\",\"valueRequired\":true,\"valueName\":\"search_term_string\"}}],\"inLanguage\":\"fi\"},{\"@type\":\"Organization\",\"@id\":\"https:\/\/hypnos.ee\/fi\/#organization\",\"name\":\"Hypnos\",\"url\":\"https:\/\/hypnos.ee\/fi\/\",\"logo\":{\"@type\":\"ImageObject\",\"inLanguage\":\"fi\",\"@id\":\"https:\/\/hypnos.ee\/fi\/#\/schema\/logo\/image\/\",\"url\":\"https:\/\/hypnos.ee\/wp-content\/uploads\/2025\/06\/cropped-Hypnos-fa.png\",\"contentUrl\":\"https:\/\/hypnos.ee\/wp-content\/uploads\/2025\/06\/cropped-Hypnos-fa.png\",\"width\":512,\"height\":512,\"caption\":\"Hypnos\"},\"image\":{\"@id\":\"https:\/\/hypnos.ee\/fi\/#\/schema\/logo\/image\/\"}}]}<\/script>\n<!-- \/ Yoast SEO Premium plugin. -->","yoast_head_json":{"title":"Vedrumadrat Aphrodite - Hypnos","robots":{"index":"index","follow":"follow","max-snippet":"max-snippet:-1","max-image-preview":"max-image-preview:large","max-video-preview":"max-video-preview:-1"},"canonical":"https:\/\/hypnos.ee\/fi\/tuote\/vedrumadrat-aphrodite\/","og_locale":"fi_FI","og_type":"article","og_title":"Vedrumadrat Aphrodite","og_description":"Maksimaalinen vakaus ja j\u00e4ykkyys. Aphrodite on vahva ja j\u00e4ykk\u00e4 patja, jonka sis\u00e4ll\u00e4 on hunajakennomainen taskujousi, joka liikkuu vain yl\u00f6s- ja alasp\u00e4in, mik\u00e4 takaa parhaan mahdollisen vakauden, est\u00e4\u00e4 jousen liikkumisen sivusuunnassa ja pit\u00e4\u00e4 patjan kunnossa. T\u00e4m\u00e4 ratkaisu on ihanteellinen painavammille ihmisille ja niille, jotka arvostavat eritt\u00e4in tukevaa asentoa. Patja on kaksipuoleinen, ja se on vuorattu molemmin puolin 3 cm:n luonnonlateksilla, joka lis\u00e4\u00e4 joustavuutta ja hengitt\u00e4vyytt\u00e4. Kangas on k\u00e4sitelty Silver Protect -kerroksella, joka antaa antibakteerisen suojan ja jolla on sieni\u00e4 ehk\u00e4isevi\u00e4 ominaisuuksia.","og_url":"https:\/\/hypnos.ee\/fi\/tuote\/vedrumadrat-aphrodite\/","og_site_name":"Hypnos","og_image":[{"width":590,"height":287,"url":"https:\/\/hypnos.ee\/wp-content\/uploads\/2025\/03\/Aphrodite-vedrumadrats_f_1_590_1.jpg","type":"image\/jpeg"}],"twitter_card":"summary_large_image","schema":{"@context":"https:\/\/schema.org","@graph":[{"@type":"WebPage","@id":"https:\/\/hypnos.ee\/fi\/tuote\/vedrumadrat-aphrodite\/","url":"https:\/\/hypnos.ee\/fi\/tuote\/vedrumadrat-aphrodite\/","name":"Vedrumadrat Aphrodite - Hypnos","isPartOf":{"@id":"https:\/\/hypnos.ee\/fi\/#website"},"primaryImageOfPage":{"@id":"https:\/\/hypnos.ee\/fi\/tuote\/vedrumadrat-aphrodite\/#primaryimage"},"image":{"@id":"https:\/\/hypnos.ee\/fi\/tuote\/vedrumadrat-aphrodite\/#primaryimage"},"thumbnailUrl":"https:\/\/hypnos.ee\/wp-content\/uploads\/2025\/03\/Aphrodite-vedrumadrats_f_1_590_1.jpg","datePublished":"2025-03-26T11:29:50+00:00","breadcrumb":{"@id":"https:\/\/hypnos.ee\/fi\/tuote\/vedrumadrat-aphrodite\/#breadcrumb"},"inLanguage":"fi","potentialAction":[{"@type":"ReadAction","target":["https:\/\/hypnos.ee\/fi\/tuote\/vedrumadrat-aphrodite\/"]}]},{"@type":"ImageObject","inLanguage":"fi","@id":"https:\/\/hypnos.ee\/fi\/tuote\/vedrumadrat-aphrodite\/#primaryimage","url":"https:\/\/hypnos.ee\/wp-content\/uploads\/2025\/03\/Aphrodite-vedrumadrats_f_1_590_1.jpg","contentUrl":"https:\/\/hypnos.ee\/wp-content\/uploads\/2025\/03\/Aphrodite-vedrumadrats_f_1_590_1.jpg","width":590,"height":287},{"@type":"BreadcrumbList","@id":"https:\/\/hypnos.ee\/fi\/tuote\/vedrumadrat-aphrodite\/#breadcrumb","itemListElement":[{"@type":"ListItem","position":1,"name":"Home","item":"https:\/\/hypnos.ee\/fi\/"},{"@type":"ListItem","position":2,"name":"Tuotteet","item":"https:\/\/hypnos.ee\/tooted\/"},{"@type":"ListItem","position":3,"name":"Vedrumadrat Aphrodite"}]},{"@type":"WebSite","@id":"https:\/\/hypnos.ee\/fi\/#website","url":"https:\/\/hypnos.ee\/fi\/","name":"Hypnos","description":"T\u00f5stame unekogemust","publisher":{"@id":"https:\/\/hypnos.ee\/fi\/#organization"},"potentialAction":[{"@type":"SearchAction","target":{"@type":"EntryPoint","urlTemplate":"https:\/\/hypnos.ee\/fi\/?s={search_term_string}"},"query-input":{"@type":"PropertyValueSpecification","valueRequired":true,"valueName":"search_term_string"}}],"inLanguage":"fi"},{"@type":"Organization","@id":"https:\/\/hypnos.ee\/fi\/#organization","name":"Hypnos","url":"https:\/\/hypnos.ee\/fi\/","logo":{"@type":"ImageObject","inLanguage":"fi","@id":"https:\/\/hypnos.ee\/fi\/#\/schema\/logo\/image\/","url":"https:\/\/hypnos.ee\/wp-content\/uploads\/2025\/06\/cropped-Hypnos-fa.png","contentUrl":"https:\/\/hypnos.ee\/wp-content\/uploads\/2025\/06\/cropped-Hypnos-fa.png","width":512,"height":512,"caption":"Hypnos"},"image":{"@id":"https:\/\/hypnos.ee\/fi\/#\/schema\/logo\/image\/"}}]}},"_links":{"self":[{"href":"https:\/\/hypnos.ee\/fi\/wp-json\/wp\/v2\/product\/2238","targetHints":{"allow":["GET"]}}],"collection":[{"href":"https:\/\/hypnos.ee\/fi\/wp-json\/wp\/v2\/product"}],"about":[{"href":"https:\/\/hypnos.ee\/fi\/wp-json\/wp\/v2\/types\/product"}],"replies":[{"embeddable":true,"href":"https:\/\/hypnos.ee\/fi\/wp-json\/wp\/v2\/comments?post=2238"}],"wp:featuredmedia":[{"embeddable":true,"href":"https:\/\/hypnos.ee\/fi\/wp-json\/wp\/v2\/media\/2239"}],"wp:attachment":[{"href":"https:\/\/hypnos.ee\/fi\/wp-json\/wp\/v2\/media?parent=2238"}],"wp:term":[{"taxonomy":"product_brand","embeddable":true,"href":"https:\/\/hypnos.ee\/fi\/wp-json\/wp\/v2\/product_brand?post=2238"},{"taxonomy":"product_cat","embeddable":true,"href":"https:\/\/hypnos.ee\/fi\/wp-json\/wp\/v2\/product_cat?post=2238"},{"taxonomy":"product_tag","embeddable":true,"href":"https:\/\/hypnos.ee\/fi\/wp-json\/wp\/v2\/product_tag?post=2238"}],"curies":[{"name":"wp","href":"https:\/\/api.w.org\/{rel}","templated":true}]}}