{"id":2233,"date":"2025-03-26T14:45:43","date_gmt":"2025-03-26T12:45:43","guid":{"rendered":"https:\/\/hypnos.ee\/toode\/comfort-jupiter-continental-vuode\/"},"modified":"2025-03-26T14:45:43","modified_gmt":"2025-03-26T12:45:43","slug":"comfort-jupiter-continental-vuode","status":"publish","type":"product","link":"https:\/\/hypnos.ee\/fi\/tuote\/comfort-jupiter-continental-vuode\/","title":{"rendered":"Comfort Jupiter continental -vuode"},"content":{"rendered":"","protected":false},"excerpt":{"rendered":"<p data-key=\"GYAha\"><strong>Maksimaalinen tuki ja hengitt\u00e4v\u00e4 mukavuus kaikissa nukkuma-asennoissa.<\/strong><\/p>\n<p data-key=\"6sWbA\">Comfort Jupiter on suunniteltu niille, jotka haluavat tinkim\u00e4t\u00f6nt\u00e4 mukavuutta ja tukea.<\/p>\n<p data-key=\"shYVD\">Koko setti koostuu vahvistetuista bonnell-jousis\u00e4ngyist\u00e4, 5-taskun jousipatjasta ja lateksipatjan suojasta.<\/p>\n<p data-key=\"KX2nB\">Patjan p\u00e4\u00e4llisess\u00e4 on tuuletuskanavat, jotka takaavat erinomaisen ilmankierron ja kosteuden siirtymisen.<br \/>\nKaikki pinnat on viimeistelty verhoilukankaalla tai keinonahalla, ja voit valita s\u00e4ngynp\u00e4\u00e4dyn tyyliisi sopivaksi.<\/p>\n","protected":false},"featured_media":2234,"comment_status":"closed","ping_status":"closed","template":"","meta":{"_acf_changed":false},"product_brand":[],"product_cat":[111],"product_tag":[],"class_list":{"0":"post-2233","1":"product","2":"type-product","3":"status-publish","4":"has-post-thumbnail","6":"product_cat-mannermaiset-sangyt","8":"first","9":"instock","10":"shipping-taxable","11":"product-type-simple"},"acf":[],"yoast_head":"<!-- This site is optimized with the Yoast SEO Premium plugin v26.0 (Yoast SEO v26.0) - https:\/\/yoast.com\/wordpress\/plugins\/seo\/ -->\n<title>Comfort Jupiter continental -vuode - Hypnos<\/title>\n<meta name=\"robots\" content=\"index, follow, max-snippet:-1, max-image-preview:large, max-video-preview:-1\" \/>\n<link rel=\"canonical\" href=\"https:\/\/hypnos.ee\/fi\/tuote\/comfort-jupiter-continental-vuode\/\" \/>\n<meta property=\"og:locale\" content=\"fi_FI\" \/>\n<meta property=\"og:type\" content=\"article\" \/>\n<meta property=\"og:title\" content=\"Comfort Jupiter continental -vuode\" \/>\n<meta property=\"og:description\" content=\"Maksimaalinen tuki ja hengitt\u00e4v\u00e4 mukavuus kaikissa nukkuma-asennoissa. Comfort Jupiter on suunniteltu niille, jotka haluavat tinkim\u00e4t\u00f6nt\u00e4 mukavuutta ja tukea. Koko setti koostuu vahvistetuista bonnell-jousis\u00e4ngyist\u00e4, 5-taskun jousipatjasta ja lateksipatjan suojasta. Patjan p\u00e4\u00e4llisess\u00e4 on tuuletuskanavat, jotka takaavat erinomaisen ilmankierron ja kosteuden siirtymisen. Kaikki pinnat on viimeistelty verhoilukankaalla tai keinonahalla, ja voit valita s\u00e4ngynp\u00e4\u00e4dyn tyyliisi sopivaksi.\" \/>\n<meta property=\"og:url\" content=\"https:\/\/hypnos.ee\/fi\/tuote\/comfort-jupiter-continental-vuode\/\" \/>\n<meta property=\"og:site_name\" content=\"Hypnos\" \/>\n<meta property=\"og:image\" content=\"https:\/\/hypnos.ee\/wp-content\/uploads\/2025\/03\/comfort-jupiter_f_1_590_1.jpg\" \/>\n\t<meta property=\"og:image:width\" content=\"590\" \/>\n\t<meta property=\"og:image:height\" content=\"394\" \/>\n\t<meta property=\"og:image:type\" content=\"image\/jpeg\" \/>\n<meta name=\"twitter:card\" content=\"summary_large_image\" \/>\n<script type=\"application\/ld+json\" class=\"yoast-schema-graph\">{\"@context\":\"https:\/\/schema.org\",\"@graph\":[{\"@type\":\"WebPage\",\"@id\":\"https:\/\/hypnos.ee\/fi\/tuote\/comfort-jupiter-continental-vuode\/\",\"url\":\"https:\/\/hypnos.ee\/fi\/tuote\/comfort-jupiter-continental-vuode\/\",\"name\":\"Comfort Jupiter continental -vuode - Hypnos\",\"isPartOf\":{\"@id\":\"https:\/\/hypnos.ee\/fi\/#website\"},\"primaryImageOfPage\":{\"@id\":\"https:\/\/hypnos.ee\/fi\/tuote\/comfort-jupiter-continental-vuode\/#primaryimage\"},\"image\":{\"@id\":\"https:\/\/hypnos.ee\/fi\/tuote\/comfort-jupiter-continental-vuode\/#primaryimage\"},\"thumbnailUrl\":\"https:\/\/hypnos.ee\/wp-content\/uploads\/2025\/03\/comfort-jupiter_f_1_590_1.jpg\",\"datePublished\":\"2025-03-26T12:45:43+00:00\",\"breadcrumb\":{\"@id\":\"https:\/\/hypnos.ee\/fi\/tuote\/comfort-jupiter-continental-vuode\/#breadcrumb\"},\"inLanguage\":\"fi\",\"potentialAction\":[{\"@type\":\"ReadAction\",\"target\":[\"https:\/\/hypnos.ee\/fi\/tuote\/comfort-jupiter-continental-vuode\/\"]}]},{\"@type\":\"ImageObject\",\"inLanguage\":\"fi\",\"@id\":\"https:\/\/hypnos.ee\/fi\/tuote\/comfort-jupiter-continental-vuode\/#primaryimage\",\"url\":\"https:\/\/hypnos.ee\/wp-content\/uploads\/2025\/03\/comfort-jupiter_f_1_590_1.jpg\",\"contentUrl\":\"https:\/\/hypnos.ee\/wp-content\/uploads\/2025\/03\/comfort-jupiter_f_1_590_1.jpg\",\"width\":590,\"height\":394},{\"@type\":\"BreadcrumbList\",\"@id\":\"https:\/\/hypnos.ee\/fi\/tuote\/comfort-jupiter-continental-vuode\/#breadcrumb\",\"itemListElement\":[{\"@type\":\"ListItem\",\"position\":1,\"name\":\"Home\",\"item\":\"https:\/\/hypnos.ee\/fi\/\"},{\"@type\":\"ListItem\",\"position\":2,\"name\":\"Tuotteet\",\"item\":\"https:\/\/hypnos.ee\/tooted\/\"},{\"@type\":\"ListItem\",\"position\":3,\"name\":\"Comfort Jupiter continental -vuode\"}]},{\"@type\":\"WebSite\",\"@id\":\"https:\/\/hypnos.ee\/fi\/#website\",\"url\":\"https:\/\/hypnos.ee\/fi\/\",\"name\":\"Hypnos\",\"description\":\"T\u00f5stame unekogemust\",\"publisher\":{\"@id\":\"https:\/\/hypnos.ee\/fi\/#organization\"},\"potentialAction\":[{\"@type\":\"SearchAction\",\"target\":{\"@type\":\"EntryPoint\",\"urlTemplate\":\"https:\/\/hypnos.ee\/fi\/?s={search_term_string}\"},\"query-input\":{\"@type\":\"PropertyValueSpecification\",\"valueRequired\":true,\"valueName\":\"search_term_string\"}}],\"inLanguage\":\"fi\"},{\"@type\":\"Organization\",\"@id\":\"https:\/\/hypnos.ee\/fi\/#organization\",\"name\":\"Hypnos\",\"url\":\"https:\/\/hypnos.ee\/fi\/\",\"logo\":{\"@type\":\"ImageObject\",\"inLanguage\":\"fi\",\"@id\":\"https:\/\/hypnos.ee\/fi\/#\/schema\/logo\/image\/\",\"url\":\"https:\/\/hypnos.ee\/wp-content\/uploads\/2025\/06\/cropped-Hypnos-fa.png\",\"contentUrl\":\"https:\/\/hypnos.ee\/wp-content\/uploads\/2025\/06\/cropped-Hypnos-fa.png\",\"width\":512,\"height\":512,\"caption\":\"Hypnos\"},\"image\":{\"@id\":\"https:\/\/hypnos.ee\/fi\/#\/schema\/logo\/image\/\"}}]}<\/script>\n<!-- \/ Yoast SEO Premium plugin. -->","yoast_head_json":{"title":"Comfort Jupiter continental -vuode - Hypnos","robots":{"index":"index","follow":"follow","max-snippet":"max-snippet:-1","max-image-preview":"max-image-preview:large","max-video-preview":"max-video-preview:-1"},"canonical":"https:\/\/hypnos.ee\/fi\/tuote\/comfort-jupiter-continental-vuode\/","og_locale":"fi_FI","og_type":"article","og_title":"Comfort Jupiter continental -vuode","og_description":"Maksimaalinen tuki ja hengitt\u00e4v\u00e4 mukavuus kaikissa nukkuma-asennoissa. Comfort Jupiter on suunniteltu niille, jotka haluavat tinkim\u00e4t\u00f6nt\u00e4 mukavuutta ja tukea. Koko setti koostuu vahvistetuista bonnell-jousis\u00e4ngyist\u00e4, 5-taskun jousipatjasta ja lateksipatjan suojasta. Patjan p\u00e4\u00e4llisess\u00e4 on tuuletuskanavat, jotka takaavat erinomaisen ilmankierron ja kosteuden siirtymisen. Kaikki pinnat on viimeistelty verhoilukankaalla tai keinonahalla, ja voit valita s\u00e4ngynp\u00e4\u00e4dyn tyyliisi sopivaksi.","og_url":"https:\/\/hypnos.ee\/fi\/tuote\/comfort-jupiter-continental-vuode\/","og_site_name":"Hypnos","og_image":[{"width":590,"height":394,"url":"https:\/\/hypnos.ee\/wp-content\/uploads\/2025\/03\/comfort-jupiter_f_1_590_1.jpg","type":"image\/jpeg"}],"twitter_card":"summary_large_image","schema":{"@context":"https:\/\/schema.org","@graph":[{"@type":"WebPage","@id":"https:\/\/hypnos.ee\/fi\/tuote\/comfort-jupiter-continental-vuode\/","url":"https:\/\/hypnos.ee\/fi\/tuote\/comfort-jupiter-continental-vuode\/","name":"Comfort Jupiter continental -vuode - Hypnos","isPartOf":{"@id":"https:\/\/hypnos.ee\/fi\/#website"},"primaryImageOfPage":{"@id":"https:\/\/hypnos.ee\/fi\/tuote\/comfort-jupiter-continental-vuode\/#primaryimage"},"image":{"@id":"https:\/\/hypnos.ee\/fi\/tuote\/comfort-jupiter-continental-vuode\/#primaryimage"},"thumbnailUrl":"https:\/\/hypnos.ee\/wp-content\/uploads\/2025\/03\/comfort-jupiter_f_1_590_1.jpg","datePublished":"2025-03-26T12:45:43+00:00","breadcrumb":{"@id":"https:\/\/hypnos.ee\/fi\/tuote\/comfort-jupiter-continental-vuode\/#breadcrumb"},"inLanguage":"fi","potentialAction":[{"@type":"ReadAction","target":["https:\/\/hypnos.ee\/fi\/tuote\/comfort-jupiter-continental-vuode\/"]}]},{"@type":"ImageObject","inLanguage":"fi","@id":"https:\/\/hypnos.ee\/fi\/tuote\/comfort-jupiter-continental-vuode\/#primaryimage","url":"https:\/\/hypnos.ee\/wp-content\/uploads\/2025\/03\/comfort-jupiter_f_1_590_1.jpg","contentUrl":"https:\/\/hypnos.ee\/wp-content\/uploads\/2025\/03\/comfort-jupiter_f_1_590_1.jpg","width":590,"height":394},{"@type":"BreadcrumbList","@id":"https:\/\/hypnos.ee\/fi\/tuote\/comfort-jupiter-continental-vuode\/#breadcrumb","itemListElement":[{"@type":"ListItem","position":1,"name":"Home","item":"https:\/\/hypnos.ee\/fi\/"},{"@type":"ListItem","position":2,"name":"Tuotteet","item":"https:\/\/hypnos.ee\/tooted\/"},{"@type":"ListItem","position":3,"name":"Comfort Jupiter continental -vuode"}]},{"@type":"WebSite","@id":"https:\/\/hypnos.ee\/fi\/#website","url":"https:\/\/hypnos.ee\/fi\/","name":"Hypnos","description":"T\u00f5stame unekogemust","publisher":{"@id":"https:\/\/hypnos.ee\/fi\/#organization"},"potentialAction":[{"@type":"SearchAction","target":{"@type":"EntryPoint","urlTemplate":"https:\/\/hypnos.ee\/fi\/?s={search_term_string}"},"query-input":{"@type":"PropertyValueSpecification","valueRequired":true,"valueName":"search_term_string"}}],"inLanguage":"fi"},{"@type":"Organization","@id":"https:\/\/hypnos.ee\/fi\/#organization","name":"Hypnos","url":"https:\/\/hypnos.ee\/fi\/","logo":{"@type":"ImageObject","inLanguage":"fi","@id":"https:\/\/hypnos.ee\/fi\/#\/schema\/logo\/image\/","url":"https:\/\/hypnos.ee\/wp-content\/uploads\/2025\/06\/cropped-Hypnos-fa.png","contentUrl":"https:\/\/hypnos.ee\/wp-content\/uploads\/2025\/06\/cropped-Hypnos-fa.png","width":512,"height":512,"caption":"Hypnos"},"image":{"@id":"https:\/\/hypnos.ee\/fi\/#\/schema\/logo\/image\/"}}]}},"_links":{"self":[{"href":"https:\/\/hypnos.ee\/fi\/wp-json\/wp\/v2\/product\/2233","targetHints":{"allow":["GET"]}}],"collection":[{"href":"https:\/\/hypnos.ee\/fi\/wp-json\/wp\/v2\/product"}],"about":[{"href":"https:\/\/hypnos.ee\/fi\/wp-json\/wp\/v2\/types\/product"}],"replies":[{"embeddable":true,"href":"https:\/\/hypnos.ee\/fi\/wp-json\/wp\/v2\/comments?post=2233"}],"wp:featuredmedia":[{"embeddable":true,"href":"https:\/\/hypnos.ee\/fi\/wp-json\/wp\/v2\/media\/2234"}],"wp:attachment":[{"href":"https:\/\/hypnos.ee\/fi\/wp-json\/wp\/v2\/media?parent=2233"}],"wp:term":[{"taxonomy":"product_brand","embeddable":true,"href":"https:\/\/hypnos.ee\/fi\/wp-json\/wp\/v2\/product_brand?post=2233"},{"taxonomy":"product_cat","embeddable":true,"href":"https:\/\/hypnos.ee\/fi\/wp-json\/wp\/v2\/product_cat?post=2233"},{"taxonomy":"product_tag","embeddable":true,"href":"https:\/\/hypnos.ee\/fi\/wp-json\/wp\/v2\/product_tag?post=2233"}],"curies":[{"name":"wp","href":"https:\/\/api.w.org\/{rel}","templated":true}]}}