{"id":2230,"date":"2025-03-26T14:47:55","date_gmt":"2025-03-26T12:47:55","guid":{"rendered":"https:\/\/hypnos.ee\/toode\/comfort-atlanta-mannermainen-sanky\/"},"modified":"2025-03-26T14:47:55","modified_gmt":"2025-03-26T12:47:55","slug":"comfort-atlanta-mannermainen-sanky","status":"publish","type":"product","link":"https:\/\/hypnos.ee\/fi\/tuote\/comfort-atlanta-mannermainen-sanky\/","title":{"rendered":"Comfort Atlanta mannermainen s\u00e4nky"},"content":{"rendered":"","protected":false},"excerpt":{"rendered":"<p data-key=\"jXcdf\"><strong>Luonnollinen lujuus ja monikerroksinen mukavuus.<\/strong><\/p>\n<p data-key=\"jXcdf\">Comfort Atlanta on vuodesarja, jossa on tukeva massiivipuurunko, jossa yhdistyv\u00e4t toiminnallisuus ja mukavuus.<\/p>\n<p data-key=\"0ZRRd\">Kaksoisjousitettu taskujousitettu patja, jossa on kaksikerroksinen pehmuste, tarjoaa optimaalisen tuen kaikissa nukkuma-asennoissa.<\/p>\n<p data-key=\"cz6g2\">P\u00e4\u00e4llyspatja sis\u00e4lt\u00e4\u00e4 taskujousia ja luonnollista p\u00e4\u00e4llysmateriaalia. Puuvilla- ja lampaanvillakerrokset takaavat ihanteellisen kosteuden ja l\u00e4mp\u00f6tilan s\u00e4\u00e4telyn. <\/p>\n<p data-key=\"uuKJn\">Kaikki yksityiskohdat viimeistell\u00e4\u00e4n verhoilukankaalla tai keinonahalla. T\u00e4ydenn\u00e4 s\u00e4nky yhteensopivilla jaloilla ja s\u00e4ngynp\u00e4\u00e4dyll\u00e4. <\/p>\n","protected":false},"featured_media":2231,"comment_status":"closed","ping_status":"closed","template":"","meta":{"_acf_changed":false},"product_brand":[],"product_cat":[111],"product_tag":[],"class_list":{"0":"post-2230","1":"product","2":"type-product","3":"status-publish","4":"has-post-thumbnail","6":"product_cat-mannermaiset-sangyt","8":"first","9":"instock","10":"shipping-taxable","11":"product-type-simple"},"acf":[],"yoast_head":"<!-- This site is optimized with the Yoast SEO Premium plugin v26.0 (Yoast SEO v26.0) - https:\/\/yoast.com\/wordpress\/plugins\/seo\/ -->\n<title>Comfort Atlanta mannermainen s\u00e4nky - Hypnos<\/title>\n<meta name=\"robots\" content=\"index, follow, max-snippet:-1, max-image-preview:large, max-video-preview:-1\" \/>\n<link rel=\"canonical\" href=\"https:\/\/hypnos.ee\/fi\/tuote\/comfort-atlanta-mannermainen-sanky\/\" \/>\n<meta property=\"og:locale\" content=\"fi_FI\" \/>\n<meta property=\"og:type\" content=\"article\" \/>\n<meta property=\"og:title\" content=\"Comfort Atlanta mannermainen s\u00e4nky\" \/>\n<meta property=\"og:description\" content=\"Luonnollinen lujuus ja monikerroksinen mukavuus. Comfort Atlanta on vuodesarja, jossa on tukeva massiivipuurunko, jossa yhdistyv\u00e4t toiminnallisuus ja mukavuus. Kaksoisjousitettu taskujousitettu patja, jossa on kaksikerroksinen pehmuste, tarjoaa optimaalisen tuen kaikissa nukkuma-asennoissa. P\u00e4\u00e4llyspatja sis\u00e4lt\u00e4\u00e4 taskujousia ja luonnollista p\u00e4\u00e4llysmateriaalia. Puuvilla- ja lampaanvillakerrokset takaavat ihanteellisen kosteuden ja l\u00e4mp\u00f6tilan s\u00e4\u00e4telyn. Kaikki yksityiskohdat viimeistell\u00e4\u00e4n verhoilukankaalla tai keinonahalla. T\u00e4ydenn\u00e4 s\u00e4nky yhteensopivilla jaloilla ja s\u00e4ngynp\u00e4\u00e4dyll\u00e4.\" \/>\n<meta property=\"og:url\" content=\"https:\/\/hypnos.ee\/fi\/tuote\/comfort-atlanta-mannermainen-sanky\/\" \/>\n<meta property=\"og:site_name\" content=\"Hypnos\" \/>\n<meta property=\"og:image\" content=\"https:\/\/hypnos.ee\/wp-content\/uploads\/2025\/03\/comfort-jupiter-voodi_f_1_590_1.jpg\" \/>\n\t<meta property=\"og:image:width\" content=\"590\" \/>\n\t<meta property=\"og:image:height\" content=\"394\" \/>\n\t<meta property=\"og:image:type\" content=\"image\/jpeg\" \/>\n<meta name=\"twitter:card\" content=\"summary_large_image\" \/>\n<script type=\"application\/ld+json\" class=\"yoast-schema-graph\">{\"@context\":\"https:\/\/schema.org\",\"@graph\":[{\"@type\":\"WebPage\",\"@id\":\"https:\/\/hypnos.ee\/fi\/tuote\/comfort-atlanta-mannermainen-sanky\/\",\"url\":\"https:\/\/hypnos.ee\/fi\/tuote\/comfort-atlanta-mannermainen-sanky\/\",\"name\":\"Comfort Atlanta mannermainen s\u00e4nky - Hypnos\",\"isPartOf\":{\"@id\":\"https:\/\/hypnos.ee\/fi\/#website\"},\"primaryImageOfPage\":{\"@id\":\"https:\/\/hypnos.ee\/fi\/tuote\/comfort-atlanta-mannermainen-sanky\/#primaryimage\"},\"image\":{\"@id\":\"https:\/\/hypnos.ee\/fi\/tuote\/comfort-atlanta-mannermainen-sanky\/#primaryimage\"},\"thumbnailUrl\":\"https:\/\/hypnos.ee\/wp-content\/uploads\/2025\/03\/comfort-jupiter-voodi_f_1_590_1.jpg\",\"datePublished\":\"2025-03-26T12:47:55+00:00\",\"breadcrumb\":{\"@id\":\"https:\/\/hypnos.ee\/fi\/tuote\/comfort-atlanta-mannermainen-sanky\/#breadcrumb\"},\"inLanguage\":\"fi\",\"potentialAction\":[{\"@type\":\"ReadAction\",\"target\":[\"https:\/\/hypnos.ee\/fi\/tuote\/comfort-atlanta-mannermainen-sanky\/\"]}]},{\"@type\":\"ImageObject\",\"inLanguage\":\"fi\",\"@id\":\"https:\/\/hypnos.ee\/fi\/tuote\/comfort-atlanta-mannermainen-sanky\/#primaryimage\",\"url\":\"https:\/\/hypnos.ee\/wp-content\/uploads\/2025\/03\/comfort-jupiter-voodi_f_1_590_1.jpg\",\"contentUrl\":\"https:\/\/hypnos.ee\/wp-content\/uploads\/2025\/03\/comfort-jupiter-voodi_f_1_590_1.jpg\",\"width\":590,\"height\":394},{\"@type\":\"BreadcrumbList\",\"@id\":\"https:\/\/hypnos.ee\/fi\/tuote\/comfort-atlanta-mannermainen-sanky\/#breadcrumb\",\"itemListElement\":[{\"@type\":\"ListItem\",\"position\":1,\"name\":\"Home\",\"item\":\"https:\/\/hypnos.ee\/fi\/\"},{\"@type\":\"ListItem\",\"position\":2,\"name\":\"Tuotteet\",\"item\":\"https:\/\/hypnos.ee\/tooted\/\"},{\"@type\":\"ListItem\",\"position\":3,\"name\":\"Comfort Atlanta mannermainen s\u00e4nky\"}]},{\"@type\":\"WebSite\",\"@id\":\"https:\/\/hypnos.ee\/fi\/#website\",\"url\":\"https:\/\/hypnos.ee\/fi\/\",\"name\":\"Hypnos\",\"description\":\"T\u00f5stame unekogemust\",\"publisher\":{\"@id\":\"https:\/\/hypnos.ee\/fi\/#organization\"},\"potentialAction\":[{\"@type\":\"SearchAction\",\"target\":{\"@type\":\"EntryPoint\",\"urlTemplate\":\"https:\/\/hypnos.ee\/fi\/?s={search_term_string}\"},\"query-input\":{\"@type\":\"PropertyValueSpecification\",\"valueRequired\":true,\"valueName\":\"search_term_string\"}}],\"inLanguage\":\"fi\"},{\"@type\":\"Organization\",\"@id\":\"https:\/\/hypnos.ee\/fi\/#organization\",\"name\":\"Hypnos\",\"url\":\"https:\/\/hypnos.ee\/fi\/\",\"logo\":{\"@type\":\"ImageObject\",\"inLanguage\":\"fi\",\"@id\":\"https:\/\/hypnos.ee\/fi\/#\/schema\/logo\/image\/\",\"url\":\"https:\/\/hypnos.ee\/wp-content\/uploads\/2025\/06\/cropped-Hypnos-fa.png\",\"contentUrl\":\"https:\/\/hypnos.ee\/wp-content\/uploads\/2025\/06\/cropped-Hypnos-fa.png\",\"width\":512,\"height\":512,\"caption\":\"Hypnos\"},\"image\":{\"@id\":\"https:\/\/hypnos.ee\/fi\/#\/schema\/logo\/image\/\"}}]}<\/script>\n<!-- \/ Yoast SEO Premium plugin. -->","yoast_head_json":{"title":"Comfort Atlanta mannermainen s\u00e4nky - Hypnos","robots":{"index":"index","follow":"follow","max-snippet":"max-snippet:-1","max-image-preview":"max-image-preview:large","max-video-preview":"max-video-preview:-1"},"canonical":"https:\/\/hypnos.ee\/fi\/tuote\/comfort-atlanta-mannermainen-sanky\/","og_locale":"fi_FI","og_type":"article","og_title":"Comfort Atlanta mannermainen s\u00e4nky","og_description":"Luonnollinen lujuus ja monikerroksinen mukavuus. Comfort Atlanta on vuodesarja, jossa on tukeva massiivipuurunko, jossa yhdistyv\u00e4t toiminnallisuus ja mukavuus. Kaksoisjousitettu taskujousitettu patja, jossa on kaksikerroksinen pehmuste, tarjoaa optimaalisen tuen kaikissa nukkuma-asennoissa. P\u00e4\u00e4llyspatja sis\u00e4lt\u00e4\u00e4 taskujousia ja luonnollista p\u00e4\u00e4llysmateriaalia. Puuvilla- ja lampaanvillakerrokset takaavat ihanteellisen kosteuden ja l\u00e4mp\u00f6tilan s\u00e4\u00e4telyn. Kaikki yksityiskohdat viimeistell\u00e4\u00e4n verhoilukankaalla tai keinonahalla. T\u00e4ydenn\u00e4 s\u00e4nky yhteensopivilla jaloilla ja s\u00e4ngynp\u00e4\u00e4dyll\u00e4.","og_url":"https:\/\/hypnos.ee\/fi\/tuote\/comfort-atlanta-mannermainen-sanky\/","og_site_name":"Hypnos","og_image":[{"width":590,"height":394,"url":"https:\/\/hypnos.ee\/wp-content\/uploads\/2025\/03\/comfort-jupiter-voodi_f_1_590_1.jpg","type":"image\/jpeg"}],"twitter_card":"summary_large_image","schema":{"@context":"https:\/\/schema.org","@graph":[{"@type":"WebPage","@id":"https:\/\/hypnos.ee\/fi\/tuote\/comfort-atlanta-mannermainen-sanky\/","url":"https:\/\/hypnos.ee\/fi\/tuote\/comfort-atlanta-mannermainen-sanky\/","name":"Comfort Atlanta mannermainen s\u00e4nky - Hypnos","isPartOf":{"@id":"https:\/\/hypnos.ee\/fi\/#website"},"primaryImageOfPage":{"@id":"https:\/\/hypnos.ee\/fi\/tuote\/comfort-atlanta-mannermainen-sanky\/#primaryimage"},"image":{"@id":"https:\/\/hypnos.ee\/fi\/tuote\/comfort-atlanta-mannermainen-sanky\/#primaryimage"},"thumbnailUrl":"https:\/\/hypnos.ee\/wp-content\/uploads\/2025\/03\/comfort-jupiter-voodi_f_1_590_1.jpg","datePublished":"2025-03-26T12:47:55+00:00","breadcrumb":{"@id":"https:\/\/hypnos.ee\/fi\/tuote\/comfort-atlanta-mannermainen-sanky\/#breadcrumb"},"inLanguage":"fi","potentialAction":[{"@type":"ReadAction","target":["https:\/\/hypnos.ee\/fi\/tuote\/comfort-atlanta-mannermainen-sanky\/"]}]},{"@type":"ImageObject","inLanguage":"fi","@id":"https:\/\/hypnos.ee\/fi\/tuote\/comfort-atlanta-mannermainen-sanky\/#primaryimage","url":"https:\/\/hypnos.ee\/wp-content\/uploads\/2025\/03\/comfort-jupiter-voodi_f_1_590_1.jpg","contentUrl":"https:\/\/hypnos.ee\/wp-content\/uploads\/2025\/03\/comfort-jupiter-voodi_f_1_590_1.jpg","width":590,"height":394},{"@type":"BreadcrumbList","@id":"https:\/\/hypnos.ee\/fi\/tuote\/comfort-atlanta-mannermainen-sanky\/#breadcrumb","itemListElement":[{"@type":"ListItem","position":1,"name":"Home","item":"https:\/\/hypnos.ee\/fi\/"},{"@type":"ListItem","position":2,"name":"Tuotteet","item":"https:\/\/hypnos.ee\/tooted\/"},{"@type":"ListItem","position":3,"name":"Comfort Atlanta mannermainen s\u00e4nky"}]},{"@type":"WebSite","@id":"https:\/\/hypnos.ee\/fi\/#website","url":"https:\/\/hypnos.ee\/fi\/","name":"Hypnos","description":"T\u00f5stame unekogemust","publisher":{"@id":"https:\/\/hypnos.ee\/fi\/#organization"},"potentialAction":[{"@type":"SearchAction","target":{"@type":"EntryPoint","urlTemplate":"https:\/\/hypnos.ee\/fi\/?s={search_term_string}"},"query-input":{"@type":"PropertyValueSpecification","valueRequired":true,"valueName":"search_term_string"}}],"inLanguage":"fi"},{"@type":"Organization","@id":"https:\/\/hypnos.ee\/fi\/#organization","name":"Hypnos","url":"https:\/\/hypnos.ee\/fi\/","logo":{"@type":"ImageObject","inLanguage":"fi","@id":"https:\/\/hypnos.ee\/fi\/#\/schema\/logo\/image\/","url":"https:\/\/hypnos.ee\/wp-content\/uploads\/2025\/06\/cropped-Hypnos-fa.png","contentUrl":"https:\/\/hypnos.ee\/wp-content\/uploads\/2025\/06\/cropped-Hypnos-fa.png","width":512,"height":512,"caption":"Hypnos"},"image":{"@id":"https:\/\/hypnos.ee\/fi\/#\/schema\/logo\/image\/"}}]}},"_links":{"self":[{"href":"https:\/\/hypnos.ee\/fi\/wp-json\/wp\/v2\/product\/2230","targetHints":{"allow":["GET"]}}],"collection":[{"href":"https:\/\/hypnos.ee\/fi\/wp-json\/wp\/v2\/product"}],"about":[{"href":"https:\/\/hypnos.ee\/fi\/wp-json\/wp\/v2\/types\/product"}],"replies":[{"embeddable":true,"href":"https:\/\/hypnos.ee\/fi\/wp-json\/wp\/v2\/comments?post=2230"}],"wp:featuredmedia":[{"embeddable":true,"href":"https:\/\/hypnos.ee\/fi\/wp-json\/wp\/v2\/media\/2231"}],"wp:attachment":[{"href":"https:\/\/hypnos.ee\/fi\/wp-json\/wp\/v2\/media?parent=2230"}],"wp:term":[{"taxonomy":"product_brand","embeddable":true,"href":"https:\/\/hypnos.ee\/fi\/wp-json\/wp\/v2\/product_brand?post=2230"},{"taxonomy":"product_cat","embeddable":true,"href":"https:\/\/hypnos.ee\/fi\/wp-json\/wp\/v2\/product_cat?post=2230"},{"taxonomy":"product_tag","embeddable":true,"href":"https:\/\/hypnos.ee\/fi\/wp-json\/wp\/v2\/product_tag?post=2230"}],"curies":[{"name":"wp","href":"https:\/\/api.w.org\/{rel}","templated":true}]}}