{"id":2030,"date":"2025-05-08T08:59:57","date_gmt":"2025-05-08T05:59:57","guid":{"rendered":"https:\/\/hypnos.ee\/toode\/sylinterimainen-o58mm\/"},"modified":"2025-05-08T08:59:57","modified_gmt":"2025-05-08T05:59:57","slug":"sylinterimainen-o58mm","status":"publish","type":"product","link":"https:\/\/hypnos.ee\/fi\/tuote\/sylinterimainen-o58mm\/","title":{"rendered":"Sylinterim\u00e4inen, \u00d858mm"},"content":{"rendered":"","protected":false},"excerpt":{"rendered":"<p>Sylinteri kirsikka 12cm (koivu, kirsikka)<br \/>\nSylinteri kirsikka 20cm (koivu, kirsikkalastut)<br \/>\nSylinterimutteri 12cm (koivu, saksanp\u00e4hkin\u00e4)<br \/>\nSylinterimutteri 20cm (koivu, saksanp\u00e4hkin\u00e4)<br \/>\nSylinterimutteri 25cm (koivu, saksanp\u00e4hkin\u00e4)<br \/>\nSylinteri wenge 12cm (kask, wengepeits)<br \/>\nSylinteri wenge 20cm (tynnyri, wenge)<br \/>\nSylinteri wenge 25cm (tynnyri, wenge tahra)<br \/>\nSylinteri wenge 30cm (kask, wengepeits)<br \/>\nSylinteri hopea 12cm (koivu, v\u00e4ri hopea)<br \/>\nSylinteri hopea 20cm (koivu, v\u00e4ri hopea)<br \/>\nSylinteri valkoinen 12cm (koivu, valkoinen v\u00e4ri)<br \/>\nSylinteri valkoinen 20cm \u00d858 (koivu, valkoinen v\u00e4ri)<br \/>\nSylinteri valkoinen 25cm (koivu, valkoinen v\u00e4ri)<br \/>\nSylinteri nat 12cm (koivu, luonnon)<br \/>\nSylinteri nat 20cm (koivu, luonnon)<br \/>\nSylinteri nat 20cm (koivu, luonnon)<br \/>\nSylinteri nat 25cm (koivu, luonnon)<br \/>\nSylinteri nat 30cm (koivu, luonnon)<\/p>\n","protected":false},"featured_media":3615,"comment_status":"closed","ping_status":"closed","template":"","meta":{"_acf_changed":false},"product_brand":[],"product_cat":[115],"product_tag":[],"class_list":{"0":"post-2030","1":"product","2":"type-product","3":"status-publish","4":"has-post-thumbnail","6":"product_cat-sangyn-jalat","8":"first","9":"instock","10":"shipping-taxable","11":"product-type-simple"},"acf":[],"yoast_head":"<!-- This site is optimized with the Yoast SEO Premium plugin v26.0 (Yoast SEO v26.0) - https:\/\/yoast.com\/wordpress\/plugins\/seo\/ -->\n<title>Sylinterim\u00e4inen, \u00d858mm - Hypnos<\/title>\n<meta name=\"robots\" content=\"index, follow, max-snippet:-1, max-image-preview:large, max-video-preview:-1\" \/>\n<link rel=\"canonical\" href=\"https:\/\/hypnos.ee\/fi\/tuote\/sylinterimainen-o58mm\/\" \/>\n<meta property=\"og:locale\" content=\"fi_FI\" \/>\n<meta property=\"og:type\" content=\"article\" \/>\n<meta property=\"og:title\" content=\"Sylinterim\u00e4inen, \u00d858mm\" \/>\n<meta property=\"og:description\" content=\"Sylinteri kirsikka 12cm (koivu, kirsikka) Sylinteri kirsikka 20cm (koivu, kirsikkalastut) Sylinterimutteri 12cm (koivu, saksanp\u00e4hkin\u00e4) Sylinterimutteri 20cm (koivu, saksanp\u00e4hkin\u00e4) Sylinterimutteri 25cm (koivu, saksanp\u00e4hkin\u00e4) Sylinteri wenge 12cm (kask, wengepeits) Sylinteri wenge 20cm (tynnyri, wenge) Sylinteri wenge 25cm (tynnyri, wenge tahra) Sylinteri wenge 30cm (kask, wengepeits) Sylinteri hopea 12cm (koivu, v\u00e4ri hopea) Sylinteri hopea 20cm (koivu, v\u00e4ri hopea) Sylinteri valkoinen 12cm (koivu, valkoinen v\u00e4ri) Sylinteri valkoinen 20cm \u00d858 (koivu, valkoinen v\u00e4ri) Sylinteri valkoinen 25cm (koivu, valkoinen v\u00e4ri) Sylinteri nat 12cm (koivu, luonnon) Sylinteri nat 20cm (koivu, luonnon) Sylinteri nat 20cm (koivu, luonnon) Sylinteri nat 25cm (koivu, luonnon) Sylinteri nat 30cm (koivu, luonnon)\" \/>\n<meta property=\"og:url\" content=\"https:\/\/hypnos.ee\/fi\/tuote\/sylinterimainen-o58mm\/\" \/>\n<meta property=\"og:site_name\" content=\"Hypnos\" \/>\n<meta property=\"og:image\" content=\"https:\/\/hypnos.ee\/wp-content\/uploads\/2025\/03\/kandilised-ja-silindrilised_f_5_590_1.jpg\" \/>\n\t<meta property=\"og:image:width\" content=\"208\" \/>\n\t<meta property=\"og:image:height\" content=\"590\" \/>\n\t<meta property=\"og:image:type\" content=\"image\/jpeg\" \/>\n<meta name=\"twitter:card\" content=\"summary_large_image\" \/>\n<script type=\"application\/ld+json\" class=\"yoast-schema-graph\">{\"@context\":\"https:\/\/schema.org\",\"@graph\":[{\"@type\":\"WebPage\",\"@id\":\"https:\/\/hypnos.ee\/fi\/tuote\/sylinterimainen-o58mm\/\",\"url\":\"https:\/\/hypnos.ee\/fi\/tuote\/sylinterimainen-o58mm\/\",\"name\":\"Sylinterim\u00e4inen, \u00d858mm - Hypnos\",\"isPartOf\":{\"@id\":\"https:\/\/hypnos.ee\/fi\/#website\"},\"primaryImageOfPage\":{\"@id\":\"https:\/\/hypnos.ee\/fi\/tuote\/sylinterimainen-o58mm\/#primaryimage\"},\"image\":{\"@id\":\"https:\/\/hypnos.ee\/fi\/tuote\/sylinterimainen-o58mm\/#primaryimage\"},\"thumbnailUrl\":\"https:\/\/hypnos.ee\/wp-content\/uploads\/2025\/05\/hypnos-e-pood-1024x1024-4.jpg\",\"datePublished\":\"2025-05-08T05:59:57+00:00\",\"breadcrumb\":{\"@id\":\"https:\/\/hypnos.ee\/fi\/tuote\/sylinterimainen-o58mm\/#breadcrumb\"},\"inLanguage\":\"fi\",\"potentialAction\":[{\"@type\":\"ReadAction\",\"target\":[\"https:\/\/hypnos.ee\/fi\/tuote\/sylinterimainen-o58mm\/\"]}]},{\"@type\":\"ImageObject\",\"inLanguage\":\"fi\",\"@id\":\"https:\/\/hypnos.ee\/fi\/tuote\/sylinterimainen-o58mm\/#primaryimage\",\"url\":\"https:\/\/hypnos.ee\/wp-content\/uploads\/2025\/05\/hypnos-e-pood-1024x1024-4.jpg\",\"contentUrl\":\"https:\/\/hypnos.ee\/wp-content\/uploads\/2025\/05\/hypnos-e-pood-1024x1024-4.jpg\",\"width\":1024,\"height\":1024},{\"@type\":\"BreadcrumbList\",\"@id\":\"https:\/\/hypnos.ee\/fi\/tuote\/sylinterimainen-o58mm\/#breadcrumb\",\"itemListElement\":[{\"@type\":\"ListItem\",\"position\":1,\"name\":\"Home\",\"item\":\"https:\/\/hypnos.ee\/fi\/\"},{\"@type\":\"ListItem\",\"position\":2,\"name\":\"Tuotteet\",\"item\":\"https:\/\/hypnos.ee\/tooted\/\"},{\"@type\":\"ListItem\",\"position\":3,\"name\":\"Sylinterim\u00e4inen, \u00d858mm\"}]},{\"@type\":\"WebSite\",\"@id\":\"https:\/\/hypnos.ee\/fi\/#website\",\"url\":\"https:\/\/hypnos.ee\/fi\/\",\"name\":\"Hypnos\",\"description\":\"T\u00f5stame unekogemust\",\"publisher\":{\"@id\":\"https:\/\/hypnos.ee\/fi\/#organization\"},\"potentialAction\":[{\"@type\":\"SearchAction\",\"target\":{\"@type\":\"EntryPoint\",\"urlTemplate\":\"https:\/\/hypnos.ee\/fi\/?s={search_term_string}\"},\"query-input\":{\"@type\":\"PropertyValueSpecification\",\"valueRequired\":true,\"valueName\":\"search_term_string\"}}],\"inLanguage\":\"fi\"},{\"@type\":\"Organization\",\"@id\":\"https:\/\/hypnos.ee\/fi\/#organization\",\"name\":\"Hypnos\",\"url\":\"https:\/\/hypnos.ee\/fi\/\",\"logo\":{\"@type\":\"ImageObject\",\"inLanguage\":\"fi\",\"@id\":\"https:\/\/hypnos.ee\/fi\/#\/schema\/logo\/image\/\",\"url\":\"https:\/\/hypnos.ee\/wp-content\/uploads\/2025\/06\/cropped-Hypnos-fa.png\",\"contentUrl\":\"https:\/\/hypnos.ee\/wp-content\/uploads\/2025\/06\/cropped-Hypnos-fa.png\",\"width\":512,\"height\":512,\"caption\":\"Hypnos\"},\"image\":{\"@id\":\"https:\/\/hypnos.ee\/fi\/#\/schema\/logo\/image\/\"}}]}<\/script>\n<!-- \/ Yoast SEO Premium plugin. -->","yoast_head_json":{"title":"Sylinterim\u00e4inen, \u00d858mm - Hypnos","robots":{"index":"index","follow":"follow","max-snippet":"max-snippet:-1","max-image-preview":"max-image-preview:large","max-video-preview":"max-video-preview:-1"},"canonical":"https:\/\/hypnos.ee\/fi\/tuote\/sylinterimainen-o58mm\/","og_locale":"fi_FI","og_type":"article","og_title":"Sylinterim\u00e4inen, \u00d858mm","og_description":"Sylinteri kirsikka 12cm (koivu, kirsikka) Sylinteri kirsikka 20cm (koivu, kirsikkalastut) Sylinterimutteri 12cm (koivu, saksanp\u00e4hkin\u00e4) Sylinterimutteri 20cm (koivu, saksanp\u00e4hkin\u00e4) Sylinterimutteri 25cm (koivu, saksanp\u00e4hkin\u00e4) Sylinteri wenge 12cm (kask, wengepeits) Sylinteri wenge 20cm (tynnyri, wenge) Sylinteri wenge 25cm (tynnyri, wenge tahra) Sylinteri wenge 30cm (kask, wengepeits) Sylinteri hopea 12cm (koivu, v\u00e4ri hopea) Sylinteri hopea 20cm (koivu, v\u00e4ri hopea) Sylinteri valkoinen 12cm (koivu, valkoinen v\u00e4ri) Sylinteri valkoinen 20cm \u00d858 (koivu, valkoinen v\u00e4ri) Sylinteri valkoinen 25cm (koivu, valkoinen v\u00e4ri) Sylinteri nat 12cm (koivu, luonnon) Sylinteri nat 20cm (koivu, luonnon) Sylinteri nat 20cm (koivu, luonnon) Sylinteri nat 25cm (koivu, luonnon) Sylinteri nat 30cm (koivu, luonnon)","og_url":"https:\/\/hypnos.ee\/fi\/tuote\/sylinterimainen-o58mm\/","og_site_name":"Hypnos","og_image":[{"width":208,"height":590,"url":"https:\/\/hypnos.ee\/wp-content\/uploads\/2025\/03\/kandilised-ja-silindrilised_f_5_590_1.jpg","type":"image\/jpeg"}],"twitter_card":"summary_large_image","schema":{"@context":"https:\/\/schema.org","@graph":[{"@type":"WebPage","@id":"https:\/\/hypnos.ee\/fi\/tuote\/sylinterimainen-o58mm\/","url":"https:\/\/hypnos.ee\/fi\/tuote\/sylinterimainen-o58mm\/","name":"Sylinterim\u00e4inen, \u00d858mm - Hypnos","isPartOf":{"@id":"https:\/\/hypnos.ee\/fi\/#website"},"primaryImageOfPage":{"@id":"https:\/\/hypnos.ee\/fi\/tuote\/sylinterimainen-o58mm\/#primaryimage"},"image":{"@id":"https:\/\/hypnos.ee\/fi\/tuote\/sylinterimainen-o58mm\/#primaryimage"},"thumbnailUrl":"https:\/\/hypnos.ee\/wp-content\/uploads\/2025\/05\/hypnos-e-pood-1024x1024-4.jpg","datePublished":"2025-05-08T05:59:57+00:00","breadcrumb":{"@id":"https:\/\/hypnos.ee\/fi\/tuote\/sylinterimainen-o58mm\/#breadcrumb"},"inLanguage":"fi","potentialAction":[{"@type":"ReadAction","target":["https:\/\/hypnos.ee\/fi\/tuote\/sylinterimainen-o58mm\/"]}]},{"@type":"ImageObject","inLanguage":"fi","@id":"https:\/\/hypnos.ee\/fi\/tuote\/sylinterimainen-o58mm\/#primaryimage","url":"https:\/\/hypnos.ee\/wp-content\/uploads\/2025\/05\/hypnos-e-pood-1024x1024-4.jpg","contentUrl":"https:\/\/hypnos.ee\/wp-content\/uploads\/2025\/05\/hypnos-e-pood-1024x1024-4.jpg","width":1024,"height":1024},{"@type":"BreadcrumbList","@id":"https:\/\/hypnos.ee\/fi\/tuote\/sylinterimainen-o58mm\/#breadcrumb","itemListElement":[{"@type":"ListItem","position":1,"name":"Home","item":"https:\/\/hypnos.ee\/fi\/"},{"@type":"ListItem","position":2,"name":"Tuotteet","item":"https:\/\/hypnos.ee\/tooted\/"},{"@type":"ListItem","position":3,"name":"Sylinterim\u00e4inen, \u00d858mm"}]},{"@type":"WebSite","@id":"https:\/\/hypnos.ee\/fi\/#website","url":"https:\/\/hypnos.ee\/fi\/","name":"Hypnos","description":"T\u00f5stame unekogemust","publisher":{"@id":"https:\/\/hypnos.ee\/fi\/#organization"},"potentialAction":[{"@type":"SearchAction","target":{"@type":"EntryPoint","urlTemplate":"https:\/\/hypnos.ee\/fi\/?s={search_term_string}"},"query-input":{"@type":"PropertyValueSpecification","valueRequired":true,"valueName":"search_term_string"}}],"inLanguage":"fi"},{"@type":"Organization","@id":"https:\/\/hypnos.ee\/fi\/#organization","name":"Hypnos","url":"https:\/\/hypnos.ee\/fi\/","logo":{"@type":"ImageObject","inLanguage":"fi","@id":"https:\/\/hypnos.ee\/fi\/#\/schema\/logo\/image\/","url":"https:\/\/hypnos.ee\/wp-content\/uploads\/2025\/06\/cropped-Hypnos-fa.png","contentUrl":"https:\/\/hypnos.ee\/wp-content\/uploads\/2025\/06\/cropped-Hypnos-fa.png","width":512,"height":512,"caption":"Hypnos"},"image":{"@id":"https:\/\/hypnos.ee\/fi\/#\/schema\/logo\/image\/"}}]}},"_links":{"self":[{"href":"https:\/\/hypnos.ee\/fi\/wp-json\/wp\/v2\/product\/2030","targetHints":{"allow":["GET"]}}],"collection":[{"href":"https:\/\/hypnos.ee\/fi\/wp-json\/wp\/v2\/product"}],"about":[{"href":"https:\/\/hypnos.ee\/fi\/wp-json\/wp\/v2\/types\/product"}],"replies":[{"embeddable":true,"href":"https:\/\/hypnos.ee\/fi\/wp-json\/wp\/v2\/comments?post=2030"}],"wp:featuredmedia":[{"embeddable":true,"href":"https:\/\/hypnos.ee\/fi\/wp-json\/wp\/v2\/media\/3615"}],"wp:attachment":[{"href":"https:\/\/hypnos.ee\/fi\/wp-json\/wp\/v2\/media?parent=2030"}],"wp:term":[{"taxonomy":"product_brand","embeddable":true,"href":"https:\/\/hypnos.ee\/fi\/wp-json\/wp\/v2\/product_brand?post=2030"},{"taxonomy":"product_cat","embeddable":true,"href":"https:\/\/hypnos.ee\/fi\/wp-json\/wp\/v2\/product_cat?post=2030"},{"taxonomy":"product_tag","embeddable":true,"href":"https:\/\/hypnos.ee\/fi\/wp-json\/wp\/v2\/product_tag?post=2030"}],"curies":[{"name":"wp","href":"https:\/\/api.w.org\/{rel}","templated":true}]}}