{"id":1932,"date":"2025-06-20T17:19:48","date_gmt":"2025-06-20T14:19:48","guid":{"rendered":"https:\/\/hypnos.ee\/tietosuojakaytanto\/"},"modified":"2025-08-11T15:51:56","modified_gmt":"2025-08-11T12:51:56","slug":"tietosuojakaytanto","status":"publish","type":"page","link":"https:\/\/hypnos.ee\/fi\/tietosuojakaytanto\/","title":{"rendered":"Tietosuojak\u00e4yt\u00e4nt\u00f6"},"content":{"rendered":"<p>O\u00dc Furnicolle yksityisyytesi on t\u00e4rke\u00e4\u00e4, ja noudatamme kaikkia sovellettavia lakeja ja asetuksia, jotka koskevat henkil\u00f6tietoja, joita voimme ker\u00e4t\u00e4 sinusta, kun vierailet verkkosivustollamme <a href=\"https:\/\/hypnos.ee\">hypnos.ee<\/a>. K\u00e4ytt\u00e4m\u00e4ll\u00e4 verkkosivustoamme hyv\u00e4ksyt, ett\u00e4 ker\u00e4\u00e4mme ja k\u00e4yt\u00e4mme tietojasi t\u00e4m\u00e4n tietosuojak\u00e4yt\u00e4nn\u00f6n mukaisesti. <\/p>\n<p>T\u00e4ss\u00e4 tietosuojak\u00e4yt\u00e4nn\u00f6ss\u00e4 selitet\u00e4\u00e4n, mit\u00e4 tietoja ker\u00e4\u00e4mme, miten k\u00e4yt\u00e4mme niit\u00e4 ja mitk\u00e4 ovat oikeutesi suojella tietojasi. T\u00e4m\u00e4 k\u00e4yt\u00e4nt\u00f6 koskee vain verkkosivustoamme ja sen k\u00e4vij\u00f6it\u00e4, eik\u00e4 sit\u00e4 sovelleta muiden kanavien kautta ker\u00e4ttyihin tietoihin. <\/p>\n<p>Rekisterinpit\u00e4j\u00e4si on O\u00dc Furnico<\/p>\n<p>Yrityksen rekisterinumero: 10332430 <\/p>\n<p>s\u00e4hk\u00f6posti: margus.hiie@furnico.ee<\/p>\n<p>Ker\u00e4\u00e4mme ja k\u00e4sittelemme tietoja 25.5.2018 voimaan tulleen Euroopan unionin yleisen tietosuoja-asetuksen (GDPR) mukaisesti.<\/p>\n<h2>Tietojen keruu ja k\u00e4ytt\u00f6<\/h2>\n<h3>Mit\u00e4 tietoja ker\u00e4\u00e4mme<\/h3>\n<p>Ker\u00e4\u00e4m\u00e4mme tiedot sis\u00e4lt\u00e4v\u00e4t sek\u00e4 tiedot, jotka annat tietoisesti ja aktiivisesti k\u00e4ytt\u00e4ess\u00e4si palveluitamme tai osallistuessasi kampanjoihin, ett\u00e4 kaikki tiedot, jotka laitteesi l\u00e4hett\u00e4v\u00e4t automaattisesti, kun k\u00e4yt\u00e4t tuotteitamme ja palveluitamme.<\/p>\n<p>Ker\u00e4\u00e4m\u00e4mme tiedot sis\u00e4lt\u00e4v\u00e4t tietoja, jotka olet tietoisesti jakanut kanssamme k\u00e4ytt\u00e4ess\u00e4si palveluitamme tai kampanjoitamme, sek\u00e4 tietoja, jotka laitteesi automaattisesti l\u00e4hett\u00e4v\u00e4t meille.<\/p>\n<p>Henkil\u00f6tietosi voivat tulla meille seuraavilla tavoilla:<\/p>\n<ul>\n<li>Kun otat meihin yhteytt\u00e4 puhelimitse, s\u00e4hk\u00f6postitse tai verkkokeskustelussa.<\/li>\n<li>Kun selaat verkkosivustoa <a href=\"https:\/\/hypnos.ee\">hypnos.ee.<\/a><\/li>\n<li>Kun kommentoit, tykk\u00e4\u00e4t tai jaat postauksen sosiaalisen median tilill\u00e4mme.<\/li>\n<li>Kun tilaat uutiskirjeemme<\/li>\n<li>Kun kommentoit verkkosivustomme viestej\u00e4<\/li>\n<\/ul>\n<h3>Ker\u00e4tyt tietotyypit<\/h3>\n<h4>Henkil\u00f6tiedot<\/h4>\n<p>Pyyd\u00e4mme sinulta henkil\u00f6kohtaisia tietoja vain silloin, kun se on tarpeen palvelun tarjoamiseksi sinulle. Kun otat meihin yhteytt\u00e4 tai vierailet verkkosivustollamme, voit jakaa kanssamme seuraavia tietoja: <\/p>\n<ul>\n<li>Etu- ja sukunimi<\/li>\n<li>S\u00e4hk\u00f6postiosoite<\/li>\n<li>Keskusteluhistoria sinun ja meid\u00e4n v\u00e4lill\u00e4<\/li>\n<\/ul>\n<h4>Lokitiedostot<\/h4>\n<p>Verkkosivustomme <a href=\"https:\/\/hypnos.ee\">hypnos.ee<\/a> tallentaa lokitiedostoja k\u00e4vij\u00f6ist\u00e4\u00e4n. Ker\u00e4tyt tiedot voivat sis\u00e4lt\u00e4\u00e4 mm: <\/p>\n<ul>\n<li>K\u00e4ytetyn laitteen tyyppi<\/li>\n<li>IP-osoite (Internet Protocol)<\/li>\n<li>Selaimen tyyppi<\/li>\n<li>Internet-palveluntarjoaja (ISP)<\/li>\n<li>Verkkosivustolla k\u00e4ynnin p\u00e4iv\u00e4m\u00e4\u00e4r\u00e4 ja kellonaika<\/li>\n<li>Sis\u00e4\u00e4n- ja uloskirjautumissivut sek\u00e4 verkkosivustolla tehtyjen klikkausten m\u00e4\u00e4r\u00e4.<\/li>\n<\/ul>\n<p>Lokitiedostojen tietoja k\u00e4ytet\u00e4\u00e4n trendien analysointiin, verkkosivuston hallinnointiin, k\u00e4vij\u00f6iden toiminnan seurantaan ja demografisten tietojen ker\u00e4\u00e4miseen. Saatuja tietoja ei ole tarkoitettu eik\u00e4 niiden avulla voida tunnistaa henkil\u00f6it\u00e4. <\/p>\n<h4>Ev\u00e4steet<\/h4>\n<p>Kuten useimmat verkkosivustot, my\u00f6s <a href=\"https:\/\/hypnos.ee\">hypnos.ee<\/a> k\u00e4ytt\u00e4\u00e4 &#8221;ev\u00e4steit\u00e4&#8221;. Ev\u00e4ste on l\u00e4hinn\u00e4 tekstitiedosto, joka tallennetaan k\u00e4ytt\u00e4j\u00e4n laitteeseen, kun h\u00e4n vierailee verkkosivustolla. Ev\u00e4steet auttavat m\u00e4\u00e4ritt\u00e4m\u00e4\u00e4n ja tallentamaan mieltymykset, alueelliset asetukset, palvelun k\u00e4ytt\u00f6asetukset ja paljon muuta.  <\/p>\n<p>Voit halutessasi poistaa ev\u00e4steet k\u00e4yt\u00f6st\u00e4 selaimesi asetuksista, mutta t\u00e4m\u00e4 saattaa h\u00e4irit\u00e4 sinulle tarjottua palvelua.<\/p>\n<p>Ev\u00e4steet jaetaan pysyviin ja istuntoev\u00e4steisiin. Pysyv\u00e4t ev\u00e4steet pysyv\u00e4t tietokoneellasi tai mobiililaitteellasi my\u00f6s sen j\u00e4lkeen, kun suljet selaimesi tai tietokoneesi. Istuntoev\u00e4steet poistetaan v\u00e4litt\u00f6m\u00e4sti selaimen sulkemisen j\u00e4lkeen.  <\/p>\n<p>Ev\u00e4steet luokitellaan niiden k\u00e4ytt\u00f6tarkoituksen mukaan:<\/p>\n<p><b>V\u00e4ltt\u00e4m\u00e4tt\u00f6m\u00e4t ev\u00e4steet.<\/b>  Istuntoev\u00e4steet, joiden tarkoituksena on antaa sinulle mahdollisuus k\u00e4ytt\u00e4\u00e4 verkkosivustomme tarjoamia palveluja. N\u00e4m\u00e4 ev\u00e4steet auttavat todentamaan k\u00e4ytt\u00e4j\u00e4t ja est\u00e4m\u00e4\u00e4n k\u00e4ytt\u00e4j\u00e4tilien haitallisen k\u00e4yt\u00f6n. Ilman n\u00e4it\u00e4 ev\u00e4steit\u00e4 emme voi tarjota sinulle haluamiasi palveluja.  <\/p>\n<p><b>Ilmoitusev\u00e4steet.<\/b>  N\u00e4m\u00e4 ev\u00e4steet tunnistavat, ovatko k\u00e4ytt\u00e4j\u00e4t hyv\u00e4ksyneet ev\u00e4steiden k\u00e4yt\u00f6n verkkosivustolla.<\/p>\n<p><b>Toiminnalliset ev\u00e4steet.<\/b>  N\u00e4iden ev\u00e4steiden avulla selaimesi voi muistaa verkkosivuston k\u00e4yt\u00f6n aikana tekem\u00e4si valinnat, kuten kirjautumistietojesi tai kieliasetusten tallentamisen. N\u00e4iden ev\u00e4steiden tarkoituksena on tarjota sinulle yksil\u00f6llisempi k\u00e4ytt\u00f6kokemus ja v\u00e4ltt\u00e4\u00e4 asetusten uudelleen sy\u00f6tt\u00e4minen. <\/p>\n<h3>Miten k\u00e4yt\u00e4mme tietoja<\/h3>\n<p>Ker\u00e4ttyj\u00e4 tietoja voidaan k\u00e4ytt\u00e4\u00e4 eri tarkoituksiin, kuten:<\/p>\n<ul>\n<li>verkkosivujemme yll\u00e4pito, hallinnointi, kehitt\u00e4minen, personointi ja laajentaminen.<\/li>\n<li>Tilastojen ker\u00e4\u00e4minen parempien palvelujen ja\/tai tarjousten tarjoamiseksi sek\u00e4 k\u00e4vij\u00f6iden k\u00e4ytt\u00e4ytymisen ymm\u00e4rt\u00e4miseksi ja analysoimiseksi.<\/li>\n<li>Tunnistaminen puhelimitse, viestill\u00e4 tai s\u00e4hk\u00f6postilla.<\/li>\n<li>Tietojen l\u00e4hett\u00e4minen sinulle ja palautteen pyyt\u00e4minen palveluistamme.<\/li>\n<li>Petosten est\u00e4minen ja verkkosivustomme suojaaminen<\/li>\n<li>Salli meid\u00e4n olla yhteydess\u00e4 sinuun sosiaalisen median tileill\u00e4.<\/li>\n<li>Chat-historian lukemisen salliminen asiaankuuluvien neuvojen nopeuttamiseksi<\/li>\n<li>Parannamme palveluidemme laatua ja tarjoamme tehokkaampia selausratkaisuja.<\/li>\n<li>Uusien tuotteiden ja palvelujen kehitt\u00e4minen tai niiden toiminnallisuuden parantaminen.<\/li>\n<li>Yksinkertaistamme ja nopeutamme vuorovaikutusta, kun otat meihin yhteytt\u00e4.<\/li>\n<li>muihin tarkoituksiin, kuten tietojen analysointiin, trendien tutkimiseen, mainoskampanjoiden tehokkuuden arviointiin.<\/li>\n<\/ul>\n<h3>Milloin voimme jakaa tietojasi<\/h3>\n<ul>\n<li>Saatamme jakaa tai siirt\u00e4\u00e4 henkil\u00f6tietojasi yrityksemme omistajanvaihdoksen, fuusion, omaisuuden myynnin, rahoituksen tai yritysoston yhteydess\u00e4. Ilmoitamme sinulle henkil\u00f6tietojesi siirrosta ja siit\u00e4, milloin niihin sovelletaan toista tietosuojak\u00e4yt\u00e4nt\u00f6\u00e4. <\/li>\n<li>Saatamme jakaa tietojasi kumppaniyritystemme kanssa, jolloin niiden on noudatettava t\u00e4t\u00e4 tietosuojak\u00e4yt\u00e4nt\u00f6\u00e4. Kumppaniyrityksi\u00e4 ovat emo- ja tyt\u00e4ryhti\u00f6mme, yhteisyrityskumppanimme tai omistamamme yritykset. <\/li>\n<li>Saatamme jakaa tietojasi liikekumppaneidemme kanssa tarjotaksemme sinulle tiettyj\u00e4 tuotteita, palveluita tai kampanjoita.<\/li>\n<li>Suostumuksellasi voimme luovuttaa henkil\u00f6tietojasi mihin tahansa muuhun tarkoitukseen.<\/li>\n<li>Olemme velvollisia luovuttamaan henkil\u00f6tietojasi, jos laki niin vaatii. Voimme my\u00f6s hyv\u00e4ss\u00e4 uskossa luovuttaa tietojasi noudattaaksemme lakis\u00e4\u00e4teist\u00e4 velvoitetta, suojellaksemme oikeuksiamme tai omaisuuttamme, ehk\u00e4ist\u00e4ksemme tai havaitaksemme mahdollisia palvelumme k\u00e4ytt\u00f6\u00f6n liittyvi\u00e4 rikkomuksia ja varmistaaksemme palvelun k\u00e4ytt\u00e4jien turvallisuuden. <\/li>\n<\/ul>\n<h3>Henkil\u00f6tietojesi s\u00e4ilytt\u00e4minen<\/h3>\n<p>S\u00e4ilyt\u00e4mme henkil\u00f6tietojasi vain niin kauan kuin se on tarpeen t\u00e4ss\u00e4 tietosuojak\u00e4yt\u00e4nn\u00f6ss\u00e4 mainittuja tarkoituksia varten. S\u00e4ilyt\u00e4mme ja k\u00e4yt\u00e4mme tietojasi tarpeen mukaan lakis\u00e4\u00e4teisten velvoitteiden t\u00e4ytt\u00e4miseksi (esim. sovellettavien lakien noudattamiseksi), riitojen ratkaisemiseksi sek\u00e4 oikeudellisten sopimusten ja s\u00e4\u00e4nn\u00f6sten noudattamisen valvomiseksi. <\/p>\n<p>S\u00e4ilyt\u00e4mme my\u00f6s lokitiedostoja sis\u00e4isi\u00e4 analyysitarkoituksia varten. Lokitiedostoja s\u00e4ilytet\u00e4\u00e4n yleens\u00e4 lyhyemm\u00e4n aikaa, ellei niit\u00e4 k\u00e4ytet\u00e4 turvallisuuden parantamiseen, palvelun toimivuuden parantamiseen tai ellei laki edellyt\u00e4 pidemp\u00e4\u00e4 s\u00e4ilytysaikaa. <\/p>\n<h3>Lasten tietojen k\u00e4sittely<\/h3>\n<p>Mit\u00e4\u00e4n tuotteistamme tai palveluistamme ei ole suunnattu alle 13-vuotiaille lapsille, emmek\u00e4 tietoisesti ker\u00e4\u00e4 tietoja alle 13-vuotiailta lapsilta. Jos ep\u00e4ilemme, ett\u00e4 k\u00e4sittelemme alle 13-vuotiaan henkil\u00f6n tietoja, poistamme ne kaikista tietokannoistamme. <\/p>\n<h2>Oikeutesi suojella tietojasi<\/h2>\n<p>Sinulla on aina oikeus olla jakamatta tietojasi kanssamme, koska tied\u00e4t, ett\u00e4 t\u00e4m\u00e4 voi vaikuttaa kokemukseesi verkkosivustollamme. Jos p\u00e4\u00e4t\u00e4t olla jakamatta tietojasi, emme kohtele sinua sen vuoksi eri tavalla. Jos annat meille henkil\u00f6tietoja, ymm\u00e4rr\u00e4t, ett\u00e4 ker\u00e4\u00e4mme, tallennamme, k\u00e4yt\u00e4mme ja luovutamme niit\u00e4 t\u00e4m\u00e4n tietosuojak\u00e4yt\u00e4nn\u00f6n mukaisesti. Sinulla on oikeus pyyt\u00e4\u00e4 lis\u00e4tietoja sinusta ker\u00e4\u00e4mist\u00e4mme tiedoista.   <\/p>\n<p>Kun saamme henkil\u00f6tietojasi kolmannelta osapuolelta, suojaamme niit\u00e4 t\u00e4m\u00e4n tietosuojak\u00e4yt\u00e4nn\u00f6n ja Viron tasavallan lakien mukaisesti. Jos jaat itse kolmannen osapuolen tietoja, vahvistat, ett\u00e4 sinulla on siihen oikeus ja lupa. <\/p>\n<p>Vaikka olisit aiemmin antanut suostumuksesi henkil\u00f6tietojesi jakamiseen kanssamme markkinointitarkoituksiin, sinulla on oikeus muuttaa mielesi milloin tahansa. Sinulla on aina oikeus kielt\u00e4yty\u00e4 viestinn\u00e4st\u00e4 kanssamme ja pyyt\u00e4\u00e4 meit\u00e4 poistamaan tietosi tietokannoistamme. Saatamme aika ajoin pyyt\u00e4\u00e4 tietoja henkil\u00f6llisyytesi todentamiseksi. Jos uskot, ett\u00e4 hallussamme olevat tietosi ovat virheellisi\u00e4, vanhentuneita, ep\u00e4t\u00e4ydellisi\u00e4, ep\u00e4olennaisia tai harhaanjohtavia, ota meihin yhteytt\u00e4 osoitteeseen margus.hiie@furnico.ee. Teemme kaikkemme korjataksemme ep\u00e4tarkat, ep\u00e4t\u00e4ydelliset, harhaanjohtavat tai vanhentuneet tiedot.    <\/p>\n<p>Jos uskot, ett\u00e4 olemme rikkoneet asiaankuuluvaa tietosuojalains\u00e4\u00e4d\u00e4nt\u00f6\u00e4, ja haluat tehd\u00e4 valituksen, ota meihin yhteytt\u00e4 t\u00e4ss\u00e4 asiakirjassa olevien yhteystietojen avulla ja ilmoita kaikki v\u00e4itetyn rikkomuksen yksityiskohdat. Tutkimme valituksesi viipym\u00e4tt\u00e4 ja vastaamme sinulle kirjallisesti, esittelemme tutkimuksen tulokset ja toimenpiteet, joihin ryhdymme valituksesi ratkaisemiseksi. Sinulla on my\u00f6s oikeus ottaa yhteytt\u00e4 s\u00e4\u00e4ntely- tai tietosuojaviranomaiseen.  <\/p>\n<h2>GDPR Tietosuojaoikeudet<\/h2>\n<p>Haluamme varmistaa, ett\u00e4 olet t\u00e4ysin tietoinen kaikista tietosuojaoikeuksistasi. Jokaisella verkkosivuston k\u00e4ytt\u00e4j\u00e4ll\u00e4 on oikeus seuraaviin oikeuksiin: <\/p>\n<ul>\n<li>Oikeus tutustua tietoihin &#8211; sinulla on oikeus pyyt\u00e4\u00e4 kopioita henkil\u00f6tiedoistasi.<\/li>\n<li>Oikeus tietojen oikaisemiseen &#8211; sinulla on oikeus pyyt\u00e4\u00e4 meit\u00e4 oikaisemaan virheelliseksi katsomasi tiedot ja oikeus pyyt\u00e4\u00e4 meit\u00e4 t\u00e4ydent\u00e4m\u00e4\u00e4n puutteelliseksi katsomasi tiedot.<\/li>\n<li>Oikeus tietojen poistamiseen &#8211; sinulla on tietyin edellytyksin oikeus pyyt\u00e4\u00e4 henkil\u00f6tietojesi poistamista.<\/li>\n<li>Oikeus rajoittaa k\u00e4sittely\u00e4 &#8211; sinulla on tietyin edellytyksin oikeus pyyt\u00e4\u00e4 meit\u00e4 rajoittamaan henkil\u00f6tietojesi k\u00e4sittely\u00e4.<\/li>\n<li>Oikeus vastustaa k\u00e4sittely\u00e4 &#8211; sinulla on tietyin edellytyksin oikeus vastustaa henkil\u00f6tietojesi k\u00e4sittely\u00e4.<\/li>\n<li>Oikeus tietojen siirrett\u00e4vyyteen &#8211; sinulla on tietyin edellytyksin oikeus pyyt\u00e4\u00e4, ett\u00e4 siirr\u00e4mme ker\u00e4\u00e4m\u00e4mme tiedot toiselle osapuolelle tai suoraan sinulle.<\/li>\n<\/ul>\n<h2>Tietojesi turvallisuus<\/h2>\n<p>Henkil\u00f6tietojesi turvallisuus on meille t\u00e4rke\u00e4\u00e4, mutta muistathan, ett\u00e4 mik\u00e4\u00e4n internetin v\u00e4lityksell\u00e4 tapahtuva siirtomenetelm\u00e4 tai s\u00e4hk\u00f6inen tallennus ei ole 100-prosenttisen turvallinen. Vaikka pyrimme suojaamaan tietojasi, emme voi taata niiden ehdotonta turvallisuutta. <\/p>\n<p>O\u00dc Furnico toteuttaa kaikki kohtuullisesti tarvittavat toimenpiteet varmistaakseen, ett\u00e4 tietojasi k\u00e4sitell\u00e4\u00e4n turvallisesti ja t\u00e4m\u00e4n tietosuojak\u00e4yt\u00e4nn\u00f6n sek\u00e4 Viron tasavallan lakien mukaisesti. Tietojasi ei siirret\u00e4 mihink\u00e4\u00e4n organisaatioon tai maahan, ellei siihen ole p\u00e4tev\u00e4\u00e4 syyt\u00e4 ja ellei tietoturva ole taattu. <\/p>\n<h2>Linkit muille verkkosivustoille<\/h2>\n<p>Verkkosivustomme voi sis\u00e4lt\u00e4\u00e4 linkkej\u00e4 muille verkkosivustoille, jotka eiv\u00e4t ole meid\u00e4n omistuksessamme. Jos napsautat kolmannen osapuolen linkki\u00e4, sinut ohjataan kyseisen kolmannen osapuolen sivustolle. Suosittelemme, ett\u00e4 tutustut jokaisen vierailemasi sivuston tietosuojak\u00e4yt\u00e4nt\u00f6\u00f6n.  <\/p>\n<p>Emme voi valvoa emmek\u00e4 ota vastuuta kolmansien osapuolten sivustojen sis\u00e4ll\u00f6st\u00e4, tietosuojak\u00e4yt\u00e4nn\u00f6ist\u00e4, palveluista tai muista k\u00e4yt\u00e4nn\u00f6ist\u00e4.<\/p>\n<h2>Tietosuojak\u00e4yt\u00e4nn\u00f6n p\u00e4ivitykset<\/h2>\n<p>Pid\u00e4t\u00e4mme oikeuden muuttaa t\u00e4t\u00e4 tietosuojak\u00e4yt\u00e4nt\u00f6\u00e4 tarvittaessa. Kun olemme p\u00e4ivitt\u00e4neet tietosuojak\u00e4yt\u00e4nt\u00f6\u00e4, muutamme p\u00e4ivitysp\u00e4iv\u00e4m\u00e4\u00e4r\u00e4n asiakirjan alareunaan. Jos jatkat verkkosivustollamme vierailua ja sen k\u00e4ytt\u00f6\u00e4 tietosuojak\u00e4yt\u00e4nn\u00f6n p\u00e4ivityksen j\u00e4lkeen, pid\u00e4mme sit\u00e4 hiljaisena suostumuksenasi muutoksiin.  <\/p>\n<p><\/p>\n<p>Viimeksi muokattu 11\/08\/2025<\/p>\n<p><\/p>\n","protected":false},"excerpt":{"rendered":"<p>O\u00dc Furnicolle yksityisyytesi on t\u00e4rke\u00e4\u00e4, ja noudatamme kaikkia sovellettavia lakeja ja asetuksia, jotka koskevat henkil\u00f6tietoja, joita voimme ker\u00e4t\u00e4 sinusta, kun vierailet verkkosivustollamme hypnos.ee. K\u00e4ytt\u00e4m\u00e4ll\u00e4 verkkosivustoamme hyv\u00e4ksyt, ett\u00e4 ker\u00e4\u00e4mme ja k\u00e4yt\u00e4mme tietojasi t\u00e4m\u00e4n tietosuojak\u00e4yt\u00e4nn\u00f6n mukaisesti. T\u00e4ss\u00e4 tietosuojak\u00e4yt\u00e4nn\u00f6ss\u00e4 selitet\u00e4\u00e4n, mit\u00e4 tietoja ker\u00e4\u00e4mme, miten k\u00e4yt\u00e4mme niit\u00e4 ja mitk\u00e4 ovat oikeutesi suojella tietojasi. T\u00e4m\u00e4 k\u00e4yt\u00e4nt\u00f6 koskee vain verkkosivustoamme ja [&hellip;]<\/p>\n","protected":false},"author":1,"featured_media":0,"parent":0,"menu_order":0,"comment_status":"closed","ping_status":"closed","template":"templates\/normal-page.php","meta":{"_acf_changed":false,"footnotes":""},"class_list":["post-1932","page","type-page","status-publish","hentry"],"acf":[],"yoast_head":"<!-- This site is optimized with the Yoast SEO Premium plugin v26.0 (Yoast SEO v26.0) - https:\/\/yoast.com\/wordpress\/plugins\/seo\/ -->\n<title>Tietosuojak\u00e4yt\u00e4nt\u00f6 - Hypnos<\/title>\n<meta name=\"robots\" content=\"index, follow, max-snippet:-1, max-image-preview:large, max-video-preview:-1\" \/>\n<link rel=\"canonical\" href=\"https:\/\/hypnos.ee\/fi\/tietosuojakaytanto\/\" \/>\n<meta property=\"og:locale\" content=\"fi_FI\" \/>\n<meta property=\"og:type\" content=\"article\" \/>\n<meta property=\"og:title\" content=\"Tietosuojak\u00e4yt\u00e4nt\u00f6\" \/>\n<meta property=\"og:description\" content=\"O\u00dc Furnicolle yksityisyytesi on t\u00e4rke\u00e4\u00e4, ja noudatamme kaikkia sovellettavia lakeja ja asetuksia, jotka koskevat henkil\u00f6tietoja, joita voimme ker\u00e4t\u00e4 sinusta, kun vierailet verkkosivustollamme hypnos.ee. K\u00e4ytt\u00e4m\u00e4ll\u00e4 verkkosivustoamme hyv\u00e4ksyt, ett\u00e4 ker\u00e4\u00e4mme ja k\u00e4yt\u00e4mme tietojasi t\u00e4m\u00e4n tietosuojak\u00e4yt\u00e4nn\u00f6n mukaisesti. T\u00e4ss\u00e4 tietosuojak\u00e4yt\u00e4nn\u00f6ss\u00e4 selitet\u00e4\u00e4n, mit\u00e4 tietoja ker\u00e4\u00e4mme, miten k\u00e4yt\u00e4mme niit\u00e4 ja mitk\u00e4 ovat oikeutesi suojella tietojasi. T\u00e4m\u00e4 k\u00e4yt\u00e4nt\u00f6 koskee vain verkkosivustoamme ja [&hellip;]\" \/>\n<meta property=\"og:url\" content=\"https:\/\/hypnos.ee\/fi\/tietosuojakaytanto\/\" \/>\n<meta property=\"og:site_name\" content=\"Hypnos\" \/>\n<meta property=\"article:modified_time\" content=\"2025-08-11T12:51:56+00:00\" \/>\n<meta property=\"og:image\" content=\"https:\/\/hypnos.ee\/wp-content\/uploads\/2025\/08\/hypnos-banner.png\" \/>\n\t<meta property=\"og:image:width\" content=\"1280\" \/>\n\t<meta property=\"og:image:height\" content=\"720\" \/>\n\t<meta property=\"og:image:type\" content=\"image\/png\" \/>\n<meta name=\"twitter:card\" content=\"summary_large_image\" \/>\n<meta name=\"twitter:label1\" content=\"Arvioitu lukuaika\" \/>\n\t<meta name=\"twitter:data1\" content=\"8 minuuttia\" \/>\n<script type=\"application\/ld+json\" class=\"yoast-schema-graph\">{\"@context\":\"https:\/\/schema.org\",\"@graph\":[{\"@type\":\"WebPage\",\"@id\":\"https:\/\/hypnos.ee\/fi\/tietosuojakaytanto\/\",\"url\":\"https:\/\/hypnos.ee\/fi\/tietosuojakaytanto\/\",\"name\":\"Tietosuojak\u00e4yt\u00e4nt\u00f6 - Hypnos\",\"isPartOf\":{\"@id\":\"https:\/\/hypnos.ee\/fi\/#website\"},\"datePublished\":\"2025-06-20T14:19:48+00:00\",\"dateModified\":\"2025-08-11T12:51:56+00:00\",\"breadcrumb\":{\"@id\":\"https:\/\/hypnos.ee\/fi\/tietosuojakaytanto\/#breadcrumb\"},\"inLanguage\":\"fi\",\"potentialAction\":[{\"@type\":\"ReadAction\",\"target\":[\"https:\/\/hypnos.ee\/fi\/tietosuojakaytanto\/\"]}]},{\"@type\":\"BreadcrumbList\",\"@id\":\"https:\/\/hypnos.ee\/fi\/tietosuojakaytanto\/#breadcrumb\",\"itemListElement\":[{\"@type\":\"ListItem\",\"position\":1,\"name\":\"Home\",\"item\":\"https:\/\/hypnos.ee\/fi\/\"},{\"@type\":\"ListItem\",\"position\":2,\"name\":\"Tietosuojak\u00e4yt\u00e4nt\u00f6\"}]},{\"@type\":\"WebSite\",\"@id\":\"https:\/\/hypnos.ee\/fi\/#website\",\"url\":\"https:\/\/hypnos.ee\/fi\/\",\"name\":\"Hypnos\",\"description\":\"T\u00f5stame unekogemust\",\"publisher\":{\"@id\":\"https:\/\/hypnos.ee\/fi\/#organization\"},\"potentialAction\":[{\"@type\":\"SearchAction\",\"target\":{\"@type\":\"EntryPoint\",\"urlTemplate\":\"https:\/\/hypnos.ee\/fi\/?s={search_term_string}\"},\"query-input\":{\"@type\":\"PropertyValueSpecification\",\"valueRequired\":true,\"valueName\":\"search_term_string\"}}],\"inLanguage\":\"fi\"},{\"@type\":\"Organization\",\"@id\":\"https:\/\/hypnos.ee\/fi\/#organization\",\"name\":\"Hypnos\",\"url\":\"https:\/\/hypnos.ee\/fi\/\",\"logo\":{\"@type\":\"ImageObject\",\"inLanguage\":\"fi\",\"@id\":\"https:\/\/hypnos.ee\/fi\/#\/schema\/logo\/image\/\",\"url\":\"https:\/\/hypnos.ee\/wp-content\/uploads\/2025\/06\/cropped-Hypnos-fa.png\",\"contentUrl\":\"https:\/\/hypnos.ee\/wp-content\/uploads\/2025\/06\/cropped-Hypnos-fa.png\",\"width\":512,\"height\":512,\"caption\":\"Hypnos\"},\"image\":{\"@id\":\"https:\/\/hypnos.ee\/fi\/#\/schema\/logo\/image\/\"}}]}<\/script>\n<!-- \/ Yoast SEO Premium plugin. -->","yoast_head_json":{"title":"Tietosuojak\u00e4yt\u00e4nt\u00f6 - Hypnos","robots":{"index":"index","follow":"follow","max-snippet":"max-snippet:-1","max-image-preview":"max-image-preview:large","max-video-preview":"max-video-preview:-1"},"canonical":"https:\/\/hypnos.ee\/fi\/tietosuojakaytanto\/","og_locale":"fi_FI","og_type":"article","og_title":"Tietosuojak\u00e4yt\u00e4nt\u00f6","og_description":"O\u00dc Furnicolle yksityisyytesi on t\u00e4rke\u00e4\u00e4, ja noudatamme kaikkia sovellettavia lakeja ja asetuksia, jotka koskevat henkil\u00f6tietoja, joita voimme ker\u00e4t\u00e4 sinusta, kun vierailet verkkosivustollamme hypnos.ee. K\u00e4ytt\u00e4m\u00e4ll\u00e4 verkkosivustoamme hyv\u00e4ksyt, ett\u00e4 ker\u00e4\u00e4mme ja k\u00e4yt\u00e4mme tietojasi t\u00e4m\u00e4n tietosuojak\u00e4yt\u00e4nn\u00f6n mukaisesti. T\u00e4ss\u00e4 tietosuojak\u00e4yt\u00e4nn\u00f6ss\u00e4 selitet\u00e4\u00e4n, mit\u00e4 tietoja ker\u00e4\u00e4mme, miten k\u00e4yt\u00e4mme niit\u00e4 ja mitk\u00e4 ovat oikeutesi suojella tietojasi. T\u00e4m\u00e4 k\u00e4yt\u00e4nt\u00f6 koskee vain verkkosivustoamme ja [&hellip;]","og_url":"https:\/\/hypnos.ee\/fi\/tietosuojakaytanto\/","og_site_name":"Hypnos","article_modified_time":"2025-08-11T12:51:56+00:00","og_image":[{"width":1280,"height":720,"url":"https:\/\/hypnos.ee\/wp-content\/uploads\/2025\/08\/hypnos-banner.png","type":"image\/png"}],"twitter_card":"summary_large_image","twitter_misc":{"Arvioitu lukuaika":"8 minuuttia"},"schema":{"@context":"https:\/\/schema.org","@graph":[{"@type":"WebPage","@id":"https:\/\/hypnos.ee\/fi\/tietosuojakaytanto\/","url":"https:\/\/hypnos.ee\/fi\/tietosuojakaytanto\/","name":"Tietosuojak\u00e4yt\u00e4nt\u00f6 - Hypnos","isPartOf":{"@id":"https:\/\/hypnos.ee\/fi\/#website"},"datePublished":"2025-06-20T14:19:48+00:00","dateModified":"2025-08-11T12:51:56+00:00","breadcrumb":{"@id":"https:\/\/hypnos.ee\/fi\/tietosuojakaytanto\/#breadcrumb"},"inLanguage":"fi","potentialAction":[{"@type":"ReadAction","target":["https:\/\/hypnos.ee\/fi\/tietosuojakaytanto\/"]}]},{"@type":"BreadcrumbList","@id":"https:\/\/hypnos.ee\/fi\/tietosuojakaytanto\/#breadcrumb","itemListElement":[{"@type":"ListItem","position":1,"name":"Home","item":"https:\/\/hypnos.ee\/fi\/"},{"@type":"ListItem","position":2,"name":"Tietosuojak\u00e4yt\u00e4nt\u00f6"}]},{"@type":"WebSite","@id":"https:\/\/hypnos.ee\/fi\/#website","url":"https:\/\/hypnos.ee\/fi\/","name":"Hypnos","description":"T\u00f5stame unekogemust","publisher":{"@id":"https:\/\/hypnos.ee\/fi\/#organization"},"potentialAction":[{"@type":"SearchAction","target":{"@type":"EntryPoint","urlTemplate":"https:\/\/hypnos.ee\/fi\/?s={search_term_string}"},"query-input":{"@type":"PropertyValueSpecification","valueRequired":true,"valueName":"search_term_string"}}],"inLanguage":"fi"},{"@type":"Organization","@id":"https:\/\/hypnos.ee\/fi\/#organization","name":"Hypnos","url":"https:\/\/hypnos.ee\/fi\/","logo":{"@type":"ImageObject","inLanguage":"fi","@id":"https:\/\/hypnos.ee\/fi\/#\/schema\/logo\/image\/","url":"https:\/\/hypnos.ee\/wp-content\/uploads\/2025\/06\/cropped-Hypnos-fa.png","contentUrl":"https:\/\/hypnos.ee\/wp-content\/uploads\/2025\/06\/cropped-Hypnos-fa.png","width":512,"height":512,"caption":"Hypnos"},"image":{"@id":"https:\/\/hypnos.ee\/fi\/#\/schema\/logo\/image\/"}}]}},"_links":{"self":[{"href":"https:\/\/hypnos.ee\/fi\/wp-json\/wp\/v2\/pages\/1932","targetHints":{"allow":["GET"]}}],"collection":[{"href":"https:\/\/hypnos.ee\/fi\/wp-json\/wp\/v2\/pages"}],"about":[{"href":"https:\/\/hypnos.ee\/fi\/wp-json\/wp\/v2\/types\/page"}],"author":[{"embeddable":true,"href":"https:\/\/hypnos.ee\/fi\/wp-json\/wp\/v2\/users\/1"}],"replies":[{"embeddable":true,"href":"https:\/\/hypnos.ee\/fi\/wp-json\/wp\/v2\/comments?post=1932"}],"version-history":[{"count":1,"href":"https:\/\/hypnos.ee\/fi\/wp-json\/wp\/v2\/pages\/1932\/revisions"}],"predecessor-version":[{"id":3556,"href":"https:\/\/hypnos.ee\/fi\/wp-json\/wp\/v2\/pages\/1932\/revisions\/3556"}],"wp:attachment":[{"href":"https:\/\/hypnos.ee\/fi\/wp-json\/wp\/v2\/media?parent=1932"}],"curies":[{"name":"wp","href":"https:\/\/api.w.org\/{rel}","templated":true}]}}